{"id":11586,"date":"2023-12-18T23:57:09","date_gmt":"2023-12-18T21:57:09","guid":{"rendered":"https:\/\/vivasem.ro\/?post_type=product&#038;p=11586"},"modified":"2023-12-18T23:57:45","modified_gmt":"2023-12-18T21:57:45","slug":"creole-oferta-500-s","status":"publish","type":"product","link":"https:\/\/vivasem.ro\/?product=creole-oferta-500-s","title":{"rendered":"CREOLE (OFERTA 500 S)"},"content":{"rendered":"<h6><span style=\"color: #ff0000;\">CREOLE-Reimeer Seeds USA,<\/span><\/h6>\n<h6>SOI\u00a0 TIMPURIU, AMERICAN, FOARTE APRECIAT, CU FRUCTE MARI, \u00ceN GREUTATE DE 200-350 grame.<\/h6>\n<h6><span style=\"color: #0000ff;\">TOMATELE SUNT DE \u00ceNALT\u0102 CALITATE<\/span>, FOARTE FRUMOASE, SFERICE, ASPECTUASE, UNIFORME, DE CULOARE RO\u0218IE INTENS\u0102.<\/h6>\n<h6><span style=\"color: #0000ff;\">ACESTEA AU UN GUST EXCELENT,\u00a0 DULCE-ECHILIBRAT ACID,\u00a0 CU O AROM\u0102\u00a0 EXCELENT\u0102 DE RO\u0218IE TRADI\u021aIONAL\u0102.<\/span><\/h6>\n<h6><span style=\"color: #0000ff;\">DE ACEEA, SUNT<\/span> <span style=\"color: #0000ff;\">DINTRE CELE MAI APRECIATE RO\u0218II \u00ceN SUA, LA COMERCIALIZARE, DIN ZILELE NOASTRE . SE V\u0102ND ETICHETATE CU DENUMIREA SOIULUI \u0218I\u00a0 AU DEVENIT O MARC\u0102, CA \u0218I COCA-COLA.<\/span><\/h6>\n<h6>PULPA ESTE FERM\u0102,REZISTENT\u0102 LA TRANSPORT,\u00a0 C\u0102RNOAS\u0102 ,SUCULENT\u0102, CE POATE FI FELIAT\u0102 \u0218I FOLOSIT\u0102 \u00ceN SANDVI\u0218URI, SALATE, CONSERVE, ETC.<\/h6>\n<h6><span style=\"color: #0000ff;\"><span style=\"color: #000000;\">PLANTELE NEDETERMINATE , <\/span><\/span><span style=\"color: #0000ff;\">SUNT DEOSEBIT DE\u00a0 PRODUCTIVE \u0218I DAU FOARTE BUNE REZULTATE \u00ceN\u00a0 ZONELE CLIMATICE CU MULT\u0102 C\u0102LDUR\u0102 \u0218I MULT\u0102 UMEZEAL\u0102 ,<\/span> \u00ceN GR\u0102DIN\u0102, DAR \u0218I \u00ceN SOLAR .<\/h6>\n<h6>NECESIT\u0102 SUS\u021aINERE SOLID\u0102, PE ARACI, SPALIERE, ETC.<\/h6>\n<h6>TIMPURIETATE BUN\u0102,\u00a0 70 ZILE DE LA TRANSPLANT.<\/h6>\n<h6>SOI FOARTE REZISTENT LA C\u0102LDUR\u0102 , UMIDITATE \u0218I LA URM\u0102TOARELE BOLI: F, St.<\/h6>\n<h6>ACEST SOI NEDETERMINAT, DEZVOLTAT DE Universitatea de Stat din Luisiana -SUA, \u00ceN 1056, A DEVENIT\u00a0 EMBLEMATIC PENTRU ACEST STAT, <span style=\"color: #0000ff;\">TOMATELE COMERCIALIZ\u00c2NDU-SE INDIVIDUALIZATE, \u00ceN CUTII IMPRIMATE CU DENUMIREA SOIULUI \u0218I A STATULUI<\/span> ,\u0218I ANUAL, \u00ceN NEW ORLEANS, SE DESF\u0102\u0218OAR\u0102 UN FESTIVAL DEDICAT\u00a0 ACESTOR RO\u0218II,<\/h6>\n<h6><\/h6>\n<h6>.<\/h6>\n<p>&nbsp;<\/p>\n<h6><\/h6>\n","protected":false},"excerpt":{"rendered":"<h6><span style=\"color: #0000ff;\">500 SEMIN\u021aE<\/span><img loading=\"lazy\" decoding=\"async\" class=\"alignnone wp-image-5567\" src=\"https:\/\/vivasem.ro\/wp-content\/uploads\/2021\/11\/NOU3.jpg\" alt=\"\" width=\"68\" height=\"66\" srcset=\"https:\/\/vivasem.ro\/wp-content\/uploads\/2021\/11\/NOU3.jpg 270w, https:\/\/vivasem.ro\/wp-content\/uploads\/2021\/11\/NOU3-248x241.jpg 248w\" sizes=\"auto, (max-width: 68px) 100vw, 68px\" \/><\/h6>\n<h6>SOI EXCELENT\u00a0 \u0218I<\/h6>\n<h6>DE COMERCIALIZAT<\/h6>\n<h6><\/h6>\n","protected":false},"featured_media":5842,"comment_status":"open","ping_status":"closed","template":"","meta":{"site-sidebar-layout":"default","site-content-layout":"default","ast-site-content-layout":"default","site-content-style":"default","site-sidebar-style":"default","ast-global-header-display":"","ast-banner-title-visibility":"","ast-main-header-display":"","ast-hfb-above-header-display":"","ast-hfb-below-header-display":"","ast-hfb-mobile-header-display":"","site-post-title":"","ast-breadcrumbs-content":"","ast-featured-img":"","footer-sml-layout":"","ast-disable-related-posts":"","theme-transparent-header-meta":"default","adv-header-id-meta":"","stick-header-meta":"","header-above-stick-meta":"","header-main-stick-meta":"","header-below-stick-meta":"","astra-migrate-meta-layouts":"set","ast-page-background-enabled":"default","ast-page-background-meta":{"desktop":{"background-color":"var(--ast-global-color-4)","background-image":"","background-repeat":"repeat","background-position":"center center","background-size":"auto","background-attachment":"scroll","background-type":"","background-media":"","overlay-type":"","overlay-color":"","overlay-opacity":"","overlay-gradient":""},"tablet":{"background-color":"","background-image":"","background-repeat":"repeat","background-position":"center center","background-size":"auto","background-attachment":"scroll","background-type":"","background-media":"","overlay-type":"","overlay-color":"","overlay-opacity":"","overlay-gradient":""},"mobile":{"background-color":"","background-image":"","background-repeat":"repeat","background-position":"center center","background-size":"auto","background-attachment":"scroll","background-type":"","background-media":"","overlay-type":"","overlay-color":"","overlay-opacity":"","overlay-gradient":""}},"ast-content-background-meta":{"desktop":{"background-color":"var(--ast-global-color-5)","background-image":"","background-repeat":"repeat","background-position":"center center","background-size":"auto","background-attachment":"scroll","background-type":"","background-media":"","overlay-type":"","overlay-color":"","overlay-opacity":"","overlay-gradient":""},"tablet":{"background-color":"var(--ast-global-color-5)","background-image":"","background-repeat":"repeat","background-position":"center center","background-size":"auto","background-attachment":"scroll","background-type":"","background-media":"","overlay-type":"","overlay-color":"","overlay-opacity":"","overlay-gradient":""},"mobile":{"background-color":"var(--ast-global-color-5)","background-image":"","background-repeat":"repeat","background-position":"center center","background-size":"auto","background-attachment":"scroll","background-type":"","background-media":"","overlay-type":"","overlay-color":"","overlay-opacity":"","overlay-gradient":""}}},"product_brand":[],"product_cat":[141,142,15],"product_tag":[],"class_list":{"0":"post-11586","1":"product","2":"type-product","3":"status-publish","4":"has-post-thumbnail","6":"product_cat-soi-gigant-urias","7":"product_cat-soiuri-rosii-roz","8":"product_cat-tomate-soi","9":"desktop-align-left","10":"tablet-align-left","11":"mobile-align-left","13":"first","14":"instock","15":"taxable","16":"shipping-taxable","17":"purchasable","18":"product-type-simple"},"_links":{"self":[{"href":"https:\/\/vivasem.ro\/index.php?rest_route=\/wp\/v2\/product\/11586","targetHints":{"allow":["GET"]}}],"collection":[{"href":"https:\/\/vivasem.ro\/index.php?rest_route=\/wp\/v2\/product"}],"about":[{"href":"https:\/\/vivasem.ro\/index.php?rest_route=\/wp\/v2\/types\/product"}],"replies":[{"embeddable":true,"href":"https:\/\/vivasem.ro\/index.php?rest_route=%2Fwp%2Fv2%2Fcomments&post=11586"}],"wp:featuredmedia":[{"embeddable":true,"href":"https:\/\/vivasem.ro\/index.php?rest_route=\/wp\/v2\/media\/5842"}],"wp:attachment":[{"href":"https:\/\/vivasem.ro\/index.php?rest_route=%2Fwp%2Fv2%2Fmedia&parent=11586"}],"wp:term":[{"taxonomy":"product_brand","embeddable":true,"href":"https:\/\/vivasem.ro\/index.php?rest_route=%2Fwp%2Fv2%2Fproduct_brand&post=11586"},{"taxonomy":"product_cat","embeddable":true,"href":"https:\/\/vivasem.ro\/index.php?rest_route=%2Fwp%2Fv2%2Fproduct_cat&post=11586"},{"taxonomy":"product_tag","embeddable":true,"href":"https:\/\/vivasem.ro\/index.php?rest_route=%2Fwp%2Fv2%2Fproduct_tag&post=11586"}],"curies":[{"name":"wp","href":"https:\/\/api.w.org\/{rel}","templated":true}]}}