{"id":11541,"date":"2023-12-15T19:41:39","date_gmt":"2023-12-15T17:41:39","guid":{"rendered":"https:\/\/vivasem.ro\/?post_type=product&#038;p=11541"},"modified":"2026-02-28T17:26:32","modified_gmt":"2026-02-28T15:26:32","slug":"salata-iceberg-great-lakes","status":"publish","type":"product","link":"https:\/\/vivasem.ro\/?product=salata-iceberg-great-lakes","title":{"rendered":".SALAT\u0102 ICEBERG GREAT LAKES"},"content":{"rendered":"<h6 style=\"text-align: left;\"><span style=\"color: #ff0000;\"><u>SALAT\u0102 ICEBERG GREAT LAKES,<\/u><\/span>\u00a0 \u00a0\u00a0 \u00a0\u00a0 \u00a0\u00a0 \u00a0<a href=\"https:\/\/vivasem.ro\/wp-content\/uploads\/2022\/12\/ZKI-logo.jpg\"><img loading=\"lazy\" decoding=\"async\" class=\"alignnone wp-image-11397\" src=\"https:\/\/vivasem.ro\/wp-content\/uploads\/2022\/12\/ZKI-logo-original.jpg\" alt=\"\" width=\"131\" height=\"68\" srcset=\"https:\/\/vivasem.ro\/wp-content\/uploads\/2022\/12\/ZKI-logo-original.jpg 456w, https:\/\/vivasem.ro\/wp-content\/uploads\/2022\/12\/ZKI-logo-original-248x128.jpg 248w, https:\/\/vivasem.ro\/wp-content\/uploads\/2022\/12\/ZKI-logo-300x155.jpg 300w\" sizes=\"auto, (max-width: 131px) 100vw, 131px\" \/><\/a>\u00a0 \u00a0 \u00a0 \u00a0 \u00a0 \u00a0 \u00a0 \u00a0 \u00a0 \u00a0 \u00a0 \u00a0 \u00a0 \u00a0 \u00a0 \u00a0 \u00a0 \u00a0 \u00a0 \u00a0 \u00a0 \u00a0 \u00a0 \u00a0 \u00a0 \u00a0<u><\/u><\/h6>\n<h6 style=\"text-align: left;\"><span style=\"color: #ff0000;\"><u>-Produc\u0103tor :ZKI Ungaria,<\/u><\/span><\/h6>\n<h6><span style=\"color: #000080;\">Salat\u0103 semitimpurie de tip \u201eIceberg\u201d, ce se poate cultiva pe tot parcursul anului \u00een c\u00e2mp liber. <\/span><\/h6>\n<h6><span style=\"color: #000080;\">Nu emite tije florale.<\/span><\/h6>\n<h6><span style=\"color: #ff0000;\">C\u0102P\u0102\u021a\u00c2NILE SUNT\u00a0 MARI , CU FRUNZE CRE\u021aE, CROCANTE ,DULCI, DE CULOARE VERDE-VERDE INCHIS, RECOMANDATA PENTRU CONSUM IN STARE PROASPAT\u0102.<\/span><\/h6>\n<h6><span style=\"color: #000080;\">PERIOADA DE VEGETATIE: 70-90\u00a0ZILE<\/span><\/h6>\n<h6><span style=\"color: #000080;\"><strong>SEMANAT IN RASADNITE:<\/strong>\u00a0FEBRUARIE \u2013 MARTIE, AUGUST \u2013 SEPTEMBRIE<\/span><\/h6>\n<h6><span style=\"color: #000080;\"><strong>SEMANAT IN CAMP:\u00a0<\/strong>MARTIE, AUGUST, SEPTEMBRIE<\/span><\/h6>\n<h6><span style=\"color: #000080;\"><strong>TRANSPLANTARE:\u00a0<\/strong>45 ZILE<\/span><\/h6>\n<h6><span style=\"color: #000080;\"><strong>DISTANTA DE PLANTARE: 30-<\/strong>40 CM INTRE RANDURI, 25-35 CM INTRE PLANTE<\/span><\/h6>\n<h6><span style=\"color: #000080;\"><strong>RECOLTARE:\u00a0<\/strong>APRILIE-IUNIE, SEPTEMBRIE-NOIEMBRIE<\/span><\/h6>\n<h6><span style=\"color: #000080;\"><strong>SEMANATUL IN CAMP DESCHIS<\/strong><\/span><\/h6>\n<h6><span style=\"color: #000080;\">SE REALIZEAZ\u0102 IN LUNILE MARTIE-APRILIE SAU AUGUST-SEPTEMBRIE.<\/span><\/h6>\n<h6><span style=\"color: #000080;\">TEMPERATURILE OPTIME DE GERMINARE SUNT DE 20-25\u00a0GRADE C.<\/span><\/h6>\n<h6><span style=\"color: #000080;\"><strong>RECOLTAREA<\/strong><\/span><\/h6>\n<h6><span style=\"color: #000080;\">SE REALIZEAZA\u00a0IN LUNILE APRILIE-IUNIE RESPECTIV OCTOMBRIE-NOIEMBRIE.<\/span><\/h6>\n<h6><span style=\"color: #000080;\">DESTINAT CULTURILOR IN SPATII PROTEJATE SI CAMP<\/span><\/h6>\n<h6><span style=\"color: #000080;\">AMBALAJ: PLIC 2G<\/span><\/h6>\n<h6><span style=\"color: #000080;\">SE POATE CONSUMA \u00ceN STARE PROASP\u0102T\u0102\u00a0 SAU G\u0102TIT\u0102.<\/span><\/h6>\n<h6><span style=\"color: #000080;\">CELE MAI BUNE RANDAMENTE SE POT OBTINE PRIN FERTILIZARE CU INGRASAMINTE PE BAZA DE AZOT SAU GUNOI DE GRAJD, DAR DE ASEMENEA SI INGRASAMANTUL ORGANIC ESTE FOARTE BENEFIC.<\/span><\/h6>\n<p>&nbsp;<\/p>\n","protected":false},"excerpt":{"rendered":"<h6><span style=\"color: #0000ff;\">2 grame\/ 1600 semin\u021be<\/span><\/h6>\n<h6><span style=\"color: #ff0000;\">\u00a0<\/span><\/h6>\n<p>&nbsp;<\/p>\n","protected":false},"featured_media":11542,"comment_status":"open","ping_status":"closed","template":"","meta":{"site-sidebar-layout":"default","site-content-layout":"default","ast-site-content-layout":"default","site-content-style":"default","site-sidebar-style":"default","ast-global-header-display":"","ast-banner-title-visibility":"","ast-main-header-display":"","ast-hfb-above-header-display":"","ast-hfb-below-header-display":"","ast-hfb-mobile-header-display":"","site-post-title":"","ast-breadcrumbs-content":"","ast-featured-img":"","footer-sml-layout":"","ast-disable-related-posts":"","theme-transparent-header-meta":"default","adv-header-id-meta":"","stick-header-meta":"","header-above-stick-meta":"","header-main-stick-meta":"","header-below-stick-meta":"","astra-migrate-meta-layouts":"set","ast-page-background-enabled":"default","ast-page-background-meta":{"desktop":{"background-color":"var(--ast-global-color-4)","background-image":"","background-repeat":"repeat","background-position":"center center","background-size":"auto","background-attachment":"scroll","background-type":"","background-media":"","overlay-type":"","overlay-color":"","overlay-opacity":"","overlay-gradient":""},"tablet":{"background-color":"","background-image":"","background-repeat":"repeat","background-position":"center center","background-size":"auto","background-attachment":"scroll","background-type":"","background-media":"","overlay-type":"","overlay-color":"","overlay-opacity":"","overlay-gradient":""},"mobile":{"background-color":"","background-image":"","background-repeat":"repeat","background-position":"center center","background-size":"auto","background-attachment":"scroll","background-type":"","background-media":"","overlay-type":"","overlay-color":"","overlay-opacity":"","overlay-gradient":""}},"ast-content-background-meta":{"desktop":{"background-color":"var(--ast-global-color-5)","background-image":"","background-repeat":"repeat","background-position":"center center","background-size":"auto","background-attachment":"scroll","background-type":"","background-media":"","overlay-type":"","overlay-color":"","overlay-opacity":"","overlay-gradient":""},"tablet":{"background-color":"var(--ast-global-color-5)","background-image":"","background-repeat":"repeat","background-position":"center center","background-size":"auto","background-attachment":"scroll","background-type":"","background-media":"","overlay-type":"","overlay-color":"","overlay-opacity":"","overlay-gradient":""},"mobile":{"background-color":"var(--ast-global-color-5)","background-image":"","background-repeat":"repeat","background-position":"center center","background-size":"auto","background-attachment":"scroll","background-type":"","background-media":"","overlay-type":"","overlay-color":"","overlay-opacity":"","overlay-gradient":""}}},"product_brand":[],"product_cat":[88],"product_tag":[],"class_list":{"0":"post-11541","1":"product","2":"type-product","3":"status-publish","4":"has-post-thumbnail","6":"product_cat-salata-varza-kale","7":"desktop-align-left","8":"tablet-align-left","9":"mobile-align-left","11":"first","12":"instock","13":"taxable","14":"shipping-taxable","15":"purchasable","16":"product-type-simple"},"_links":{"self":[{"href":"https:\/\/vivasem.ro\/index.php?rest_route=\/wp\/v2\/product\/11541","targetHints":{"allow":["GET"]}}],"collection":[{"href":"https:\/\/vivasem.ro\/index.php?rest_route=\/wp\/v2\/product"}],"about":[{"href":"https:\/\/vivasem.ro\/index.php?rest_route=\/wp\/v2\/types\/product"}],"replies":[{"embeddable":true,"href":"https:\/\/vivasem.ro\/index.php?rest_route=%2Fwp%2Fv2%2Fcomments&post=11541"}],"wp:featuredmedia":[{"embeddable":true,"href":"https:\/\/vivasem.ro\/index.php?rest_route=\/wp\/v2\/media\/11542"}],"wp:attachment":[{"href":"https:\/\/vivasem.ro\/index.php?rest_route=%2Fwp%2Fv2%2Fmedia&parent=11541"}],"wp:term":[{"taxonomy":"product_brand","embeddable":true,"href":"https:\/\/vivasem.ro\/index.php?rest_route=%2Fwp%2Fv2%2Fproduct_brand&post=11541"},{"taxonomy":"product_cat","embeddable":true,"href":"https:\/\/vivasem.ro\/index.php?rest_route=%2Fwp%2Fv2%2Fproduct_cat&post=11541"},{"taxonomy":"product_tag","embeddable":true,"href":"https:\/\/vivasem.ro\/index.php?rest_route=%2Fwp%2Fv2%2Fproduct_tag&post=11541"}],"curies":[{"name":"wp","href":"https:\/\/api.w.org\/{rel}","templated":true}]}}