{"id":11538,"date":"2023-12-15T19:26:48","date_gmt":"2023-12-15T17:26:48","guid":{"rendered":"https:\/\/vivasem.ro\/?post_type=product&#038;p=11538"},"modified":"2023-12-15T19:34:07","modified_gmt":"2023-12-15T17:34:07","slug":"dovleac-de-copt-nagydobosi-zki-ungaria","status":"publish","type":"product","link":"https:\/\/vivasem.ro\/?product=dovleac-de-copt-nagydobosi-zki-ungaria","title":{"rendered":"DOVLEAC DE COPT NAGYDOBOSI -ZKI Ungaria,"},"content":{"rendered":"<h6 style=\"text-align: left;\"><span style=\"color: #ff0000;\"><u>DOVLEAC NAGYDOBOSI \u00a0,<\/u><\/span>\u00a0 \u00a0\u00a0 \u00a0\u00a0 \u00a0\u00a0 \u00a0<a href=\"https:\/\/vivasem.ro\/wp-content\/uploads\/2022\/12\/ZKI-logo.jpg\"><img loading=\"lazy\" decoding=\"async\" class=\"alignnone wp-image-11397\" src=\"https:\/\/vivasem.ro\/wp-content\/uploads\/2022\/12\/ZKI-logo-original.jpg\" alt=\"\" width=\"131\" height=\"68\" srcset=\"https:\/\/vivasem.ro\/wp-content\/uploads\/2022\/12\/ZKI-logo-original.jpg 456w, https:\/\/vivasem.ro\/wp-content\/uploads\/2022\/12\/ZKI-logo-original-248x128.jpg 248w, https:\/\/vivasem.ro\/wp-content\/uploads\/2022\/12\/ZKI-logo-300x155.jpg 300w\" sizes=\"auto, (max-width: 131px) 100vw, 131px\" \/><\/a>\u00a0 \u00a0 \u00a0 \u00a0 \u00a0 \u00a0 \u00a0 \u00a0 \u00a0 \u00a0 \u00a0 \u00a0 \u00a0 \u00a0 \u00a0 \u00a0 \u00a0 \u00a0 \u00a0 \u00a0 \u00a0 \u00a0 \u00a0 \u00a0 \u00a0 \u00a0<u><\/u><\/h6>\n<h6 style=\"text-align: left;\"><span style=\"color: #ff0000;\"><u>-Produc\u0103tor :ZKI Ungaria,<\/u><\/span><\/h6>\n<h6><span style=\"color: #000080;\">Soi cu cre\u015ftere viguroas\u0103, recomandat pentru culturi \u00een c\u00e2mp. <\/span><\/h6>\n<h6><span style=\"color: #000080;\">Fructele sunt rotund turtite, cu coaja alb-cenu\u015fiu deschis\u0103 \u015fi greutate medie de 4-8 kg, dar ajunge \u0219i la 10 kg.<\/span><\/h6>\n<h6><span style=\"color: #000080;\">Pulpa este portocalie. <\/span><\/h6>\n<h6><span style=\"color: #000080;\">Dup\u0103 ce e pi\u015fcat de brum\u0103 fructul este \u015fi mai gustos, mai dulce. <\/span><\/h6>\n<div>\n<div id=\"tab-description\" role=\"tabpanel\" aria-labelledby=\"tab-title-description\">\n<h6><span style=\"color: #000080;\">\u2013 SOI TARDIV, PERIOADA DE VEGETATIE 140-150 ZILE DE LA RASARIRE<\/span><\/h6>\n<h6><span style=\"color: #000080;\">\u2013 GREUTATE MEDIE CUPRINSA INTRE 6 \u2013 10 KG<\/span><\/h6>\n<h6><span style=\"color: #000080;\">\u2013 SE RECOMANDA RECOLTAREA IN TOAMNA<\/span><\/h6>\n<h6><span style=\"color: #000080;\">\u2013 PREZINTA CAPACITATE BUNA DE PASTRARE<\/span><\/h6>\n<h6><span style=\"color: #000080;\">\u2013 POTENTIAL DE PRODUCTIE FOARTE RIDICAT<\/span><\/h6>\n<h6><span style=\"color: #000080;\">\u2013 DATORITA GUSTULUI BUN, DULCE \u0218I CONTINUTULUI RIDICAT DE SUBSTANTA USCAT\u0102 ESTE FOARTE APRECIAT DE GOSPODINE PENTRU RE\u021aETELE DE PATISERIE<\/span><\/h6>\n<h6><span style=\"color: #000080;\">\u2013 ESTE RECOMANDAT SI PENTRU SUPE, COPT SI ALTE MANCARURI CU DOVLEAC<\/span><\/h6>\n<h6><span style=\"color: #000080;\">DESIME RECOMANDAT\u0102: 10.000 PLANTE\/HA (100 X 100 CM).<\/span><\/h6>\n<\/div>\n<\/div>\n<section class=\"related products\">\n<h2><\/h2>\n<\/section>\n","protected":false},"excerpt":{"rendered":"<h6><span style=\"color: #0000ff;\">3 grame\/circa 20 semin\u021be<\/span><\/h6>\n<h6><\/h6>\n<p>&nbsp;<\/p>\n","protected":false},"featured_media":11539,"comment_status":"open","ping_status":"closed","template":"","meta":{"site-sidebar-layout":"default","site-content-layout":"default","ast-site-content-layout":"default","site-content-style":"default","site-sidebar-style":"default","ast-global-header-display":"","ast-banner-title-visibility":"","ast-main-header-display":"","ast-hfb-above-header-display":"","ast-hfb-below-header-display":"","ast-hfb-mobile-header-display":"","site-post-title":"","ast-breadcrumbs-content":"","ast-featured-img":"","footer-sml-layout":"","ast-disable-related-posts":"","theme-transparent-header-meta":"default","adv-header-id-meta":"","stick-header-meta":"","header-above-stick-meta":"","header-main-stick-meta":"","header-below-stick-meta":"","astra-migrate-meta-layouts":"set","ast-page-background-enabled":"default","ast-page-background-meta":{"desktop":{"background-color":"var(--ast-global-color-4)","background-image":"","background-repeat":"repeat","background-position":"center center","background-size":"auto","background-attachment":"scroll","background-type":"","background-media":"","overlay-type":"","overlay-color":"","overlay-opacity":"","overlay-gradient":""},"tablet":{"background-color":"","background-image":"","background-repeat":"repeat","background-position":"center center","background-size":"auto","background-attachment":"scroll","background-type":"","background-media":"","overlay-type":"","overlay-color":"","overlay-opacity":"","overlay-gradient":""},"mobile":{"background-color":"","background-image":"","background-repeat":"repeat","background-position":"center center","background-size":"auto","background-attachment":"scroll","background-type":"","background-media":"","overlay-type":"","overlay-color":"","overlay-opacity":"","overlay-gradient":""}},"ast-content-background-meta":{"desktop":{"background-color":"var(--ast-global-color-5)","background-image":"","background-repeat":"repeat","background-position":"center center","background-size":"auto","background-attachment":"scroll","background-type":"","background-media":"","overlay-type":"","overlay-color":"","overlay-opacity":"","overlay-gradient":""},"tablet":{"background-color":"var(--ast-global-color-5)","background-image":"","background-repeat":"repeat","background-position":"center center","background-size":"auto","background-attachment":"scroll","background-type":"","background-media":"","overlay-type":"","overlay-color":"","overlay-opacity":"","overlay-gradient":""},"mobile":{"background-color":"var(--ast-global-color-5)","background-image":"","background-repeat":"repeat","background-position":"center center","background-size":"auto","background-attachment":"scroll","background-type":"","background-media":"","overlay-type":"","overlay-color":"","overlay-opacity":"","overlay-gradient":""}}},"product_brand":[],"product_cat":[87],"product_tag":[],"class_list":{"0":"post-11538","1":"product","2":"type-product","3":"status-publish","4":"has-post-thumbnail","6":"product_cat-dovlecei","7":"desktop-align-left","8":"tablet-align-left","9":"mobile-align-left","11":"first","12":"instock","13":"taxable","14":"shipping-taxable","15":"purchasable","16":"product-type-simple"},"_links":{"self":[{"href":"https:\/\/vivasem.ro\/index.php?rest_route=\/wp\/v2\/product\/11538","targetHints":{"allow":["GET"]}}],"collection":[{"href":"https:\/\/vivasem.ro\/index.php?rest_route=\/wp\/v2\/product"}],"about":[{"href":"https:\/\/vivasem.ro\/index.php?rest_route=\/wp\/v2\/types\/product"}],"replies":[{"embeddable":true,"href":"https:\/\/vivasem.ro\/index.php?rest_route=%2Fwp%2Fv2%2Fcomments&post=11538"}],"wp:featuredmedia":[{"embeddable":true,"href":"https:\/\/vivasem.ro\/index.php?rest_route=\/wp\/v2\/media\/11539"}],"wp:attachment":[{"href":"https:\/\/vivasem.ro\/index.php?rest_route=%2Fwp%2Fv2%2Fmedia&parent=11538"}],"wp:term":[{"taxonomy":"product_brand","embeddable":true,"href":"https:\/\/vivasem.ro\/index.php?rest_route=%2Fwp%2Fv2%2Fproduct_brand&post=11538"},{"taxonomy":"product_cat","embeddable":true,"href":"https:\/\/vivasem.ro\/index.php?rest_route=%2Fwp%2Fv2%2Fproduct_cat&post=11538"},{"taxonomy":"product_tag","embeddable":true,"href":"https:\/\/vivasem.ro\/index.php?rest_route=%2Fwp%2Fv2%2Fproduct_tag&post=11538"}],"curies":[{"name":"wp","href":"https:\/\/api.w.org\/{rel}","templated":true}]}}