{"id":11535,"date":"2023-12-15T19:19:01","date_gmt":"2023-12-15T17:19:01","guid":{"rendered":"https:\/\/vivasem.ro\/?post_type=product&#038;p=11535"},"modified":"2026-03-24T11:19:38","modified_gmt":"2026-03-24T09:19:38","slug":"dovlecel-albatok-zki-ungaria","status":"publish","type":"product","link":"https:\/\/vivasem.ro\/?product=dovlecel-albatok-zki-ungaria","title":{"rendered":".DOVLECEL ALBATOK -ZKI Ungaria,"},"content":{"rendered":"<h6 style=\"text-align: left;\"><span style=\"color: #ff0000;\"><u>DOVLECEL ALBATOK \u00a0,<\/u><\/span>\u00a0 \u00a0\u00a0 \u00a0\u00a0 \u00a0\u00a0 \u00a0<a href=\"https:\/\/vivasem.ro\/wp-content\/uploads\/2022\/12\/ZKI-logo.jpg\"><img loading=\"lazy\" decoding=\"async\" class=\"alignnone wp-image-11397\" src=\"https:\/\/vivasem.ro\/wp-content\/uploads\/2022\/12\/ZKI-logo-original.jpg\" alt=\"\" width=\"131\" height=\"68\" srcset=\"https:\/\/vivasem.ro\/wp-content\/uploads\/2022\/12\/ZKI-logo-original.jpg 456w, https:\/\/vivasem.ro\/wp-content\/uploads\/2022\/12\/ZKI-logo-original-248x128.jpg 248w, https:\/\/vivasem.ro\/wp-content\/uploads\/2022\/12\/ZKI-logo-300x155.jpg 300w\" sizes=\"auto, (max-width: 131px) 100vw, 131px\" \/><\/a>\u00a0 \u00a0 \u00a0 \u00a0 \u00a0 \u00a0 \u00a0 \u00a0 \u00a0 \u00a0 \u00a0 \u00a0 \u00a0 \u00a0 \u00a0 \u00a0 \u00a0 \u00a0 \u00a0 \u00a0 \u00a0 \u00a0 \u00a0 \u00a0 \u00a0 \u00a0<u><\/u><\/h6>\n<h6 style=\"text-align: left;\"><span style=\"color: #ff0000;\"><u>-Produc\u0103tor :ZKI Ungaria,<\/u><\/span><\/h6>\n<h6><span style=\"color: #000080;\">Dovlecel timpuriu, cu productivitate ridicat\u0103, rezistent la secet\u0103.<\/span><\/h6>\n<h6><span style=\"color: #000080;\"> Plantele sunt \u00een form\u0103 de tuf\u0103.<\/span><\/h6>\n<h6><span style=\"color: #000080;\"> Fructele sunt cilindrice, cu greutate de 4-5 kg.<\/span><\/h6>\n<h6><span style=\"color: #000080;\"> Coaja este de culoare crem, la maturitate galben\u0103. <\/span><\/h6>\n<h6><span style=\"color: #000080;\">Miezul este de culoare alb-verzui.<\/span><\/h6>\n<h6><span style=\"color: #000080;\"> Se recomand\u0103 pentru consum \u00een stare proasp\u0103t\u0103 \u015fi pentru g\u0103tit.<\/span><\/h6>\n","protected":false},"excerpt":{"rendered":"<h6><span style=\"color: #0000ff;\">3 grame\/25-30 semin\u021be<\/span><\/h6>\n<h6><span style=\"color: #0000ff;\"><span style=\"color: #ff00ff;\"> REZISTENT LA SECET\u0102! FOARTE PRODUCTIV!<\/span><\/span><\/h6>\n<h6><\/h6>\n<p>&nbsp;<\/p>\n","protected":false},"featured_media":13450,"comment_status":"open","ping_status":"closed","template":"","meta":{"site-sidebar-layout":"default","site-content-layout":"default","ast-site-content-layout":"default","site-content-style":"default","site-sidebar-style":"default","ast-global-header-display":"","ast-banner-title-visibility":"","ast-main-header-display":"","ast-hfb-above-header-display":"","ast-hfb-below-header-display":"","ast-hfb-mobile-header-display":"","site-post-title":"","ast-breadcrumbs-content":"","ast-featured-img":"","footer-sml-layout":"","ast-disable-related-posts":"","theme-transparent-header-meta":"default","adv-header-id-meta":"","stick-header-meta":"","header-above-stick-meta":"","header-main-stick-meta":"","header-below-stick-meta":"","astra-migrate-meta-layouts":"set","ast-page-background-enabled":"default","ast-page-background-meta":{"desktop":{"background-color":"var(--ast-global-color-4)","background-image":"","background-repeat":"repeat","background-position":"center center","background-size":"auto","background-attachment":"scroll","background-type":"","background-media":"","overlay-type":"","overlay-color":"","overlay-opacity":"","overlay-gradient":""},"tablet":{"background-color":"","background-image":"","background-repeat":"repeat","background-position":"center center","background-size":"auto","background-attachment":"scroll","background-type":"","background-media":"","overlay-type":"","overlay-color":"","overlay-opacity":"","overlay-gradient":""},"mobile":{"background-color":"","background-image":"","background-repeat":"repeat","background-position":"center center","background-size":"auto","background-attachment":"scroll","background-type":"","background-media":"","overlay-type":"","overlay-color":"","overlay-opacity":"","overlay-gradient":""}},"ast-content-background-meta":{"desktop":{"background-color":"var(--ast-global-color-5)","background-image":"","background-repeat":"repeat","background-position":"center center","background-size":"auto","background-attachment":"scroll","background-type":"","background-media":"","overlay-type":"","overlay-color":"","overlay-opacity":"","overlay-gradient":""},"tablet":{"background-color":"var(--ast-global-color-5)","background-image":"","background-repeat":"repeat","background-position":"center center","background-size":"auto","background-attachment":"scroll","background-type":"","background-media":"","overlay-type":"","overlay-color":"","overlay-opacity":"","overlay-gradient":""},"mobile":{"background-color":"var(--ast-global-color-5)","background-image":"","background-repeat":"repeat","background-position":"center center","background-size":"auto","background-attachment":"scroll","background-type":"","background-media":"","overlay-type":"","overlay-color":"","overlay-opacity":"","overlay-gradient":""}}},"product_brand":[],"product_cat":[87],"product_tag":[],"class_list":{"0":"post-11535","1":"product","2":"type-product","3":"status-publish","4":"has-post-thumbnail","6":"product_cat-dovlecei","7":"desktop-align-left","8":"tablet-align-left","9":"mobile-align-left","11":"first","12":"instock","13":"sale","14":"taxable","15":"shipping-taxable","16":"purchasable","17":"product-type-simple"},"_links":{"self":[{"href":"https:\/\/vivasem.ro\/index.php?rest_route=\/wp\/v2\/product\/11535","targetHints":{"allow":["GET"]}}],"collection":[{"href":"https:\/\/vivasem.ro\/index.php?rest_route=\/wp\/v2\/product"}],"about":[{"href":"https:\/\/vivasem.ro\/index.php?rest_route=\/wp\/v2\/types\/product"}],"replies":[{"embeddable":true,"href":"https:\/\/vivasem.ro\/index.php?rest_route=%2Fwp%2Fv2%2Fcomments&post=11535"}],"wp:featuredmedia":[{"embeddable":true,"href":"https:\/\/vivasem.ro\/index.php?rest_route=\/wp\/v2\/media\/13450"}],"wp:attachment":[{"href":"https:\/\/vivasem.ro\/index.php?rest_route=%2Fwp%2Fv2%2Fmedia&parent=11535"}],"wp:term":[{"taxonomy":"product_brand","embeddable":true,"href":"https:\/\/vivasem.ro\/index.php?rest_route=%2Fwp%2Fv2%2Fproduct_brand&post=11535"},{"taxonomy":"product_cat","embeddable":true,"href":"https:\/\/vivasem.ro\/index.php?rest_route=%2Fwp%2Fv2%2Fproduct_cat&post=11535"},{"taxonomy":"product_tag","embeddable":true,"href":"https:\/\/vivasem.ro\/index.php?rest_route=%2Fwp%2Fv2%2Fproduct_tag&post=11535"}],"curies":[{"name":"wp","href":"https:\/\/api.w.org\/{rel}","templated":true}]}}