{"id":11529,"date":"2023-12-15T13:00:10","date_gmt":"2023-12-15T11:00:10","guid":{"rendered":"https:\/\/vivasem.ro\/?post_type=product&#038;p=11529"},"modified":"2024-03-19T07:08:49","modified_gmt":"2024-03-19T05:08:49","slug":"oregano-4","status":"publish","type":"product","link":"https:\/\/vivasem.ro\/?product=oregano-4","title":{"rendered":"\u201e\u201eOREGANO"},"content":{"rendered":"<h6 style=\"text-align: left;\"><span style=\"color: #ff0000;\"><u>OREGANO ,<\/u><\/span>\u00a0 \u00a0\u00a0 \u00a0\u00a0 \u00a0\u00a0 \u00a0<a href=\"https:\/\/vivasem.ro\/wp-content\/uploads\/2022\/12\/ZKI-logo.jpg\"><img loading=\"lazy\" decoding=\"async\" class=\"alignnone wp-image-11397\" src=\"https:\/\/vivasem.ro\/wp-content\/uploads\/2022\/12\/ZKI-logo-original.jpg\" alt=\"\" width=\"131\" height=\"68\" srcset=\"https:\/\/vivasem.ro\/wp-content\/uploads\/2022\/12\/ZKI-logo-original.jpg 456w, https:\/\/vivasem.ro\/wp-content\/uploads\/2022\/12\/ZKI-logo-original-248x128.jpg 248w, https:\/\/vivasem.ro\/wp-content\/uploads\/2022\/12\/ZKI-logo-300x155.jpg 300w\" sizes=\"auto, (max-width: 131px) 100vw, 131px\" \/><\/a>\u00a0 \u00a0 \u00a0 \u00a0 \u00a0 \u00a0 \u00a0 \u00a0 \u00a0 \u00a0 \u00a0 \u00a0 \u00a0 \u00a0 \u00a0 \u00a0 \u00a0 \u00a0 \u00a0 \u00a0 \u00a0 \u00a0 \u00a0 \u00a0 \u00a0 \u00a0<u><\/u><\/h6>\n<h6 style=\"text-align: left;\"><span style=\"color: #ff0000;\"><u>-Produc\u0103tor :ZKI Ungaria,<\/u><\/span><\/h6>\n<h6><span style=\"color: #000080;\">Este o plant\u0103 peren\u0103 exigent\u0103 la c\u0103ldur\u0103 \u0219i lumin\u0103, rezistent\u0103 la secet\u0103.<\/span><\/h6>\n<h6><span style=\"color: #000080;\"> Se cultiv\u0103 prin r\u0103sad, cu plantare vara.<\/span><\/h6>\n<h6><span style=\"color: #000080;\"> Se poate planta \u0219i \u00een ghiveci.<\/span><\/h6>\n<h6><span style=\"color: #000080;\"> Felul de m\u00e2ncare cel mai bine asociat cu oregano este pizza, o combina\u021bie bun\u0103 \u0219i cu ro\u0219ii, legume fierte \u0219i fripte, carne. <\/span><\/h6>\n<h6><span style=\"color: #000080;\">Consumul de oregano ajut\u0103 la digestie \u0219i are efect antiseptic.<\/span><\/h6>\n","protected":false},"excerpt":{"rendered":"<h6><span style=\"color: #0000ff;\">0,5 grame<\/span><\/h6>\n<h6><span style=\"color: #ff0000;\">Poate fi cultivat \u0219i \u00een ghivece !<\/span><\/h6>\n<p>&nbsp;<\/p>\n","protected":false},"featured_media":11530,"comment_status":"open","ping_status":"closed","template":"","meta":{"site-sidebar-layout":"default","site-content-layout":"default","ast-site-content-layout":"default","site-content-style":"default","site-sidebar-style":"default","ast-global-header-display":"","ast-banner-title-visibility":"","ast-main-header-display":"","ast-hfb-above-header-display":"","ast-hfb-below-header-display":"","ast-hfb-mobile-header-display":"","site-post-title":"","ast-breadcrumbs-content":"","ast-featured-img":"","footer-sml-layout":"","ast-disable-related-posts":"","theme-transparent-header-meta":"default","adv-header-id-meta":"","stick-header-meta":"","header-above-stick-meta":"","header-main-stick-meta":"","header-below-stick-meta":"","astra-migrate-meta-layouts":"set","ast-page-background-enabled":"default","ast-page-background-meta":{"desktop":{"background-color":"var(--ast-global-color-4)","background-image":"","background-repeat":"repeat","background-position":"center center","background-size":"auto","background-attachment":"scroll","background-type":"","background-media":"","overlay-type":"","overlay-color":"","overlay-opacity":"","overlay-gradient":""},"tablet":{"background-color":"","background-image":"","background-repeat":"repeat","background-position":"center center","background-size":"auto","background-attachment":"scroll","background-type":"","background-media":"","overlay-type":"","overlay-color":"","overlay-opacity":"","overlay-gradient":""},"mobile":{"background-color":"","background-image":"","background-repeat":"repeat","background-position":"center center","background-size":"auto","background-attachment":"scroll","background-type":"","background-media":"","overlay-type":"","overlay-color":"","overlay-opacity":"","overlay-gradient":""}},"ast-content-background-meta":{"desktop":{"background-color":"var(--ast-global-color-5)","background-image":"","background-repeat":"repeat","background-position":"center center","background-size":"auto","background-attachment":"scroll","background-type":"","background-media":"","overlay-type":"","overlay-color":"","overlay-opacity":"","overlay-gradient":""},"tablet":{"background-color":"var(--ast-global-color-5)","background-image":"","background-repeat":"repeat","background-position":"center center","background-size":"auto","background-attachment":"scroll","background-type":"","background-media":"","overlay-type":"","overlay-color":"","overlay-opacity":"","overlay-gradient":""},"mobile":{"background-color":"var(--ast-global-color-5)","background-image":"","background-repeat":"repeat","background-position":"center center","background-size":"auto","background-attachment":"scroll","background-type":"","background-media":"","overlay-type":"","overlay-color":"","overlay-opacity":"","overlay-gradient":""}}},"product_brand":[],"product_cat":[90],"product_tag":[],"class_list":{"0":"post-11529","1":"product","2":"type-product","3":"status-publish","4":"has-post-thumbnail","6":"product_cat-plante-aromatice","7":"desktop-align-left","8":"tablet-align-left","9":"mobile-align-left","11":"first","12":"outofstock","13":"taxable","14":"shipping-taxable","15":"purchasable","16":"product-type-simple"},"_links":{"self":[{"href":"https:\/\/vivasem.ro\/index.php?rest_route=\/wp\/v2\/product\/11529","targetHints":{"allow":["GET"]}}],"collection":[{"href":"https:\/\/vivasem.ro\/index.php?rest_route=\/wp\/v2\/product"}],"about":[{"href":"https:\/\/vivasem.ro\/index.php?rest_route=\/wp\/v2\/types\/product"}],"replies":[{"embeddable":true,"href":"https:\/\/vivasem.ro\/index.php?rest_route=%2Fwp%2Fv2%2Fcomments&post=11529"}],"wp:featuredmedia":[{"embeddable":true,"href":"https:\/\/vivasem.ro\/index.php?rest_route=\/wp\/v2\/media\/11530"}],"wp:attachment":[{"href":"https:\/\/vivasem.ro\/index.php?rest_route=%2Fwp%2Fv2%2Fmedia&parent=11529"}],"wp:term":[{"taxonomy":"product_brand","embeddable":true,"href":"https:\/\/vivasem.ro\/index.php?rest_route=%2Fwp%2Fv2%2Fproduct_brand&post=11529"},{"taxonomy":"product_cat","embeddable":true,"href":"https:\/\/vivasem.ro\/index.php?rest_route=%2Fwp%2Fv2%2Fproduct_cat&post=11529"},{"taxonomy":"product_tag","embeddable":true,"href":"https:\/\/vivasem.ro\/index.php?rest_route=%2Fwp%2Fv2%2Fproduct_tag&post=11529"}],"curies":[{"name":"wp","href":"https:\/\/api.w.org\/{rel}","templated":true}]}}