{"id":11495,"date":"2023-12-15T10:31:18","date_gmt":"2023-12-15T08:31:18","guid":{"rendered":"https:\/\/vivasem.ro\/?post_type=product&#038;p=11495"},"modified":"2024-12-02T09:49:56","modified_gmt":"2024-12-02T07:49:56","slug":"gogosari-temes-f1-zki-ungaria-10s","status":"publish","type":"product","link":"https:\/\/vivasem.ro\/?product=gogosari-temes-f1-zki-ungaria-10s","title":{"rendered":"GOGOSARI HIBRID TEMES F1-ZKI Ungaria"},"content":{"rendered":"<h6 style=\"text-align: left;\"><span style=\"color: #ff0000;\"><u>ARDEI GOGO\u0218ARI TEMES F1 ,<\/u><\/span>\u00a0 \u00a0\u00a0 \u00a0\u00a0 \u00a0\u00a0 \u00a0<a href=\"https:\/\/vivasem.ro\/wp-content\/uploads\/2022\/12\/ZKI-logo.jpg\"><img loading=\"lazy\" decoding=\"async\" class=\"alignnone wp-image-11397\" src=\"https:\/\/vivasem.ro\/wp-content\/uploads\/2022\/12\/ZKI-logo-original.jpg\" alt=\"\" width=\"131\" height=\"68\" srcset=\"https:\/\/vivasem.ro\/wp-content\/uploads\/2022\/12\/ZKI-logo-original.jpg 456w, https:\/\/vivasem.ro\/wp-content\/uploads\/2022\/12\/ZKI-logo-original-248x128.jpg 248w, https:\/\/vivasem.ro\/wp-content\/uploads\/2022\/12\/ZKI-logo-300x155.jpg 300w\" sizes=\"auto, (max-width: 131px) 100vw, 131px\" \/><\/a>\u00a0 \u00a0 \u00a0 \u00a0 \u00a0 \u00a0 \u00a0 \u00a0 \u00a0 \u00a0 \u00a0 \u00a0 \u00a0 \u00a0 \u00a0 \u00a0 \u00a0 \u00a0 \u00a0 \u00a0 \u00a0 \u00a0 \u00a0 \u00a0 \u00a0 \u00a0<u><\/u><\/h6>\n<h6 style=\"text-align: left;\"><span style=\"color: #ff0000;\"><u>-Produc\u0103tor semin\u021be :ZKI Ungaria,<\/u><\/span><\/h6>\n<h6 class=\"has-text-align-left\"><span style=\"color: #000080;\">Gogo\u0219arul Temes F1 combin\u0103 propriet\u0103\u021bile excelente a hibridului Bihar F1, cu un pachet unic de rezisten\u021b\u0103: rezistent la p\u0103tare bacterian\u0103 (Xv: 1,2,3) \u0219i virusul mozaic al castrave\u021bilor (CMV)<\/span>.<\/h6>\n<h6 class=\"has-text-align-left\"><span style=\"color: #000080;\">Rezisten\u021ba la CMV \u00een c\u00e2mp deschis este cheia siguran\u021bei culturilor. Iernile tot mai bl\u00e2nde, \u0219i reducerea gamei insecticidelor aprobate, utilizare hibrizilor rezistenti este o solu\u021bie eficient\u0103 pentru a ob\u021bine productii stabile.<\/span><\/h6>\n<h6 class=\"has-text-align-left\"><span style=\"color: #ff0000;\">Prezint\u0103 internodii scurte, centrul de greutate a hibridului este mai jos, astfel \u00eenc\u00e2t nu se rupe sub greutatea fructelor \u00een tehnologie intensiv\u0103. Frunzi\u0219ul fiind dens, bogat, ofer\u0103 o protec\u021bie fiabil\u0103 \u00eempotriva arsurilor solare.<\/span><\/h6>\n<h6>Temes F1 este un hibrid cu dubl\u0103 utilizare, se poate vinde foarte u\u0219or at\u00e2t la pie\u021be \u00een stare proasp\u0103t\u0103, c\u00e2t \u0219i \u00een industria de prelucrare.<\/h6>\n<h6><span style=\"color: #000080;\">Se caracterizeaz\u0103 prin fructe de culoare ro\u0219u intens, uria\u0219e, str\u0103lucitoare, \u00een form\u0103 uniform\u0103, colorate uniform. Fructele sale atractive atrag aten\u021bia cump\u0103r\u0103torilor, este o variant\u0103 excelent\u0103 de comercializare pe pia\u021ba proasp\u0103t\u0103.<\/span><\/h6>\n<h6><span style=\"color: #ff0000;\">Media fructelor este de 170-300 g cu o l\u0103\u021bime de 9-11 cm. Se caracterizeaz\u0103 prin con\u021binut ridicat de substan\u021b\u0103 uscat\u0103, feliere u\u0219oar\u0103 \u0219i rapid\u0103. Datorit\u0103 pulpei extrem de groase (5-9 mm) este de asemenea o alegere excelent\u0103 pentru prelucrare. Fructele mari \u0219i groase, num\u0103rul mare de leg\u0103turi ofer\u0103 produc\u021bii remarcabile \u0219i v\u00e2nz\u0103ri mari pentru to\u021bi cultivatorii care aleg Temes F1.<\/span><\/h6>\n<h6><span style=\"color: #000080;\">Respectarea rota\u021biei culturilor este esen\u021bial\u0103 pentru un plus de siguran\u021b\u0103<\/span><\/h6>\n<h6><span style=\"color: #000080;\">Conform testelor efectuate de ZKI Rom\u00e2nia, de la Tichile\u0219ti, Temes F1 a dep\u0103\u0219it hibrizii de control at\u00e2t \u00een produc\u021bia total\u0103 c\u00e2t \u0219i \u00een produc\u021bia fructelor de calitate I.Produc\u021bia a fost de 6,838 kg\/mp.<\/span><\/h6>\n<h6>Datorit\u0103 propriet\u0103\u021bilor sale avantajoase dup\u0103 introducerea hibridului \u00een 2019, a devenit rapid popular printre cultivatorii de ardei gogo\u0219ari.<br \/>\n<span style=\"color: #ff0000;\">Ce prime\u0219te produc\u0103torul care alege Temes F1 ?<\/span><\/h6>\n<ul>\n<li>\n<h6><span style=\"color: #ff0000;\">pachet de rezisten\u021b\u0103 unic\u0103 la nivel mondial (Xv 1,2,3 si CMV) pentru o mai mare siguran\u021b\u0103 a culturilor,<\/span><\/h6>\n<\/li>\n<li>\n<h6><span style=\"color: #ff0000;\">plant\u0103 s\u0103n\u0103toas\u0103 cu frunzi\u0219 dens,<\/span><\/h6>\n<\/li>\n<li>\n<h6><span style=\"color: #ff0000;\">fructe mari, uniforme, de culoare ro\u0219u intens, atractiv,<\/span><\/h6>\n<\/li>\n<li>\n<h6><span style=\"color: #ff0000;\">leg\u0103turi mari \u0219i frumoase,<\/span><\/h6>\n<\/li>\n<li>\n<h6><span style=\"color: #ff0000;\">pulpa groas\u0103,<\/span><\/h6>\n<\/li>\n<li>\n<h6><span style=\"color: #ff0000;\">fructe cu con\u021binut ridicat de substan\u021b\u0103 uscat\u0103,<\/span><\/h6>\n<\/li>\n<li>\n<h6><span style=\"color: #ff0000;\">dubl\u0103 utilizare: pentru cerin\u021be de pia\u021b\u0103 proaspata c\u00e2t \u0219i pentru industrializare,<\/span><\/h6>\n<\/li>\n<li>\n<h6><span style=\"color: #ff0000;\">venituri mari din v\u00e2nz\u0103ri.<\/span><\/h6>\n<\/li>\n<\/ul>\n<p><strong>Semin\u021bele sunt ambalate \u00een plicuri de polietilen\u0103 cu ziplock,resigilabile, etichetate .<\/strong><\/p>\n<h6><\/h6>\n<p>&nbsp;<\/p>\n","protected":false},"excerpt":{"rendered":"<h6><span style=\"color: #ff00ff;\">FOARTE REZISTENT, FRUCTE DE CALITATE !<\/span><\/h6>\n<p>&nbsp;<\/p>\n","protected":false},"featured_media":11402,"comment_status":"open","ping_status":"closed","template":"","meta":{"site-sidebar-layout":"default","site-content-layout":"default","ast-site-content-layout":"default","site-content-style":"default","site-sidebar-style":"default","ast-global-header-display":"","ast-banner-title-visibility":"","ast-main-header-display":"","ast-hfb-above-header-display":"","ast-hfb-below-header-display":"","ast-hfb-mobile-header-display":"","site-post-title":"","ast-breadcrumbs-content":"","ast-featured-img":"","footer-sml-layout":"","ast-disable-related-posts":"","theme-transparent-header-meta":"default","adv-header-id-meta":"","stick-header-meta":"","header-above-stick-meta":"","header-main-stick-meta":"","header-below-stick-meta":"","astra-migrate-meta-layouts":"set","ast-page-background-enabled":"default","ast-page-background-meta":{"desktop":{"background-color":"var(--ast-global-color-4)","background-image":"","background-repeat":"repeat","background-position":"center center","background-size":"auto","background-attachment":"scroll","background-type":"","background-media":"","overlay-type":"","overlay-color":"","overlay-opacity":"","overlay-gradient":""},"tablet":{"background-color":"","background-image":"","background-repeat":"repeat","background-position":"center center","background-size":"auto","background-attachment":"scroll","background-type":"","background-media":"","overlay-type":"","overlay-color":"","overlay-opacity":"","overlay-gradient":""},"mobile":{"background-color":"","background-image":"","background-repeat":"repeat","background-position":"center center","background-size":"auto","background-attachment":"scroll","background-type":"","background-media":"","overlay-type":"","overlay-color":"","overlay-opacity":"","overlay-gradient":""}},"ast-content-background-meta":{"desktop":{"background-color":"var(--ast-global-color-5)","background-image":"","background-repeat":"repeat","background-position":"center center","background-size":"auto","background-attachment":"scroll","background-type":"","background-media":"","overlay-type":"","overlay-color":"","overlay-opacity":"","overlay-gradient":""},"tablet":{"background-color":"var(--ast-global-color-5)","background-image":"","background-repeat":"repeat","background-position":"center center","background-size":"auto","background-attachment":"scroll","background-type":"","background-media":"","overlay-type":"","overlay-color":"","overlay-opacity":"","overlay-gradient":""},"mobile":{"background-color":"var(--ast-global-color-5)","background-image":"","background-repeat":"repeat","background-position":"center center","background-size":"auto","background-attachment":"scroll","background-type":"","background-media":"","overlay-type":"","overlay-color":"","overlay-opacity":"","overlay-gradient":""}}},"product_brand":[],"product_cat":[84,145],"product_tag":[],"class_list":{"0":"post-11495","1":"product","2":"type-product","3":"status-publish","4":"has-post-thumbnail","6":"product_cat-ardei","7":"product_cat-ardei-hibrid","8":"pa_cantitate-10-seminte","9":"pa_cantitate-100-seminte","10":"pa_cantitate-200-seminte","11":"pa_cantitate-25-seminte","12":"pa_cantitate-250-seminte","13":"pa_cantitate-5-seminte","14":"pa_cantitate-50-seminte","15":"pa_cantitate-500-seminte","16":"desktop-align-left","17":"tablet-align-left","18":"mobile-align-left","20":"first","21":"instock","22":"sale","23":"taxable","24":"shipping-taxable","25":"purchasable","26":"product-type-variable"},"_links":{"self":[{"href":"https:\/\/vivasem.ro\/index.php?rest_route=\/wp\/v2\/product\/11495","targetHints":{"allow":["GET"]}}],"collection":[{"href":"https:\/\/vivasem.ro\/index.php?rest_route=\/wp\/v2\/product"}],"about":[{"href":"https:\/\/vivasem.ro\/index.php?rest_route=\/wp\/v2\/types\/product"}],"replies":[{"embeddable":true,"href":"https:\/\/vivasem.ro\/index.php?rest_route=%2Fwp%2Fv2%2Fcomments&post=11495"}],"wp:featuredmedia":[{"embeddable":true,"href":"https:\/\/vivasem.ro\/index.php?rest_route=\/wp\/v2\/media\/11402"}],"wp:attachment":[{"href":"https:\/\/vivasem.ro\/index.php?rest_route=%2Fwp%2Fv2%2Fmedia&parent=11495"}],"wp:term":[{"taxonomy":"product_brand","embeddable":true,"href":"https:\/\/vivasem.ro\/index.php?rest_route=%2Fwp%2Fv2%2Fproduct_brand&post=11495"},{"taxonomy":"product_cat","embeddable":true,"href":"https:\/\/vivasem.ro\/index.php?rest_route=%2Fwp%2Fv2%2Fproduct_cat&post=11495"},{"taxonomy":"product_tag","embeddable":true,"href":"https:\/\/vivasem.ro\/index.php?rest_route=%2Fwp%2Fv2%2Fproduct_tag&post=11495"}],"curies":[{"name":"wp","href":"https:\/\/api.w.org\/{rel}","templated":true}]}}