{"id":11487,"date":"2023-12-15T09:31:00","date_gmt":"2023-12-15T07:31:00","guid":{"rendered":"https:\/\/vivasem.ro\/?post_type=product&#038;p=11487"},"modified":"2026-01-30T07:37:33","modified_gmt":"2026-01-30T05:37:33","slug":"ardei-gras-ipon-f1-zki-ungaria-10s","status":"publish","type":"product","link":"https:\/\/vivasem.ro\/?product=ardei-gras-ipon-f1-zki-ungaria-10s","title":{"rendered":"ARDEI GRAS IPON F1-ZKI Ungaria"},"content":{"rendered":"<h6 style=\"text-align: left;\"><span style=\"color: #ff0000;\"><u>ARDEI GRAS IPON F1 ,<\/u><\/span>\u00a0 \u00a0\u00a0 \u00a0\u00a0 \u00a0\u00a0 \u00a0<a href=\"https:\/\/vivasem.ro\/wp-content\/uploads\/2022\/12\/ZKI-logo.jpg\"><img loading=\"lazy\" decoding=\"async\" class=\"alignnone wp-image-11397\" src=\"https:\/\/vivasem.ro\/wp-content\/uploads\/2022\/12\/ZKI-logo-original.jpg\" alt=\"\" width=\"131\" height=\"68\" srcset=\"https:\/\/vivasem.ro\/wp-content\/uploads\/2022\/12\/ZKI-logo-original.jpg 456w, https:\/\/vivasem.ro\/wp-content\/uploads\/2022\/12\/ZKI-logo-original-248x128.jpg 248w, https:\/\/vivasem.ro\/wp-content\/uploads\/2022\/12\/ZKI-logo-300x155.jpg 300w\" sizes=\"auto, (max-width: 131px) 100vw, 131px\" \/><\/a>\u00a0 \u00a0 \u00a0 \u00a0 \u00a0 \u00a0 \u00a0 \u00a0 \u00a0 \u00a0 \u00a0 \u00a0 \u00a0 \u00a0 \u00a0 \u00a0 \u00a0 \u00a0 \u00a0 \u00a0 \u00a0 \u00a0 \u00a0 \u00a0 \u00a0 \u00a0<u><\/u><\/h6>\n<h6 style=\"text-align: left;\"><span style=\"color: #ff0000;\"><u>-Produc\u0103tor :ZKI Ungaria,<\/u><\/span><\/h6>\n<p>&nbsp;<\/p>\n<div class=\"ast-oembed-container \" style=\"height: 100%;\"><iframe loading=\"lazy\" title=\"ardei gras ipon f1 \u00een cultura\" width=\"422\" height=\"750\" src=\"https:\/\/www.youtube.com\/embed\/PkMtCvYnTUI?feature=oembed\" frameborder=\"0\" allow=\"accelerometer; autoplay; clipboard-write; encrypted-media; gyroscope; picture-in-picture; web-share\" referrerpolicy=\"strict-origin-when-cross-origin\" allowfullscreen><\/iframe><\/div>\n<h6><span style=\"color: #000080;\">H<strong>ibridul <a style=\"color: #000080;\" href=\"https:\/\/zki.ro\/product\/ardei-ipon-f1-500-seminte\/\">Ipon F1<\/a><\/strong> ,este destinat \u00een mod special cultiv\u0103rii \u00een c\u00e2mp deschis.<\/span><\/h6>\n<h6><span style=\"color: #000080;\">La Ipon F1 s-a lucrat pentru inocularea caracteristicilor referitoare la rezisten\u021ba general\u0103 bun\u0103 fa\u021b\u0103 de boli, viru\u0219i, d\u0103un\u0103tori \u0219i respectiv fa\u021b\u0103 de factorii de mediu \u0219i de stress.<\/span><\/h6>\n<h6><span style=\"color: #ff0000;\">Hibridul av\u00e2nd o\u00a0<strong>rezisten\u021b\u0103 general bun\u0103, o vigoare mare<\/strong>, reu\u0219e\u0219te s\u0103 prind\u0103 o perioad\u0103 bun\u0103 de cre\u0219tere \u0219i dezvoltare \u00eenaintea secetelor de var\u0103, ca de fapt \u0219i \u00een acest an, travers\u00e2nd cu bine perioada zilelor caniculare,<\/span> <span style=\"color: #ff0000;\">adapt\u00e2ndu-se excelent la condi\u021biile extreme de vreme.<\/span><\/h6>\n<h6><span style=\"color: #000080;\">Hibridul\u00a0<strong>Ipon F1 este deosebit de stabil, practic fructific\u0103 \u00een orice condi\u021bii<\/strong>, datorit\u0103 foliajului puternic protejeaz\u0103 cu brio fructele \u00eempotriva ar\u0219i\u021bei solare,\u00a0<strong>av\u00e2nd o produc\u021bie sigur\u0103 \u0219i de bun\u0103 calitate<\/strong>. Capacitatea mare de asimilare a substan\u021belor minerale, face ca planta s\u0103 r\u0103spund\u0103 eficient la fertilizare, ceea ce conduce la cre\u0219terea semnificativ\u0103 a produc\u021biei de fructe proaspete.<\/span><\/h6>\n<h6><span style=\"color: #ff0000;\">Referindu-ne la fructe, subliniem aspectul, culoarea \u0219i luciul. Culoarea atractiv\u0103 alb-g\u0103lbui, iar la maturitatea fiziologic\u0103 ro\u0219u-aprins. Fructele au o m\u0103rime medie de 180-200 gr, sunt perfecte pentru umplut, iar pulpa groas\u0103 ( 6-8 mm) asigur\u0103 prospe\u021bime lung\u0103 \u0219i rezisten\u021b\u0103 la transport.<\/span><\/h6>\n<h6><span style=\"color: #000080;\">Hibridul Ipon F1 este o noutate, dar a ajuns \u00een termen rapid s\u0103 fie apreciat pe pia\u021b\u0103.<\/span><\/h6>\n<h6><span style=\"color: #000080;\">Cultivat \u00een bazinele legumicole din \u021bar\u0103, s-a constatat c\u0103\u00a0<strong>se adapteaz\u0103 foarte bine condi\u021biilor din c\u00e2mp deschis \u0219i rezist\u0103 la temperaturile ridicate<\/strong>\u00a0din timpul verii.<\/span><\/h6>\n<h6><span style=\"color: #ff0000;\">Planta este viguroas\u0103, dotat\u0103 cu frunze mari ce acoper\u0103 bine fructele. Planta prezint\u0103 ramuri puternice ce ofer\u0103 stabilitate, iar fructele leag\u0103 de jos \u0219i p\u00e2n\u0103 \u00een v\u00e2rf, asigur\u00e2nd produc\u021bii p\u00e2n\u0103 t\u00e2rziu \u00een toamn\u0103.<\/span><\/h6>\n<h6><span style=\"color: #000080;\">Conchidem c\u0103 hibridul Ipon F1 are o\u00a0<strong>capacitate de produc\u021bie substan\u021bial\u0103<\/strong>\u00a0cu fructe aspectuoase \u0219i gustoase.<\/span><\/h6>\n<h6><span style=\"color: #000080;\">Hibridul prezint\u0103\u00a0<strong>adaptabilitate<\/strong>\u00a0bun\u0103, produc\u021bii ridicate \u0219i calitatea superioar\u0103 a fructelor, integr\u00e2ndu-se \u00een elita gamei de ardei gras ZKI. \u00cen concluzie, iat\u0103 dovezi \u0219i argumente care vin \u00een sprijinul cultiv\u0103rii necondi\u021bionate a produselor ce provin din gama ZKI!<\/span><\/h6>\n","protected":false},"excerpt":{"rendered":"<h6><span style=\"color: #0000ff;\">10-100 <\/span><span style=\"color: #0000ff;\">SEMIN\u021aE\u00a0<\/span><\/h6>\n<h6><span style=\"color: #ff00ff;\">FOARTE\u00a0 PRODUCTIV, FRUCTE DE CALITATE!<\/span><\/h6>\n<p>VEZI VIDEO !<\/p>\n<p>&nbsp;<\/p>\n","protected":false},"featured_media":11416,"comment_status":"open","ping_status":"closed","template":"","meta":{"site-sidebar-layout":"default","site-content-layout":"default","ast-site-content-layout":"default","site-content-style":"default","site-sidebar-style":"default","ast-global-header-display":"","ast-banner-title-visibility":"","ast-main-header-display":"","ast-hfb-above-header-display":"","ast-hfb-below-header-display":"","ast-hfb-mobile-header-display":"","site-post-title":"","ast-breadcrumbs-content":"","ast-featured-img":"","footer-sml-layout":"","ast-disable-related-posts":"","theme-transparent-header-meta":"default","adv-header-id-meta":"","stick-header-meta":"","header-above-stick-meta":"","header-main-stick-meta":"","header-below-stick-meta":"","astra-migrate-meta-layouts":"set","ast-page-background-enabled":"default","ast-page-background-meta":{"desktop":{"background-color":"var(--ast-global-color-4)","background-image":"","background-repeat":"repeat","background-position":"center center","background-size":"auto","background-attachment":"scroll","background-type":"","background-media":"","overlay-type":"","overlay-color":"","overlay-opacity":"","overlay-gradient":""},"tablet":{"background-color":"","background-image":"","background-repeat":"repeat","background-position":"center center","background-size":"auto","background-attachment":"scroll","background-type":"","background-media":"","overlay-type":"","overlay-color":"","overlay-opacity":"","overlay-gradient":""},"mobile":{"background-color":"","background-image":"","background-repeat":"repeat","background-position":"center center","background-size":"auto","background-attachment":"scroll","background-type":"","background-media":"","overlay-type":"","overlay-color":"","overlay-opacity":"","overlay-gradient":""}},"ast-content-background-meta":{"desktop":{"background-color":"var(--ast-global-color-5)","background-image":"","background-repeat":"repeat","background-position":"center center","background-size":"auto","background-attachment":"scroll","background-type":"","background-media":"","overlay-type":"","overlay-color":"","overlay-opacity":"","overlay-gradient":""},"tablet":{"background-color":"var(--ast-global-color-5)","background-image":"","background-repeat":"repeat","background-position":"center center","background-size":"auto","background-attachment":"scroll","background-type":"","background-media":"","overlay-type":"","overlay-color":"","overlay-opacity":"","overlay-gradient":""},"mobile":{"background-color":"var(--ast-global-color-5)","background-image":"","background-repeat":"repeat","background-position":"center center","background-size":"auto","background-attachment":"scroll","background-type":"","background-media":"","overlay-type":"","overlay-color":"","overlay-opacity":"","overlay-gradient":""}}},"product_brand":[],"product_cat":[84,145],"product_tag":[],"class_list":{"0":"post-11487","1":"product","2":"type-product","3":"status-publish","4":"has-post-thumbnail","6":"product_cat-ardei","7":"product_cat-ardei-hibrid","8":"pa_cantitate-10-seminte","9":"pa_cantitate-100-seminte","10":"pa_cantitate-200-seminte","11":"pa_cantitate-25-seminte","12":"pa_cantitate-250-seminte","13":"pa_cantitate-5-seminte","14":"pa_cantitate-50-seminte","15":"pa_cantitate-500-seminte","16":"desktop-align-left","17":"tablet-align-left","18":"mobile-align-left","20":"first","21":"instock","22":"sale","23":"taxable","24":"shipping-taxable","25":"purchasable","26":"product-type-variable"},"_links":{"self":[{"href":"https:\/\/vivasem.ro\/index.php?rest_route=\/wp\/v2\/product\/11487","targetHints":{"allow":["GET"]}}],"collection":[{"href":"https:\/\/vivasem.ro\/index.php?rest_route=\/wp\/v2\/product"}],"about":[{"href":"https:\/\/vivasem.ro\/index.php?rest_route=\/wp\/v2\/types\/product"}],"replies":[{"embeddable":true,"href":"https:\/\/vivasem.ro\/index.php?rest_route=%2Fwp%2Fv2%2Fcomments&post=11487"}],"wp:featuredmedia":[{"embeddable":true,"href":"https:\/\/vivasem.ro\/index.php?rest_route=\/wp\/v2\/media\/11416"}],"wp:attachment":[{"href":"https:\/\/vivasem.ro\/index.php?rest_route=%2Fwp%2Fv2%2Fmedia&parent=11487"}],"wp:term":[{"taxonomy":"product_brand","embeddable":true,"href":"https:\/\/vivasem.ro\/index.php?rest_route=%2Fwp%2Fv2%2Fproduct_brand&post=11487"},{"taxonomy":"product_cat","embeddable":true,"href":"https:\/\/vivasem.ro\/index.php?rest_route=%2Fwp%2Fv2%2Fproduct_cat&post=11487"},{"taxonomy":"product_tag","embeddable":true,"href":"https:\/\/vivasem.ro\/index.php?rest_route=%2Fwp%2Fv2%2Fproduct_tag&post=11487"}],"curies":[{"name":"wp","href":"https:\/\/api.w.org\/{rel}","templated":true}]}}