{"id":11459,"date":"2023-12-08T08:29:41","date_gmt":"2023-12-08T06:29:41","guid":{"rendered":"https:\/\/vivasem.ro\/?post_type=product&#038;p=11459"},"modified":"2026-02-28T16:59:28","modified_gmt":"2026-02-28T14:59:28","slug":"dovleac-quintale-gialla","status":"publish","type":"product","link":"https:\/\/vivasem.ro\/?product=dovleac-quintale-gialla","title":{"rendered":"Dovleac QUINTALE GIALLA"},"content":{"rendered":"<h6><span style=\"color: #ff0000;\"><strong>Dovleac QUINTALE GIALLA<\/strong>,<a href=\"https:\/\/vivasem.ro\/wp-content\/uploads\/2023\/02\/RACI.jpg\"><img loading=\"lazy\" decoding=\"async\" class=\"alignnone wp-image-9275\" src=\"https:\/\/vivasem.ro\/wp-content\/uploads\/2023\/02\/RACI.jpg\" alt=\"\" width=\"62\" height=\"104\" \/><\/a><\/span><\/h6>\n<h6><span style=\"color: #ff0000;\">Produc\u0103tor RACI Sementi Italia<\/span><\/h6>\n<h6><span style=\"color: #000080;\"><strong>Quintale Gialla este un soi <\/strong>\u00a0de dovleac cu<strong> fructe mari, rotund-turtite, u\u0219or costate<\/strong> <strong>.<\/strong><\/span><\/h6>\n<h6><span style=\"color: #ff0000;\"><strong>Greutatea medie variaz\u0103 \u00eentre 3 kg si 9 kg \u0219i o mare parte din fructe ating greutatea de 22 kg, productivitatea este foarte bun\u0103.<\/strong><\/span><\/h6>\n<h6><span style=\"color: #000080;\">\u00a0Coaja are culoarea portocalie-<strong>aramie<\/strong>, pulpa este u\u0219or mai deschisa la culoare,<strong>\u00a0foarte dulce<\/strong>.<\/span><\/h6>\n<h6><span style=\"color: #ff0000;\">Poate fi folosit pentru g\u0103tit \u0219i pl\u0103cinte ,c\u00e2nd se recomanda culegerea la o greutate de p\u00e2n\u0103 la 11 kg .<\/span><\/h6>\n<h6><span style=\"color: #ff0000;\">Semin\u021bele se pot utiliza, at\u00e2t pentru consum,ca atare, c\u00e2t \u0219i pentru ob\u021binerea\u00a0 de ulei.<\/span><\/h6>\n<h6><span style=\"color: #ff0000;\">Se poate folosi \u0219i ca <strong>dovleac ornamental sau pentru furajat animale.<\/strong><\/span><\/h6>\n<h6><span style=\"color: #000080;\">Maturitatea, \u00een\u00a0 105 zile.<\/span><\/h6>\n<p>&nbsp;<\/p>\n<p>&nbsp;<\/p>\n","protected":false},"excerpt":{"rendered":"<h6><span style=\"color: #0000ff;\">7 grame \/circa 40-45 SEMIN\u021aE<img loading=\"lazy\" decoding=\"async\" class=\"alignnone wp-image-6106\" src=\"https:\/\/vivasem.ro\/wp-content\/uploads\/2021\/12\/NOU3.jpg\" alt=\"\" width=\"76\" height=\"74\" srcset=\"https:\/\/vivasem.ro\/wp-content\/uploads\/2021\/12\/NOU3.jpg 270w, https:\/\/vivasem.ro\/wp-content\/uploads\/2021\/12\/NOU3-248x241.jpg 248w\" sizes=\"auto, (max-width: 76px) 100vw, 76px\" \/><\/span><\/h6>\n<h6><span style=\"color: #ff0000;\">SOI PENTRU G\u0102TIT, PENTRU SEMIN\u021aE, PENTRU ULEI, PENTRU FURAJAT SAU ORNAMENTAL.<\/span><\/h6>\n<h6><\/h6>\n","protected":false},"featured_media":11463,"comment_status":"open","ping_status":"closed","template":"","meta":{"site-sidebar-layout":"default","site-content-layout":"default","ast-site-content-layout":"default","site-content-style":"default","site-sidebar-style":"default","ast-global-header-display":"","ast-banner-title-visibility":"","ast-main-header-display":"","ast-hfb-above-header-display":"","ast-hfb-below-header-display":"","ast-hfb-mobile-header-display":"","site-post-title":"","ast-breadcrumbs-content":"","ast-featured-img":"","footer-sml-layout":"","ast-disable-related-posts":"","theme-transparent-header-meta":"default","adv-header-id-meta":"","stick-header-meta":"","header-above-stick-meta":"","header-main-stick-meta":"","header-below-stick-meta":"","astra-migrate-meta-layouts":"set","ast-page-background-enabled":"default","ast-page-background-meta":{"desktop":{"background-color":"var(--ast-global-color-4)","background-image":"","background-repeat":"repeat","background-position":"center center","background-size":"auto","background-attachment":"scroll","background-type":"","background-media":"","overlay-type":"","overlay-color":"","overlay-opacity":"","overlay-gradient":""},"tablet":{"background-color":"","background-image":"","background-repeat":"repeat","background-position":"center center","background-size":"auto","background-attachment":"scroll","background-type":"","background-media":"","overlay-type":"","overlay-color":"","overlay-opacity":"","overlay-gradient":""},"mobile":{"background-color":"","background-image":"","background-repeat":"repeat","background-position":"center center","background-size":"auto","background-attachment":"scroll","background-type":"","background-media":"","overlay-type":"","overlay-color":"","overlay-opacity":"","overlay-gradient":""}},"ast-content-background-meta":{"desktop":{"background-color":"var(--ast-global-color-5)","background-image":"","background-repeat":"repeat","background-position":"center center","background-size":"auto","background-attachment":"scroll","background-type":"","background-media":"","overlay-type":"","overlay-color":"","overlay-opacity":"","overlay-gradient":""},"tablet":{"background-color":"var(--ast-global-color-5)","background-image":"","background-repeat":"repeat","background-position":"center center","background-size":"auto","background-attachment":"scroll","background-type":"","background-media":"","overlay-type":"","overlay-color":"","overlay-opacity":"","overlay-gradient":""},"mobile":{"background-color":"var(--ast-global-color-5)","background-image":"","background-repeat":"repeat","background-position":"center center","background-size":"auto","background-attachment":"scroll","background-type":"","background-media":"","overlay-type":"","overlay-color":"","overlay-opacity":"","overlay-gradient":""}}},"product_brand":[],"product_cat":[87],"product_tag":[],"class_list":{"0":"post-11459","1":"product","2":"type-product","3":"status-publish","4":"has-post-thumbnail","6":"product_cat-dovlecei","7":"desktop-align-left","8":"tablet-align-left","9":"mobile-align-left","11":"first","12":"instock","13":"taxable","14":"shipping-taxable","15":"purchasable","16":"product-type-simple"},"_links":{"self":[{"href":"https:\/\/vivasem.ro\/index.php?rest_route=\/wp\/v2\/product\/11459","targetHints":{"allow":["GET"]}}],"collection":[{"href":"https:\/\/vivasem.ro\/index.php?rest_route=\/wp\/v2\/product"}],"about":[{"href":"https:\/\/vivasem.ro\/index.php?rest_route=\/wp\/v2\/types\/product"}],"replies":[{"embeddable":true,"href":"https:\/\/vivasem.ro\/index.php?rest_route=%2Fwp%2Fv2%2Fcomments&post=11459"}],"wp:featuredmedia":[{"embeddable":true,"href":"https:\/\/vivasem.ro\/index.php?rest_route=\/wp\/v2\/media\/11463"}],"wp:attachment":[{"href":"https:\/\/vivasem.ro\/index.php?rest_route=%2Fwp%2Fv2%2Fmedia&parent=11459"}],"wp:term":[{"taxonomy":"product_brand","embeddable":true,"href":"https:\/\/vivasem.ro\/index.php?rest_route=%2Fwp%2Fv2%2Fproduct_brand&post=11459"},{"taxonomy":"product_cat","embeddable":true,"href":"https:\/\/vivasem.ro\/index.php?rest_route=%2Fwp%2Fv2%2Fproduct_cat&post=11459"},{"taxonomy":"product_tag","embeddable":true,"href":"https:\/\/vivasem.ro\/index.php?rest_route=%2Fwp%2Fv2%2Fproduct_tag&post=11459"}],"curies":[{"name":"wp","href":"https:\/\/api.w.org\/{rel}","templated":true}]}}