{"id":11449,"date":"2023-12-07T08:30:29","date_gmt":"2023-12-07T06:30:29","guid":{"rendered":"https:\/\/vivasem.ro\/?post_type=product&#038;p=11449"},"modified":"2025-01-28T15:05:36","modified_gmt":"2025-01-28T13:05:36","slug":"conopida-raoul-f1-100s","status":"publish","type":"product","link":"https:\/\/vivasem.ro\/?product=conopida-raoul-f1-100s","title":{"rendered":"\u201e\u201eCONOPIDA RAOUL F1 (100s)"},"content":{"rendered":"<h6><span style=\"color: #ff0000;\"><u><b>CONOPID\u0102 RAOUL F1, <\/b><\/u><\/span>\u00a0 \u00a0 \u00a0 \u00a0 \u00a0 \u00a0 \u00a0 \u00a0 \u00a0 \u00a0<span style=\"color: #ff0000;\"><u><b><a href=\"https:\/\/vivasem.ro\/wp-content\/uploads\/2021\/11\/HAZERA-LOGO.jpg\"><img loading=\"lazy\" decoding=\"async\" class=\"alignnone wp-image-11430\" src=\"https:\/\/vivasem.ro\/wp-content\/uploads\/2021\/11\/HAZERA-LOGO-original.jpg\" alt=\"\" width=\"182\" height=\"73\" srcset=\"https:\/\/vivasem.ro\/wp-content\/uploads\/2021\/11\/HAZERA-LOGO-original.jpg 354w, https:\/\/vivasem.ro\/wp-content\/uploads\/2021\/11\/HAZERA-LOGO-original-248x99.jpg 248w, https:\/\/vivasem.ro\/wp-content\/uploads\/2021\/11\/HAZERA-LOGO-300x120.jpg 300w\" sizes=\"auto, (max-width: 182px) 100vw, 182px\" \/><\/a><\/b><\/u><\/span><\/h6>\n<h6><span style=\"color: #ff0000;\"><u><b>Produc\u0103tor-HAZERA SEEDS.Israel<\/b><\/u>,<\/span><\/h6>\n<h6><span style=\"color: #000080;\">Raoul F1 &#8211;\u00a0hibrid de\u00a0conopid\u0103 rezistent la secet\u0103 \u0219i frig, cu o calitate excelent\u0103 a inflorescen\u021bei.<\/span><\/h6>\n<h6><span style=\"color: #000080;\">Aceasta are o auto-acoperire bun\u0103, greutate medie de 3,5 kg \u0219i perioada de vegeta\u021bie de aproximativ 110 zile.<\/span><\/h6>\n<ul>\n<li>\n<h6><span style=\"color: #000080;\">Raoul este o variant\u0103 \u00eembun\u0103t\u0103\u021bit\u0103\u00a0a hibridului\u00a0Seoul F1.\u00a0<\/span><\/h6>\n<\/li>\n<li>\n<h6><span style=\"color: #000080;\">Cu cateva zile mai tardiv\u0103 decat Seoul F1, recoltare la\u00a0100-110 zile de la plantare.<\/span><\/h6>\n<\/li>\n<li>\n<h6><span style=\"color: #000080;\">Destinat\u0103 in primul rand procesarii, dar si pentru\u00a0consum in stare proaspat\u0103.\u00a0<\/span><\/h6>\n<\/li>\n<li>\n<h6><span style=\"color: #ff0000;\">Buna auto-acoperire, rezisten\u021b\u0103 la secet\u0103 \u0219i frig,<\/span><\/h6>\n<\/li>\n<li>\n<h6><span style=\"color: #000080;\">Rezisten\u021b\u0103 la boli mai mare decat Seoul F1.\u00a0<\/span><\/h6>\n<\/li>\n<li>\n<h6><span style=\"color: #000080;\">Calitate excelent\u0103 a inflorescen\u021bei, greutate, circa 3,5 kg.\u00a0<\/span><\/h6>\n<\/li>\n<\/ul>\n<h6>\u00a0\u00a0 \u00a0\u00a0 \u00a0\u00a0 \u00a0<u><\/u><\/h6>\n<h6><\/h6>\n<h6><\/h6>\n<h6><\/h6>\n<h6><\/h6>\n","protected":false},"excerpt":{"rendered":"<h6><span style=\"color: #0000ff;\">100 SEMIN\u021aE <\/span><\/h6>\n<h6><span style=\"color: #ff00ff;\">HIBRID REZISTENT, AUTO-ACOPERIRE BUN\u0102<\/span><\/h6>\n<h6><\/h6>\n","protected":false},"featured_media":11628,"comment_status":"open","ping_status":"closed","template":"","meta":{"site-sidebar-layout":"default","site-content-layout":"default","ast-site-content-layout":"default","site-content-style":"default","site-sidebar-style":"default","ast-global-header-display":"","ast-banner-title-visibility":"","ast-main-header-display":"","ast-hfb-above-header-display":"","ast-hfb-below-header-display":"","ast-hfb-mobile-header-display":"","site-post-title":"","ast-breadcrumbs-content":"","ast-featured-img":"","footer-sml-layout":"","ast-disable-related-posts":"","theme-transparent-header-meta":"default","adv-header-id-meta":"","stick-header-meta":"","header-above-stick-meta":"","header-main-stick-meta":"","header-below-stick-meta":"","astra-migrate-meta-layouts":"set","ast-page-background-enabled":"default","ast-page-background-meta":{"desktop":{"background-color":"var(--ast-global-color-4)","background-image":"","background-repeat":"repeat","background-position":"center center","background-size":"auto","background-attachment":"scroll","background-type":"","background-media":"","overlay-type":"","overlay-color":"","overlay-opacity":"","overlay-gradient":""},"tablet":{"background-color":"","background-image":"","background-repeat":"repeat","background-position":"center center","background-size":"auto","background-attachment":"scroll","background-type":"","background-media":"","overlay-type":"","overlay-color":"","overlay-opacity":"","overlay-gradient":""},"mobile":{"background-color":"","background-image":"","background-repeat":"repeat","background-position":"center center","background-size":"auto","background-attachment":"scroll","background-type":"","background-media":"","overlay-type":"","overlay-color":"","overlay-opacity":"","overlay-gradient":""}},"ast-content-background-meta":{"desktop":{"background-color":"var(--ast-global-color-5)","background-image":"","background-repeat":"repeat","background-position":"center center","background-size":"auto","background-attachment":"scroll","background-type":"","background-media":"","overlay-type":"","overlay-color":"","overlay-opacity":"","overlay-gradient":""},"tablet":{"background-color":"var(--ast-global-color-5)","background-image":"","background-repeat":"repeat","background-position":"center center","background-size":"auto","background-attachment":"scroll","background-type":"","background-media":"","overlay-type":"","overlay-color":"","overlay-opacity":"","overlay-gradient":""},"mobile":{"background-color":"var(--ast-global-color-5)","background-image":"","background-repeat":"repeat","background-position":"center center","background-size":"auto","background-attachment":"scroll","background-type":"","background-media":"","overlay-type":"","overlay-color":"","overlay-opacity":"","overlay-gradient":""}}},"product_brand":[],"product_cat":[148],"product_tag":[],"class_list":{"0":"post-11449","1":"product","2":"type-product","3":"status-publish","4":"has-post-thumbnail","6":"product_cat-10-varza-varza-kale","7":"desktop-align-left","8":"tablet-align-left","9":"mobile-align-left","11":"first","12":"outofstock","13":"taxable","14":"shipping-taxable","15":"purchasable","16":"product-type-simple"},"_links":{"self":[{"href":"https:\/\/vivasem.ro\/index.php?rest_route=\/wp\/v2\/product\/11449","targetHints":{"allow":["GET"]}}],"collection":[{"href":"https:\/\/vivasem.ro\/index.php?rest_route=\/wp\/v2\/product"}],"about":[{"href":"https:\/\/vivasem.ro\/index.php?rest_route=\/wp\/v2\/types\/product"}],"replies":[{"embeddable":true,"href":"https:\/\/vivasem.ro\/index.php?rest_route=%2Fwp%2Fv2%2Fcomments&post=11449"}],"wp:featuredmedia":[{"embeddable":true,"href":"https:\/\/vivasem.ro\/index.php?rest_route=\/wp\/v2\/media\/11628"}],"wp:attachment":[{"href":"https:\/\/vivasem.ro\/index.php?rest_route=%2Fwp%2Fv2%2Fmedia&parent=11449"}],"wp:term":[{"taxonomy":"product_brand","embeddable":true,"href":"https:\/\/vivasem.ro\/index.php?rest_route=%2Fwp%2Fv2%2Fproduct_brand&post=11449"},{"taxonomy":"product_cat","embeddable":true,"href":"https:\/\/vivasem.ro\/index.php?rest_route=%2Fwp%2Fv2%2Fproduct_cat&post=11449"},{"taxonomy":"product_tag","embeddable":true,"href":"https:\/\/vivasem.ro\/index.php?rest_route=%2Fwp%2Fv2%2Fproduct_tag&post=11449"}],"curies":[{"name":"wp","href":"https:\/\/api.w.org\/{rel}","templated":true}]}}