{"id":11433,"date":"2023-12-06T09:09:28","date_gmt":"2023-12-06T07:09:28","guid":{"rendered":"https:\/\/vivasem.ro\/?post_type=product&#038;p=11433"},"modified":"2024-10-16T06:52:45","modified_gmt":"2024-10-16T04:52:45","slug":"belladona-f1-25s","status":"publish","type":"product","link":"https:\/\/vivasem.ro\/?product=belladona-f1-25s","title":{"rendered":"\u201e\u201eBELLADONA F1 (25s)"},"content":{"rendered":"<h6><span style=\"color: #333399;\"><u><b>TOMATE HIBRID BELLADONA F1,<\/b><\/u><\/span><\/h6>\n<h6><span style=\"color: #333399;\"><u><b>Produc\u0103tor-HAZERA SEEDS.Israel<\/b><\/u><\/span>, \u00a0\u00a0 \u00a0\u00a0 \u00a0\u00a0 \u00a0\u00a0 \u00a0\u00a0 \u00a0\u00a0 \u00a0\u00a0 \u00a0\u00a0 \u00a0\u00a0 \u00a0<span style=\"color: #333399;\"><u><a href=\"https:\/\/vivasem.ro\/wp-content\/uploads\/2021\/11\/HAZERA-LOGO.jpg\"><img loading=\"lazy\" decoding=\"async\" class=\"alignnone wp-image-11430\" src=\"https:\/\/vivasem.ro\/wp-content\/uploads\/2021\/11\/HAZERA-LOGO-original.jpg\" alt=\"\" width=\"182\" height=\"73\" srcset=\"https:\/\/vivasem.ro\/wp-content\/uploads\/2021\/11\/HAZERA-LOGO-original.jpg 354w, https:\/\/vivasem.ro\/wp-content\/uploads\/2021\/11\/HAZERA-LOGO-original-248x99.jpg 248w, https:\/\/vivasem.ro\/wp-content\/uploads\/2021\/11\/HAZERA-LOGO-300x120.jpg 300w\" sizes=\"auto, (max-width: 182px) 100vw, 182px\" \/><\/a><\/u><\/span><\/h6>\n<h6><span style=\"color: #ff0000;\">Hibrid de tomate\u00a0cu\u00a0fructe mari, gustoase, \u00een medie de 180-220 g\/fruct.<\/span><\/h6>\n<h6><span style=\"color: #ff0000;\">Cea mai apreciat\u0103 varietate\u00a0de tomate Hazera in Romania\u00a0pentru gust \u0219i valoare comercial\u0103.<\/span><\/h6>\n<h6><span style=\"color: #000080;\">Varietate timpurie , pretabil\u0103 cultivarii in ciclu scurt.<\/span><\/h6>\n<h6><span style=\"color: #000080;\">Planta este <\/span><span style=\"color: #000080;\">cu cre\u0219tere nedeterminat\u0103,<\/span><span style=\"color: #000080;\">compact\u0103,puternic\u0103.<\/span><\/h6>\n<h6><span style=\"color: #000080;\">Leag\u0103 bine la temperaturi ridicate.<\/span><\/h6>\n<h6><span style=\"color: #ff0000;\">Ciorchini sunt compac\u021bi, cu\u00a0 fructe\u00a0sferice,\u00a0c\u0103rnoase, suculente \u0219i\u00a0gustoase.<\/span><\/h6>\n<h6><span style=\"color: #ff0000;\">Hibridul este destinat cultivarii atat in spatiile protejate, c\u00e2t \u0219i \u00een c\u00e2mp deschis.<\/span><\/h6>\n<h6><span style=\"color: #ff0000;\">Hibridul de rosii Belladona F1 suport\u0103 bine temperaturile ridicate.<\/span><\/h6>\n<h6><span style=\"color: #000080;\">R<\/span><span style=\"color: #000080;\">ezisten\u021b\u0103<\/span><span style=\"color: #000080;\"> ridicat\u0103\u00a0<\/span><span style=\"color: #000080;\">la agenti patogeni:<\/span><\/h6>\n<h6><span style=\"color: #000080;\">\u00a0 \u00a0 \u00a0 \u00a0&#8211;<\/span><span style=\"color: #000080;\">Fusarium (fol 1,2) \/<\/span><span style=\"color: #000080;\">fuzarioz\u0103 tip 1 si 2<\/span><\/h6>\n<h6><span style=\"color: #000080;\">\u00a0 \u00a0 \u00a0 \u00a0&#8211; Virusul mozaicului tomatelor<\/span><\/h6>\n<h6><span style=\"color: #ff00ff;\">PENTRU VARIANTELE DE CANTITATE MAI MARE, DE MAI JOS, SPECIFICA\u021aI \u00ceN FORMULARUL DE COMAND\u0102, LA RUBRICA *NOT\u0102 DE COMAND\u0102*, CANTITATEA DORIT\u0102:<\/span><\/h6>\n<h6><span style=\"color: #333399;\"><strong>200 semin\u021be= lei<\/strong><\/span><\/h6>\n<h6><\/h6>\n<h6><\/h6>\n","protected":false},"excerpt":{"rendered":"<h6><span style=\"color: #0000ff;\">25 SEMIN\u021aE <\/span><\/h6>\n<h6><span style=\"color: #ff00ff;\">HIBRID TIPURIU CU FRUCTE MARI \u0218I GUSTOASE<\/span><\/h6>\n<h6><\/h6>\n","protected":false},"featured_media":11442,"comment_status":"open","ping_status":"closed","template":"","meta":{"site-sidebar-layout":"default","site-content-layout":"default","ast-site-content-layout":"default","site-content-style":"default","site-sidebar-style":"default","ast-global-header-display":"","ast-banner-title-visibility":"","ast-main-header-display":"","ast-hfb-above-header-display":"","ast-hfb-below-header-display":"","ast-hfb-mobile-header-display":"","site-post-title":"","ast-breadcrumbs-content":"","ast-featured-img":"","footer-sml-layout":"","ast-disable-related-posts":"","theme-transparent-header-meta":"default","adv-header-id-meta":"","stick-header-meta":"","header-above-stick-meta":"","header-main-stick-meta":"","header-below-stick-meta":"","astra-migrate-meta-layouts":"set","ast-page-background-enabled":"default","ast-page-background-meta":{"desktop":{"background-color":"var(--ast-global-color-4)","background-image":"","background-repeat":"repeat","background-position":"center center","background-size":"auto","background-attachment":"scroll","background-type":"","background-media":"","overlay-type":"","overlay-color":"","overlay-opacity":"","overlay-gradient":""},"tablet":{"background-color":"","background-image":"","background-repeat":"repeat","background-position":"center center","background-size":"auto","background-attachment":"scroll","background-type":"","background-media":"","overlay-type":"","overlay-color":"","overlay-opacity":"","overlay-gradient":""},"mobile":{"background-color":"","background-image":"","background-repeat":"repeat","background-position":"center center","background-size":"auto","background-attachment":"scroll","background-type":"","background-media":"","overlay-type":"","overlay-color":"","overlay-opacity":"","overlay-gradient":""}},"ast-content-background-meta":{"desktop":{"background-color":"var(--ast-global-color-5)","background-image":"","background-repeat":"repeat","background-position":"center center","background-size":"auto","background-attachment":"scroll","background-type":"","background-media":"","overlay-type":"","overlay-color":"","overlay-opacity":"","overlay-gradient":""},"tablet":{"background-color":"var(--ast-global-color-5)","background-image":"","background-repeat":"repeat","background-position":"center center","background-size":"auto","background-attachment":"scroll","background-type":"","background-media":"","overlay-type":"","overlay-color":"","overlay-opacity":"","overlay-gradient":""},"mobile":{"background-color":"var(--ast-global-color-5)","background-image":"","background-repeat":"repeat","background-position":"center center","background-size":"auto","background-attachment":"scroll","background-type":"","background-media":"","overlay-type":"","overlay-color":"","overlay-opacity":"","overlay-gradient":""}}},"product_brand":[],"product_cat":[110],"product_tag":[],"class_list":{"0":"post-11433","1":"product","2":"type-product","3":"status-publish","4":"has-post-thumbnail","6":"product_cat-tomate-hibrid","7":"desktop-align-left","8":"tablet-align-left","9":"mobile-align-left","11":"first","12":"outofstock","13":"taxable","14":"shipping-taxable","15":"purchasable","16":"product-type-simple"},"_links":{"self":[{"href":"https:\/\/vivasem.ro\/index.php?rest_route=\/wp\/v2\/product\/11433","targetHints":{"allow":["GET"]}}],"collection":[{"href":"https:\/\/vivasem.ro\/index.php?rest_route=\/wp\/v2\/product"}],"about":[{"href":"https:\/\/vivasem.ro\/index.php?rest_route=\/wp\/v2\/types\/product"}],"replies":[{"embeddable":true,"href":"https:\/\/vivasem.ro\/index.php?rest_route=%2Fwp%2Fv2%2Fcomments&post=11433"}],"wp:featuredmedia":[{"embeddable":true,"href":"https:\/\/vivasem.ro\/index.php?rest_route=\/wp\/v2\/media\/11442"}],"wp:attachment":[{"href":"https:\/\/vivasem.ro\/index.php?rest_route=%2Fwp%2Fv2%2Fmedia&parent=11433"}],"wp:term":[{"taxonomy":"product_brand","embeddable":true,"href":"https:\/\/vivasem.ro\/index.php?rest_route=%2Fwp%2Fv2%2Fproduct_brand&post=11433"},{"taxonomy":"product_cat","embeddable":true,"href":"https:\/\/vivasem.ro\/index.php?rest_route=%2Fwp%2Fv2%2Fproduct_cat&post=11433"},{"taxonomy":"product_tag","embeddable":true,"href":"https:\/\/vivasem.ro\/index.php?rest_route=%2Fwp%2Fv2%2Fproduct_tag&post=11433"}],"curies":[{"name":"wp","href":"https:\/\/api.w.org\/{rel}","templated":true}]}}