{"id":11425,"date":"2023-12-05T23:51:23","date_gmt":"2023-12-05T21:51:23","guid":{"rendered":"https:\/\/vivasem.ro\/?post_type=product&#038;p=11425"},"modified":"2024-02-08T11:42:32","modified_gmt":"2024-02-08T09:42:32","slug":"castraveti-cassius-f1-zki-ungaria-100s","status":"publish","type":"product","link":"https:\/\/vivasem.ro\/?product=castraveti-cassius-f1-zki-ungaria-100s","title":{"rendered":"\u201e\u201eCASTRAVETI HIBRID CASSIUS F1-ZKI Ungaria (100s)"},"content":{"rendered":"<h6 style=\"text-align: left;\"><span style=\"color: #ff0000;\"><u>CASTRAVETI CASSIUS F1 ,<\/u><\/span>\u00a0 \u00a0\u00a0 \u00a0\u00a0 \u00a0\u00a0 \u00a0<a href=\"https:\/\/vivasem.ro\/wp-content\/uploads\/2022\/12\/ZKI-logo.jpg\"><img loading=\"lazy\" decoding=\"async\" class=\"alignnone wp-image-11397\" src=\"https:\/\/vivasem.ro\/wp-content\/uploads\/2022\/12\/ZKI-logo-original.jpg\" alt=\"\" width=\"131\" height=\"68\" srcset=\"https:\/\/vivasem.ro\/wp-content\/uploads\/2022\/12\/ZKI-logo-original.jpg 456w, https:\/\/vivasem.ro\/wp-content\/uploads\/2022\/12\/ZKI-logo-original-248x128.jpg 248w, https:\/\/vivasem.ro\/wp-content\/uploads\/2022\/12\/ZKI-logo-300x155.jpg 300w\" sizes=\"auto, (max-width: 131px) 100vw, 131px\" \/><\/a>\u00a0 \u00a0 \u00a0 \u00a0 \u00a0 \u00a0 \u00a0 \u00a0 \u00a0 \u00a0 \u00a0 \u00a0 \u00a0 \u00a0 \u00a0 \u00a0 \u00a0 \u00a0 \u00a0 \u00a0 \u00a0 \u00a0 \u00a0 \u00a0 \u00a0 \u00a0<u><\/u><\/h6>\n<h6 style=\"text-align: left;\"><span style=\"color: #ff0000;\"><u>-Produc\u0103tor :ZKI Ungaria,<\/u><\/span><\/h6>\n<h6><span style=\"color: #000080;\">Hibrid de castrave\u021bi extratimpurii, tip cornichon, partenocarpic, destinat culturilor for\u021bate intensive de prim\u0103var\u0103 \u0219i toamn\u0103.<\/span><\/h6>\n<h6><span style=\"color: #ff0000;\">Planta prezint\u0103 o vigoare puternic\u0103 de cre\u0219tere vegetativ\u0103 \u0219i generativ\u0103, dezvoltare puternic\u0103 radicular, astfel tolereaz\u0103 foarte bine varia\u021biile de temperatur\u0103 nocturn-diurne. <\/span><\/h6>\n<h6><span style=\"color: #ff0000;\">Foliaj cu port deschis, eficientizeaz\u0103 tratamentele \u0219i prezint\u0103 rezisten\u021b\u0103 la nematozi. <\/span><\/h6>\n<h6><span style=\"color: #000080;\">Fructele sunt cu spini,cilindrice,uniforme, a\u0219ezate \u00een ciorchini, a c\u00e2te 2-3 fructe, de culoare verde \u00eenchis pe toat\u0103 suprafa\u021ba fructului.Raportul lungime-grosime este optim,de 3,3-3,5 :1,0.<\/span><\/h6>\n<h6><span style=\"color: #000080;\">Este recomandat utiliz\u0103rii \u00een stare proasp\u0103t\u0103,<\/span><\/h6>\n<h6><span style=\"color: #000080;\">c\u00e2t \u0219i pentru mur\u0103turi, <\/span><span style=\"color: #000080;\">se poate cultiva cu succes at\u00e2t \u00een ciclul 1 c\u00e2t \u0219i \u00een ciclul 2 de produc\u021bie.<\/span><\/h6>\n<h6>Rezisten\u021b\u0103 la boli:<\/h6>\n<div class=\"elementor-element elementor-element-4878479 animated-slow elementor-align-left elementor-icon-list--layout-traditional elementor-list-item-link-full_width elementor-widget elementor-widget-icon-list animated fadeIn\" data-id=\"4878479\" data-element_type=\"widget\" data-settings=\"{&quot;_animation&quot;:&quot;fadeIn&quot;,&quot;_animation_delay&quot;:200}\" data-widget_type=\"icon-list.default\">\n<div class=\"elementor-widget-container\">\n<ul class=\"elementor-icon-list-items\">\n<li class=\"elementor-icon-list-item\">\n<h6><i class=\"fas fa-shield-alt\" aria-hidden=\"true\"><\/i><span class=\"elementor-icon-list-text\">Ridicat\u0103 la: Px, Ccu and<\/span><\/h6>\n<\/li>\n<li class=\"elementor-icon-list-item\">\n<h6><span class=\"elementor-icon-list-text\">Intermediar\u0103 la: Pcu, CMV<\/span><\/h6>\n<\/li>\n<\/ul>\n<\/div>\n<\/div>\n<h6><\/h6>\n<p>&nbsp;<\/p>\n","protected":false},"excerpt":{"rendered":"<h6><span style=\"color: #0000ff;\">100 SEMIN\u021aE\u00a0<\/span><\/h6>\n<h6><span style=\"color: #ff00ff;\">EXTRATIMPURIU, FOARTE\u00a0 PRODUCTIV!<\/span><\/h6>\n<p>&nbsp;<\/p>\n","protected":false},"featured_media":11429,"comment_status":"open","ping_status":"closed","template":"","meta":{"site-sidebar-layout":"default","site-content-layout":"default","ast-site-content-layout":"default","site-content-style":"default","site-sidebar-style":"default","ast-global-header-display":"","ast-banner-title-visibility":"","ast-main-header-display":"","ast-hfb-above-header-display":"","ast-hfb-below-header-display":"","ast-hfb-mobile-header-display":"","site-post-title":"","ast-breadcrumbs-content":"","ast-featured-img":"","footer-sml-layout":"","ast-disable-related-posts":"","theme-transparent-header-meta":"default","adv-header-id-meta":"","stick-header-meta":"","header-above-stick-meta":"","header-main-stick-meta":"","header-below-stick-meta":"","astra-migrate-meta-layouts":"set","ast-page-background-enabled":"default","ast-page-background-meta":{"desktop":{"background-color":"var(--ast-global-color-4)","background-image":"","background-repeat":"repeat","background-position":"center center","background-size":"auto","background-attachment":"scroll","background-type":"","background-media":"","overlay-type":"","overlay-color":"","overlay-opacity":"","overlay-gradient":""},"tablet":{"background-color":"","background-image":"","background-repeat":"repeat","background-position":"center center","background-size":"auto","background-attachment":"scroll","background-type":"","background-media":"","overlay-type":"","overlay-color":"","overlay-opacity":"","overlay-gradient":""},"mobile":{"background-color":"","background-image":"","background-repeat":"repeat","background-position":"center center","background-size":"auto","background-attachment":"scroll","background-type":"","background-media":"","overlay-type":"","overlay-color":"","overlay-opacity":"","overlay-gradient":""}},"ast-content-background-meta":{"desktop":{"background-color":"var(--ast-global-color-5)","background-image":"","background-repeat":"repeat","background-position":"center center","background-size":"auto","background-attachment":"scroll","background-type":"","background-media":"","overlay-type":"","overlay-color":"","overlay-opacity":"","overlay-gradient":""},"tablet":{"background-color":"var(--ast-global-color-5)","background-image":"","background-repeat":"repeat","background-position":"center center","background-size":"auto","background-attachment":"scroll","background-type":"","background-media":"","overlay-type":"","overlay-color":"","overlay-opacity":"","overlay-gradient":""},"mobile":{"background-color":"var(--ast-global-color-5)","background-image":"","background-repeat":"repeat","background-position":"center center","background-size":"auto","background-attachment":"scroll","background-type":"","background-media":"","overlay-type":"","overlay-color":"","overlay-opacity":"","overlay-gradient":""}}},"product_brand":[],"product_cat":[147,83],"product_tag":[],"class_list":{"0":"post-11425","1":"product","2":"type-product","3":"status-publish","4":"has-post-thumbnail","6":"product_cat-02-castraveti","7":"product_cat-castraveti-hibrid","8":"desktop-align-left","9":"tablet-align-left","10":"mobile-align-left","12":"first","13":"outofstock","14":"taxable","15":"shipping-taxable","16":"purchasable","17":"product-type-simple"},"_links":{"self":[{"href":"https:\/\/vivasem.ro\/index.php?rest_route=\/wp\/v2\/product\/11425","targetHints":{"allow":["GET"]}}],"collection":[{"href":"https:\/\/vivasem.ro\/index.php?rest_route=\/wp\/v2\/product"}],"about":[{"href":"https:\/\/vivasem.ro\/index.php?rest_route=\/wp\/v2\/types\/product"}],"replies":[{"embeddable":true,"href":"https:\/\/vivasem.ro\/index.php?rest_route=%2Fwp%2Fv2%2Fcomments&post=11425"}],"wp:featuredmedia":[{"embeddable":true,"href":"https:\/\/vivasem.ro\/index.php?rest_route=\/wp\/v2\/media\/11429"}],"wp:attachment":[{"href":"https:\/\/vivasem.ro\/index.php?rest_route=%2Fwp%2Fv2%2Fmedia&parent=11425"}],"wp:term":[{"taxonomy":"product_brand","embeddable":true,"href":"https:\/\/vivasem.ro\/index.php?rest_route=%2Fwp%2Fv2%2Fproduct_brand&post=11425"},{"taxonomy":"product_cat","embeddable":true,"href":"https:\/\/vivasem.ro\/index.php?rest_route=%2Fwp%2Fv2%2Fproduct_cat&post=11425"},{"taxonomy":"product_tag","embeddable":true,"href":"https:\/\/vivasem.ro\/index.php?rest_route=%2Fwp%2Fv2%2Fproduct_tag&post=11425"}],"curies":[{"name":"wp","href":"https:\/\/api.w.org\/{rel}","templated":true}]}}