{"id":11382,"date":"2023-12-01T07:03:19","date_gmt":"2023-12-01T05:03:19","guid":{"rendered":"https:\/\/vivasem.ro\/?post_type=product&#038;p=11382"},"modified":"2024-03-11T12:07:33","modified_gmt":"2024-03-11T10:07:33","slug":"tomate-hibrid-brixtone-f1-determinate-syngenta-50s","status":"publish","type":"product","link":"https:\/\/vivasem.ro\/?product=tomate-hibrid-brixtone-f1-determinate-syngenta-50s","title":{"rendered":"\u201e\u201eTOMATE HIBRID BRIXTONE F1 (DETERMINATE) -SYNGENTA (50s)"},"content":{"rendered":"<h6><span style=\"color: #ff0000;\"><strong><u>BRIXTONE F1,<\/u><\/strong><\/span> \u00a0\u00a0 \u00a0\u00a0 \u00a0\u00a0 \u00a0\u00a0 \u00a0\u00a0 \u00a0\u00a0 \u00a0\u00a0<span style=\"color: #ff0000;\"><strong><u><a href=\"https:\/\/vivasem.ro\/wp-content\/uploads\/2023\/11\/SYNGENTA-LOGO-original.jpg\"><img loading=\"lazy\" decoding=\"async\" class=\"alignnone wp-image-11252\" src=\"https:\/\/vivasem.ro\/wp-content\/uploads\/2023\/11\/SYNGENTA-LOGO-original.jpg\" alt=\"\" width=\"195\" height=\"65\" srcset=\"https:\/\/vivasem.ro\/wp-content\/uploads\/2023\/11\/SYNGENTA-LOGO-original.jpg 378w, https:\/\/vivasem.ro\/wp-content\/uploads\/2023\/11\/SYNGENTA-LOGO-original-248x83.jpg 248w, https:\/\/vivasem.ro\/wp-content\/uploads\/2023\/11\/SYNGENTA-LOGO-300x100.jpg 300w\" sizes=\"auto, (max-width: 195px) 100vw, 195px\" \/><\/a><\/u><\/strong><\/span><\/h6>\n<h6><span style=\"color: #ff0000;\">Produc\u0103tor:SYNGENTA,<\/span><\/h6>\n<div class=\"ast-oembed-container \" style=\"height: 100%;\"><iframe loading=\"lazy\" title=\"Brixtone F1 - tomate de camp - Florentina Diaconu, Agro Holding Annabella\" width=\"500\" height=\"281\" src=\"https:\/\/www.youtube.com\/embed\/Y_N2fQPrR30?feature=oembed\" frameborder=\"0\" allow=\"accelerometer; autoplay; clipboard-write; encrypted-media; gyroscope; picture-in-picture; web-share\" referrerpolicy=\"strict-origin-when-cross-origin\" allowfullscreen><\/iframe><\/div>\n<div class=\"ast-oembed-container \" style=\"height: 100%;\"><iframe loading=\"lazy\" title=\"Tomate Brixtone F1 Syngenta - Testimonial N\u0103stase Georgel, Traian, Ialomi\u021ba\" width=\"500\" height=\"281\" src=\"https:\/\/www.youtube.com\/embed\/ubqmMloA508?feature=oembed\" frameborder=\"0\" allow=\"accelerometer; autoplay; clipboard-write; encrypted-media; gyroscope; picture-in-picture; web-share\" referrerpolicy=\"strict-origin-when-cross-origin\" allowfullscreen><\/iframe><\/div>\n<h6><span style=\"color: #000080;\"><strong>Brixtone este unul dintre cei mai buni hibrizi de tomate cu cre\u0219tere determinat\u0103<\/strong>, recomandat pentru cultivarea \u00een c\u00e2mp .\u00a0<\/span><\/h6>\n<h6><span style=\"color: #ff0000;\">Fructele se remarc\u0103 prin c<\/span><span style=\"color: #ff0000;\">on\u021binutul ridicat de zah\u0103r, cu un brix mediu de 5 &#8211; 5.5\u00b0.<\/span><\/h6>\n<h6><span style=\"color: #000080;\">Au form\u0103 oval\u0103, pulpa este groas\u0103 \u0219i ferm\u0103, cu greutatea medie de 100 &#8211; 120 grame.<\/span><\/h6>\n<h6><span style=\"color: #ff0000;\">Planta are o vigoare medie, \u00eens\u0103 are foliaj bogat ce \u00eempiedic\u0103 formarea arsurilor solare.<br \/>\nPrezint\u0103 toleran\u021b\u0103 ridicat\u0103 la temperaturile ridicate din timpul verii &#8211; legarea este foarte bun\u0103, chiar \u0219i \u00een aceste condi\u021bii de stres.<br \/>\n<span style=\"color: #000080;\">Coacerea este concentrat\u0103, f\u0103r\u0103 umeri verzi, astfel fiind pretabil \u0219i pentru recoltare mecanizat\u0103.<\/span><\/span><\/h6>\n<h6><span style=\"color: #000080;\">Are o capacitate foarte bun\u0103 de p\u0103strare \u00een c\u00e2mp \u0219i dup\u0103 atingerea maturit\u0103\u021bii, f\u0103r\u0103 a fi afectat\u0103 calitatea fructelor;<\/span><\/h6>\n<h6><span style=\"color: #000080;\"> Brixtone F1 este un produs ideal pentru procesare: depelare, producerea pastei de tomate, uscare. <\/span><\/h6>\n<h6><span style=\"color: #ff0000;\">Densitatea recomandat\u0103 este de 35.000 plante\/ha.<\/span><\/h6>\n<h6><span style=\"color: #000080;\"><strong>Toleranta la boli:<\/strong><\/span><br \/>\n<span style=\"color: #000080;\">Nematozi (Mi, Ma, Mj) &#8211; toleranta medie<\/span><br \/>\n<span style=\"color: #000080;\">Ofilirea vasculara (Fol) &#8211; toleranta ridicata<\/span><br \/>\n<span style=\"color: #000080;\">Patarea frunzelor (S) &#8211; toleranta ridicat\u0103<\/span><br \/>\n<span style=\"color: #000080;\">P\u0103tarea pustular\u0103 (Pst) &#8211; toleran\u021b\u0103 medie<\/span><br \/>\n<span style=\"color: #000080;\">Verticilium (Va, Vd) &#8211; toleranta ridicat\u0103<\/span><\/h6>\n<p>&nbsp;<\/p>\n","protected":false},"excerpt":{"rendered":"<h6><span style=\"color: #0000ff;\">50 SEMIN\u021aE<\/span><\/h6>\n<h6><span style=\"color: #ff0000;\"> HIBRID DE C\u00c2MP, REZISTENT, CU FRUCTE FOARTE DULCI.<\/span><\/h6>\n<h6><span style=\"color: #ff00ff;\">VEZI VIDEOCLIP!<\/span><\/h6>\n","protected":false},"featured_media":11290,"comment_status":"open","ping_status":"closed","template":"","meta":{"site-sidebar-layout":"default","site-content-layout":"default","ast-site-content-layout":"default","site-content-style":"default","site-sidebar-style":"default","ast-global-header-display":"","ast-banner-title-visibility":"","ast-main-header-display":"","ast-hfb-above-header-display":"","ast-hfb-below-header-display":"","ast-hfb-mobile-header-display":"","site-post-title":"","ast-breadcrumbs-content":"","ast-featured-img":"","footer-sml-layout":"","ast-disable-related-posts":"","theme-transparent-header-meta":"default","adv-header-id-meta":"","stick-header-meta":"","header-above-stick-meta":"","header-main-stick-meta":"","header-below-stick-meta":"","astra-migrate-meta-layouts":"set","ast-page-background-enabled":"default","ast-page-background-meta":{"desktop":{"background-color":"var(--ast-global-color-4)","background-image":"","background-repeat":"repeat","background-position":"center center","background-size":"auto","background-attachment":"scroll","background-type":"","background-media":"","overlay-type":"","overlay-color":"","overlay-opacity":"","overlay-gradient":""},"tablet":{"background-color":"","background-image":"","background-repeat":"repeat","background-position":"center center","background-size":"auto","background-attachment":"scroll","background-type":"","background-media":"","overlay-type":"","overlay-color":"","overlay-opacity":"","overlay-gradient":""},"mobile":{"background-color":"","background-image":"","background-repeat":"repeat","background-position":"center center","background-size":"auto","background-attachment":"scroll","background-type":"","background-media":"","overlay-type":"","overlay-color":"","overlay-opacity":"","overlay-gradient":""}},"ast-content-background-meta":{"desktop":{"background-color":"var(--ast-global-color-5)","background-image":"","background-repeat":"repeat","background-position":"center center","background-size":"auto","background-attachment":"scroll","background-type":"","background-media":"","overlay-type":"","overlay-color":"","overlay-opacity":"","overlay-gradient":""},"tablet":{"background-color":"var(--ast-global-color-5)","background-image":"","background-repeat":"repeat","background-position":"center center","background-size":"auto","background-attachment":"scroll","background-type":"","background-media":"","overlay-type":"","overlay-color":"","overlay-opacity":"","overlay-gradient":""},"mobile":{"background-color":"var(--ast-global-color-5)","background-image":"","background-repeat":"repeat","background-position":"center center","background-size":"auto","background-attachment":"scroll","background-type":"","background-media":"","overlay-type":"","overlay-color":"","overlay-opacity":"","overlay-gradient":""}}},"product_brand":[],"product_cat":[110,167],"product_tag":[],"class_list":{"0":"post-11382","1":"product","2":"type-product","3":"status-publish","4":"has-post-thumbnail","6":"product_cat-tomate-hibrid","7":"product_cat-tufa","8":"desktop-align-left","9":"tablet-align-left","10":"mobile-align-left","12":"first","13":"outofstock","14":"taxable","15":"shipping-taxable","16":"purchasable","17":"product-type-simple"},"_links":{"self":[{"href":"https:\/\/vivasem.ro\/index.php?rest_route=\/wp\/v2\/product\/11382","targetHints":{"allow":["GET"]}}],"collection":[{"href":"https:\/\/vivasem.ro\/index.php?rest_route=\/wp\/v2\/product"}],"about":[{"href":"https:\/\/vivasem.ro\/index.php?rest_route=\/wp\/v2\/types\/product"}],"replies":[{"embeddable":true,"href":"https:\/\/vivasem.ro\/index.php?rest_route=%2Fwp%2Fv2%2Fcomments&post=11382"}],"wp:featuredmedia":[{"embeddable":true,"href":"https:\/\/vivasem.ro\/index.php?rest_route=\/wp\/v2\/media\/11290"}],"wp:attachment":[{"href":"https:\/\/vivasem.ro\/index.php?rest_route=%2Fwp%2Fv2%2Fmedia&parent=11382"}],"wp:term":[{"taxonomy":"product_brand","embeddable":true,"href":"https:\/\/vivasem.ro\/index.php?rest_route=%2Fwp%2Fv2%2Fproduct_brand&post=11382"},{"taxonomy":"product_cat","embeddable":true,"href":"https:\/\/vivasem.ro\/index.php?rest_route=%2Fwp%2Fv2%2Fproduct_cat&post=11382"},{"taxonomy":"product_tag","embeddable":true,"href":"https:\/\/vivasem.ro\/index.php?rest_route=%2Fwp%2Fv2%2Fproduct_tag&post=11382"}],"curies":[{"name":"wp","href":"https:\/\/api.w.org\/{rel}","templated":true}]}}