{"id":11344,"date":"2023-11-26T19:48:19","date_gmt":"2023-11-26T17:48:19","guid":{"rendered":"https:\/\/vivasem.ro\/?post_type=product&#038;p=11344"},"modified":"2024-10-17T20:23:14","modified_gmt":"2024-10-17T18:23:14","slug":"tomate-hibrid-arawak-f1-syngenta-10s","status":"publish","type":"product","link":"https:\/\/vivasem.ro\/?product=tomate-hibrid-arawak-f1-syngenta-10s","title":{"rendered":"\u201e\u201eTOMATE HIBRID ARAWAK F1-SYNGENTA (10s)"},"content":{"rendered":"<h6><span style=\"color: #ff0000;\"><strong><u>ARAWAK F1,<\/u><\/strong><\/span> \u00a0\u00a0 \u00a0\u00a0 \u00a0\u00a0 \u00a0\u00a0 \u00a0\u00a0 \u00a0\u00a0 \u00a0\u00a0<span style=\"color: #ff0000;\"><strong><u><a href=\"https:\/\/vivasem.ro\/wp-content\/uploads\/2023\/11\/SYNGENTA-LOGO-original.jpg\"><img loading=\"lazy\" decoding=\"async\" class=\"alignnone wp-image-11252\" src=\"https:\/\/vivasem.ro\/wp-content\/uploads\/2023\/11\/SYNGENTA-LOGO-original.jpg\" alt=\"\" width=\"195\" height=\"65\" srcset=\"https:\/\/vivasem.ro\/wp-content\/uploads\/2023\/11\/SYNGENTA-LOGO-original.jpg 378w, https:\/\/vivasem.ro\/wp-content\/uploads\/2023\/11\/SYNGENTA-LOGO-original-248x83.jpg 248w, https:\/\/vivasem.ro\/wp-content\/uploads\/2023\/11\/SYNGENTA-LOGO-300x100.jpg 300w\" sizes=\"auto, (max-width: 195px) 100vw, 195px\" \/><\/a><\/u><\/strong><\/span><\/h6>\n<h6><span style=\"color: #ff0000;\">Produc\u0103tor:SYNGENTA,<\/span><\/h6>\n<h6><span style=\"color: #000080;\"><strong>Arawak F1 , hibrid<\/strong> cu cre\u0219tere nedeterminat\u0103, cu fructe mari ,\u00een greutate medie \u00eentre 200-240 grame, de calitate ridicat\u0103 \u0219i foarte gustoase.<\/span><\/h6>\n<h6><span style=\"color: #ff0000;\"><strong>Hibridul <\/strong>ofer\u0103 produc\u021bii foarte ridicate, are maturitatea semitimpurie si se recomanda cultivat in sistem palisat (legat), in sere, solarii si c\u00e2mp.<\/span><\/h6>\n<h6><span style=\"color: #000080;\">Planta are vigoare medie \u0219i p\u0103streaz\u0103 o cre\u0219tere generativ\u0103 cu legare bun\u0103 \u0219i continu\u0103.<\/span><\/h6>\n<h6><span style=\"color: #000080;\">Fructul este \u00een forma ro\u0219iilor de gr\u0103din\u0103 tip\u00a0 par\u0103, striat, de culoare ro\u0219u \u00eenchis, cu coacere uniform\u0103 \u0219i aspect comercial bun.<\/span><br \/>\n<span style=\"color: #000080;\"><strong>Greutatea fructului:<\/strong> medie <strong>200-240 g<\/strong>,\u00a0cu dimensiuni ce variaza intre\u00a0<strong>77<\/strong> \u0219i\u00a0<strong>82<\/strong> mm.<\/span><br \/>\n<span style=\"color: #000080;\">Se recomanda pentru consum in stare proaspat\u0103.<\/span><br \/>\n<span style=\"color: #000080;\"><span style=\"color: #ff0000;\">Pentru a ob\u021bine fructe foarte mari, se recomand\u0103 reducerea inflorescen\u021belor la <strong>3-4<\/strong> fructe\/ciorchine.<\/span><strong><br \/>\n<\/strong><strong>Arawak F1<\/strong> prezinta rezisten\u021b\u0103 la: virusul mozaicului tomatelor (<strong>ToMV: 0-2<\/strong>), \u0219i la <a class=\"wordtip\" style=\"color: #000080;\" title=\"Boala a plantelor produsa de specii de Verticillium.\">verticilioz\u0103<\/a>\u00a0(<strong>Va\/Vd<\/strong>).<\/span><\/h6>\n<h6><\/h6>\n<h6><\/h6>\n","protected":false},"excerpt":{"rendered":"<h6><span style=\"color: #0000ff;\">10 SEMIN\u021aE<\/span><\/h6>\n<h6><span style=\"color: #ff00ff;\">HIBRID FOARTE GUSTOS \u0218I DEOSEBIT DE PRODUCTIV!<\/span><\/h6>\n","protected":false},"featured_media":11313,"comment_status":"open","ping_status":"closed","template":"","meta":{"site-sidebar-layout":"default","site-content-layout":"default","ast-site-content-layout":"default","site-content-style":"default","site-sidebar-style":"default","ast-global-header-display":"","ast-banner-title-visibility":"","ast-main-header-display":"","ast-hfb-above-header-display":"","ast-hfb-below-header-display":"","ast-hfb-mobile-header-display":"","site-post-title":"","ast-breadcrumbs-content":"","ast-featured-img":"","footer-sml-layout":"","ast-disable-related-posts":"","theme-transparent-header-meta":"default","adv-header-id-meta":"","stick-header-meta":"","header-above-stick-meta":"","header-main-stick-meta":"","header-below-stick-meta":"","astra-migrate-meta-layouts":"set","ast-page-background-enabled":"default","ast-page-background-meta":{"desktop":{"background-color":"var(--ast-global-color-4)","background-image":"","background-repeat":"repeat","background-position":"center center","background-size":"auto","background-attachment":"scroll","background-type":"","background-media":"","overlay-type":"","overlay-color":"","overlay-opacity":"","overlay-gradient":""},"tablet":{"background-color":"","background-image":"","background-repeat":"repeat","background-position":"center center","background-size":"auto","background-attachment":"scroll","background-type":"","background-media":"","overlay-type":"","overlay-color":"","overlay-opacity":"","overlay-gradient":""},"mobile":{"background-color":"","background-image":"","background-repeat":"repeat","background-position":"center center","background-size":"auto","background-attachment":"scroll","background-type":"","background-media":"","overlay-type":"","overlay-color":"","overlay-opacity":"","overlay-gradient":""}},"ast-content-background-meta":{"desktop":{"background-color":"var(--ast-global-color-5)","background-image":"","background-repeat":"repeat","background-position":"center center","background-size":"auto","background-attachment":"scroll","background-type":"","background-media":"","overlay-type":"","overlay-color":"","overlay-opacity":"","overlay-gradient":""},"tablet":{"background-color":"var(--ast-global-color-5)","background-image":"","background-repeat":"repeat","background-position":"center center","background-size":"auto","background-attachment":"scroll","background-type":"","background-media":"","overlay-type":"","overlay-color":"","overlay-opacity":"","overlay-gradient":""},"mobile":{"background-color":"var(--ast-global-color-5)","background-image":"","background-repeat":"repeat","background-position":"center center","background-size":"auto","background-attachment":"scroll","background-type":"","background-media":"","overlay-type":"","overlay-color":"","overlay-opacity":"","overlay-gradient":""}}},"product_brand":[],"product_cat":[110],"product_tag":[],"class_list":{"0":"post-11344","1":"product","2":"type-product","3":"status-publish","4":"has-post-thumbnail","6":"product_cat-tomate-hibrid","7":"desktop-align-left","8":"tablet-align-left","9":"mobile-align-left","11":"first","12":"outofstock","13":"taxable","14":"shipping-taxable","15":"purchasable","16":"product-type-simple"},"_links":{"self":[{"href":"https:\/\/vivasem.ro\/index.php?rest_route=\/wp\/v2\/product\/11344","targetHints":{"allow":["GET"]}}],"collection":[{"href":"https:\/\/vivasem.ro\/index.php?rest_route=\/wp\/v2\/product"}],"about":[{"href":"https:\/\/vivasem.ro\/index.php?rest_route=\/wp\/v2\/types\/product"}],"replies":[{"embeddable":true,"href":"https:\/\/vivasem.ro\/index.php?rest_route=%2Fwp%2Fv2%2Fcomments&post=11344"}],"wp:featuredmedia":[{"embeddable":true,"href":"https:\/\/vivasem.ro\/index.php?rest_route=\/wp\/v2\/media\/11313"}],"wp:attachment":[{"href":"https:\/\/vivasem.ro\/index.php?rest_route=%2Fwp%2Fv2%2Fmedia&parent=11344"}],"wp:term":[{"taxonomy":"product_brand","embeddable":true,"href":"https:\/\/vivasem.ro\/index.php?rest_route=%2Fwp%2Fv2%2Fproduct_brand&post=11344"},{"taxonomy":"product_cat","embeddable":true,"href":"https:\/\/vivasem.ro\/index.php?rest_route=%2Fwp%2Fv2%2Fproduct_cat&post=11344"},{"taxonomy":"product_tag","embeddable":true,"href":"https:\/\/vivasem.ro\/index.php?rest_route=%2Fwp%2Fv2%2Fproduct_tag&post=11344"}],"curies":[{"name":"wp","href":"https:\/\/api.w.org\/{rel}","templated":true}]}}