{"id":11304,"date":"2023-11-26T12:36:39","date_gmt":"2023-11-26T10:36:39","guid":{"rendered":"https:\/\/vivasem.ro\/?post_type=product&#038;p=11304"},"modified":"2025-12-06T02:00:36","modified_gmt":"2025-12-06T00:00:36","slug":"axiom-f1-100s","status":"publish","type":"product","link":"https:\/\/vivasem.ro\/?product=axiom-f1-100s","title":{"rendered":".AXIOM F1 -(BASF-Nunhems)"},"content":{"rendered":"<h6 style=\"text-align: left;\"><span style=\"color: #ff0000;\"><strong><u>AXIOM F1 &#8211;<a href=\"https:\/\/vivasem.ro\/wp-content\/uploads\/2023\/11\/BASF-original.jpg\"><img loading=\"lazy\" decoding=\"async\" class=\"alignnone wp-image-11274\" src=\"https:\/\/vivasem.ro\/wp-content\/uploads\/2023\/11\/BASF-original.jpg\" alt=\"\" width=\"293\" height=\"55\" srcset=\"https:\/\/vivasem.ro\/wp-content\/uploads\/2023\/11\/BASF-original.jpg 671w, https:\/\/vivasem.ro\/wp-content\/uploads\/2023\/11\/BASF-original-248x47.jpg 248w, https:\/\/vivasem.ro\/wp-content\/uploads\/2023\/11\/BASF-original-590x111.jpg 590w, https:\/\/vivasem.ro\/wp-content\/uploads\/2023\/11\/BASF-300x56.jpg 300w\" sizes=\"auto, (max-width: 293px) 100vw, 293px\" \/><\/a><\/u><\/strong><\/span><\/h6>\n<h6><span style=\"color: #ff0000;\"><strong><u>Produc\u0103tor semin\u021be :BASF-NUNHEMS,<\/u><\/strong><\/span><\/h6>\n<h6><span style=\"color: #000080;\">Axiom F1 este un hibrid timpuriu de tomate cu cre\u0219tere nedeterminat\u0103, de la BASF-Nunhems, cu <\/span><span style=\"color: #000080;\">fructe mari ce c\u00e2ntaresc \u00een medie 240 grame.<\/span><\/h6>\n<h6><span style=\"color: #ff0000;\">Acestea sunt foarte gustoase, au un raport echilibrat zahar\/aciditate.<\/span><\/h6>\n<h6><span style=\"color: #ff0000;\">Nu au guler verde, sunt uniforme ca marime, cu multe camere de form\u0103 clasic\u0103, rotunjit\u0103, u\u0219or turtit\u0103,\u00a0<\/span><\/h6>\n<h6><span style=\"color: #ff0000;\">O trasatura caracteristic\u0103 a acestui hibrid este interiorul foarte uniform colorat, \u00een toat\u0103 masa fructului, \u00eentr-un ro\u0219u atractiv, la fel ca si exteriorul \u0219i lipsa venelor albe din pulp\u0103, iar cotorul este mic.<\/span><\/h6>\n<h6><span style=\"color: #000080;\">Plantele sunt<\/span><span style=\"color: #000080;\"> viguroase, deschise, bine ventilate, foarte generative, cu foliaj bogat ce protejeaz\u0103<\/span><span style=\"color: #000080;\"> bine fructele de arsurile solare, <\/span><span style=\"color: #000080;\">internodiile sunt scurte<\/span><span style=\"color: #000080;\">.<\/span><\/h6>\n<h6><span style=\"color: #ff0000;\">Leag\u0103 foarte bine chiar \u0219i in conditii nefavorabile.<\/span><\/h6>\n<h6><span style=\"color: #ff0000;\">Hibridul este perfect adaptat la toate zonele de cultivare \u0219i este recomandat pentru ciclul I (primavara devreme) si ciclul II (toamna)<\/span><\/h6>\n<h6><span style=\"color: #ff0000;\">Are o rezistenta foarte mare la decolorare \u0219i rezistenta la pastrare .<\/span><\/h6>\n<h6><span style=\"color: #000080;\">Prezinta rezisten\u021b\u0103 ridicat\u0103 la urm\u0103toarele boli: <\/span><\/h6>\n<h6><span style=\"color: #000080;\">Verticillium(Va,Vd)<\/span><\/h6>\n<h6><span style=\"color: #000080;\">Fusarium (Fol:0,1)<\/span><\/h6>\n<h6><span style=\"color: #000080;\">Virusul mozaic al tutunului (ToMV)<\/span><\/h6>\n<h6><span style=\"color: #000080;\">Rezistenta medie la Nematozi (Ma,Mi,Mj)<\/span><\/h6>\n<h6><span style=\"color: #000080;\">Precocitatea, <\/span><span style=\"color: #000080;\">aspectul interior si exterior de \u00eenalt\u0103 calitate, <\/span><span style=\"color: #000080;\">marimea fructelor, <\/span><span style=\"color: #000080;\">g<\/span><span style=\"color: #000080;\">ustul excelent combinat cu rezistenta foarte buna la transport si pastrare, fac din Axiom F1 un hibrid foarte cautat de catre cultivatori.<\/span><\/h6>\n<h6><span style=\"color: #000080;\">\u00a0 \u00a0 \u00a0 \u00a0 \u00a0\u00a0<\/span><\/h6>\n","protected":false},"excerpt":{"rendered":"<h6><span style=\"color: #ff00ff;\">PRODUCTIVITATE RIDICAT\u0102, GUST EXCELENT, ASPECT DEOSEBIT!<\/span><\/h6>\n<p><img loading=\"lazy\" decoding=\"async\" class=\"alignnone wp-image-15077\" src=\"https:\/\/vivasem.ro\/wp-content\/uploads\/2023\/12\/SUPEROFERTA-11-Copy-300x153.jpg\" alt=\"\" width=\"169\" height=\"86\" srcset=\"https:\/\/vivasem.ro\/wp-content\/uploads\/2023\/12\/SUPEROFERTA-11-Copy-300x153.jpg 300w, https:\/\/vivasem.ro\/wp-content\/uploads\/2023\/12\/SUPEROFERTA-11-Copy-248x126.jpg 248w, https:\/\/vivasem.ro\/wp-content\/uploads\/2023\/12\/SUPEROFERTA-11-Copy-590x301.jpg 590w, https:\/\/vivasem.ro\/wp-content\/uploads\/2023\/12\/SUPEROFERTA-11-Copy-150x77.jpg 150w, https:\/\/vivasem.ro\/wp-content\/uploads\/2023\/12\/SUPEROFERTA-11-Copy.jpg 700w\" sizes=\"auto, (max-width: 169px) 100vw, 169px\" \/><\/p>\n","protected":false},"featured_media":11300,"comment_status":"open","ping_status":"closed","template":"","meta":{"site-sidebar-layout":"default","site-content-layout":"default","ast-site-content-layout":"default","site-content-style":"default","site-sidebar-style":"default","ast-global-header-display":"","ast-banner-title-visibility":"","ast-main-header-display":"","ast-hfb-above-header-display":"","ast-hfb-below-header-display":"","ast-hfb-mobile-header-display":"","site-post-title":"","ast-breadcrumbs-content":"","ast-featured-img":"","footer-sml-layout":"","ast-disable-related-posts":"","theme-transparent-header-meta":"default","adv-header-id-meta":"","stick-header-meta":"","header-above-stick-meta":"","header-main-stick-meta":"","header-below-stick-meta":"","astra-migrate-meta-layouts":"set","ast-page-background-enabled":"default","ast-page-background-meta":{"desktop":{"background-color":"var(--ast-global-color-4)","background-image":"","background-repeat":"repeat","background-position":"center center","background-size":"auto","background-attachment":"scroll","background-type":"","background-media":"","overlay-type":"","overlay-color":"","overlay-opacity":"","overlay-gradient":""},"tablet":{"background-color":"","background-image":"","background-repeat":"repeat","background-position":"center center","background-size":"auto","background-attachment":"scroll","background-type":"","background-media":"","overlay-type":"","overlay-color":"","overlay-opacity":"","overlay-gradient":""},"mobile":{"background-color":"","background-image":"","background-repeat":"repeat","background-position":"center center","background-size":"auto","background-attachment":"scroll","background-type":"","background-media":"","overlay-type":"","overlay-color":"","overlay-opacity":"","overlay-gradient":""}},"ast-content-background-meta":{"desktop":{"background-color":"var(--ast-global-color-5)","background-image":"","background-repeat":"repeat","background-position":"center center","background-size":"auto","background-attachment":"scroll","background-type":"","background-media":"","overlay-type":"","overlay-color":"","overlay-opacity":"","overlay-gradient":""},"tablet":{"background-color":"var(--ast-global-color-5)","background-image":"","background-repeat":"repeat","background-position":"center center","background-size":"auto","background-attachment":"scroll","background-type":"","background-media":"","overlay-type":"","overlay-color":"","overlay-opacity":"","overlay-gradient":""},"mobile":{"background-color":"var(--ast-global-color-5)","background-image":"","background-repeat":"repeat","background-position":"center center","background-size":"auto","background-attachment":"scroll","background-type":"","background-media":"","overlay-type":"","overlay-color":"","overlay-opacity":"","overlay-gradient":""}}},"product_brand":[],"product_cat":[110],"product_tag":[],"class_list":{"0":"post-11304","1":"product","2":"type-product","3":"status-publish","4":"has-post-thumbnail","6":"product_cat-tomate-hibrid","7":"pa_z-cantitate-10-seminte","8":"pa_z-cantitate-100-seminte","9":"pa_z-cantitate-200-seminte","10":"pa_z-cantitate-25-seminte","11":"pa_z-cantitate-50-seminte","12":"desktop-align-left","13":"tablet-align-left","14":"mobile-align-left","16":"first","17":"instock","18":"sale","19":"taxable","20":"shipping-taxable","21":"purchasable","22":"product-type-variable"},"_links":{"self":[{"href":"https:\/\/vivasem.ro\/index.php?rest_route=\/wp\/v2\/product\/11304","targetHints":{"allow":["GET"]}}],"collection":[{"href":"https:\/\/vivasem.ro\/index.php?rest_route=\/wp\/v2\/product"}],"about":[{"href":"https:\/\/vivasem.ro\/index.php?rest_route=\/wp\/v2\/types\/product"}],"replies":[{"embeddable":true,"href":"https:\/\/vivasem.ro\/index.php?rest_route=%2Fwp%2Fv2%2Fcomments&post=11304"}],"wp:featuredmedia":[{"embeddable":true,"href":"https:\/\/vivasem.ro\/index.php?rest_route=\/wp\/v2\/media\/11300"}],"wp:attachment":[{"href":"https:\/\/vivasem.ro\/index.php?rest_route=%2Fwp%2Fv2%2Fmedia&parent=11304"}],"wp:term":[{"taxonomy":"product_brand","embeddable":true,"href":"https:\/\/vivasem.ro\/index.php?rest_route=%2Fwp%2Fv2%2Fproduct_brand&post=11304"},{"taxonomy":"product_cat","embeddable":true,"href":"https:\/\/vivasem.ro\/index.php?rest_route=%2Fwp%2Fv2%2Fproduct_cat&post=11304"},{"taxonomy":"product_tag","embeddable":true,"href":"https:\/\/vivasem.ro\/index.php?rest_route=%2Fwp%2Fv2%2Fproduct_tag&post=11304"}],"curies":[{"name":"wp","href":"https:\/\/api.w.org\/{rel}","templated":true}]}}