{"id":11285,"date":"2023-11-26T10:10:12","date_gmt":"2023-11-26T08:10:12","guid":{"rendered":"https:\/\/vivasem.ro\/?post_type=product&#038;p=11285"},"modified":"2024-10-12T09:33:10","modified_gmt":"2024-10-12T07:33:10","slug":"axiom-f1-25s","status":"publish","type":"product","link":"https:\/\/vivasem.ro\/?product=axiom-f1-25s","title":{"rendered":"\u201e\u201eAXIOM F1-  BASF-NUNHEMS,25s"},"content":{"rendered":"<h6><span style=\"color: #ff0000;\"><strong><u>AXIOM F1 &#8211;<a href=\"https:\/\/vivasem.ro\/wp-content\/uploads\/2023\/11\/BASF-original.jpg\"><img loading=\"lazy\" decoding=\"async\" class=\"alignnone wp-image-11274\" src=\"https:\/\/vivasem.ro\/wp-content\/uploads\/2023\/11\/BASF-original.jpg\" alt=\"\" width=\"293\" height=\"55\" srcset=\"https:\/\/vivasem.ro\/wp-content\/uploads\/2023\/11\/BASF-original.jpg 671w, https:\/\/vivasem.ro\/wp-content\/uploads\/2023\/11\/BASF-original-248x47.jpg 248w, https:\/\/vivasem.ro\/wp-content\/uploads\/2023\/11\/BASF-original-590x111.jpg 590w, https:\/\/vivasem.ro\/wp-content\/uploads\/2023\/11\/BASF-300x56.jpg 300w\" sizes=\"auto, (max-width: 293px) 100vw, 293px\" \/><\/a><\/u><\/strong><\/span><\/h6>\n<h6><span style=\"color: #ff0000;\"><strong><u>Produc\u0103tor semin\u021be :BASF-NUNHEMS,<\/u><\/strong><\/span><\/h6>\n<h6><span style=\"color: #000080;\">AXIOM F1 ESTE UN HIBRID TIMPURIU DE TOMATE CU CRE\u0218TERE NEDETERMINAT\u0102, DE LA BASF-NUNHEMS, CU\u00a0FRUCTE MARI CE C\u00c2NTARESC \u00ceN MEDIE 240 GRAME.<\/span><\/h6>\n<h6><span style=\"color: #000080;\">ACESTEA SUNT FOARTE GUSTOASE, AU UN RAPORT ECHILIBRAT ZAHAR\/ACIDITATE.<\/span><\/h6>\n<h6><span style=\"color: #ff0000;\">NU AU GULER VERDE, SUNT UNIFORME CA MARIME, CU MULTE CAMERE DE FORM\u0102 CLASIC\u0102, ROTUNJIT\u0102, U\u0218OR TURTIT\u0102,\u00a0<\/span><\/h6>\n<h6><span style=\"color: #ff0000;\">O TRASATURA CARACTERISTIC\u0102 A ACESTUI HIBRID ESTE INTERIORUL FOARTE UNIFORM COLORAT, \u00ceN TOAT\u0102 MASA FRUCTULUI, \u00ceNTR-UN RO\u0218U ATRACTIV, LA FEL CA SI EXTERIORUL \u0218I LIPSA VENELOR ALBE DIN PULP\u0102, IAR COTORUL ESTE MIC.<\/span><\/h6>\n<h6><span style=\"color: #000080;\">PLANTELE SUNT\u00a0VIGUROASE, DESCHISE, BINE VENTILATE, FOARTE GENERATIVE, CU FOLIAJ BOGAT CE PROTEJEAZ\u0102\u00a0BINE FRUCTELE DE ARSURILE SOLARE,\u00a0INTERNODIILE SUNT SCURTE.<\/span><\/h6>\n<h6><span style=\"color: #000080;\">LEAG\u0102 FOARTE BINE CHIAR \u0218I IN CONDITII NEFAVORABILE.<\/span><\/h6>\n<h6><span style=\"color: #ff0000;\">HIBRIDUL ESTE PERFECT ADAPTAT LA TOATE ZONELE DE CULTIVARE \u0218I ESTE RECOMANDAT PENTRU CICLUL I (PRIMAVARA DEVREME) SI CICLUL II (TOAMNA)<\/span><\/h6>\n<h6><span style=\"color: #000080;\">ARE O REZISTENTA FOARTE MARE LA DECOLORARE \u0218I REZISTENTA LA PASTRARE .<\/span><\/h6>\n<h6><span style=\"color: #000080;\">PREZINTA REZISTEN\u021a\u0102 RIDICAT\u0102 LA URM\u0102TOARELE BOLI:<\/span><\/h6>\n<h6><span style=\"color: #000080;\">VERTICILLIUM(VA,VD)<\/span><\/h6>\n<h6><span style=\"color: #000080;\">FUSARIUM (FOL:0,1)<\/span><\/h6>\n<h6><span style=\"color: #000080;\">VIRUSUL MOZAIC AL TUTUNULUI (TOMV)<\/span><\/h6>\n<h6><span style=\"color: #000080;\">REZISTENTA MEDIE LA NEMATOZI (MA,MI,MJ)<\/span><\/h6>\n<h6><span style=\"color: #000080;\">PRECOCITATEA,\u00a0ASPECTUL INTERIOR SI EXTERIOR DE \u00ceNALT\u0102 CALITATE,\u00a0MARIMEA FRUCTELOR,\u00a0GUSTUL EXCELENT COMBINAT CU REZISTENTA FOARTE BUNA LA TRANSPORT SI PASTRARE, FAC DIN AXIOM F1 UN HIBRID FOARTE CAUTAT DE CATRE CULTIVATORI.<\/span><\/h6>\n<h6><span style=\"color: #000080;\">\u00a0 \u00a0 \u00a0 \u00a0 \u00a0\u00a0<\/span><\/h6>\n","protected":false},"excerpt":{"rendered":"<h6><span style=\"color: #0000ff;\">25 SEMIN\u021aE<\/span><\/h6>\n<h6><span style=\"color: #ff00ff;\">PRODUCTIVITATE RIDICAT\u0102, GUST EXCELENT, ASPECT DEOSEBIT!<\/span><\/h6>\n<p>&nbsp;<\/p>\n<p>&nbsp;<\/p>\n","protected":false},"featured_media":11300,"comment_status":"open","ping_status":"closed","template":"","meta":{"site-sidebar-layout":"default","site-content-layout":"default","ast-site-content-layout":"default","site-content-style":"default","site-sidebar-style":"default","ast-global-header-display":"","ast-banner-title-visibility":"","ast-main-header-display":"","ast-hfb-above-header-display":"","ast-hfb-below-header-display":"","ast-hfb-mobile-header-display":"","site-post-title":"","ast-breadcrumbs-content":"","ast-featured-img":"","footer-sml-layout":"","ast-disable-related-posts":"","theme-transparent-header-meta":"default","adv-header-id-meta":"","stick-header-meta":"","header-above-stick-meta":"","header-main-stick-meta":"","header-below-stick-meta":"","astra-migrate-meta-layouts":"set","ast-page-background-enabled":"default","ast-page-background-meta":{"desktop":{"background-color":"var(--ast-global-color-4)","background-image":"","background-repeat":"repeat","background-position":"center center","background-size":"auto","background-attachment":"scroll","background-type":"","background-media":"","overlay-type":"","overlay-color":"","overlay-opacity":"","overlay-gradient":""},"tablet":{"background-color":"","background-image":"","background-repeat":"repeat","background-position":"center center","background-size":"auto","background-attachment":"scroll","background-type":"","background-media":"","overlay-type":"","overlay-color":"","overlay-opacity":"","overlay-gradient":""},"mobile":{"background-color":"","background-image":"","background-repeat":"repeat","background-position":"center center","background-size":"auto","background-attachment":"scroll","background-type":"","background-media":"","overlay-type":"","overlay-color":"","overlay-opacity":"","overlay-gradient":""}},"ast-content-background-meta":{"desktop":{"background-color":"var(--ast-global-color-5)","background-image":"","background-repeat":"repeat","background-position":"center center","background-size":"auto","background-attachment":"scroll","background-type":"","background-media":"","overlay-type":"","overlay-color":"","overlay-opacity":"","overlay-gradient":""},"tablet":{"background-color":"var(--ast-global-color-5)","background-image":"","background-repeat":"repeat","background-position":"center center","background-size":"auto","background-attachment":"scroll","background-type":"","background-media":"","overlay-type":"","overlay-color":"","overlay-opacity":"","overlay-gradient":""},"mobile":{"background-color":"var(--ast-global-color-5)","background-image":"","background-repeat":"repeat","background-position":"center center","background-size":"auto","background-attachment":"scroll","background-type":"","background-media":"","overlay-type":"","overlay-color":"","overlay-opacity":"","overlay-gradient":""}}},"product_brand":[],"product_cat":[110],"product_tag":[],"class_list":{"0":"post-11285","1":"product","2":"type-product","3":"status-publish","4":"has-post-thumbnail","6":"product_cat-tomate-hibrid","7":"desktop-align-left","8":"tablet-align-left","9":"mobile-align-left","11":"first","12":"outofstock","13":"taxable","14":"shipping-taxable","15":"purchasable","16":"product-type-simple"},"_links":{"self":[{"href":"https:\/\/vivasem.ro\/index.php?rest_route=\/wp\/v2\/product\/11285","targetHints":{"allow":["GET"]}}],"collection":[{"href":"https:\/\/vivasem.ro\/index.php?rest_route=\/wp\/v2\/product"}],"about":[{"href":"https:\/\/vivasem.ro\/index.php?rest_route=\/wp\/v2\/types\/product"}],"replies":[{"embeddable":true,"href":"https:\/\/vivasem.ro\/index.php?rest_route=%2Fwp%2Fv2%2Fcomments&post=11285"}],"wp:featuredmedia":[{"embeddable":true,"href":"https:\/\/vivasem.ro\/index.php?rest_route=\/wp\/v2\/media\/11300"}],"wp:attachment":[{"href":"https:\/\/vivasem.ro\/index.php?rest_route=%2Fwp%2Fv2%2Fmedia&parent=11285"}],"wp:term":[{"taxonomy":"product_brand","embeddable":true,"href":"https:\/\/vivasem.ro\/index.php?rest_route=%2Fwp%2Fv2%2Fproduct_brand&post=11285"},{"taxonomy":"product_cat","embeddable":true,"href":"https:\/\/vivasem.ro\/index.php?rest_route=%2Fwp%2Fv2%2Fproduct_cat&post=11285"},{"taxonomy":"product_tag","embeddable":true,"href":"https:\/\/vivasem.ro\/index.php?rest_route=%2Fwp%2Fv2%2Fproduct_tag&post=11285"}],"curies":[{"name":"wp","href":"https:\/\/api.w.org\/{rel}","templated":true}]}}