{"id":11277,"date":"2023-11-26T07:29:54","date_gmt":"2023-11-26T05:29:54","guid":{"rendered":"https:\/\/vivasem.ro\/?post_type=product&#038;p=11277"},"modified":"2026-02-07T11:00:19","modified_gmt":"2026-02-07T09:00:19","slug":"dovlecei-cavili-f1-profesional-25s","status":"publish","type":"product","link":"https:\/\/vivasem.ro\/?product=dovlecei-cavili-f1-profesional-25s","title":{"rendered":"DOVLECEI PROFESIONALI HIBRID CAVILI F1"},"content":{"rendered":"<h6><span style=\"color: #ff0000;\"><strong><u>DOVLECEI CAVILI F1 &#8211;<a href=\"https:\/\/vivasem.ro\/wp-content\/uploads\/2023\/11\/BASF-original.jpg\"><img loading=\"lazy\" decoding=\"async\" class=\"alignnone wp-image-11274\" src=\"https:\/\/vivasem.ro\/wp-content\/uploads\/2023\/11\/BASF-original.jpg\" alt=\"\" width=\"293\" height=\"55\" srcset=\"https:\/\/vivasem.ro\/wp-content\/uploads\/2023\/11\/BASF-original.jpg 671w, https:\/\/vivasem.ro\/wp-content\/uploads\/2023\/11\/BASF-original-248x47.jpg 248w, https:\/\/vivasem.ro\/wp-content\/uploads\/2023\/11\/BASF-original-590x111.jpg 590w, https:\/\/vivasem.ro\/wp-content\/uploads\/2023\/11\/BASF-300x56.jpg 300w\" sizes=\"auto, (max-width: 293px) 100vw, 293px\" \/><\/a><\/u><\/strong><\/span><\/h6>\n<h6><span style=\"color: #ff0000;\"><strong><u>Produc\u0103tor semin\u021be :BASF-NUNHEMS,<\/u><\/strong><\/span><\/h6>\n<h6><span style=\"color: #000080;\">DOVLECEL F\u0102R\u0102 VREJ \u2013( Cucurbita pepo ) Cavili F1 de la BASF-Nunhems, are o perioada de vegetatie extrem de scurta (22-24 de zile de la rasarire).<\/span><\/h6>\n<h6><span style=\"color: #ff0000;\">Fructificarea este abundent\u0103, recoltarea se face e\u0219alonat, pe perioada lung\u0103.<\/span><\/h6>\n<h6><span style=\"color: #ff0000;\"><strong>Cavili F1<\/strong>\u00a0este un\u00a0<strong>hibrid de dovlecel<\/strong> partenocarpic,\u00a0 la care dezvoltarea fructelor se face f\u0103r\u0103 polenizare, chiar \u0219i in condi\u021bii de stres (v\u00e2nt, ploaie, temperaturi sc\u0103zute sau ridicate).<\/span><\/h6>\n<h6><span style=\"color: #000080;\">Fructul de form\u0103 cilindric\u0103,uniform\u0103, culoare verde deschis,cu p<strong>ulpa alb\u0103, consistent\u0103 , <\/strong>este foarte gustos .<\/span><\/h6>\n<h6><span style=\"color: #000080;\">Prezinta o planta compact\u0103, internoduri scurte, adaptat\u0103 at\u00e2t pentru cultivarea in solarii c\u00e2t \u0219i \u00een c\u00e2mp.<\/span><br \/>\n<span style=\"color: #000080;\">Recoltarea fructelor se face la lungimea de 15-18 cm sau mai mari.<\/span><\/h6>\n<h6><span style=\"color: #000080;\">Productivitate ridicat\u0103, poten\u0163ial de produc\u0163ie: peste 10 t\/ha<\/span><\/h6>\n<h6><\/h6>\n<ul>\n<li>\n<table border=\"1\" cellspacing=\"1\" cellpadding=\"1\" align=\"center\">\n<tbody>\n<tr>\n<td rowspan=\"2\"><span style=\"color: #000080;\"><em><strong>Semanare in camp<\/strong><\/em><\/span><\/td>\n<td rowspan=\"2\"><span style=\"color: #000080;\"><em><strong>Semanare in rasadnita<\/strong><\/em><\/span><\/td>\n<td rowspan=\"2\"><span style=\"color: #000080;\"><em><strong>Repicare<\/strong><\/em><\/span><\/td>\n<td rowspan=\"2\"><span style=\"color: #000080;\"><em><strong>Rarire<\/strong><\/em><\/span><\/td>\n<td rowspan=\"2\"><span style=\"color: #000080;\"><em><strong>Recoltare<\/strong><\/em><\/span><\/td>\n<td rowspan=\"2\"><span style=\"color: #000080;\"><em><strong>Distanta intre randuri<\/strong><\/em><\/span><\/td>\n<td rowspan=\"2\"><span style=\"color: #000080;\"><em><strong>Distanta intre plante<\/strong><\/em><\/span><\/td>\n<td colspan=\"2\"><span style=\"color: #000080;\"><strong><em>Temperatura de germinare<\/em><\/strong><\/span><\/td>\n<\/tr>\n<tr>\n<td><span style=\"color: #000080;\"><em><strong>minima<\/strong><\/em><\/span><\/td>\n<td><span style=\"color: #000080;\"><em><strong>maxima<\/strong><\/em><\/span><\/td>\n<\/tr>\n<tr>\n<td><span style=\"color: #000080;\"><em><strong>martie-iulie<\/strong><\/em><\/span><\/td>\n<td><span style=\"color: #000080;\"><em><strong>februarie-iunie<\/strong><\/em><\/span><\/td>\n<td><span style=\"color: #000080;\"><em><strong>martie-iulie<\/strong><\/em><\/span><\/td>\n<td><span style=\"color: #000080;\"><strong><em>aprilie-august<\/em><\/strong><\/span><\/td>\n<td><span style=\"color: #000080;\"><strong><em>iulie-octombrie<\/em><\/strong><\/span><\/td>\n<td><span style=\"color: #000080;\"><em><strong>70 cm<\/strong><\/em><\/span><\/td>\n<td><span style=\"color: #000080;\"><em><strong>50 cm<\/strong><\/em><\/span><\/td>\n<td><span style=\"color: #000080;\"><em><strong>15\u00b0<\/strong><\/em><\/span><\/td>\n<td><span style=\"color: #000080;\"><em><strong>35\u00b0<\/strong><\/em><\/span><\/td>\n<\/tr>\n<\/tbody>\n<\/table>\n<\/li>\n<\/ul>\n<h6><span style=\"color: #000080;\">Se consuma in stare proaspat\u0103 sau conserva\u021bi.<\/span><\/h6>\n<div class=\"ast-oembed-container \" style=\"height: 100%;\"><iframe loading=\"lazy\" title=\"CUM ARAT\u0102 O CULTUR\u0102 DE DOVLECEI CAVILI \u00ceN C\u00c2MP !!\" width=\"500\" height=\"281\" src=\"https:\/\/www.youtube.com\/embed\/NQLefQGknwA?feature=oembed\" frameborder=\"0\" allow=\"accelerometer; autoplay; clipboard-write; encrypted-media; gyroscope; picture-in-picture; web-share\" referrerpolicy=\"strict-origin-when-cross-origin\" allowfullscreen><\/iframe><\/div>\n","protected":false},"excerpt":{"rendered":"<h6><span style=\"color: #0000ff;\">PARTENOCARPIC<\/span><\/h6>\n<p>Vezi video !<\/p>\n","protected":false},"featured_media":11273,"comment_status":"open","ping_status":"closed","template":"","meta":{"site-sidebar-layout":"default","site-content-layout":"default","ast-site-content-layout":"default","site-content-style":"default","site-sidebar-style":"default","ast-global-header-display":"","ast-banner-title-visibility":"","ast-main-header-display":"","ast-hfb-above-header-display":"","ast-hfb-below-header-display":"","ast-hfb-mobile-header-display":"","site-post-title":"","ast-breadcrumbs-content":"","ast-featured-img":"","footer-sml-layout":"","ast-disable-related-posts":"","theme-transparent-header-meta":"default","adv-header-id-meta":"","stick-header-meta":"","header-above-stick-meta":"","header-main-stick-meta":"","header-below-stick-meta":"","astra-migrate-meta-layouts":"set","ast-page-background-enabled":"default","ast-page-background-meta":{"desktop":{"background-color":"var(--ast-global-color-4)","background-image":"","background-repeat":"repeat","background-position":"center center","background-size":"auto","background-attachment":"scroll","background-type":"","background-media":"","overlay-type":"","overlay-color":"","overlay-opacity":"","overlay-gradient":""},"tablet":{"background-color":"","background-image":"","background-repeat":"repeat","background-position":"center center","background-size":"auto","background-attachment":"scroll","background-type":"","background-media":"","overlay-type":"","overlay-color":"","overlay-opacity":"","overlay-gradient":""},"mobile":{"background-color":"","background-image":"","background-repeat":"repeat","background-position":"center center","background-size":"auto","background-attachment":"scroll","background-type":"","background-media":"","overlay-type":"","overlay-color":"","overlay-opacity":"","overlay-gradient":""}},"ast-content-background-meta":{"desktop":{"background-color":"var(--ast-global-color-5)","background-image":"","background-repeat":"repeat","background-position":"center center","background-size":"auto","background-attachment":"scroll","background-type":"","background-media":"","overlay-type":"","overlay-color":"","overlay-opacity":"","overlay-gradient":""},"tablet":{"background-color":"var(--ast-global-color-5)","background-image":"","background-repeat":"repeat","background-position":"center center","background-size":"auto","background-attachment":"scroll","background-type":"","background-media":"","overlay-type":"","overlay-color":"","overlay-opacity":"","overlay-gradient":""},"mobile":{"background-color":"var(--ast-global-color-5)","background-image":"","background-repeat":"repeat","background-position":"center center","background-size":"auto","background-attachment":"scroll","background-type":"","background-media":"","overlay-type":"","overlay-color":"","overlay-opacity":"","overlay-gradient":""}}},"product_brand":[],"product_cat":[87],"product_tag":[],"class_list":{"0":"post-11277","1":"product","2":"type-product","3":"status-publish","4":"has-post-thumbnail","6":"product_cat-dovlecei","7":"pa_cantitate-10-seminte","8":"pa_cantitate-100-seminte","9":"pa_cantitate-200-seminte","10":"pa_cantitate-25-seminte","11":"pa_cantitate-250-seminte","12":"pa_cantitate-5-seminte","13":"pa_cantitate-50-seminte","14":"pa_cantitate-500-seminte","15":"desktop-align-left","16":"tablet-align-left","17":"mobile-align-left","19":"first","20":"instock","21":"sale","22":"taxable","23":"shipping-taxable","24":"purchasable","25":"product-type-variable"},"_links":{"self":[{"href":"https:\/\/vivasem.ro\/index.php?rest_route=\/wp\/v2\/product\/11277","targetHints":{"allow":["GET"]}}],"collection":[{"href":"https:\/\/vivasem.ro\/index.php?rest_route=\/wp\/v2\/product"}],"about":[{"href":"https:\/\/vivasem.ro\/index.php?rest_route=\/wp\/v2\/types\/product"}],"replies":[{"embeddable":true,"href":"https:\/\/vivasem.ro\/index.php?rest_route=%2Fwp%2Fv2%2Fcomments&post=11277"}],"wp:featuredmedia":[{"embeddable":true,"href":"https:\/\/vivasem.ro\/index.php?rest_route=\/wp\/v2\/media\/11273"}],"wp:attachment":[{"href":"https:\/\/vivasem.ro\/index.php?rest_route=%2Fwp%2Fv2%2Fmedia&parent=11277"}],"wp:term":[{"taxonomy":"product_brand","embeddable":true,"href":"https:\/\/vivasem.ro\/index.php?rest_route=%2Fwp%2Fv2%2Fproduct_brand&post=11277"},{"taxonomy":"product_cat","embeddable":true,"href":"https:\/\/vivasem.ro\/index.php?rest_route=%2Fwp%2Fv2%2Fproduct_cat&post=11277"},{"taxonomy":"product_tag","embeddable":true,"href":"https:\/\/vivasem.ro\/index.php?rest_route=%2Fwp%2Fv2%2Fproduct_tag&post=11277"}],"curies":[{"name":"wp","href":"https:\/\/api.w.org\/{rel}","templated":true}]}}