{"id":11253,"date":"2023-11-25T18:06:06","date_gmt":"2023-11-25T16:06:06","guid":{"rendered":"https:\/\/vivasem.ro\/?post_type=product&#038;p=11253"},"modified":"2025-12-05T13:19:10","modified_gmt":"2025-12-05T11:19:10","slug":"ardei-iute-sahem-f1-25s","status":"publish","type":"product","link":"https:\/\/vivasem.ro\/?product=ardei-iute-sahem-f1-25s","title":{"rendered":"ARDEI IUTE HIBRID SAHEM F1 ( PROFESIONAL )"},"content":{"rendered":"<h6><span style=\"color: #ff0000;\"><strong><u>ARDEI IUTE SAHEM\u00a0 F1 <\/u><\/strong><\/span>\u00a0 \u00a0 \u00a0 \u00a0 \u00a0 \u00a0 \u00a0 \u00a0 \u00a0 \u00a0 \u00a0 \u00a0 \u00a0 \u00a0 \u00a0 \u00a0 \u00a0 <span style=\"color: #ff0000;\"><strong><u><a href=\"https:\/\/vivasem.ro\/wp-content\/uploads\/2023\/11\/SYNGENTA-LOGO-original.jpg\"><img loading=\"lazy\" decoding=\"async\" class=\"alignnone wp-image-11252\" src=\"https:\/\/vivasem.ro\/wp-content\/uploads\/2023\/11\/SYNGENTA-LOGO-original.jpg\" alt=\"\" width=\"204\" height=\"68\" srcset=\"https:\/\/vivasem.ro\/wp-content\/uploads\/2023\/11\/SYNGENTA-LOGO-original.jpg 378w, https:\/\/vivasem.ro\/wp-content\/uploads\/2023\/11\/SYNGENTA-LOGO-original-248x83.jpg 248w, https:\/\/vivasem.ro\/wp-content\/uploads\/2023\/11\/SYNGENTA-LOGO-300x100.jpg 300w\" sizes=\"auto, (max-width: 204px) 100vw, 204px\" \/><\/a><\/u><\/strong><\/span><\/h6>\n<h6><span style=\"color: #ff0000;\"><strong><u>Produc\u0103tor: SYNGENTA,<\/u><\/strong><\/span><\/h6>\n<div id=\"product-description-short-1129\">\n<h6><span style=\"color: #000080;\">Sahem F1 este un hibrid timpuriu de ardei iute, din gama Syngenta, foarte productiv cu fructifucare abundend\u0103.<\/span><\/h6>\n<h6><span style=\"color: #000080;\">Fructul are dimensiunea de 10-14 cm si rezistenta ridicata la PVY-Virusul Y al cartofului..<\/span><\/h6>\n<h6><span style=\"color: #000080;\">\u00a0<span style=\"color: #ff0000;\">Se remarc\u0103 printr-un num\u0103r foarte mare de fructe pe plant\u0103;<\/span><\/span><\/h6>\n<h6><span style=\"color: #ff0000;\">Asigur\u0103 o legare continu\u0103 pe tot parcursul perioadei de vegeta\u0163ie, at\u00e2t la<\/span><\/h6>\n<h6><span style=\"color: #ff0000;\">\u00a0la temperaturi sc\u0103zute de prim\u0103var\u0103-toamn\u0103 c\u00e2t \u0219i \u00een c\u0103ldurile verii.<\/span><\/h6>\n<h6><span style=\"color: #000080;\">Fructele au culoare verde \u00eenchis, cu coacere \u00een ro\u0219u la maturitatea fiziologic\u0103.<\/span><\/h6>\n<h6><span style=\"color: #000080;\">Gustul este pl\u0103cut, dulce, mediu iute.<\/span><\/h6>\n<\/div>\n<h6><span style=\"color: #ff0000;\">Plante foarte tolerante la diferen\u0163ele de temperatur\u0103, la stres termic, au adaptabilitate foarte buna la conditiile din c\u00e2mp deschis, rezist\u0103 bine \u0219i la temperaturile ridicate din var\u0103 , \u0219i la temperaturi sc\u0103zute de prim\u0103var\u0103-toamn\u0103.<\/span><\/h6>\n<h6><span style=\"color: #000080;\">DE CULTIVAT \u00ceN C\u00c2MP, GR\u0102DINA \u0218I \u00ceN SOLAR.<\/span><\/h6>\n<h6><\/h6>\n<h6><\/h6>\n","protected":false},"excerpt":{"rendered":"<h6><span style=\"color: #0000ff;\">10 -100 SEMIN\u021aE\u00a0<\/span><\/h6>\n<h6><span style=\"color: #ff6600;\">CONSTANT FOARTE PRODUCTIV<\/span><\/h6>\n<h6><\/h6>\n<p>&nbsp;<\/p>\n<h6><\/h6>\n","protected":false},"featured_media":11247,"comment_status":"open","ping_status":"closed","template":"","meta":{"site-sidebar-layout":"default","site-content-layout":"default","ast-site-content-layout":"default","site-content-style":"default","site-sidebar-style":"default","ast-global-header-display":"","ast-banner-title-visibility":"","ast-main-header-display":"","ast-hfb-above-header-display":"","ast-hfb-below-header-display":"","ast-hfb-mobile-header-display":"","site-post-title":"","ast-breadcrumbs-content":"","ast-featured-img":"","footer-sml-layout":"","ast-disable-related-posts":"","theme-transparent-header-meta":"default","adv-header-id-meta":"","stick-header-meta":"","header-above-stick-meta":"","header-main-stick-meta":"","header-below-stick-meta":"","astra-migrate-meta-layouts":"set","ast-page-background-enabled":"default","ast-page-background-meta":{"desktop":{"background-color":"var(--ast-global-color-4)","background-image":"","background-repeat":"repeat","background-position":"center center","background-size":"auto","background-attachment":"scroll","background-type":"","background-media":"","overlay-type":"","overlay-color":"","overlay-opacity":"","overlay-gradient":""},"tablet":{"background-color":"","background-image":"","background-repeat":"repeat","background-position":"center center","background-size":"auto","background-attachment":"scroll","background-type":"","background-media":"","overlay-type":"","overlay-color":"","overlay-opacity":"","overlay-gradient":""},"mobile":{"background-color":"","background-image":"","background-repeat":"repeat","background-position":"center center","background-size":"auto","background-attachment":"scroll","background-type":"","background-media":"","overlay-type":"","overlay-color":"","overlay-opacity":"","overlay-gradient":""}},"ast-content-background-meta":{"desktop":{"background-color":"var(--ast-global-color-5)","background-image":"","background-repeat":"repeat","background-position":"center center","background-size":"auto","background-attachment":"scroll","background-type":"","background-media":"","overlay-type":"","overlay-color":"","overlay-opacity":"","overlay-gradient":""},"tablet":{"background-color":"var(--ast-global-color-5)","background-image":"","background-repeat":"repeat","background-position":"center center","background-size":"auto","background-attachment":"scroll","background-type":"","background-media":"","overlay-type":"","overlay-color":"","overlay-opacity":"","overlay-gradient":""},"mobile":{"background-color":"var(--ast-global-color-5)","background-image":"","background-repeat":"repeat","background-position":"center center","background-size":"auto","background-attachment":"scroll","background-type":"","background-media":"","overlay-type":"","overlay-color":"","overlay-opacity":"","overlay-gradient":""}}},"product_brand":[],"product_cat":[84,111,145],"product_tag":[],"class_list":{"0":"post-11253","1":"product","2":"type-product","3":"status-publish","4":"has-post-thumbnail","6":"product_cat-ardei","7":"product_cat-ardei-iute","8":"product_cat-ardei-hibrid","9":"pa_cantitate-10-seminte","10":"pa_cantitate-100-seminte","11":"pa_cantitate-200-seminte","12":"pa_cantitate-25-seminte","13":"pa_cantitate-250-seminte","14":"pa_cantitate-5-seminte","15":"pa_cantitate-50-seminte","16":"pa_cantitate-500-seminte","17":"desktop-align-left","18":"tablet-align-left","19":"mobile-align-left","21":"first","22":"instock","23":"sale","24":"taxable","25":"shipping-taxable","26":"purchasable","27":"product-type-variable"},"_links":{"self":[{"href":"https:\/\/vivasem.ro\/index.php?rest_route=\/wp\/v2\/product\/11253","targetHints":{"allow":["GET"]}}],"collection":[{"href":"https:\/\/vivasem.ro\/index.php?rest_route=\/wp\/v2\/product"}],"about":[{"href":"https:\/\/vivasem.ro\/index.php?rest_route=\/wp\/v2\/types\/product"}],"replies":[{"embeddable":true,"href":"https:\/\/vivasem.ro\/index.php?rest_route=%2Fwp%2Fv2%2Fcomments&post=11253"}],"wp:featuredmedia":[{"embeddable":true,"href":"https:\/\/vivasem.ro\/index.php?rest_route=\/wp\/v2\/media\/11247"}],"wp:attachment":[{"href":"https:\/\/vivasem.ro\/index.php?rest_route=%2Fwp%2Fv2%2Fmedia&parent=11253"}],"wp:term":[{"taxonomy":"product_brand","embeddable":true,"href":"https:\/\/vivasem.ro\/index.php?rest_route=%2Fwp%2Fv2%2Fproduct_brand&post=11253"},{"taxonomy":"product_cat","embeddable":true,"href":"https:\/\/vivasem.ro\/index.php?rest_route=%2Fwp%2Fv2%2Fproduct_cat&post=11253"},{"taxonomy":"product_tag","embeddable":true,"href":"https:\/\/vivasem.ro\/index.php?rest_route=%2Fwp%2Fv2%2Fproduct_tag&post=11253"}],"curies":[{"name":"wp","href":"https:\/\/api.w.org\/{rel}","templated":true}]}}