{"id":11241,"date":"2023-11-25T15:39:56","date_gmt":"2023-11-25T13:39:56","guid":{"rendered":"https:\/\/vivasem.ro\/?post_type=product&#038;p=11241"},"modified":"2025-12-05T21:45:31","modified_gmt":"2025-12-05T19:45:31","slug":"ardei-gras-octavia-f1-capsico-100s-2","status":"publish","type":"product","link":"https:\/\/vivasem.ro\/?product=ardei-gras-octavia-f1-capsico-100s-2","title":{"rendered":".ARDEI GRAS OCTAVIA F1 -CAPSICO"},"content":{"rendered":"<h6 style=\"text-align: left;\"><span style=\"color: #ff0000;\"><u>ARDEI GRAS OCTAVIA F1 ,<\/u><\/span>\u00a0 \u00a0 \u00a0 \u00a0 \u00a0 \u00a0 \u00a0 \u00a0 \u00a0 \u00a0 \u00a0 <span style=\"color: #ff0000;\"><u><a href=\"https:\/\/vivasem.ro\/wp-content\/uploads\/2023\/11\/CAPSICO.jpg\"><img loading=\"lazy\" decoding=\"async\" class=\"alignnone size-medium wp-image-11194\" src=\"https:\/\/vivasem.ro\/wp-content\/uploads\/2023\/11\/CAPSICO-300x60.jpg\" alt=\"\" width=\"300\" height=\"60\" srcset=\"https:\/\/vivasem.ro\/wp-content\/uploads\/2023\/11\/CAPSICO-300x60.jpg 300w, https:\/\/vivasem.ro\/wp-content\/uploads\/2023\/11\/CAPSICO-original-248x50.jpg 248w, https:\/\/vivasem.ro\/wp-content\/uploads\/2023\/11\/CAPSICO-original.jpg 474w\" sizes=\"auto, (max-width: 300px) 100vw, 300px\" \/><\/a><\/u><\/span><\/h6>\n<h6><span style=\"color: #ff0000;\"><strong>-Produc\u0103tor : CAPSICO Ungaria,\u00a0 \u00a0 \u00a0 \u00a0 \u00a0 \u00a0 \u00a0 <\/strong><\/span><\/h6>\n<h6><span style=\"color: #000080;\"><strong>Octavia F1\u00a0<\/strong>este un ardei gras, conic de tip &#8222;potop&#8221; cu fructe foarte mari \u0219i deosebit de productiv !<\/span><\/h6>\n<h6><span style=\"color: #ff0000;\">Fructele,au dimensiuni mai mari decat majoritatea hibrizilor din acest gen , greutatea fructelor ajungand si la 220 de grame, fapt datorat pulpei foarte groase. \u00cen medie, fructele au 160-180 de grame, lungimea\u00a0 medie de 16-18 centimetri \u0219i un diametru cuprins intre 6 si 8 centimetri. <\/span><\/h6>\n<h6><span style=\"color: #000080;\"><strong>\u00a0Plantele ardeilor Octavia F1 pot suporta si fructele mai mari de 200 de grame, far\u0103 a se fr\u00e2nge, deoarece sunt vigoase, puternice, distanta intre internodii fiind medie.<\/strong><\/span><\/h6>\n<h6><span style=\"color: #000080;\"><strong>Octavia F1 <\/strong>este un ardei gras conic de tip &#8222;potop&#8221; cu o culoare verde deschis si productivitate ridicata din portofoliul companiei Capsico, de cultivat \u00een c\u00e2mp \u0219i solar.<\/span><\/h6>\n<h6><span style=\"color: #ff0000;\">Fructele sunt groase in pulpa si au o calitate excelent\u0103, fiind foarte rezistente pentru v\u00e2nzarea \u00een pia\u021b\u0103, la tarab\u0103.<\/span><\/h6>\n<h6><span style=\"color: #ff0000;\">Au un gust dulce si pl\u0103cut,\u00a0 potrivit pentru consumul fructelor proaspete sau pentru procesare.\u00a0<\/span><\/h6>\n<h6><span style=\"color: #000080;\">Pentru cele mai bune produc\u021bii,\u00a0 se recomanda cultivarea acestui hibrid in solar, palisat pe doua sau trei bra\u021be. <\/span><\/h6>\n<h6><span style=\"color: #000080;\">In camp deschis se recomanda a nu se palisa insa se vor sprijini cu cordoane.<\/span><\/h6>\n<h6><span style=\"color: #000080;\"><strong>Rezistenta la boli:<\/strong>\u00a0<\/span><\/h6>\n<ul>\n<li>\n<h6><span style=\"color: #000080;\">Rezisten\u021b\u0103 intermediara la Virusul petelor de bronz (TSWV)<\/span><\/h6>\n<\/li>\n<li>\n<h6><span style=\"color: #000080;\">Rezisten\u021b\u0103 ridicat\u0103 la Virusul mozaicul tutunului (Tm:0-2)<\/span><\/h6>\n<\/li>\n<\/ul>\n<h6><\/h6>\n<p>&nbsp;<\/p>\n","protected":false},"excerpt":{"rendered":"<h6><span style=\"color: #ff00ff;\">FRUCTE FOARTE MARI<\/span><span style=\"color: #ff00ff;\"> ,FOARTE C\u0102RNOASE, PRODUCTIVITATE RIDICAT\u0102!<\/span><\/h6>\n<h6><\/h6>\n<p>&nbsp;<\/p>\n<p>&nbsp;<\/p>\n","protected":false},"featured_media":17582,"comment_status":"open","ping_status":"closed","template":"","meta":{"site-sidebar-layout":"default","site-content-layout":"default","ast-site-content-layout":"default","site-content-style":"default","site-sidebar-style":"default","ast-global-header-display":"","ast-banner-title-visibility":"","ast-main-header-display":"","ast-hfb-above-header-display":"","ast-hfb-below-header-display":"","ast-hfb-mobile-header-display":"","site-post-title":"","ast-breadcrumbs-content":"","ast-featured-img":"","footer-sml-layout":"","ast-disable-related-posts":"","theme-transparent-header-meta":"default","adv-header-id-meta":"","stick-header-meta":"","header-above-stick-meta":"","header-main-stick-meta":"","header-below-stick-meta":"","astra-migrate-meta-layouts":"set","ast-page-background-enabled":"default","ast-page-background-meta":{"desktop":{"background-color":"var(--ast-global-color-4)","background-image":"","background-repeat":"repeat","background-position":"center center","background-size":"auto","background-attachment":"scroll","background-type":"","background-media":"","overlay-type":"","overlay-color":"","overlay-opacity":"","overlay-gradient":""},"tablet":{"background-color":"","background-image":"","background-repeat":"repeat","background-position":"center center","background-size":"auto","background-attachment":"scroll","background-type":"","background-media":"","overlay-type":"","overlay-color":"","overlay-opacity":"","overlay-gradient":""},"mobile":{"background-color":"","background-image":"","background-repeat":"repeat","background-position":"center center","background-size":"auto","background-attachment":"scroll","background-type":"","background-media":"","overlay-type":"","overlay-color":"","overlay-opacity":"","overlay-gradient":""}},"ast-content-background-meta":{"desktop":{"background-color":"var(--ast-global-color-5)","background-image":"","background-repeat":"repeat","background-position":"center center","background-size":"auto","background-attachment":"scroll","background-type":"","background-media":"","overlay-type":"","overlay-color":"","overlay-opacity":"","overlay-gradient":""},"tablet":{"background-color":"var(--ast-global-color-5)","background-image":"","background-repeat":"repeat","background-position":"center center","background-size":"auto","background-attachment":"scroll","background-type":"","background-media":"","overlay-type":"","overlay-color":"","overlay-opacity":"","overlay-gradient":""},"mobile":{"background-color":"var(--ast-global-color-5)","background-image":"","background-repeat":"repeat","background-position":"center center","background-size":"auto","background-attachment":"scroll","background-type":"","background-media":"","overlay-type":"","overlay-color":"","overlay-opacity":"","overlay-gradient":""}}},"product_brand":[],"product_cat":[84,145],"product_tag":[],"class_list":{"0":"post-11241","1":"product","2":"type-product","3":"status-publish","4":"has-post-thumbnail","6":"product_cat-ardei","7":"product_cat-ardei-hibrid","8":"pa_cantitate-10-seminte","9":"pa_cantitate-100-seminte","10":"pa_cantitate-200-seminte","11":"pa_cantitate-25-seminte","12":"pa_cantitate-250-seminte","13":"pa_cantitate-5-seminte","14":"pa_cantitate-50-seminte","15":"pa_cantitate-500-seminte","16":"desktop-align-left","17":"tablet-align-left","18":"mobile-align-left","20":"first","21":"instock","22":"taxable","23":"shipping-taxable","24":"purchasable","25":"product-type-variable"},"_links":{"self":[{"href":"https:\/\/vivasem.ro\/index.php?rest_route=\/wp\/v2\/product\/11241","targetHints":{"allow":["GET"]}}],"collection":[{"href":"https:\/\/vivasem.ro\/index.php?rest_route=\/wp\/v2\/product"}],"about":[{"href":"https:\/\/vivasem.ro\/index.php?rest_route=\/wp\/v2\/types\/product"}],"replies":[{"embeddable":true,"href":"https:\/\/vivasem.ro\/index.php?rest_route=%2Fwp%2Fv2%2Fcomments&post=11241"}],"wp:featuredmedia":[{"embeddable":true,"href":"https:\/\/vivasem.ro\/index.php?rest_route=\/wp\/v2\/media\/17582"}],"wp:attachment":[{"href":"https:\/\/vivasem.ro\/index.php?rest_route=%2Fwp%2Fv2%2Fmedia&parent=11241"}],"wp:term":[{"taxonomy":"product_brand","embeddable":true,"href":"https:\/\/vivasem.ro\/index.php?rest_route=%2Fwp%2Fv2%2Fproduct_brand&post=11241"},{"taxonomy":"product_cat","embeddable":true,"href":"https:\/\/vivasem.ro\/index.php?rest_route=%2Fwp%2Fv2%2Fproduct_cat&post=11241"},{"taxonomy":"product_tag","embeddable":true,"href":"https:\/\/vivasem.ro\/index.php?rest_route=%2Fwp%2Fv2%2Fproduct_tag&post=11241"}],"curies":[{"name":"wp","href":"https:\/\/api.w.org\/{rel}","templated":true}]}}