{"id":11227,"date":"2023-11-25T09:45:28","date_gmt":"2023-11-25T07:45:28","guid":{"rendered":"https:\/\/vivasem.ro\/?post_type=product&#038;p=11227"},"modified":"2025-12-05T13:03:17","modified_gmt":"2025-12-05T11:03:17","slug":"ardei-capia-eugenia-f1-capsico-50s-2","status":"publish","type":"product","link":"https:\/\/vivasem.ro\/?product=ardei-capia-eugenia-f1-capsico-50s-2","title":{"rendered":"GOGOSARI BRONCO F1 -CAPSICO"},"content":{"rendered":"<h6 style=\"text-align: left;\"><span style=\"color: #ff0000;\"><u>ARDEI GOGOSARI BRONCO F1 ,<\/u><\/span>\u00a0 \u00a0 \u00a0 \u00a0 \u00a0 \u00a0 \u00a0 \u00a0 \u00a0 \u00a0 <span style=\"color: #ff0000;\"><u><a href=\"https:\/\/vivasem.ro\/wp-content\/uploads\/2023\/11\/CAPSICO.jpg\"><img loading=\"lazy\" decoding=\"async\" class=\"alignnone size-medium wp-image-11194\" src=\"https:\/\/vivasem.ro\/wp-content\/uploads\/2023\/11\/CAPSICO-300x60.jpg\" alt=\"\" width=\"300\" height=\"60\" srcset=\"https:\/\/vivasem.ro\/wp-content\/uploads\/2023\/11\/CAPSICO-300x60.jpg 300w, https:\/\/vivasem.ro\/wp-content\/uploads\/2023\/11\/CAPSICO-original-248x50.jpg 248w, https:\/\/vivasem.ro\/wp-content\/uploads\/2023\/11\/CAPSICO-original.jpg 474w\" sizes=\"auto, (max-width: 300px) 100vw, 300px\" \/><\/a><\/u><\/span><\/h6>\n<h6><span style=\"color: #ff0000;\"><strong>-Produc\u0103tor : CAPSICO Ungaria,\u00a0 \u00a0 \u00a0 \u00a0 \u00a0 \u00a0 \u00a0 <\/strong><\/span><\/h6>\n<h6><span style=\"color: #000080;\"><strong>Unul dintre hibrizii de gogo\u015far cu cele mai mari fructe de pe pia\u021b\u0103, \u00ee<\/strong>n medie, au 250-280 de grame, fapt datorat \u0219i pulpei foarte groase.<\/span><\/h6>\n<h6><span style=\"color: #000080;\">Fructele,au dimensiuni mari\u00a0 , av\u00e2nd\u00a0 diametrul mediu\u00a0 de 10-11 centimetri.<\/span><\/h6>\n<h6><span style=\"color: #000080;\"><strong>\u0219i \u00een\u0103l\u021bime de 7-8 centimetrii, <\/strong><strong>grosimea pere\u0163ilor variind \u00eentre 7-9 mm.<\/strong><\/span><\/h6>\n<h6 style=\"text-align: left;\">BRONCO\u00a0F1 <span style=\"color: #ff0000;\"><strong>suport\u0103 bine condi\u0163iile climaterice extreme \u0219i\u00a0 \u00een special rezist\u0103 bine la c\u0103ldur\u0103 mare, deoarece d<\/strong><strong>ispune de un frunzi\u015f deosebit de bogat, care,\u00a0 \u00een dogoarea de var\u0103 protejeaz\u0103 fructele de p\u00e2rjolire. <\/strong><\/span><\/h6>\n<h6><span style=\"color: #000080;\"><strong>Plantele sunt foarte puternice, cu r\u0103d\u0103cini \u015fi tulpini robuste, ce \u015fi poate fi cultivat cu succes \u015fi \u00een soluri mai af\u00e2nate.<\/strong><\/span><\/h6>\n<h6><span style=\"color: #000080;\"><strong>Recomand\u0103m cultivarea \u00een culturi intensive \u00een c\u00e2mp deschis sau \u00een mediu protejat ne\u00eenc\u0103lzit.<\/strong>cu fructe foarte mari \u0219i deosebit de productiv !<\/span><\/h6>\n<h6><span style=\"color: #000080;\"><strong>Au form\u0103 aplatizat\u0103, \u0219i p<\/strong><\/span><span style=\"color: #000080;\">rezinta o coacere din verde\u00a0 in ro\u0219u <\/span><span style=\"color: #000080;\"><strong>\u00eenchis.<\/strong><\/span><\/h6>\n<h6><span style=\"color: #ff0000;\">Gustul gogo\u0219arului <strong>\u00a0BRONCO F1 <\/strong>este foarte dulce, fiind ideal muraturi,\u00a0 la prepararea de zacusc\u0103,\u00a0 dar \u0219i consumul in stare proaspata, ori pentru alte procesari .<\/span><\/h6>\n<h6><span style=\"color: #000080;\">\u00a0Fructele foarte mari, aspectuase,\u00a0 cu pulpa groas\u0103, sunt calit\u0103\u021bi ce le fac <\/span><span style=\"color: #000080;\">excelente \u0219i pentru comercializare .<\/span><\/h6>\n<h6><span style=\"color: #000080;\"><strong>Acest\u00a0 hibrid\u00a0 nu prezint\u0103 tendin\u0163e de muceg\u0103ire a ovarului.<\/strong><\/span><\/h6>\n<h6><span style=\"color: #000080;\">Remarcabil\u0103 este \u0219i rezisten\u021ba sa la diverse boli:<\/span><\/h6>\n<h6><span style=\"color: #000080;\"><strong>Rezistenta la boli:<\/strong>\u00a0<\/span><\/h6>\n<ul>\n<li>\n<h6><span style=\"color: #000080;\">Rezisten\u021b\u0103 ridicat\u0103 la <\/span><span style=\"color: #000080;\">\u00a0Virusul mozaicul tutunului (Tm:0-2)<\/span><\/h6>\n<\/li>\n<li>\n<h6><span style=\"color: #000080;\">Rezisten\u021b\u0103 ridicat\u0103 la <\/span><span style=\"color: #0000ff;\">\u00a0 <span style=\"color: #000080;\">Putregaiul negru la frunzele de ardei Xcv:1-3<\/span><\/span><\/h6>\n<\/li>\n<li>\n<h6><span style=\"color: #000080;\">Rezisten\u021b\u0103 intermediara la Virusul petelor de bronz (TSWV)<\/span><\/h6>\n<\/li>\n<\/ul>\n<h6><\/h6>\n<p>&nbsp;<\/p>\n","protected":false},"excerpt":{"rendered":"<h6><span style=\"color: #ff00ff;\">FRUCTE FOARTE MARI<\/span><span style=\"color: #ff00ff;\"> ,REZISTEN\u021a\u0102 LA C\u0102LDUR\u0102, FOARTE<\/span><\/h6>\n<h6><span style=\"color: #ff00ff;\"> PRODUCTIV!<\/span><\/h6>\n<h6><\/h6>\n<p>&nbsp;<\/p>\n<p>&nbsp;<\/p>\n","protected":false},"featured_media":11236,"comment_status":"open","ping_status":"closed","template":"","meta":{"site-sidebar-layout":"default","site-content-layout":"default","ast-site-content-layout":"default","site-content-style":"default","site-sidebar-style":"default","ast-global-header-display":"","ast-banner-title-visibility":"","ast-main-header-display":"","ast-hfb-above-header-display":"","ast-hfb-below-header-display":"","ast-hfb-mobile-header-display":"","site-post-title":"","ast-breadcrumbs-content":"","ast-featured-img":"","footer-sml-layout":"","ast-disable-related-posts":"","theme-transparent-header-meta":"default","adv-header-id-meta":"","stick-header-meta":"","header-above-stick-meta":"","header-main-stick-meta":"","header-below-stick-meta":"","astra-migrate-meta-layouts":"set","ast-page-background-enabled":"default","ast-page-background-meta":{"desktop":{"background-color":"var(--ast-global-color-4)","background-image":"","background-repeat":"repeat","background-position":"center center","background-size":"auto","background-attachment":"scroll","background-type":"","background-media":"","overlay-type":"","overlay-color":"","overlay-opacity":"","overlay-gradient":""},"tablet":{"background-color":"","background-image":"","background-repeat":"repeat","background-position":"center center","background-size":"auto","background-attachment":"scroll","background-type":"","background-media":"","overlay-type":"","overlay-color":"","overlay-opacity":"","overlay-gradient":""},"mobile":{"background-color":"","background-image":"","background-repeat":"repeat","background-position":"center center","background-size":"auto","background-attachment":"scroll","background-type":"","background-media":"","overlay-type":"","overlay-color":"","overlay-opacity":"","overlay-gradient":""}},"ast-content-background-meta":{"desktop":{"background-color":"var(--ast-global-color-5)","background-image":"","background-repeat":"repeat","background-position":"center center","background-size":"auto","background-attachment":"scroll","background-type":"","background-media":"","overlay-type":"","overlay-color":"","overlay-opacity":"","overlay-gradient":""},"tablet":{"background-color":"var(--ast-global-color-5)","background-image":"","background-repeat":"repeat","background-position":"center center","background-size":"auto","background-attachment":"scroll","background-type":"","background-media":"","overlay-type":"","overlay-color":"","overlay-opacity":"","overlay-gradient":""},"mobile":{"background-color":"var(--ast-global-color-5)","background-image":"","background-repeat":"repeat","background-position":"center center","background-size":"auto","background-attachment":"scroll","background-type":"","background-media":"","overlay-type":"","overlay-color":"","overlay-opacity":"","overlay-gradient":""}}},"product_brand":[],"product_cat":[84,145],"product_tag":[],"class_list":{"0":"post-11227","1":"product","2":"type-product","3":"status-publish","4":"has-post-thumbnail","6":"product_cat-ardei","7":"product_cat-ardei-hibrid","8":"pa_cantitate-10-seminte","9":"pa_cantitate-100-seminte","10":"pa_cantitate-200-seminte","11":"pa_cantitate-25-seminte","12":"pa_cantitate-250-seminte","13":"pa_cantitate-5-seminte","14":"pa_cantitate-50-seminte","15":"pa_cantitate-500-seminte","16":"desktop-align-left","17":"tablet-align-left","18":"mobile-align-left","20":"first","21":"instock","22":"sale","23":"taxable","24":"shipping-taxable","25":"purchasable","26":"product-type-variable"},"_links":{"self":[{"href":"https:\/\/vivasem.ro\/index.php?rest_route=\/wp\/v2\/product\/11227","targetHints":{"allow":["GET"]}}],"collection":[{"href":"https:\/\/vivasem.ro\/index.php?rest_route=\/wp\/v2\/product"}],"about":[{"href":"https:\/\/vivasem.ro\/index.php?rest_route=\/wp\/v2\/types\/product"}],"replies":[{"embeddable":true,"href":"https:\/\/vivasem.ro\/index.php?rest_route=%2Fwp%2Fv2%2Fcomments&post=11227"}],"wp:featuredmedia":[{"embeddable":true,"href":"https:\/\/vivasem.ro\/index.php?rest_route=\/wp\/v2\/media\/11236"}],"wp:attachment":[{"href":"https:\/\/vivasem.ro\/index.php?rest_route=%2Fwp%2Fv2%2Fmedia&parent=11227"}],"wp:term":[{"taxonomy":"product_brand","embeddable":true,"href":"https:\/\/vivasem.ro\/index.php?rest_route=%2Fwp%2Fv2%2Fproduct_brand&post=11227"},{"taxonomy":"product_cat","embeddable":true,"href":"https:\/\/vivasem.ro\/index.php?rest_route=%2Fwp%2Fv2%2Fproduct_cat&post=11227"},{"taxonomy":"product_tag","embeddable":true,"href":"https:\/\/vivasem.ro\/index.php?rest_route=%2Fwp%2Fv2%2Fproduct_tag&post=11227"}],"curies":[{"name":"wp","href":"https:\/\/api.w.org\/{rel}","templated":true}]}}