{"id":11196,"date":"2023-11-24T06:47:57","date_gmt":"2023-11-24T04:47:57","guid":{"rendered":"https:\/\/vivasem.ro\/?post_type=product&#038;p=11196"},"modified":"2025-12-05T21:31:01","modified_gmt":"2025-12-05T19:31:01","slug":"ardei-gras-goldano-f1-capsico-50s","status":"publish","type":"product","link":"https:\/\/vivasem.ro\/?product=ardei-gras-goldano-f1-capsico-50s","title":{"rendered":"ARDEI GRAS GOLDANO F1 -CAPSICO"},"content":{"rendered":"<h6 style=\"text-align: left;\"><span style=\"color: #ff0000;\"><u>ARDEI GRAS GOLDANO F1 ,<\/u><\/span>\u00a0 \u00a0 \u00a0 \u00a0 \u00a0 \u00a0 \u00a0 \u00a0 \u00a0 \u00a0 \u00a0 <span style=\"color: #ff0000;\"><u><a href=\"https:\/\/vivasem.ro\/wp-content\/uploads\/2023\/11\/CAPSICO.jpg\"><img loading=\"lazy\" decoding=\"async\" class=\"alignnone size-medium wp-image-11194\" src=\"https:\/\/vivasem.ro\/wp-content\/uploads\/2023\/11\/CAPSICO-300x60.jpg\" alt=\"\" width=\"300\" height=\"60\" srcset=\"https:\/\/vivasem.ro\/wp-content\/uploads\/2023\/11\/CAPSICO-300x60.jpg 300w, https:\/\/vivasem.ro\/wp-content\/uploads\/2023\/11\/CAPSICO-original-248x50.jpg 248w, https:\/\/vivasem.ro\/wp-content\/uploads\/2023\/11\/CAPSICO-original.jpg 474w\" sizes=\"auto, (max-width: 300px) 100vw, 300px\" \/><\/a><\/u><\/span><\/h6>\n<h6><span style=\"color: #ff0000;\"><strong>-Produc\u0103tor : CAPSICO Ungaria,\u00a0 \u00a0 <\/strong><\/span><\/h6>\n<h6><\/h6>\n<div class=\"ast-oembed-container \" style=\"height: 100%;\"><iframe loading=\"lazy\" title=\"Paprika hibrida goldano F1\" width=\"422\" height=\"750\" src=\"https:\/\/www.youtube.com\/embed\/7oGS6NJXoWU?feature=oembed\" frameborder=\"0\" allow=\"accelerometer; autoplay; clipboard-write; encrypted-media; gyroscope; picture-in-picture; web-share\" referrerpolicy=\"strict-origin-when-cross-origin\" allowfullscreen><\/iframe><\/div>\n<h6>Ardeiul Goldano F1 este un hibrid nou de ardei gras, <span style=\"color: #ff0000;\">cu fructe foarte mari de tip blocky,cu 3-4 lobi, \u00een greutate medie de 170-200 grame \u0219i pulp\u0103 foarte groas\u0103 de 7-9 mm.<\/span><\/h6>\n<h6><span style=\"color: #ff0000;\">Nu are probleme cu absorb\u021bia calciului, ca urmare nu face putregai apical \u0219i se remarc\u0103 prin absen\u021ba petelor de pe fructe .<\/span><\/h6>\n<h6><span style=\"color: #0000ff;\">Are rezisten\u021ba \u00eenalt\u0103 la Virusul mozaicul tutunului(Tm: 0-3) \u0219i intermediar\u0103 la Virusul Petelor de Bronz (TSWV) \u0219i la Piticirea si \u00cendesirea Ardeiului (CMV).<\/span><\/h6>\n<h6><span style=\"color: #ff0000;\">Acest hibrid prezinta o maturitate extratimpurie, o planta cu o vigoare ridicat\u0103 ,\u00een solarii ating\u00e2nd \u0219i 2,5 m \u00een\u0103l\u021bime. <\/span><\/h6>\n<h6><span style=\"color: #ff0000;\">Are o distant\u0103 scurt\u0103 internoduri, permi\u021band o legare bun\u0103 a fructelor chiar \u0219i in conditii de caldur\u0103 ridicat\u0103 sau lumin\u0103 scazut\u0103.<\/span><br \/>\n<span style=\"color: #ff0000;\">Ardeiul Goldano F1 poate fi cultivat in diverse conditii climatice, incluzand regiuni calde si umede, precum si regiuni cu temperaturi mai scazute si umiditate moderata.<\/span><\/h6>\n<h6><span style=\"color: #ff0000;\"> Acest hibrid se poate adapta cu u\u0219urinta la diferite tipuri de sol si poate fi cultivat atat in sere, cat si in camp deschis.<\/span><\/h6>\n<h6>Pentru a obtine o productie c\u00e2t mai ridicat\u0103, se recomand\u0103 cultivarea ardeiului Goldano F1, palisat pe doua bra\u021be.<\/h6>\n<h6><span style=\"color: #0000ff; font-size: 17.6px;\">Acest hibrid prezinta productii sigure si ridicate pe tot ciclul de cultura, cu un randament mai bun vizibil inca de la primele culegeri.<\/span><\/h6>\n<p><span style=\"font-size: 1.1em; font-weight: bold;\">Pe lang\u0103 productivitatea ridicata \u0219i rezistenta la boli, ardeiul Goldano F1 se remarc\u0103 prin aspectul atractiv al fructelor, care pot fi v\u00e2ndute cu u\u0219urint\u0103 \u00een magazine sau\u00a0 pie\u021be.<\/span><\/p>\n<h6><span style=\"color: #0000ff;\">De asemenea, acest hibrid poate fi cultivat cu costuri reduse, prin utilizarea unor tehnici moderne de cultivare si prin reducerea costurilor legate de tratamentele impotriva bolilor si daunatorilor.<\/span><\/h6>\n<h6><span style=\"font-size: 17.6px; color: #0000ff;\">Fructele ardeiului Goldano F1 au o grosime de 7-9 mm in pulpa, o dimensiune de 8-10 cm, un exterior lucios de culoare alb-galbui si o greutate medie de 170-200 grame, fiind compuse din 3-4 lobi.\u00a0<\/span><\/h6>\n<h6><span style=\"color: #0000ff;\">\u00cen plus, fructele ardeiului Goldano F1 au un gust dulce si pl\u0103cut, ceea ce le face potrivite pentru consumul fresh sau pentru procesare. Acestea pot fi folosite in salate, pentru a fi fierte sau prajite, sau pot fi incluse in diverse retete culinare.<\/span><\/h6>\n<h6>Goldano F1 este un hibrid inovator, cu proprietati unice precum rezistenta la boli si vigoare ridicat\u0103, care poate aduce beneficii importante \u0219i poate satisface cerin\u021bele pietei pentru un ardei de calitate superioara.<\/h6>\n<h6><span style=\"color: #0000ff;\">DE CULTIVAT \u00ceN GR\u0102DIN\u0102 \u0218I \u00ceN SOLAR.<\/span><\/h6>\n<p>&nbsp;<\/p>\n","protected":false},"excerpt":{"rendered":"<h6><span style=\"color: #ff00ff;\">\u00a0FRUCTE MARI, PULP\u0102 GROAS\u0102 DE 7-9 mm, <\/span><span style=\"color: #ff00ff;\">FOARTE\u00a0 PRODUCTIV !<\/span><\/h6>\n<h6><span style=\"color: #0000ff;\">VEZI VIDEO!<\/span><\/h6>\n<p>&nbsp;<\/p>\n<h6><\/h6>\n<p>&nbsp;<\/p>\n<p>&nbsp;<\/p>\n","protected":false},"featured_media":11192,"comment_status":"open","ping_status":"closed","template":"","meta":{"site-sidebar-layout":"default","site-content-layout":"default","ast-site-content-layout":"default","site-content-style":"default","site-sidebar-style":"default","ast-global-header-display":"","ast-banner-title-visibility":"","ast-main-header-display":"","ast-hfb-above-header-display":"","ast-hfb-below-header-display":"","ast-hfb-mobile-header-display":"","site-post-title":"","ast-breadcrumbs-content":"","ast-featured-img":"","footer-sml-layout":"","ast-disable-related-posts":"","theme-transparent-header-meta":"default","adv-header-id-meta":"","stick-header-meta":"","header-above-stick-meta":"","header-main-stick-meta":"","header-below-stick-meta":"","astra-migrate-meta-layouts":"set","ast-page-background-enabled":"default","ast-page-background-meta":{"desktop":{"background-color":"var(--ast-global-color-4)","background-image":"","background-repeat":"repeat","background-position":"center center","background-size":"auto","background-attachment":"scroll","background-type":"","background-media":"","overlay-type":"","overlay-color":"","overlay-opacity":"","overlay-gradient":""},"tablet":{"background-color":"","background-image":"","background-repeat":"repeat","background-position":"center center","background-size":"auto","background-attachment":"scroll","background-type":"","background-media":"","overlay-type":"","overlay-color":"","overlay-opacity":"","overlay-gradient":""},"mobile":{"background-color":"","background-image":"","background-repeat":"repeat","background-position":"center center","background-size":"auto","background-attachment":"scroll","background-type":"","background-media":"","overlay-type":"","overlay-color":"","overlay-opacity":"","overlay-gradient":""}},"ast-content-background-meta":{"desktop":{"background-color":"var(--ast-global-color-5)","background-image":"","background-repeat":"repeat","background-position":"center center","background-size":"auto","background-attachment":"scroll","background-type":"","background-media":"","overlay-type":"","overlay-color":"","overlay-opacity":"","overlay-gradient":""},"tablet":{"background-color":"var(--ast-global-color-5)","background-image":"","background-repeat":"repeat","background-position":"center center","background-size":"auto","background-attachment":"scroll","background-type":"","background-media":"","overlay-type":"","overlay-color":"","overlay-opacity":"","overlay-gradient":""},"mobile":{"background-color":"var(--ast-global-color-5)","background-image":"","background-repeat":"repeat","background-position":"center center","background-size":"auto","background-attachment":"scroll","background-type":"","background-media":"","overlay-type":"","overlay-color":"","overlay-opacity":"","overlay-gradient":""}}},"product_brand":[],"product_cat":[84,145],"product_tag":[],"class_list":{"0":"post-11196","1":"product","2":"type-product","3":"status-publish","4":"has-post-thumbnail","6":"product_cat-ardei","7":"product_cat-ardei-hibrid","8":"pa_cantitate-10-seminte","9":"pa_cantitate-100-seminte","10":"pa_cantitate-200-seminte","11":"pa_cantitate-25-seminte","12":"pa_cantitate-250-seminte","13":"pa_cantitate-5-seminte","14":"pa_cantitate-50-seminte","15":"pa_cantitate-500-seminte","16":"desktop-align-left","17":"tablet-align-left","18":"mobile-align-left","20":"first","21":"instock","22":"taxable","23":"shipping-taxable","24":"purchasable","25":"product-type-variable"},"_links":{"self":[{"href":"https:\/\/vivasem.ro\/index.php?rest_route=\/wp\/v2\/product\/11196","targetHints":{"allow":["GET"]}}],"collection":[{"href":"https:\/\/vivasem.ro\/index.php?rest_route=\/wp\/v2\/product"}],"about":[{"href":"https:\/\/vivasem.ro\/index.php?rest_route=\/wp\/v2\/types\/product"}],"replies":[{"embeddable":true,"href":"https:\/\/vivasem.ro\/index.php?rest_route=%2Fwp%2Fv2%2Fcomments&post=11196"}],"wp:featuredmedia":[{"embeddable":true,"href":"https:\/\/vivasem.ro\/index.php?rest_route=\/wp\/v2\/media\/11192"}],"wp:attachment":[{"href":"https:\/\/vivasem.ro\/index.php?rest_route=%2Fwp%2Fv2%2Fmedia&parent=11196"}],"wp:term":[{"taxonomy":"product_brand","embeddable":true,"href":"https:\/\/vivasem.ro\/index.php?rest_route=%2Fwp%2Fv2%2Fproduct_brand&post=11196"},{"taxonomy":"product_cat","embeddable":true,"href":"https:\/\/vivasem.ro\/index.php?rest_route=%2Fwp%2Fv2%2Fproduct_cat&post=11196"},{"taxonomy":"product_tag","embeddable":true,"href":"https:\/\/vivasem.ro\/index.php?rest_route=%2Fwp%2Fv2%2Fproduct_tag&post=11196"}],"curies":[{"name":"wp","href":"https:\/\/api.w.org\/{rel}","templated":true}]}}