{"id":11170,"date":"2023-11-21T12:41:54","date_gmt":"2023-11-21T10:41:54","guid":{"rendered":"https:\/\/vivasem.ro\/?post_type=product&#038;p=11170"},"modified":"2025-12-19T18:54:37","modified_gmt":"2025-12-19T16:54:37","slug":"zaraza-4agro-25s","status":"publish","type":"product","link":"https:\/\/vivasem.ro\/?product=zaraza-4agro-25s","title":{"rendered":"ZARAZA (4Agro) (25s)"},"content":{"rendered":"<h6><span style=\"color: #ff0000;\">ZARAZA-Produc\u0103tor:Patru Agro SRLRom\u00e2nia,<\/span><\/h6>\n<h6><span style=\"color: #0000ff;\">Soi de tomate rom\u00e2ne\u0219ti cu cre\u0219tere determinat\u0103, destinat cultiv\u0103rii \u00een c\u00e2mp deschis \u0219i spa\u021bii protejate. <\/span><\/h6>\n<h6>Fructele sunt <span style=\"color: #0000ff;\">mari cu greutatea cuprins\u0103 \u00eentre 170-200 grame<\/span> \u0219i au forma rotund\u0103 \u2013 u\u0219or turtit\u0103.<\/h6>\n<h6><span style=\"color: #ff0000;\">Culoare fructului este ro\u0219u aprins la maturitate, \u00a0cu gust aromat specific soiurilor rom\u00e2ne\u0219ti.<\/span><\/h6>\n<h6><span style=\"color: #0000ff;\">Potentialul de produc\u021bie este ridicat 70-90t\/ha<\/span><\/h6>\n<h6>Se preteaz\u0103 pentru consum \u00een stare proasp\u0103t\u0103 dar \u0219i pentru industrializare.<\/h6>\n","protected":false},"excerpt":{"rendered":"<h6><span style=\"color: #ff00ff;\">SOI DETERMINAT, FOARTE GUSTOS, DEOSEBIT<\/span><span style=\"color: #ff00ff;\"> DE PRODUCTIV, CU POTEN\u021aIAL DE 70-90t\/ha!<\/span><\/h6>\n<p><img loading=\"lazy\" decoding=\"async\" class=\"alignnone size-medium wp-image-17985\" src=\"https:\/\/vivasem.ro\/wp-content\/uploads\/2025\/05\/SOI-ROMANESC-300x106.jpg\" alt=\"\" width=\"300\" height=\"106\" srcset=\"https:\/\/vivasem.ro\/wp-content\/uploads\/2025\/05\/SOI-ROMANESC-300x106.jpg 300w, https:\/\/vivasem.ro\/wp-content\/uploads\/2025\/05\/SOI-ROMANESC-150x53.jpg 150w, https:\/\/vivasem.ro\/wp-content\/uploads\/2025\/05\/SOI-ROMANESC-248x88.jpg 248w, https:\/\/vivasem.ro\/wp-content\/uploads\/2025\/05\/SOI-ROMANESC-590x209.jpg 590w, https:\/\/vivasem.ro\/wp-content\/uploads\/2025\/05\/SOI-ROMANESC.jpg 700w\" sizes=\"auto, (max-width: 300px) 100vw, 300px\" \/><\/p>\n<h6><\/h6>\n","protected":false},"featured_media":7993,"comment_status":"open","ping_status":"closed","template":"","meta":{"site-sidebar-layout":"default","site-content-layout":"default","ast-site-content-layout":"default","site-content-style":"default","site-sidebar-style":"default","ast-global-header-display":"","ast-banner-title-visibility":"","ast-main-header-display":"","ast-hfb-above-header-display":"","ast-hfb-below-header-display":"","ast-hfb-mobile-header-display":"","site-post-title":"","ast-breadcrumbs-content":"","ast-featured-img":"","footer-sml-layout":"","ast-disable-related-posts":"","theme-transparent-header-meta":"default","adv-header-id-meta":"","stick-header-meta":"","header-above-stick-meta":"","header-main-stick-meta":"","header-below-stick-meta":"","astra-migrate-meta-layouts":"set","ast-page-background-enabled":"default","ast-page-background-meta":{"desktop":{"background-color":"var(--ast-global-color-4)","background-image":"","background-repeat":"repeat","background-position":"center center","background-size":"auto","background-attachment":"scroll","background-type":"","background-media":"","overlay-type":"","overlay-color":"","overlay-opacity":"","overlay-gradient":""},"tablet":{"background-color":"","background-image":"","background-repeat":"repeat","background-position":"center center","background-size":"auto","background-attachment":"scroll","background-type":"","background-media":"","overlay-type":"","overlay-color":"","overlay-opacity":"","overlay-gradient":""},"mobile":{"background-color":"","background-image":"","background-repeat":"repeat","background-position":"center center","background-size":"auto","background-attachment":"scroll","background-type":"","background-media":"","overlay-type":"","overlay-color":"","overlay-opacity":"","overlay-gradient":""}},"ast-content-background-meta":{"desktop":{"background-color":"var(--ast-global-color-5)","background-image":"","background-repeat":"repeat","background-position":"center center","background-size":"auto","background-attachment":"scroll","background-type":"","background-media":"","overlay-type":"","overlay-color":"","overlay-opacity":"","overlay-gradient":""},"tablet":{"background-color":"var(--ast-global-color-5)","background-image":"","background-repeat":"repeat","background-position":"center center","background-size":"auto","background-attachment":"scroll","background-type":"","background-media":"","overlay-type":"","overlay-color":"","overlay-opacity":"","overlay-gradient":""},"mobile":{"background-color":"var(--ast-global-color-5)","background-image":"","background-repeat":"repeat","background-position":"center center","background-size":"auto","background-attachment":"scroll","background-type":"","background-media":"","overlay-type":"","overlay-color":"","overlay-opacity":"","overlay-gradient":""}}},"product_brand":[],"product_cat":[167,141,140,142,15],"product_tag":[],"class_list":{"0":"post-11170","1":"product","2":"type-product","3":"status-publish","4":"has-post-thumbnail","6":"product_cat-tufa","7":"product_cat-soi-gigant-urias","8":"product_cat-soiuri-romanesti","9":"product_cat-soiuri-rosii-roz","10":"product_cat-tomate-soi","11":"pa_cantitate-10-seminte","12":"pa_cantitate-100-seminte","13":"pa_cantitate-200-seminte","14":"pa_cantitate-25-seminte","15":"pa_cantitate-250-seminte","16":"pa_cantitate-5-seminte","17":"pa_cantitate-50-seminte","18":"pa_cantitate-500-seminte","19":"desktop-align-left","20":"tablet-align-left","21":"mobile-align-left","23":"first","24":"instock","25":"sale","26":"taxable","27":"shipping-taxable","28":"purchasable","29":"product-type-variable"},"_links":{"self":[{"href":"https:\/\/vivasem.ro\/index.php?rest_route=\/wp\/v2\/product\/11170","targetHints":{"allow":["GET"]}}],"collection":[{"href":"https:\/\/vivasem.ro\/index.php?rest_route=\/wp\/v2\/product"}],"about":[{"href":"https:\/\/vivasem.ro\/index.php?rest_route=\/wp\/v2\/types\/product"}],"replies":[{"embeddable":true,"href":"https:\/\/vivasem.ro\/index.php?rest_route=%2Fwp%2Fv2%2Fcomments&post=11170"}],"wp:featuredmedia":[{"embeddable":true,"href":"https:\/\/vivasem.ro\/index.php?rest_route=\/wp\/v2\/media\/7993"}],"wp:attachment":[{"href":"https:\/\/vivasem.ro\/index.php?rest_route=%2Fwp%2Fv2%2Fmedia&parent=11170"}],"wp:term":[{"taxonomy":"product_brand","embeddable":true,"href":"https:\/\/vivasem.ro\/index.php?rest_route=%2Fwp%2Fv2%2Fproduct_brand&post=11170"},{"taxonomy":"product_cat","embeddable":true,"href":"https:\/\/vivasem.ro\/index.php?rest_route=%2Fwp%2Fv2%2Fproduct_cat&post=11170"},{"taxonomy":"product_tag","embeddable":true,"href":"https:\/\/vivasem.ro\/index.php?rest_route=%2Fwp%2Fv2%2Fproduct_tag&post=11170"}],"curies":[{"name":"wp","href":"https:\/\/api.w.org\/{rel}","templated":true}]}}