{"id":11166,"date":"2023-11-21T09:51:36","date_gmt":"2023-11-21T07:51:36","guid":{"rendered":"https:\/\/vivasem.ro\/?post_type=product&#038;p=11166"},"modified":"2025-01-09T20:50:04","modified_gmt":"2025-01-09T18:50:04","slug":"ardei-capia-brancusi-25s","status":"publish","type":"product","link":"https:\/\/vivasem.ro\/?product=ardei-capia-brancusi-25s","title":{"rendered":"\u201e\u201eARDEI CAPIA SOI BRANCUSI (25s)"},"content":{"rendered":"<h6><span style=\"color: #ff0000;\"><strong><u>ARDEI CAPIA BR\u00c2NCU\u0218I-Patru Agro SRL Rom\u00e2nia,\u00a0<\/u><\/strong><\/span> \u00a0 \u00a0 \u00a0 \u00a0 \u00a0 \u00a0 \u00a0 <span style=\"color: #ff0000;\"><strong><u><img loading=\"lazy\" decoding=\"async\" class=\"alignnone wp-image-11044\" src=\"https:\/\/vivasem.ro\/wp-content\/uploads\/2023\/06\/PATRU-AGRO-300x120.jpg\" alt=\"\" width=\"158\" height=\"63\" srcset=\"https:\/\/vivasem.ro\/wp-content\/uploads\/2023\/06\/PATRU-AGRO-300x120.jpg 300w, https:\/\/vivasem.ro\/wp-content\/uploads\/2023\/06\/PATRU-AGRO-original-248x99.jpg 248w, https:\/\/vivasem.ro\/wp-content\/uploads\/2023\/06\/PATRU-AGRO-original.jpg 420w\" sizes=\"auto, (max-width: 158px) 100vw, 158px\" \/><\/u><\/strong><\/span><\/h6>\n<h6><span style=\"color: #0000ff;\"><strong>Soi rom\u00e2nesc ce produce <span style=\"color: #0000ff;\">f<\/span><\/strong>ructe mari, \u00een\u00a0 2-3 lobi \u0219i greutate cuprins\u0103 \u00eentre 130-150 grame, \u00een lungime de 18- 22 cm \u0219i 6-8 cm grosime. <\/span><\/h6>\n<h6>Culoare fructului este verde \u00eenchis dup\u0103 formare \u0219i ro\u0219u aprins la maturitate, cu gust dulce.<\/h6>\n<h6><span style=\"color: #0000ff;\">Poten\u021bialul de produc\u021bie este ridicat ,de 55-70 tone\/ha.<\/span><\/h6>\n<h6><span style=\"color: #0000ff;\">Cre\u0219terea este\u00a0 nedeterminat\u0103, soiul fiind destinat cultiv\u0103rii \u00een c\u00e2mp deschis \u0219i spa\u021bii protejate. <\/span><\/h6>\n<h6>Se preteaz\u0103 pentru consum \u00een stare proasp\u0103t\u0103 dar \u0219i pentru conservare.<\/h6>\n","protected":false},"excerpt":{"rendered":"<h6><span style=\"color: #0000ff;\">\u00a025 SEMIN\u021aE<\/span><\/h6>\n<h6><span style=\"color: #ff00ff;\">PRODUCTIVITATE RIDICAT\u0102, 55-70 tone\/ha\u00a0 !<\/span><\/h6>\n<h6><span style=\"color: #ff00ff;\"><img loading=\"lazy\" decoding=\"async\" class=\"alignnone wp-image-7098\" src=\"https:\/\/vivasem.ro\/wp-content\/uploads\/2021\/11\/RO-1-300x107.jpg\" alt=\"\" width=\"171\" height=\"61\" \/><\/span><\/h6>\n","protected":false},"featured_media":7979,"comment_status":"open","ping_status":"closed","template":"","meta":{"site-sidebar-layout":"default","site-content-layout":"default","ast-site-content-layout":"default","site-content-style":"default","site-sidebar-style":"default","ast-global-header-display":"","ast-banner-title-visibility":"","ast-main-header-display":"","ast-hfb-above-header-display":"","ast-hfb-below-header-display":"","ast-hfb-mobile-header-display":"","site-post-title":"","ast-breadcrumbs-content":"","ast-featured-img":"","footer-sml-layout":"","ast-disable-related-posts":"","theme-transparent-header-meta":"default","adv-header-id-meta":"","stick-header-meta":"","header-above-stick-meta":"","header-main-stick-meta":"","header-below-stick-meta":"","astra-migrate-meta-layouts":"set","ast-page-background-enabled":"default","ast-page-background-meta":{"desktop":{"background-color":"var(--ast-global-color-4)","background-image":"","background-repeat":"repeat","background-position":"center center","background-size":"auto","background-attachment":"scroll","background-type":"","background-media":"","overlay-type":"","overlay-color":"","overlay-opacity":"","overlay-gradient":""},"tablet":{"background-color":"","background-image":"","background-repeat":"repeat","background-position":"center center","background-size":"auto","background-attachment":"scroll","background-type":"","background-media":"","overlay-type":"","overlay-color":"","overlay-opacity":"","overlay-gradient":""},"mobile":{"background-color":"","background-image":"","background-repeat":"repeat","background-position":"center center","background-size":"auto","background-attachment":"scroll","background-type":"","background-media":"","overlay-type":"","overlay-color":"","overlay-opacity":"","overlay-gradient":""}},"ast-content-background-meta":{"desktop":{"background-color":"var(--ast-global-color-5)","background-image":"","background-repeat":"repeat","background-position":"center center","background-size":"auto","background-attachment":"scroll","background-type":"","background-media":"","overlay-type":"","overlay-color":"","overlay-opacity":"","overlay-gradient":""},"tablet":{"background-color":"var(--ast-global-color-5)","background-image":"","background-repeat":"repeat","background-position":"center center","background-size":"auto","background-attachment":"scroll","background-type":"","background-media":"","overlay-type":"","overlay-color":"","overlay-opacity":"","overlay-gradient":""},"mobile":{"background-color":"var(--ast-global-color-5)","background-image":"","background-repeat":"repeat","background-position":"center center","background-size":"auto","background-attachment":"scroll","background-type":"","background-media":"","overlay-type":"","overlay-color":"","overlay-opacity":"","overlay-gradient":""}}},"product_brand":[],"product_cat":[84,146],"product_tag":[],"class_list":{"0":"post-11166","1":"product","2":"type-product","3":"status-publish","4":"has-post-thumbnail","6":"product_cat-ardei","7":"product_cat-ardei-soi","8":"desktop-align-left","9":"tablet-align-left","10":"mobile-align-left","12":"first","13":"outofstock","14":"taxable","15":"shipping-taxable","16":"purchasable","17":"product-type-simple"},"_links":{"self":[{"href":"https:\/\/vivasem.ro\/index.php?rest_route=\/wp\/v2\/product\/11166","targetHints":{"allow":["GET"]}}],"collection":[{"href":"https:\/\/vivasem.ro\/index.php?rest_route=\/wp\/v2\/product"}],"about":[{"href":"https:\/\/vivasem.ro\/index.php?rest_route=\/wp\/v2\/types\/product"}],"replies":[{"embeddable":true,"href":"https:\/\/vivasem.ro\/index.php?rest_route=%2Fwp%2Fv2%2Fcomments&post=11166"}],"wp:featuredmedia":[{"embeddable":true,"href":"https:\/\/vivasem.ro\/index.php?rest_route=\/wp\/v2\/media\/7979"}],"wp:attachment":[{"href":"https:\/\/vivasem.ro\/index.php?rest_route=%2Fwp%2Fv2%2Fmedia&parent=11166"}],"wp:term":[{"taxonomy":"product_brand","embeddable":true,"href":"https:\/\/vivasem.ro\/index.php?rest_route=%2Fwp%2Fv2%2Fproduct_brand&post=11166"},{"taxonomy":"product_cat","embeddable":true,"href":"https:\/\/vivasem.ro\/index.php?rest_route=%2Fwp%2Fv2%2Fproduct_cat&post=11166"},{"taxonomy":"product_tag","embeddable":true,"href":"https:\/\/vivasem.ro\/index.php?rest_route=%2Fwp%2Fv2%2Fproduct_tag&post=11166"}],"curies":[{"name":"wp","href":"https:\/\/api.w.org\/{rel}","templated":true}]}}