{"id":11148,"date":"2023-11-18T22:16:09","date_gmt":"2023-11-18T20:16:09","guid":{"rendered":"https:\/\/vivasem.ro\/?post_type=product&#038;p=11148"},"modified":"2026-03-10T15:49:20","modified_gmt":"2026-03-10T13:49:20","slug":"morcovi-neva-f1-hibrid-profesional-1000s","status":"publish","type":"product","link":"https:\/\/vivasem.ro\/?product=morcovi-neva-f1-hibrid-profesional-1000s","title":{"rendered":"MORCOVI NANTES NEVA F1 (Hibrid Profesional) BAKKER BROTHERS"},"content":{"rendered":"<h6><span style=\"color: #ff0000;\"><u><b>MORCOVI NEVA F1 &#8211; Produc\u0103tor:Bakker Brothers Olanda<\/b>,<a href=\"https:\/\/vivasem.ro\/wp-content\/uploads\/2022\/12\/BAKKER-BROTHERS.jpg\"><img loading=\"lazy\" decoding=\"async\" class=\"alignnone wp-image-8498\" src=\"https:\/\/vivasem.ro\/wp-content\/uploads\/2022\/12\/BAKKER-BROTHERS-300x106.jpg\" alt=\"\" width=\"139\" height=\"49\" srcset=\"https:\/\/vivasem.ro\/wp-content\/uploads\/2022\/12\/BAKKER-BROTHERS-300x106.jpg 300w, https:\/\/vivasem.ro\/wp-content\/uploads\/2022\/12\/BAKKER-BROTHERS-248x88.jpg 248w, https:\/\/vivasem.ro\/wp-content\/uploads\/2022\/12\/BAKKER-BROTHERS.jpg 412w\" sizes=\"auto, (max-width: 139px) 100vw, 139px\" \/><\/a><\/u><\/span><\/h6>\n<h6><span style=\"color: #0000ff;\"><strong>Neva F1 ESTE UN HIBRID PROFESIONAL TIP NANTES, FOARTE PRODUCTIV DE CAROTE LUNGI, APROAPE CILINDRICE, CU V\u00c2RF BONT, ACE\u0218TI MORCOVI SUNT FOARTE DULCI, GUSTO\u0218I,\u00a0 FRAGEZI.<\/strong><\/span><\/h6>\n<h6>Cu o perioada de vegetatie de 115-120 de zile de la semanat, prezint\u0103 o forma uniform\u0103, cilindric\u0103, cu o lungime de 20-22 cm \u0219i o culoare oranj intensa.<\/h6>\n<h6>Foliajul este dens, dispus in rozet\u0103, de culoare verde aprins, prezint\u0103 o \u00eenaltime cuprinsa intre 40-45 de centimetri \u0219i este bine prins de radacini, cu o rezisten\u021b\u0103 mare la boltire.<\/h6>\n<h6><span style=\"color: #ff0000;\"><strong>Morcovii Neva F1<\/strong>\u00a0sunt pretabili la recoltarea mecanizata.<\/span><\/h6>\n<h6><span style=\"color: #0000ff;\">Hibridul\u00a0<strong>de morcov<\/strong>\u00a0<strong>Neva F1<\/strong> are un poten\u021bial ridicat de produc\u021bie \u0219i a fost testat pentru condi\u021biile climatice din Romania, pret\u00e2ndu-se pe toate tipurile de sol.\u00a0<\/span><\/h6>\n<h6><span style=\"color: #0000ff;\"><strong>Neva F1\u00a0<\/strong>este un hibrid ce se adapteaza foarte bine \u00een zonele calde, fiind excelent \u0219i pentru culturile de vara.\u00a0<\/span><\/h6>\n<h6><span style=\"color: #0000ff;\">Se preteaz\u0103 pentru culturile din c\u00e2mp deschis.<\/span><\/h6>\n<h6><span style=\"color: #ff0000;\">Aspectul comercial al lui\u00a0<strong>Neva F1\u00a0<\/strong>este excelent, radacina este cilindric\u0103, fin\u0103, cu o uniformitate foarte buna, ideal pentru fermierii care doresc produc\u021bii de calitate ridicat\u0103.<\/span><\/h6>\n<h6><span style=\"color: #ff0000;\"><strong>Calibru semintelor:<\/strong>\u00a02 &#8211; 2.2 mm<\/span><\/h6>\n<h6>DE CONSUMAT \u00ceN STARE PROASP\u0102T\u0102, PROCESARE SAU CONSERVA\u021aI, INCLUSIV PRIN USCARE.<\/h6>\n<h6><\/h6>\n<h6>Densitatea recomandata pentru semanat: 1,3-2,8 mil. sem.\/ha<\/h6>\n<p><strong><em>Cantitate de seminte recomandata pentru semanat: 1,5 gr-3,5 gr\/10 mp.<\/em><\/strong><\/p>\n<h6><span style=\"color: #0000ff;\">SEMIN\u021aELE AU FOST\u00a0 TRATATE CU FUNGICID MAXIM 480 FS (2,4 % \/g)pe baz\u0103 de\u00a0 fludioxonil.<\/span><\/h6>\n<h6><span style=\"color: #0000ff;\"> Fludioxonilul inhib\u0103 germinarea sporilor distrug\u00e2nd agen\u0163ii patogeni de pe suprafa\u0163a semin\u0163elor (inclusiv \u00een zona comisurii centrale a bobului) \u015fi creeaz\u0103 o barier\u0103 \u00een jurul semin\u0163ei \u00een momentul sem\u0103natului (nu permite infectarea semin\u0163ei cu agen\u0163i patogeni din sol).<\/span><\/h6>\n<h6><span style=\"color: #0000ff;\">SEMINTELE TRATATE POT FI TOXICE. <\/span><\/h6>\n<h6><span style=\"color: #0000ff;\">NU FOLOSI\u021aI SEMIN\u021aELE PENTRU CONSUM UMAN SAU ANIMAL.<\/span><\/h6>\n<h6><span style=\"color: #0000ff;\">NU LE L\u0102SA\u021aI LA \u00ceNDEM\u00c2NA COPIILOR.<\/span><\/h6>\n<h6><span style=\"color: #000080;\">LA 1000 semin\u021be SUNT 2,78 grame.<\/span><\/h6>\n","protected":false},"excerpt":{"rendered":"<h6><strong><span style=\"color: #ff00ff;\">HIBRID PROFESIONAL DE ZONE CALDE \u0218I DE VAR\u0102<\/span><\/strong><\/h6>\n","protected":false},"featured_media":8809,"comment_status":"open","ping_status":"closed","template":"","meta":{"site-sidebar-layout":"default","site-content-layout":"default","ast-site-content-layout":"default","site-content-style":"default","site-sidebar-style":"default","ast-global-header-display":"","ast-banner-title-visibility":"","ast-main-header-display":"","ast-hfb-above-header-display":"","ast-hfb-below-header-display":"","ast-hfb-mobile-header-display":"","site-post-title":"","ast-breadcrumbs-content":"","ast-featured-img":"","footer-sml-layout":"","ast-disable-related-posts":"","theme-transparent-header-meta":"default","adv-header-id-meta":"","stick-header-meta":"","header-above-stick-meta":"","header-main-stick-meta":"","header-below-stick-meta":"","astra-migrate-meta-layouts":"set","ast-page-background-enabled":"default","ast-page-background-meta":{"desktop":{"background-color":"var(--ast-global-color-4)","background-image":"","background-repeat":"repeat","background-position":"center center","background-size":"auto","background-attachment":"scroll","background-type":"","background-media":"","overlay-type":"","overlay-color":"","overlay-opacity":"","overlay-gradient":""},"tablet":{"background-color":"","background-image":"","background-repeat":"repeat","background-position":"center center","background-size":"auto","background-attachment":"scroll","background-type":"","background-media":"","overlay-type":"","overlay-color":"","overlay-opacity":"","overlay-gradient":""},"mobile":{"background-color":"","background-image":"","background-repeat":"repeat","background-position":"center center","background-size":"auto","background-attachment":"scroll","background-type":"","background-media":"","overlay-type":"","overlay-color":"","overlay-opacity":"","overlay-gradient":""}},"ast-content-background-meta":{"desktop":{"background-color":"var(--ast-global-color-5)","background-image":"","background-repeat":"repeat","background-position":"center center","background-size":"auto","background-attachment":"scroll","background-type":"","background-media":"","overlay-type":"","overlay-color":"","overlay-opacity":"","overlay-gradient":""},"tablet":{"background-color":"var(--ast-global-color-5)","background-image":"","background-repeat":"repeat","background-position":"center center","background-size":"auto","background-attachment":"scroll","background-type":"","background-media":"","overlay-type":"","overlay-color":"","overlay-opacity":"","overlay-gradient":""},"mobile":{"background-color":"var(--ast-global-color-5)","background-image":"","background-repeat":"repeat","background-position":"center center","background-size":"auto","background-attachment":"scroll","background-type":"","background-media":"","overlay-type":"","overlay-color":"","overlay-opacity":"","overlay-gradient":""}}},"product_brand":[],"product_cat":[89],"product_tag":[],"class_list":{"0":"post-11148","1":"product","2":"type-product","3":"status-publish","4":"has-post-thumbnail","6":"product_cat-radacinoase","7":"pa_cantitate-1000-1-000-seminte","8":"pa_cantitate-1000-10-000-seminte","9":"pa_cantitate-1000-2-000-seminte","10":"pa_cantitate-1000-3-000-seminte","11":"pa_cantitate-1000-4-000-seminte","12":"pa_cantitate-1000-5-000-seminte","13":"desktop-align-left","14":"tablet-align-left","15":"mobile-align-left","17":"first","18":"instock","19":"sale","20":"taxable","21":"shipping-taxable","22":"purchasable","23":"product-type-variable"},"_links":{"self":[{"href":"https:\/\/vivasem.ro\/index.php?rest_route=\/wp\/v2\/product\/11148","targetHints":{"allow":["GET"]}}],"collection":[{"href":"https:\/\/vivasem.ro\/index.php?rest_route=\/wp\/v2\/product"}],"about":[{"href":"https:\/\/vivasem.ro\/index.php?rest_route=\/wp\/v2\/types\/product"}],"replies":[{"embeddable":true,"href":"https:\/\/vivasem.ro\/index.php?rest_route=%2Fwp%2Fv2%2Fcomments&post=11148"}],"wp:featuredmedia":[{"embeddable":true,"href":"https:\/\/vivasem.ro\/index.php?rest_route=\/wp\/v2\/media\/8809"}],"wp:attachment":[{"href":"https:\/\/vivasem.ro\/index.php?rest_route=%2Fwp%2Fv2%2Fmedia&parent=11148"}],"wp:term":[{"taxonomy":"product_brand","embeddable":true,"href":"https:\/\/vivasem.ro\/index.php?rest_route=%2Fwp%2Fv2%2Fproduct_brand&post=11148"},{"taxonomy":"product_cat","embeddable":true,"href":"https:\/\/vivasem.ro\/index.php?rest_route=%2Fwp%2Fv2%2Fproduct_cat&post=11148"},{"taxonomy":"product_tag","embeddable":true,"href":"https:\/\/vivasem.ro\/index.php?rest_route=%2Fwp%2Fv2%2Fproduct_tag&post=11148"}],"curies":[{"name":"wp","href":"https:\/\/api.w.org\/{rel}","templated":true}]}}