{"id":11138,"date":"2023-11-18T21:10:06","date_gmt":"2023-11-18T19:10:06","guid":{"rendered":"https:\/\/vivasem.ro\/?post_type=product&#038;p=11138"},"modified":"2024-05-08T12:40:01","modified_gmt":"2024-05-08T10:40:01","slug":"asya-616-f1-100s","status":"publish","type":"product","link":"https:\/\/vivasem.ro\/?product=asya-616-f1-100s","title":{"rendered":"\u201e\u201eASYA 616 F1-DETERMINAT (100s)"},"content":{"rendered":"<h6 style=\"text-align: left;\"><span style=\"color: #ff0000;\"><u>TOMATE HIBRID ASYA 616 F1\u00a0 ,\u00a0 \u00a0\u00a0 \u00a0\u00a0 \u00a0\u00a0 \u00a0\u00a0 <a href=\"https:\/\/vivasem.ro\/wp-content\/uploads\/2022\/12\/NOONGWOO-BIO.jpg\"><img loading=\"lazy\" decoding=\"async\" class=\"alignnone size-medium wp-image-8500\" src=\"https:\/\/vivasem.ro\/wp-content\/uploads\/2022\/12\/NOONGWOO-BIO-300x56.jpg\" alt=\"\" width=\"300\" height=\"56\" srcset=\"https:\/\/vivasem.ro\/wp-content\/uploads\/2022\/12\/NOONGWOO-BIO-300x56.jpg 300w, https:\/\/vivasem.ro\/wp-content\/uploads\/2022\/12\/NOONGWOO-BIO-248x46.jpg 248w, https:\/\/vivasem.ro\/wp-content\/uploads\/2022\/12\/NOONGWOO-BIO.jpg 545w\" sizes=\"auto, (max-width: 300px) 100vw, 300px\" \/><\/a><\/u><\/span><\/h6>\n<h6 style=\"text-align: left;\"><span style=\"color: #ff0000;\">-Produc\u0103tor : NONGWOO BIO -Korea de Sud\u00a0 \u00a0<\/span><\/h6>\n<p>Videoclip : www.facebook.com\/azseeds\/videos\/243829104004277\/<\/p>\n<h6><span style=\"color: #0000ff;\">Hibridul de\u00a0<strong>tomate Asya 616 F1\u00a0<\/strong>este destinat plant\u0103rii in c\u00e2mp deschis \u0219i produce fructe de o calitate excelent\u0103,\u00a0 aspectuase \u0219i foarte gustoase.<\/span><\/h6>\n<h6><span style=\"color: #ff0000;\">Maturitatea rosiilor este timpurie,\u00a0<strong>hibridul Asya 616 F1<\/strong> fiind testat de catre clientii no\u0219tri \u0219i in solarii, unde au obtinut produc\u021bii timpurii de ro\u0219ii foarte mari si gustoase, pe 4 etaje de fructe.\u00a0<\/span><\/h6>\n<h6><span style=\"color: #ff0000;\">Greutatea medie a ro\u0219iilor este de 230 &#8211; 260 de grame iar forma este rotund\u0103, u\u0219or aplatizat\u0103 .<\/span><\/h6>\n<h6><span style=\"color: #0000ff;\">Foliajul este foarte bine dezvoltat \u0219i acoper\u0103 perfect ro\u0219iile, protejandu-le de razele soarelui.\u00a0<\/span><\/h6>\n<h6><span style=\"color: #0000ff;\">Fructele sunt u\u0219or de v\u00e2ndut datorit\u0103 calit\u0103\u021bilor gustative deosebite \u0219i aspectului comercial excelent.<\/span><\/h6>\n<h6>Rezistenta la boli:<\/h6>\n<h6>Ridicat\u0103:<\/h6>\n<h6><span style=\"color: #0000ff;\">ToMV &#8211;\u00a0Virusul mozaicul tomatelor;<\/span><\/h6>\n<h6><span style=\"color: #0000ff;\">Fol:1,2 &#8211; Fuzarioza;<\/span><\/h6>\n<h6><span style=\"color: #0000ff;\">Vd &#8211; Verticilioza &#8211; Verticilium dahliae;<\/span><\/h6>\n<h6>Intermediar\u0103:<\/h6>\n<h6><span style=\"color: #0000ff;\">TYLCV &#8211; Virusul incretirii gabene a frunzelor de tomate;<\/span><\/h6>\n<h6><span style=\"color: #0000ff;\">Ma, Mi, Mj &#8211; Nematozi.<\/span><\/h6>\n<p>&nbsp;<\/p>\n<p>&nbsp;<\/p>\n","protected":false},"excerpt":{"rendered":"<h6><span style=\"color: #0000ff;\">100 SEMIN\u021aE\u00a0<\/span><\/h6>\n<h6><span style=\"color: #ff00ff;\">HIBRID DETERMINAT DE C\u0102MP, FOARTE GUSTOS, FOARTE<\/span><span style=\"color: #ff00ff;\">\u00a0 PRODUCTIV!<\/span><\/h6>\n","protected":false},"featured_media":11140,"comment_status":"open","ping_status":"closed","template":"","meta":{"site-sidebar-layout":"default","site-content-layout":"default","ast-site-content-layout":"default","site-content-style":"default","site-sidebar-style":"default","ast-global-header-display":"","ast-banner-title-visibility":"","ast-main-header-display":"","ast-hfb-above-header-display":"","ast-hfb-below-header-display":"","ast-hfb-mobile-header-display":"","site-post-title":"","ast-breadcrumbs-content":"","ast-featured-img":"","footer-sml-layout":"","ast-disable-related-posts":"","theme-transparent-header-meta":"default","adv-header-id-meta":"","stick-header-meta":"","header-above-stick-meta":"","header-main-stick-meta":"","header-below-stick-meta":"","astra-migrate-meta-layouts":"set","ast-page-background-enabled":"default","ast-page-background-meta":{"desktop":{"background-color":"var(--ast-global-color-4)","background-image":"","background-repeat":"repeat","background-position":"center center","background-size":"auto","background-attachment":"scroll","background-type":"","background-media":"","overlay-type":"","overlay-color":"","overlay-opacity":"","overlay-gradient":""},"tablet":{"background-color":"","background-image":"","background-repeat":"repeat","background-position":"center center","background-size":"auto","background-attachment":"scroll","background-type":"","background-media":"","overlay-type":"","overlay-color":"","overlay-opacity":"","overlay-gradient":""},"mobile":{"background-color":"","background-image":"","background-repeat":"repeat","background-position":"center center","background-size":"auto","background-attachment":"scroll","background-type":"","background-media":"","overlay-type":"","overlay-color":"","overlay-opacity":"","overlay-gradient":""}},"ast-content-background-meta":{"desktop":{"background-color":"var(--ast-global-color-5)","background-image":"","background-repeat":"repeat","background-position":"center center","background-size":"auto","background-attachment":"scroll","background-type":"","background-media":"","overlay-type":"","overlay-color":"","overlay-opacity":"","overlay-gradient":""},"tablet":{"background-color":"var(--ast-global-color-5)","background-image":"","background-repeat":"repeat","background-position":"center center","background-size":"auto","background-attachment":"scroll","background-type":"","background-media":"","overlay-type":"","overlay-color":"","overlay-opacity":"","overlay-gradient":""},"mobile":{"background-color":"var(--ast-global-color-5)","background-image":"","background-repeat":"repeat","background-position":"center center","background-size":"auto","background-attachment":"scroll","background-type":"","background-media":"","overlay-type":"","overlay-color":"","overlay-opacity":"","overlay-gradient":""}}},"product_brand":[],"product_cat":[110,167],"product_tag":[],"class_list":{"0":"post-11138","1":"product","2":"type-product","3":"status-publish","4":"has-post-thumbnail","6":"product_cat-tomate-hibrid","7":"product_cat-tufa","8":"desktop-align-left","9":"tablet-align-left","10":"mobile-align-left","12":"first","13":"outofstock","14":"taxable","15":"shipping-taxable","16":"purchasable","17":"product-type-simple"},"_links":{"self":[{"href":"https:\/\/vivasem.ro\/index.php?rest_route=\/wp\/v2\/product\/11138","targetHints":{"allow":["GET"]}}],"collection":[{"href":"https:\/\/vivasem.ro\/index.php?rest_route=\/wp\/v2\/product"}],"about":[{"href":"https:\/\/vivasem.ro\/index.php?rest_route=\/wp\/v2\/types\/product"}],"replies":[{"embeddable":true,"href":"https:\/\/vivasem.ro\/index.php?rest_route=%2Fwp%2Fv2%2Fcomments&post=11138"}],"wp:featuredmedia":[{"embeddable":true,"href":"https:\/\/vivasem.ro\/index.php?rest_route=\/wp\/v2\/media\/11140"}],"wp:attachment":[{"href":"https:\/\/vivasem.ro\/index.php?rest_route=%2Fwp%2Fv2%2Fmedia&parent=11138"}],"wp:term":[{"taxonomy":"product_brand","embeddable":true,"href":"https:\/\/vivasem.ro\/index.php?rest_route=%2Fwp%2Fv2%2Fproduct_brand&post=11138"},{"taxonomy":"product_cat","embeddable":true,"href":"https:\/\/vivasem.ro\/index.php?rest_route=%2Fwp%2Fv2%2Fproduct_cat&post=11138"},{"taxonomy":"product_tag","embeddable":true,"href":"https:\/\/vivasem.ro\/index.php?rest_route=%2Fwp%2Fv2%2Fproduct_tag&post=11138"}],"curies":[{"name":"wp","href":"https:\/\/api.w.org\/{rel}","templated":true}]}}