{"id":11131,"date":"2023-11-18T19:36:39","date_gmt":"2023-11-18T17:36:39","guid":{"rendered":"https:\/\/vivasem.ro\/?post_type=product&#038;p=11131"},"modified":"2024-11-02T09:46:57","modified_gmt":"2024-11-02T07:46:57","slug":"ardei-gras-hibrid-tecza-f1-50s","status":"publish","type":"product","link":"https:\/\/vivasem.ro\/?product=ardei-gras-hibrid-tecza-f1-50s","title":{"rendered":"ARDEI GRAS HIBRID TECZA F1 (Tip POTOP)"},"content":{"rendered":"<h6 style=\"text-align: left;\"><span style=\"color: #ff0000;\"><u>ARDEI GRAS TECZA F1 ,<\/u><\/span><\/h6>\n<h6 style=\"text-align: left;\"><span style=\"color: #ff0000;\"><u>-Produc\u0103tor : NONGWOO BIO -Korea de Sud\u00a0 \u00a0 \u00a0 \u00a0 \u00a0<a href=\"https:\/\/vivasem.ro\/wp-content\/uploads\/2022\/12\/NOONGWOO-BIO.jpg\"><img loading=\"lazy\" decoding=\"async\" class=\"alignnone size-medium wp-image-8500\" src=\"https:\/\/vivasem.ro\/wp-content\/uploads\/2022\/12\/NOONGWOO-BIO-300x56.jpg\" alt=\"\" width=\"300\" height=\"56\" srcset=\"https:\/\/vivasem.ro\/wp-content\/uploads\/2022\/12\/NOONGWOO-BIO-300x56.jpg 300w, https:\/\/vivasem.ro\/wp-content\/uploads\/2022\/12\/NOONGWOO-BIO-248x46.jpg 248w, https:\/\/vivasem.ro\/wp-content\/uploads\/2022\/12\/NOONGWOO-BIO.jpg 545w\" sizes=\"auto, (max-width: 300px) 100vw, 300px\" \/><\/a><\/u><\/span><\/h6>\n<h6 style=\"text-align: left;\"><span style=\"color: #0000ff;\"><strong>Ardeiul gras Tecza F1 este un hibrid profesional de ardei gras conic (tip potop), cu vigoare medie si performan\u021be excelente at\u00e2t in culturile din c\u00e2mp, c\u00e2t \u0219i \u00een cele din sere si solarii.<\/strong><\/span><\/h6>\n<h6 style=\"text-align: left;\"><span style=\"color: #ff0000;\"><strong>S<\/strong>e caracterizeaz\u0103 prin capacitate de legare concentrat\u0103, maturitate \u0219i vigoare medie.<\/span> <span style=\"color: #0000ff;\">Hibridul produce fructe similare cu cele ale vechiului soi Potop.\u00a0<\/span><\/h6>\n<h6 style=\"text-align: left;\"><span style=\"color: #0000ff;\">In testarile facute in Rom\u00e2nia, <strong>ardeiul Tecza<\/strong>\u00a0<strong>F1, <\/strong>s-a remarcat prin buna adaptabilitate la diferite condi\u021bii (are chiar o toleran\u021b\u0103 excelent\u0103 la frig) \u0219i legarea concentrat\u0103 inca de la inceputul perioadei de fructificare.\u00a0<\/span><\/h6>\n<h6 style=\"text-align: left;\"><span style=\"color: #ff0000;\">Fructele au, in medie, o greutate de 90 &#8211; 110 grame \u0219i pere\u021bi gro\u0219i. Lungimea ardeilor este de 13 &#8211; 15 centimetri, iar diametrul, de 5 &#8211; 7 centimetri.\u00a0<\/span><\/h6>\n<h6 style=\"text-align: left;\"><span style=\"color: #ff0000;\">Culoarea este excelenta pentru piata din Romania, hibridul trecand din galben &#8211; alb, in orange si apoi in rosu.\u00a0<\/span><\/h6>\n<h6 style=\"text-align: left;\">Rezistenta la boli:<\/h6>\n<h6><em><strong>Este r<\/strong><\/em><em><strong>ezistent la TMV L3 -Virusul Mozaicului Tutunului.\u00a0<\/strong><\/em><\/h6>\n<h6 style=\"text-align: left;\"><span style=\"color: #0000ff;\">\u00a0Asigur\u0103 productii foarte ridicate si comportament excelent, atat in conditii de temperatur\u0103 sc\u0103zut\u0103, c\u00e2t \u0219i in condi\u021bii de temperatur\u0103 ridicat\u0103.\u00a0<\/span><\/h6>\n<h6 style=\"text-align: left;\"><strong>S<\/strong>e poate cultiva cu succes, atat in sere si solarii, cat si in camp deschis.<\/h6>\n<h6 style=\"text-align: left;\"><\/h6>\n<h6><\/h6>\n<h6><\/h6>\n<p>&nbsp;<\/p>\n","protected":false},"excerpt":{"rendered":"<h6><span style=\"color: #ff00ff;\">EXTRATIMPURIU, <\/span><span style=\"color: #ff00ff;\">FOARTE\u00a0 PRODUCTIV !<\/span><\/h6>\n","protected":false},"featured_media":8508,"comment_status":"open","ping_status":"closed","template":"","meta":{"site-sidebar-layout":"default","site-content-layout":"default","ast-site-content-layout":"default","site-content-style":"default","site-sidebar-style":"default","ast-global-header-display":"","ast-banner-title-visibility":"","ast-main-header-display":"","ast-hfb-above-header-display":"","ast-hfb-below-header-display":"","ast-hfb-mobile-header-display":"","site-post-title":"","ast-breadcrumbs-content":"","ast-featured-img":"","footer-sml-layout":"","ast-disable-related-posts":"","theme-transparent-header-meta":"default","adv-header-id-meta":"","stick-header-meta":"","header-above-stick-meta":"","header-main-stick-meta":"","header-below-stick-meta":"","astra-migrate-meta-layouts":"set","ast-page-background-enabled":"default","ast-page-background-meta":{"desktop":{"background-color":"var(--ast-global-color-4)","background-image":"","background-repeat":"repeat","background-position":"center center","background-size":"auto","background-attachment":"scroll","background-type":"","background-media":"","overlay-type":"","overlay-color":"","overlay-opacity":"","overlay-gradient":""},"tablet":{"background-color":"","background-image":"","background-repeat":"repeat","background-position":"center center","background-size":"auto","background-attachment":"scroll","background-type":"","background-media":"","overlay-type":"","overlay-color":"","overlay-opacity":"","overlay-gradient":""},"mobile":{"background-color":"","background-image":"","background-repeat":"repeat","background-position":"center center","background-size":"auto","background-attachment":"scroll","background-type":"","background-media":"","overlay-type":"","overlay-color":"","overlay-opacity":"","overlay-gradient":""}},"ast-content-background-meta":{"desktop":{"background-color":"var(--ast-global-color-5)","background-image":"","background-repeat":"repeat","background-position":"center center","background-size":"auto","background-attachment":"scroll","background-type":"","background-media":"","overlay-type":"","overlay-color":"","overlay-opacity":"","overlay-gradient":""},"tablet":{"background-color":"var(--ast-global-color-5)","background-image":"","background-repeat":"repeat","background-position":"center center","background-size":"auto","background-attachment":"scroll","background-type":"","background-media":"","overlay-type":"","overlay-color":"","overlay-opacity":"","overlay-gradient":""},"mobile":{"background-color":"var(--ast-global-color-5)","background-image":"","background-repeat":"repeat","background-position":"center center","background-size":"auto","background-attachment":"scroll","background-type":"","background-media":"","overlay-type":"","overlay-color":"","overlay-opacity":"","overlay-gradient":""}}},"product_brand":[],"product_cat":[84,145],"product_tag":[],"class_list":{"0":"post-11131","1":"product","2":"type-product","3":"status-publish","4":"has-post-thumbnail","6":"product_cat-ardei","7":"product_cat-ardei-hibrid","8":"pa_cantitate-10-seminte","9":"pa_cantitate-100-seminte","10":"pa_cantitate-200-seminte","11":"pa_cantitate-25-seminte","12":"pa_cantitate-250-seminte","13":"pa_cantitate-5-seminte","14":"pa_cantitate-50-seminte","15":"pa_cantitate-500-seminte","16":"desktop-align-left","17":"tablet-align-left","18":"mobile-align-left","20":"first","21":"instock","22":"sale","23":"taxable","24":"shipping-taxable","25":"purchasable","26":"product-type-variable"},"_links":{"self":[{"href":"https:\/\/vivasem.ro\/index.php?rest_route=\/wp\/v2\/product\/11131","targetHints":{"allow":["GET"]}}],"collection":[{"href":"https:\/\/vivasem.ro\/index.php?rest_route=\/wp\/v2\/product"}],"about":[{"href":"https:\/\/vivasem.ro\/index.php?rest_route=\/wp\/v2\/types\/product"}],"replies":[{"embeddable":true,"href":"https:\/\/vivasem.ro\/index.php?rest_route=%2Fwp%2Fv2%2Fcomments&post=11131"}],"wp:featuredmedia":[{"embeddable":true,"href":"https:\/\/vivasem.ro\/index.php?rest_route=\/wp\/v2\/media\/8508"}],"wp:attachment":[{"href":"https:\/\/vivasem.ro\/index.php?rest_route=%2Fwp%2Fv2%2Fmedia&parent=11131"}],"wp:term":[{"taxonomy":"product_brand","embeddable":true,"href":"https:\/\/vivasem.ro\/index.php?rest_route=%2Fwp%2Fv2%2Fproduct_brand&post=11131"},{"taxonomy":"product_cat","embeddable":true,"href":"https:\/\/vivasem.ro\/index.php?rest_route=%2Fwp%2Fv2%2Fproduct_cat&post=11131"},{"taxonomy":"product_tag","embeddable":true,"href":"https:\/\/vivasem.ro\/index.php?rest_route=%2Fwp%2Fv2%2Fproduct_tag&post=11131"}],"curies":[{"name":"wp","href":"https:\/\/api.w.org\/{rel}","templated":true}]}}