{"id":11127,"date":"2023-11-18T18:19:24","date_gmt":"2023-11-18T16:19:24","guid":{"rendered":"https:\/\/vivasem.ro\/?post_type=product&#038;p=11127"},"modified":"2025-11-13T13:17:38","modified_gmt":"2025-11-13T11:17:38","slug":"pendolino-f1-25s-2","status":"publish","type":"product","link":"https:\/\/vivasem.ro\/?product=pendolino-f1-25s-2","title":{"rendered":".PENDOLINO F1"},"content":{"rendered":"<h6 class=\"page-title\"><span style=\"color: #ff0000;\">PENDOLINO F1,<\/span><\/h6>\n<h6 class=\"page-title\"><span style=\"color: #ff0000;\">-Produc\u0103tor :La Semiorto Sementi ITALIA<a href=\"https:\/\/vivasem.ro\/wp-content\/uploads\/2022\/12\/LA-SEMIORTO-2.jpg\"><img loading=\"lazy\" decoding=\"async\" class=\"alignnone size-medium wp-image-8634\" src=\"https:\/\/vivasem.ro\/wp-content\/uploads\/2022\/12\/LA-SEMIORTO-2-300x83.jpg\" alt=\"\" width=\"300\" height=\"83\" srcset=\"https:\/\/vivasem.ro\/wp-content\/uploads\/2022\/12\/LA-SEMIORTO-2-300x83.jpg 300w, https:\/\/vivasem.ro\/wp-content\/uploads\/2022\/12\/LA-SEMIORTO-2-248x69.jpg 248w, https:\/\/vivasem.ro\/wp-content\/uploads\/2022\/12\/LA-SEMIORTO-2.jpg 523w\" sizes=\"auto, (max-width: 300px) 100vw, 300px\" \/><\/a>\u00a0 \u00a0 \u00a0 \u00a0 \u00a0 \u00a0 \u00a0 \u00a0 \u00a0 \u00a0 \u00a0 \u00a0 \u00a0 \u00a0 \u00a0 \u00a0 \u00a0 \u00a0 \u00a0 \u00a0 \u00a0 \u00a0 \u00a0 \u00a0 \u00a0 \u00a0 \u00a0 \u00a0<\/span><\/h6>\n<h6><span style=\"color: #ff0000;\"><strong>Pendolino F1 este o un hibrid profesional de tomate cu cre\u0219tere nedeterminat\u0103 \u0219i fructe tip cherry &#8211; cocktail, de form\u0103 oval\u0103 si gust excelent. <\/strong><\/span><\/h6>\n<h6><span style=\"color: #0000ff;\"><strong>Hibridul de tomate Pendolino F1<\/strong> ating 20 &#8211; 30 de grame in greutate. se incadreaza perfect \u00een tipul de ro\u0219ii italiene, din zona Vezuviului , ovale, intens colorate ,puternic aromate, dulci, excelente la gust.<\/span><\/h6>\n<h6><span style=\"color: #ff0000;\">Cresterea este nedeterminat\u0103, hibridul pret\u00e2ndu-se cultiv\u0103rii \u00een toate ciclurile de cultur\u0103.<\/span><\/h6>\n<h6><span style=\"color: #0000ff;\">Foliajul este unul bun, ce acopera bine fructele iar vigoarea plantei este medie, cu internoduri scurte.<\/span><\/h6>\n<h6><span style=\"color: #0000ff;\">Hibridul formeaz\u0103\u00a0 fructele \u00een ciorchini boga\u021bi, ce pot fi culese individual sau cu tot ciorchinele .<\/span><\/h6>\n<h6><span style=\"color: #0000ff;\"><strong>Rosiile Pendolino F1\u00a0<\/strong>au o fermitate excelenta si o rezistenta buna la crapare si se preteaz\u0103 recolt\u0103rii \u0219i v\u00e2nzarii individuale, sau cu tot ciorchinele.<\/span><\/h6>\n<h6><span style=\"color: #0000ff;\"><strong style=\"font-size: 16px;\">Rosiile Pendolino F1<\/strong><span style=\"font-size: 16px;\">\u00a0prezinta si o buna rezistenta (HR) la:\u00a0<\/span><\/span><\/h6>\n<ul>\n<li>\n<h6><span style=\"color: #0000ff;\">ToMV 0-2;<\/span><\/h6>\n<\/li>\n<li>\n<h6><span style=\"color: #0000ff;\">Vd: 0;<\/span><\/h6>\n<\/li>\n<li>\n<h6><span style=\"color: #0000ff;\">Fol: 0-1;<\/span><\/h6>\n<\/li>\n<\/ul>\n","protected":false},"excerpt":{"rendered":"<h6><span style=\"color: #ff00ff;\">FOARTE GUSTOS,DEOSEBIT<\/span><span style=\"color: #ff00ff;\"> DE PRODUCTIV !<\/span><\/h6>\n","protected":false},"featured_media":11117,"comment_status":"open","ping_status":"closed","template":"","meta":{"site-sidebar-layout":"default","site-content-layout":"default","ast-site-content-layout":"default","site-content-style":"default","site-sidebar-style":"default","ast-global-header-display":"","ast-banner-title-visibility":"","ast-main-header-display":"","ast-hfb-above-header-display":"","ast-hfb-below-header-display":"","ast-hfb-mobile-header-display":"","site-post-title":"","ast-breadcrumbs-content":"","ast-featured-img":"","footer-sml-layout":"","ast-disable-related-posts":"","theme-transparent-header-meta":"default","adv-header-id-meta":"","stick-header-meta":"","header-above-stick-meta":"","header-main-stick-meta":"","header-below-stick-meta":"","astra-migrate-meta-layouts":"set","ast-page-background-enabled":"default","ast-page-background-meta":{"desktop":{"background-color":"var(--ast-global-color-4)","background-image":"","background-repeat":"repeat","background-position":"center center","background-size":"auto","background-attachment":"scroll","background-type":"","background-media":"","overlay-type":"","overlay-color":"","overlay-opacity":"","overlay-gradient":""},"tablet":{"background-color":"","background-image":"","background-repeat":"repeat","background-position":"center center","background-size":"auto","background-attachment":"scroll","background-type":"","background-media":"","overlay-type":"","overlay-color":"","overlay-opacity":"","overlay-gradient":""},"mobile":{"background-color":"","background-image":"","background-repeat":"repeat","background-position":"center center","background-size":"auto","background-attachment":"scroll","background-type":"","background-media":"","overlay-type":"","overlay-color":"","overlay-opacity":"","overlay-gradient":""}},"ast-content-background-meta":{"desktop":{"background-color":"var(--ast-global-color-5)","background-image":"","background-repeat":"repeat","background-position":"center center","background-size":"auto","background-attachment":"scroll","background-type":"","background-media":"","overlay-type":"","overlay-color":"","overlay-opacity":"","overlay-gradient":""},"tablet":{"background-color":"var(--ast-global-color-5)","background-image":"","background-repeat":"repeat","background-position":"center center","background-size":"auto","background-attachment":"scroll","background-type":"","background-media":"","overlay-type":"","overlay-color":"","overlay-opacity":"","overlay-gradient":""},"mobile":{"background-color":"var(--ast-global-color-5)","background-image":"","background-repeat":"repeat","background-position":"center center","background-size":"auto","background-attachment":"scroll","background-type":"","background-media":"","overlay-type":"","overlay-color":"","overlay-opacity":"","overlay-gradient":""}}},"product_brand":[],"product_cat":[110],"product_tag":[],"class_list":{"0":"post-11127","1":"product","2":"type-product","3":"status-publish","4":"has-post-thumbnail","6":"product_cat-tomate-hibrid","7":"pa_cantitate-10-seminte","8":"pa_cantitate-100-seminte","9":"pa_cantitate-200-seminte","10":"pa_cantitate-25-seminte","11":"pa_cantitate-250-seminte","12":"pa_cantitate-5-seminte","13":"pa_cantitate-50-seminte","14":"pa_cantitate-500-seminte","15":"desktop-align-left","16":"tablet-align-left","17":"mobile-align-left","19":"first","20":"instock","21":"sale","22":"taxable","23":"shipping-taxable","24":"purchasable","25":"product-type-variable"},"_links":{"self":[{"href":"https:\/\/vivasem.ro\/index.php?rest_route=\/wp\/v2\/product\/11127","targetHints":{"allow":["GET"]}}],"collection":[{"href":"https:\/\/vivasem.ro\/index.php?rest_route=\/wp\/v2\/product"}],"about":[{"href":"https:\/\/vivasem.ro\/index.php?rest_route=\/wp\/v2\/types\/product"}],"replies":[{"embeddable":true,"href":"https:\/\/vivasem.ro\/index.php?rest_route=%2Fwp%2Fv2%2Fcomments&post=11127"}],"wp:featuredmedia":[{"embeddable":true,"href":"https:\/\/vivasem.ro\/index.php?rest_route=\/wp\/v2\/media\/11117"}],"wp:attachment":[{"href":"https:\/\/vivasem.ro\/index.php?rest_route=%2Fwp%2Fv2%2Fmedia&parent=11127"}],"wp:term":[{"taxonomy":"product_brand","embeddable":true,"href":"https:\/\/vivasem.ro\/index.php?rest_route=%2Fwp%2Fv2%2Fproduct_brand&post=11127"},{"taxonomy":"product_cat","embeddable":true,"href":"https:\/\/vivasem.ro\/index.php?rest_route=%2Fwp%2Fv2%2Fproduct_cat&post=11127"},{"taxonomy":"product_tag","embeddable":true,"href":"https:\/\/vivasem.ro\/index.php?rest_route=%2Fwp%2Fv2%2Fproduct_tag&post=11127"}],"curies":[{"name":"wp","href":"https:\/\/api.w.org\/{rel}","templated":true}]}}