{"id":11092,"date":"2023-11-18T10:35:19","date_gmt":"2023-11-18T08:35:19","guid":{"rendered":"https:\/\/vivasem.ro\/?post_type=product&#038;p=11092"},"modified":"2024-02-08T11:28:27","modified_gmt":"2024-02-08T09:28:27","slug":"tomate-hibrid-lisa-f1-25s","status":"publish","type":"product","link":"https:\/\/vivasem.ro\/?product=tomate-hibrid-lisa-f1-25s","title":{"rendered":"\u201e\u201eTOMATE HIBRID LISA F1-  (25s)"},"content":{"rendered":"<h6 style=\"text-align: left;\"><span style=\"color: #ff0000;\"><u>TOMATE HIBRID LISA F1 ,<\/u><\/span><\/h6>\n<h6 style=\"text-align: left;\"><span style=\"color: #ff0000;\"><u>-Produc\u0103tor : NONGWOO BIO -Korea de Sud\u00a0 \u00a0 \u00a0 \u00a0 \u00a0<a href=\"https:\/\/vivasem.ro\/wp-content\/uploads\/2022\/12\/NOONGWOO-BIO.jpg\"><img loading=\"lazy\" decoding=\"async\" class=\"alignnone size-medium wp-image-8500\" src=\"https:\/\/vivasem.ro\/wp-content\/uploads\/2022\/12\/NOONGWOO-BIO-300x56.jpg\" alt=\"\" width=\"300\" height=\"56\" srcset=\"https:\/\/vivasem.ro\/wp-content\/uploads\/2022\/12\/NOONGWOO-BIO-300x56.jpg 300w, https:\/\/vivasem.ro\/wp-content\/uploads\/2022\/12\/NOONGWOO-BIO-248x46.jpg 248w, https:\/\/vivasem.ro\/wp-content\/uploads\/2022\/12\/NOONGWOO-BIO.jpg 545w\" sizes=\"auto, (max-width: 300px) 100vw, 300px\" \/><\/a><\/u><\/span><\/h6>\n<h6 style=\"text-align: left;\"><span style=\"color: #0000ff;\"><strong>Lisa F1\u00a0este un hibrid de tomate cu cre\u0219tere nedeterminat\u0103, caracterizat prin plante compacte si legare excelenta, cu un pachet foarte bun de rezisten\u021be la boli (care include TSWV si Nematozi) \u0219i fructe in forma rotund\u0103, clasic\u0103, de culoare excelent\u0103 \u0219i calitate intern\u0103 bun\u0103.\u00a0<\/strong><\/span><\/h6>\n<h6><span style=\"color: #ff0000;\">Lisa F1 este un hibrid de tomate de genera\u021bie nou\u0103, cu fructe de culoare ro\u0219u-aprins, foarte intens colorate \u0219i productive. <\/span><\/h6>\n<h6><span style=\"color: #0000ff;\">Hibridul este caracterizat prin maturitate timpurie, vigoare medie a plantelor \u0219i port compact cu legare continu\u0103.<\/span><\/h6>\n<h6><span style=\"color: #0000ff;\"><strong>Ro\u0219iile Lisa F1 <\/strong>au 230 &#8211; 245 grame, de culoare rosie atractiva (rosu &#8211; aprins), cu o calitate intern\u0103 bun\u0103 (fara umeri verzi sau variatii ale culorii la interior) \u0219i cu o fermitate excelent\u0103.\u00a0<\/span><\/h6>\n<h6><span style=\"color: #0000ff;\">Hibridul de\u00a0<strong>ro\u0219ii Lisa F1<\/strong> prezinta rezisten\u021b\u0103 ridicat\u0103 (HR) \u0219i rezisten\u021ba intermediar\u0103 (IR) la :<\/span><\/h6>\n<ul>\n<li>\n<h6><span style=\"color: #0000ff;\">HR: ToMV; Fol:1,2; For; Vd<\/span><\/h6>\n<\/li>\n<li>\n<h6><span style=\"color: #0000ff;\">IR: TSWV; Ma, Mi, Mj (<em>Nematozi)<\/em><\/span><\/h6>\n<\/li>\n<\/ul>\n<h6 style=\"text-align: left;\"><span style=\"color: #0000ff;\">\u00a0<\/span><\/h6>\n","protected":false},"excerpt":{"rendered":"<h6><span style=\"color: #0000ff;\">25 SEMIN\u021aE\u00a0<\/span><\/h6>\n<h6><span style=\"color: #ff00ff;\">EXTR<\/span><span style=\"color: #ff00ff;\">EM DE\u00a0 PRODUCTIV !<\/span><\/h6>\n","protected":false},"featured_media":10858,"comment_status":"open","ping_status":"closed","template":"","meta":{"site-sidebar-layout":"default","site-content-layout":"default","ast-site-content-layout":"default","site-content-style":"default","site-sidebar-style":"default","ast-global-header-display":"","ast-banner-title-visibility":"","ast-main-header-display":"","ast-hfb-above-header-display":"","ast-hfb-below-header-display":"","ast-hfb-mobile-header-display":"","site-post-title":"","ast-breadcrumbs-content":"","ast-featured-img":"","footer-sml-layout":"","ast-disable-related-posts":"","theme-transparent-header-meta":"default","adv-header-id-meta":"","stick-header-meta":"","header-above-stick-meta":"","header-main-stick-meta":"","header-below-stick-meta":"","astra-migrate-meta-layouts":"set","ast-page-background-enabled":"default","ast-page-background-meta":{"desktop":{"background-color":"var(--ast-global-color-4)","background-image":"","background-repeat":"repeat","background-position":"center center","background-size":"auto","background-attachment":"scroll","background-type":"","background-media":"","overlay-type":"","overlay-color":"","overlay-opacity":"","overlay-gradient":""},"tablet":{"background-color":"","background-image":"","background-repeat":"repeat","background-position":"center center","background-size":"auto","background-attachment":"scroll","background-type":"","background-media":"","overlay-type":"","overlay-color":"","overlay-opacity":"","overlay-gradient":""},"mobile":{"background-color":"","background-image":"","background-repeat":"repeat","background-position":"center center","background-size":"auto","background-attachment":"scroll","background-type":"","background-media":"","overlay-type":"","overlay-color":"","overlay-opacity":"","overlay-gradient":""}},"ast-content-background-meta":{"desktop":{"background-color":"var(--ast-global-color-5)","background-image":"","background-repeat":"repeat","background-position":"center center","background-size":"auto","background-attachment":"scroll","background-type":"","background-media":"","overlay-type":"","overlay-color":"","overlay-opacity":"","overlay-gradient":""},"tablet":{"background-color":"var(--ast-global-color-5)","background-image":"","background-repeat":"repeat","background-position":"center center","background-size":"auto","background-attachment":"scroll","background-type":"","background-media":"","overlay-type":"","overlay-color":"","overlay-opacity":"","overlay-gradient":""},"mobile":{"background-color":"var(--ast-global-color-5)","background-image":"","background-repeat":"repeat","background-position":"center center","background-size":"auto","background-attachment":"scroll","background-type":"","background-media":"","overlay-type":"","overlay-color":"","overlay-opacity":"","overlay-gradient":""}}},"product_brand":[],"product_cat":[110],"product_tag":[],"class_list":{"0":"post-11092","1":"product","2":"type-product","3":"status-publish","4":"has-post-thumbnail","6":"product_cat-tomate-hibrid","7":"desktop-align-left","8":"tablet-align-left","9":"mobile-align-left","11":"first","12":"outofstock","13":"taxable","14":"shipping-taxable","15":"purchasable","16":"product-type-simple"},"_links":{"self":[{"href":"https:\/\/vivasem.ro\/index.php?rest_route=\/wp\/v2\/product\/11092","targetHints":{"allow":["GET"]}}],"collection":[{"href":"https:\/\/vivasem.ro\/index.php?rest_route=\/wp\/v2\/product"}],"about":[{"href":"https:\/\/vivasem.ro\/index.php?rest_route=\/wp\/v2\/types\/product"}],"replies":[{"embeddable":true,"href":"https:\/\/vivasem.ro\/index.php?rest_route=%2Fwp%2Fv2%2Fcomments&post=11092"}],"wp:featuredmedia":[{"embeddable":true,"href":"https:\/\/vivasem.ro\/index.php?rest_route=\/wp\/v2\/media\/10858"}],"wp:attachment":[{"href":"https:\/\/vivasem.ro\/index.php?rest_route=%2Fwp%2Fv2%2Fmedia&parent=11092"}],"wp:term":[{"taxonomy":"product_brand","embeddable":true,"href":"https:\/\/vivasem.ro\/index.php?rest_route=%2Fwp%2Fv2%2Fproduct_brand&post=11092"},{"taxonomy":"product_cat","embeddable":true,"href":"https:\/\/vivasem.ro\/index.php?rest_route=%2Fwp%2Fv2%2Fproduct_cat&post=11092"},{"taxonomy":"product_tag","embeddable":true,"href":"https:\/\/vivasem.ro\/index.php?rest_route=%2Fwp%2Fv2%2Fproduct_tag&post=11092"}],"curies":[{"name":"wp","href":"https:\/\/api.w.org\/{rel}","templated":true}]}}