{"id":11087,"date":"2023-11-18T07:46:52","date_gmt":"2023-11-18T05:46:52","guid":{"rendered":"https:\/\/vivasem.ro\/?post_type=product&#038;p=11087"},"modified":"2025-12-19T18:23:05","modified_gmt":"2025-12-19T16:23:05","slug":"ardei-gras-getic-50s","status":"publish","type":"product","link":"https:\/\/vivasem.ro\/?product=ardei-gras-getic-50s","title":{"rendered":"ARDEI GRAS GETIC (50s)"},"content":{"rendered":"<h6><span style=\"color: #ff0000;\"><strong><u>ARDEI GRAS GETIC-Patru Agro SRL Rom\u00e2nia,<\/u><\/strong><\/span><\/h6>\n<div class=\"ast-oembed-container \" style=\"height: 100%;\"><iframe loading=\"lazy\" title=\"Cultura Ardei Gras Getic\" width=\"500\" height=\"281\" src=\"https:\/\/www.youtube.com\/embed\/60wtUkhMeoc?feature=oembed\" frameborder=\"0\" allow=\"accelerometer; autoplay; clipboard-write; encrypted-media; gyroscope; picture-in-picture; web-share\" referrerpolicy=\"strict-origin-when-cross-origin\" allowfullscreen><\/iframe><\/div>\n<h6><span style=\"color: #0000ff;\"><strong>Soi rom\u00e2nesc ce produce <span style=\"color: #0000ff;\">f<\/span><\/strong>ructele de culoare galben-cerat la maturitatea tehnic\u0103 \u015fi ro\u015fie la maturitatea fiziologic\u0103.<\/span><\/h6>\n<h6>Fructele au forma u\u015for alungit\u0103 cu 3-4 lobi de tip blocky,<span style=\"color: #0000ff;\"> sunt mari,<\/span> <span style=\"color: #0000ff;\">cu o greutate medie de 150-170 grame, iar pulpa este groas\u0103 de 6-7 milimetri \u0219i se remarc\u0103 printr-o bun\u0103 uniformitate,<\/span><\/h6>\n<h6>Planta dezvoltat\u0103 o tulpin\u0103 ramificat\u0103, viguroas\u0103 \u015fi compact\u0103, capabil\u0103 s\u0103 sus\u0163in\u0103 un num\u0103r mare de fructe.<\/h6>\n<h6>Foliajul este bogat cu frunze de form\u0103 oval\u0103 \u015fi culoare verde \u00eenchis.<\/h6>\n<h6>Varietate cu o productivitate ridicat\u0103 \u015fi constant\u0103, bine adaptat\u0103 at\u00e2t la cultura \u00een spa\u0163ii protejate c\u00e2t \u015fi la cultura \u00een c\u00e2mp.<\/h6>\n<h6>Se utilizeaz\u0103 \u00een stare proasp\u0103t\u0103 \u015fi prin prelucrare \u015fi industrializare.<\/h6>\n<h6>Fructele au un aspect comercial pl\u0103cut, valoare alimentar\u0103 ridicat\u0103, sunt uniforme \u015fi cu gust dulce.<\/h6>\n<h6><\/h6>\n","protected":false},"excerpt":{"rendered":"<h6><span style=\"color: #0000ff;\">\u00a050 SEMIN\u021aE<\/span><\/h6>\n<h6><span style=\"color: #ff00ff;\">PRODUCTIVITATE RIDICAT\u0102 !<\/span><\/h6>\n<h6><span style=\"color: #ff00ff;\"><img loading=\"lazy\" decoding=\"async\" class=\"alignnone wp-image-7098\" src=\"https:\/\/vivasem.ro\/wp-content\/uploads\/2021\/11\/RO-1-300x107.jpg\" alt=\"\" width=\"171\" height=\"61\" \/><\/span><\/h6>\n","protected":false},"featured_media":7975,"comment_status":"open","ping_status":"closed","template":"","meta":{"site-sidebar-layout":"default","site-content-layout":"default","ast-site-content-layout":"default","site-content-style":"default","site-sidebar-style":"default","ast-global-header-display":"","ast-banner-title-visibility":"","ast-main-header-display":"","ast-hfb-above-header-display":"","ast-hfb-below-header-display":"","ast-hfb-mobile-header-display":"","site-post-title":"","ast-breadcrumbs-content":"","ast-featured-img":"","footer-sml-layout":"","ast-disable-related-posts":"","theme-transparent-header-meta":"default","adv-header-id-meta":"","stick-header-meta":"","header-above-stick-meta":"","header-main-stick-meta":"","header-below-stick-meta":"","astra-migrate-meta-layouts":"set","ast-page-background-enabled":"default","ast-page-background-meta":{"desktop":{"background-color":"var(--ast-global-color-4)","background-image":"","background-repeat":"repeat","background-position":"center center","background-size":"auto","background-attachment":"scroll","background-type":"","background-media":"","overlay-type":"","overlay-color":"","overlay-opacity":"","overlay-gradient":""},"tablet":{"background-color":"","background-image":"","background-repeat":"repeat","background-position":"center center","background-size":"auto","background-attachment":"scroll","background-type":"","background-media":"","overlay-type":"","overlay-color":"","overlay-opacity":"","overlay-gradient":""},"mobile":{"background-color":"","background-image":"","background-repeat":"repeat","background-position":"center center","background-size":"auto","background-attachment":"scroll","background-type":"","background-media":"","overlay-type":"","overlay-color":"","overlay-opacity":"","overlay-gradient":""}},"ast-content-background-meta":{"desktop":{"background-color":"var(--ast-global-color-5)","background-image":"","background-repeat":"repeat","background-position":"center center","background-size":"auto","background-attachment":"scroll","background-type":"","background-media":"","overlay-type":"","overlay-color":"","overlay-opacity":"","overlay-gradient":""},"tablet":{"background-color":"var(--ast-global-color-5)","background-image":"","background-repeat":"repeat","background-position":"center center","background-size":"auto","background-attachment":"scroll","background-type":"","background-media":"","overlay-type":"","overlay-color":"","overlay-opacity":"","overlay-gradient":""},"mobile":{"background-color":"var(--ast-global-color-5)","background-image":"","background-repeat":"repeat","background-position":"center center","background-size":"auto","background-attachment":"scroll","background-type":"","background-media":"","overlay-type":"","overlay-color":"","overlay-opacity":"","overlay-gradient":""}}},"product_brand":[],"product_cat":[84,146],"product_tag":[],"class_list":{"0":"post-11087","1":"product","2":"type-product","3":"status-publish","4":"has-post-thumbnail","6":"product_cat-ardei","7":"product_cat-ardei-soi","8":"desktop-align-left","9":"tablet-align-left","10":"mobile-align-left","12":"first","13":"instock","14":"taxable","15":"shipping-taxable","16":"purchasable","17":"product-type-simple"},"_links":{"self":[{"href":"https:\/\/vivasem.ro\/index.php?rest_route=\/wp\/v2\/product\/11087","targetHints":{"allow":["GET"]}}],"collection":[{"href":"https:\/\/vivasem.ro\/index.php?rest_route=\/wp\/v2\/product"}],"about":[{"href":"https:\/\/vivasem.ro\/index.php?rest_route=\/wp\/v2\/types\/product"}],"replies":[{"embeddable":true,"href":"https:\/\/vivasem.ro\/index.php?rest_route=%2Fwp%2Fv2%2Fcomments&post=11087"}],"wp:featuredmedia":[{"embeddable":true,"href":"https:\/\/vivasem.ro\/index.php?rest_route=\/wp\/v2\/media\/7975"}],"wp:attachment":[{"href":"https:\/\/vivasem.ro\/index.php?rest_route=%2Fwp%2Fv2%2Fmedia&parent=11087"}],"wp:term":[{"taxonomy":"product_brand","embeddable":true,"href":"https:\/\/vivasem.ro\/index.php?rest_route=%2Fwp%2Fv2%2Fproduct_brand&post=11087"},{"taxonomy":"product_cat","embeddable":true,"href":"https:\/\/vivasem.ro\/index.php?rest_route=%2Fwp%2Fv2%2Fproduct_cat&post=11087"},{"taxonomy":"product_tag","embeddable":true,"href":"https:\/\/vivasem.ro\/index.php?rest_route=%2Fwp%2Fv2%2Fproduct_tag&post=11087"}],"curies":[{"name":"wp","href":"https:\/\/api.w.org\/{rel}","templated":true}]}}