{"id":11075,"date":"2023-11-16T22:29:23","date_gmt":"2023-11-16T20:29:23","guid":{"rendered":"https:\/\/vivasem.ro\/?post_type=product&#038;p=11075"},"modified":"2024-02-03T23:55:18","modified_gmt":"2024-02-03T21:55:18","slug":"castraveti-hibrid-erlend-f1-50s","status":"publish","type":"product","link":"https:\/\/vivasem.ro\/?product=castraveti-hibrid-erlend-f1-50s","title":{"rendered":"\u201e\u201eCASTRAVETI HIBRID ERLEND F1 (OFERTA 100 Seminte)"},"content":{"rendered":"<h6><span style=\"color: #ff0000;\">CASTRAVETI ERLEND F1<\/span><\/h6>\n<h6><span style=\"color: #ff0000;\">-Produc\u0103tor :ENZA ZADEN Olanda,<\/span><\/h6>\n<h6>Videoclipuri de prezentare :<\/h6>\n<div class=\"ast-oembed-container \" style=\"height: 100%;\"><iframe loading=\"lazy\" title=\"Enza Zaden Poland: Erlend F1 nowa odmiana w typie pickling\" width=\"500\" height=\"281\" src=\"https:\/\/www.youtube.com\/embed\/-vP4ReHqBhw?feature=oembed\" frameborder=\"0\" allow=\"accelerometer; autoplay; clipboard-write; encrypted-media; gyroscope; picture-in-picture; web-share\" referrerpolicy=\"strict-origin-when-cross-origin\" allowfullscreen><\/iframe><\/div>\n<h6><span style=\"color: #0000ff;\">Hibrid de castrave\u021bi cornichon partenocarpic,multifruct, extrem de productiv, extratimpuriu<\/span>, <span style=\"font-size: 1.1em; font-weight: bold; color: #0000ff;\">recomandat cultiv\u0103rii pe tot parcursul anului, dar cu rezultate maxime prim\u0103vara \u0219i toamna.<\/span><\/h6>\n<h6><span style=\"color: #ff0000;\">Fructific\u0103 foarte bine \u00een condi\u021bii de stres, nu este afectat de schimbarile bru\u0219te de temperatura,nici de temperaturi sc\u0103zute sau ridicate.<\/span><\/h6>\n<h6>Formeaz\u0103 fructe cu \u021bepi, uniforme, drepte,cilindrice, de culoare verde \u00eenchis cu lungime de 12-14 cm,.<\/h6>\n<h6>Planta compact\u0103, cu port deschis \u0219i internodii scurte, leag\u0103 c\u00e2te 2-4 fructe per nod.<\/h6>\n<h6>Recomandat pentru consum \u00een stare proasp\u0103t\u0103 sau pentru procesare\/murare.<\/h6>\n<h6><span style=\"color: #0000ff;\">Se poate cultiva prim\u0103vara \u0219i toamna \u00een solarii ne\u00eenc\u0103lzite, dar \u0219i \u00een c\u00e2mp deschis.CMV\/CVYV\/Px\/<\/span><\/h6>\n<h6>Este rezistent la\u00a0\u00a0:-CMV=Virusul mozaicului castravetilor<\/h6>\n<h6>-CVYV=Virusul \u00eeng\u0103lbenirii castrave\u021bilor<\/h6>\n<h6>&#8211; Px=F\u0103inarea cucurbitaceelor (Podosphaera xanthii)<\/h6>\n<h6><span style=\"color: #0000ff;\"><span style=\"color: #000000;\">-ZYMV<\/span><\/span>=Virusul mozaicului galben al dovleceilor<\/h6>\n<h6>Perioada de vegetatie 57-60 zile (de la germinare)<\/h6>\n<h6><\/h6>\n<h6><span style=\"color: #0000ff;\">DE CULTIVAT \u00ceN SOLAR \u0219i \u00ceN <\/span><span style=\"color: #0000ff;\">GR\u0102DIN\u0102.<\/span><\/h6>\n<h6><span style=\"color: #0000ff;\">.<\/span><\/h6>\n<p>&nbsp;<\/p>\n","protected":false},"excerpt":{"rendered":"<h6><span style=\"color: #0000ff;\">100 SEMIN\u021aE\u00a0<\/span><\/h6>\n<h6><span style=\"color: #ff00ff;\">EXTREM DE PRODUCTIV, <\/span><span style=\"color: #ff00ff;\">FOARTE REZISTENT<\/span><span style=\"color: #ff00ff;\">!<\/span><\/h6>\n<h6><span style=\"color: #ff0000;\">VEZI VIDEOCLIP !<\/span><\/h6>\n","protected":false},"featured_media":11071,"comment_status":"open","ping_status":"closed","template":"","meta":{"site-sidebar-layout":"default","site-content-layout":"default","ast-site-content-layout":"default","site-content-style":"default","site-sidebar-style":"default","ast-global-header-display":"","ast-banner-title-visibility":"","ast-main-header-display":"","ast-hfb-above-header-display":"","ast-hfb-below-header-display":"","ast-hfb-mobile-header-display":"","site-post-title":"","ast-breadcrumbs-content":"","ast-featured-img":"","footer-sml-layout":"","ast-disable-related-posts":"","theme-transparent-header-meta":"default","adv-header-id-meta":"","stick-header-meta":"","header-above-stick-meta":"","header-main-stick-meta":"","header-below-stick-meta":"","astra-migrate-meta-layouts":"set","ast-page-background-enabled":"default","ast-page-background-meta":{"desktop":{"background-color":"var(--ast-global-color-4)","background-image":"","background-repeat":"repeat","background-position":"center center","background-size":"auto","background-attachment":"scroll","background-type":"","background-media":"","overlay-type":"","overlay-color":"","overlay-opacity":"","overlay-gradient":""},"tablet":{"background-color":"","background-image":"","background-repeat":"repeat","background-position":"center center","background-size":"auto","background-attachment":"scroll","background-type":"","background-media":"","overlay-type":"","overlay-color":"","overlay-opacity":"","overlay-gradient":""},"mobile":{"background-color":"","background-image":"","background-repeat":"repeat","background-position":"center center","background-size":"auto","background-attachment":"scroll","background-type":"","background-media":"","overlay-type":"","overlay-color":"","overlay-opacity":"","overlay-gradient":""}},"ast-content-background-meta":{"desktop":{"background-color":"var(--ast-global-color-5)","background-image":"","background-repeat":"repeat","background-position":"center center","background-size":"auto","background-attachment":"scroll","background-type":"","background-media":"","overlay-type":"","overlay-color":"","overlay-opacity":"","overlay-gradient":""},"tablet":{"background-color":"var(--ast-global-color-5)","background-image":"","background-repeat":"repeat","background-position":"center center","background-size":"auto","background-attachment":"scroll","background-type":"","background-media":"","overlay-type":"","overlay-color":"","overlay-opacity":"","overlay-gradient":""},"mobile":{"background-color":"var(--ast-global-color-5)","background-image":"","background-repeat":"repeat","background-position":"center center","background-size":"auto","background-attachment":"scroll","background-type":"","background-media":"","overlay-type":"","overlay-color":"","overlay-opacity":"","overlay-gradient":""}}},"product_brand":[],"product_cat":[83],"product_tag":[],"class_list":{"0":"post-11075","1":"product","2":"type-product","3":"status-publish","4":"has-post-thumbnail","6":"product_cat-castraveti-hibrid","7":"desktop-align-left","8":"tablet-align-left","9":"mobile-align-left","11":"first","12":"outofstock","13":"taxable","14":"shipping-taxable","15":"purchasable","16":"product-type-simple"},"_links":{"self":[{"href":"https:\/\/vivasem.ro\/index.php?rest_route=\/wp\/v2\/product\/11075","targetHints":{"allow":["GET"]}}],"collection":[{"href":"https:\/\/vivasem.ro\/index.php?rest_route=\/wp\/v2\/product"}],"about":[{"href":"https:\/\/vivasem.ro\/index.php?rest_route=\/wp\/v2\/types\/product"}],"replies":[{"embeddable":true,"href":"https:\/\/vivasem.ro\/index.php?rest_route=%2Fwp%2Fv2%2Fcomments&post=11075"}],"wp:featuredmedia":[{"embeddable":true,"href":"https:\/\/vivasem.ro\/index.php?rest_route=\/wp\/v2\/media\/11071"}],"wp:attachment":[{"href":"https:\/\/vivasem.ro\/index.php?rest_route=%2Fwp%2Fv2%2Fmedia&parent=11075"}],"wp:term":[{"taxonomy":"product_brand","embeddable":true,"href":"https:\/\/vivasem.ro\/index.php?rest_route=%2Fwp%2Fv2%2Fproduct_brand&post=11075"},{"taxonomy":"product_cat","embeddable":true,"href":"https:\/\/vivasem.ro\/index.php?rest_route=%2Fwp%2Fv2%2Fproduct_cat&post=11075"},{"taxonomy":"product_tag","embeddable":true,"href":"https:\/\/vivasem.ro\/index.php?rest_route=%2Fwp%2Fv2%2Fproduct_tag&post=11075"}],"curies":[{"name":"wp","href":"https:\/\/api.w.org\/{rel}","templated":true}]}}