{"id":11069,"date":"2023-11-16T21:16:27","date_gmt":"2023-11-16T19:16:27","guid":{"rendered":"https:\/\/vivasem.ro\/?post_type=product&#038;p=11069"},"modified":"2025-01-09T10:15:50","modified_gmt":"2025-01-09T08:15:50","slug":"marar-aneto-patru-agro-5gr","status":"publish","type":"product","link":"https:\/\/vivasem.ro\/?product=marar-aneto-patru-agro-5gr","title":{"rendered":"\u201e\u201eM\u0102RAR ANETO (PATRU AGRO) (5Gr.)"},"content":{"rendered":"<h6><span style=\"color: #ff0000;\">M\u0102RAR ANETO, \u00a0\u00a0 \u00a0\u00a0 \u00a0\u00a0 \u00a0\u00a0 \u00a0\u00a0 \u00a0\u00a0 \u00a0\u00a0 \u00a0\u00a0 \u00a0\u00a0 \u00a0\u00a0 \u00a0\u00a0 \u00a0\u00a0 \u00a0\u00a0 \u00a0\u00a0 \u00a0\u00a0 <a href=\"https:\/\/vivasem.ro\/wp-content\/uploads\/2023\/06\/PATRU-AGRO-original.jpg\"><img loading=\"lazy\" decoding=\"async\" class=\"alignnone wp-image-11044\" src=\"https:\/\/vivasem.ro\/wp-content\/uploads\/2023\/06\/PATRU-AGRO-300x120.jpg\" alt=\"\" width=\"143\" height=\"57\" srcset=\"https:\/\/vivasem.ro\/wp-content\/uploads\/2023\/06\/PATRU-AGRO-300x120.jpg 300w, https:\/\/vivasem.ro\/wp-content\/uploads\/2023\/06\/PATRU-AGRO-original-248x99.jpg 248w, https:\/\/vivasem.ro\/wp-content\/uploads\/2023\/06\/PATRU-AGRO-original.jpg 420w\" sizes=\"auto, (max-width: 143px) 100vw, 143px\" \/><\/a><\/span><\/h6>\n<h6><span style=\"color: #ff0000;\">\u00a0PRODUC\u0102TOR: 4 AGRO ROMANIA,<\/span><\/h6>\n<ul>\n<li>\n<h6><span style=\"color: #0000ff;\"><strong>PLANT\u0102 ANUAL\u0102, RUSTIC\u0102, MULT UTILIZAT\u0102 \u00ceN BUC\u0102T\u0102RIA ROM\u00c2NEASC\u0102<\/strong><\/span><\/h6>\n<\/li>\n<li>\n<h6><strong>ESTE O VARIETATE CLASIC\u0102 DE M\u0102RAR,U\u0218OR DE CULTICAT \u00ceN GR\u0102DIN\u0102 SAU \u00ceN GHIVECE<\/strong><\/h6>\n<\/li>\n<li>\n<h6><span style=\"color: #0000ff;\"><strong>ARE AROM\u0102 FOARTE \u00ceN\u021aEP\u0102TOARE SIMILAR\u0102 CU CEA A FENICULULUI<\/strong><\/span><\/h6>\n<\/li>\n<li>\n<h6><span style=\"color: #0000ff;\"><strong>PLANTELE SUNT \u00ceNALTE, ERECTE , CU FRUNZE MICI<\/strong><\/span><\/h6>\n<\/li>\n<li>\n<h6><span style=\"color: #0000ff;\"><strong>PLANTA PREZINT\u0102 UN FOLIAJ DENS, DE CULOARE VERDE \u00ceNCHIS SPECIFIC<\/strong><\/span><\/h6>\n<\/li>\n<li>\n<h6><span style=\"color: #0000ff;\"><strong>\u00ceN\u0102L\u0162IMEA ESTE DE 20-30 CM<\/strong><\/span><\/h6>\n<\/li>\n<li>\n<h6><span style=\"color: #0000ff;\"><strong>M\u0102RARUL ESTE REZISTENT LA FRIG<\/strong><\/span><\/h6>\n<\/li>\n<li>\n<h6><strong>SE POATE SEM\u0102NA AT\u00c2T PRIM\u0102VARA DEVREME C\u00c2T \u0218I TOAMNA \u00ceN CULTURA PUR\u0102 SAU ASOCIAT\u0102<\/strong><\/h6>\n<\/li>\n<li>\n<h6><span style=\"color: #0000ff;\"><strong>SE CULTIV\u0102 PENTRU FRUNZELE \u0218I TULPINILE SALE TINERE CARE SE FOLOSESC LA CONDIMENTAREA SI AROMATIZAREA DIFERITELOR PREPARATE CULINARE, DAR \u0218I \u00ceN INDUSTRIA CONSERVELOR SAU LA PREPAREA MUR\u0102TURILOR<\/strong><\/span><\/h6>\n<\/li>\n<li>\n<h6><span style=\"color: #0000ff;\"><strong>SE POATE CONSUMA \u00ceN STARE PROASP\u0102T\u0102 DAR \u0218I DESHIDRATAT<\/strong><\/span><\/h6>\n<\/li>\n<li>\n<h6><span style=\"color: #0000ff;\"><strong>SE \u00ceNS\u0102M\u00c2N\u0162EAZ\u0102 PRIM\u0102VARA, VARA \u015eI TOAMNA<\/strong><\/span><\/h6>\n<ul>\n<li>\n<h6><strong>DENUMIREA LATINA:\u00a0<\/strong>ANETHUM GRAVEOLENS L.<\/h6>\n<\/li>\n<li>\n<h6>SUNT 500-550 SEMINTE\/GRAM<\/h6>\n<\/li>\n<\/ul>\n<table style=\"height: 166px;\" border=\"1\" width=\"660\" cellspacing=\"1\" cellpadding=\"1\" align=\"center\">\n<tbody>\n<tr>\n<td rowspan=\"2\">\n<h6><strong>SEMANARE IN CAMP<\/strong><\/h6>\n<\/td>\n<td rowspan=\"2\">\n<h6><\/h6>\n<\/td>\n<td rowspan=\"2\">\n<h6><strong>RARIRE<\/strong><\/h6>\n<\/td>\n<td rowspan=\"2\">\n<h6><\/h6>\n<\/td>\n<td rowspan=\"2\">\n<h6><strong>RECOLTARE<\/strong><\/h6>\n<\/td>\n<td rowspan=\"2\">\n<h6><strong>ADANCIME SEMANARE<\/strong><\/h6>\n<\/td>\n<td rowspan=\"2\">\n<h6><strong>DISTANTA INTRE RANDURI<\/strong><\/h6>\n<\/td>\n<td rowspan=\"2\"><\/td>\n<td colspan=\"2\"><\/td>\n<\/tr>\n<tr>\n<td><\/td>\n<td><\/td>\n<\/tr>\n<tr>\n<td>\n<h6><strong>MARTIE-IULIE<\/strong><\/h6>\n<\/td>\n<td>\n<h6><\/h6>\n<\/td>\n<td>\n<h6><strong>APRILIE-AUGUST<\/strong><\/h6>\n<\/td>\n<td>\n<h6><\/h6>\n<\/td>\n<td>\n<h6><strong>MAI-OCTOMBRIE<\/strong><\/h6>\n<\/td>\n<td>\n<h6><strong>1 C<em>M<\/em><\/strong><\/h6>\n<\/td>\n<td><em><strong>25 CM<\/strong><\/em><\/td>\n<\/tr>\n<\/tbody>\n<\/table>\n<\/li>\n<\/ul>\n","protected":false},"excerpt":{"rendered":"<h6><span style=\"color: #0000ff;\">\u00a05 grame\/4000 SEMIN\u021aE\/\u00a0<\/span><\/h6>\n<p><img loading=\"lazy\" decoding=\"async\" class=\"alignnone wp-image-7098\" src=\"https:\/\/vivasem.ro\/wp-content\/uploads\/2021\/11\/RO-1-300x107.jpg\" alt=\"\" width=\"182\" height=\"65\" \/><\/p>\n","protected":false},"featured_media":11175,"comment_status":"open","ping_status":"closed","template":"","meta":{"site-sidebar-layout":"default","site-content-layout":"default","ast-site-content-layout":"default","site-content-style":"default","site-sidebar-style":"default","ast-global-header-display":"","ast-banner-title-visibility":"","ast-main-header-display":"","ast-hfb-above-header-display":"","ast-hfb-below-header-display":"","ast-hfb-mobile-header-display":"","site-post-title":"","ast-breadcrumbs-content":"","ast-featured-img":"","footer-sml-layout":"","ast-disable-related-posts":"","theme-transparent-header-meta":"default","adv-header-id-meta":"","stick-header-meta":"","header-above-stick-meta":"","header-main-stick-meta":"","header-below-stick-meta":"","astra-migrate-meta-layouts":"set","ast-page-background-enabled":"default","ast-page-background-meta":{"desktop":{"background-color":"var(--ast-global-color-4)","background-image":"","background-repeat":"repeat","background-position":"center center","background-size":"auto","background-attachment":"scroll","background-type":"","background-media":"","overlay-type":"","overlay-color":"","overlay-opacity":"","overlay-gradient":""},"tablet":{"background-color":"","background-image":"","background-repeat":"repeat","background-position":"center center","background-size":"auto","background-attachment":"scroll","background-type":"","background-media":"","overlay-type":"","overlay-color":"","overlay-opacity":"","overlay-gradient":""},"mobile":{"background-color":"","background-image":"","background-repeat":"repeat","background-position":"center center","background-size":"auto","background-attachment":"scroll","background-type":"","background-media":"","overlay-type":"","overlay-color":"","overlay-opacity":"","overlay-gradient":""}},"ast-content-background-meta":{"desktop":{"background-color":"var(--ast-global-color-5)","background-image":"","background-repeat":"repeat","background-position":"center center","background-size":"auto","background-attachment":"scroll","background-type":"","background-media":"","overlay-type":"","overlay-color":"","overlay-opacity":"","overlay-gradient":""},"tablet":{"background-color":"var(--ast-global-color-5)","background-image":"","background-repeat":"repeat","background-position":"center center","background-size":"auto","background-attachment":"scroll","background-type":"","background-media":"","overlay-type":"","overlay-color":"","overlay-opacity":"","overlay-gradient":""},"mobile":{"background-color":"var(--ast-global-color-5)","background-image":"","background-repeat":"repeat","background-position":"center center","background-size":"auto","background-attachment":"scroll","background-type":"","background-media":"","overlay-type":"","overlay-color":"","overlay-opacity":"","overlay-gradient":""}}},"product_brand":[],"product_cat":[90],"product_tag":[],"class_list":{"0":"post-11069","1":"product","2":"type-product","3":"status-publish","4":"has-post-thumbnail","6":"product_cat-plante-aromatice","7":"desktop-align-left","8":"tablet-align-left","9":"mobile-align-left","11":"first","12":"outofstock","13":"taxable","14":"shipping-taxable","15":"purchasable","16":"product-type-simple"},"_links":{"self":[{"href":"https:\/\/vivasem.ro\/index.php?rest_route=\/wp\/v2\/product\/11069","targetHints":{"allow":["GET"]}}],"collection":[{"href":"https:\/\/vivasem.ro\/index.php?rest_route=\/wp\/v2\/product"}],"about":[{"href":"https:\/\/vivasem.ro\/index.php?rest_route=\/wp\/v2\/types\/product"}],"replies":[{"embeddable":true,"href":"https:\/\/vivasem.ro\/index.php?rest_route=%2Fwp%2Fv2%2Fcomments&post=11069"}],"wp:featuredmedia":[{"embeddable":true,"href":"https:\/\/vivasem.ro\/index.php?rest_route=\/wp\/v2\/media\/11175"}],"wp:attachment":[{"href":"https:\/\/vivasem.ro\/index.php?rest_route=%2Fwp%2Fv2%2Fmedia&parent=11069"}],"wp:term":[{"taxonomy":"product_brand","embeddable":true,"href":"https:\/\/vivasem.ro\/index.php?rest_route=%2Fwp%2Fv2%2Fproduct_brand&post=11069"},{"taxonomy":"product_cat","embeddable":true,"href":"https:\/\/vivasem.ro\/index.php?rest_route=%2Fwp%2Fv2%2Fproduct_cat&post=11069"},{"taxonomy":"product_tag","embeddable":true,"href":"https:\/\/vivasem.ro\/index.php?rest_route=%2Fwp%2Fv2%2Fproduct_tag&post=11069"}],"curies":[{"name":"wp","href":"https:\/\/api.w.org\/{rel}","templated":true}]}}