{"id":11068,"date":"2023-11-16T21:06:51","date_gmt":"2023-11-16T19:06:51","guid":{"rendered":"https:\/\/vivasem.ro\/?post_type=product&#038;p=11068"},"modified":"2026-01-25T16:51:23","modified_gmt":"2026-01-25T14:51:23","slug":"salata-iulia","status":"publish","type":"product","link":"https:\/\/vivasem.ro\/?product=salata-iulia","title":{"rendered":"SALATA IULIA"},"content":{"rendered":"<h6><span style=\"color: #ff0000;\">\u201e\u201eSALATA IULIA-4AG12, \u00a0\u00a0 \u00a0\u00a0 \u00a0\u00a0 \u00a0\u00a0 \u00a0\u00a0 \u00a0\u00a0 \u00a0\u00a0 \u00a0\u00a0 \u00a0\u00a0 \u00a0\u00a0 \u00a0\u00a0 \u00a0\u00a0 \u00a0\u00a0 \u00a0\u00a0 \u00a0\u00a0 <a href=\"https:\/\/vivasem.ro\/wp-content\/uploads\/2023\/06\/PATRU-AGRO-original.jpg\"><img loading=\"lazy\" decoding=\"async\" class=\"alignnone wp-image-11044\" src=\"https:\/\/vivasem.ro\/wp-content\/uploads\/2023\/06\/PATRU-AGRO-300x120.jpg\" alt=\"\" width=\"143\" height=\"57\" srcset=\"https:\/\/vivasem.ro\/wp-content\/uploads\/2023\/06\/PATRU-AGRO-300x120.jpg 300w, https:\/\/vivasem.ro\/wp-content\/uploads\/2023\/06\/PATRU-AGRO-original-248x99.jpg 248w, https:\/\/vivasem.ro\/wp-content\/uploads\/2023\/06\/PATRU-AGRO-original.jpg 420w\" sizes=\"auto, (max-width: 143px) 100vw, 143px\" \/><\/a><\/span><\/h6>\n<h6><span style=\"color: #ff0000;\">\u00a0PRODUC\u0102TOR: 4 AGRO ROMANIA,<\/span><\/h6>\n<h6><span style=\"color: #0000ff;\">Este o salat\u0103 cu c\u0103p\u0103\u0163\u00e2n\u0103 mare, ce ajunge la 400-500 grame, cu maturitate timpurie, destinat\u0103 culturii \u00een c\u00e2mp sau \u00een spa\u0163ii protejate ne\u00eenc\u0103lzite.<\/span><\/h6>\n<h6><span style=\"color: #ff0000;\">Soi foarte flexibil , ce se preteaz\u0103 pentru cultura de prim\u0103var\u0103, var\u0103 \u0219i toamn\u0103, practic tot sezonul \u0219i are o toleran\u021b\u0103 bun\u0103 la boli.<\/span><\/h6>\n<h6><span style=\"color: #ff0000;\">C\u0103p\u0103\u0163\u00e2na este bine \u00eendesat\u0103, cu un diametru mare \u015fi are o form\u0103 eliptic\u0103.<\/span><\/h6>\n<h6><span style=\"color: #ff0000;\">\u00a0Frunzele sunt sub\u021biri,fragede, de culoare\u00a0verde, cu tent\u0103 g\u0103lbuie, foarte deschis\u0103.<\/span><\/h6>\n<h6>Se utilizeaz\u0103 pentru consum \u00een stare proasp\u0103t\u0103.ca salat\u0103 \u015fi preparat\u0103, datorit\u0103 gustului foarte pl\u0103cut \u015fi fine\u0163ii frunzelor.<\/h6>\n<h6><span style=\"color: #0000ff;\">SOI ROM\u00c2NESC !<\/span><\/h6>\n","protected":false},"excerpt":{"rendered":"<h6><span style=\"color: #0000ff;\">\u00a01 gram\/800 SEMIN\u021aE\/\u00a0<\/span><\/h6>\n<p><img loading=\"lazy\" decoding=\"async\" class=\"alignnone wp-image-7098\" src=\"https:\/\/vivasem.ro\/wp-content\/uploads\/2021\/11\/RO-1-300x107.jpg\" alt=\"\" width=\"182\" height=\"65\" \/><\/p>\n","protected":false},"featured_media":11179,"comment_status":"open","ping_status":"closed","template":"","meta":{"site-sidebar-layout":"default","site-content-layout":"default","ast-site-content-layout":"default","site-content-style":"default","site-sidebar-style":"default","ast-global-header-display":"","ast-banner-title-visibility":"","ast-main-header-display":"","ast-hfb-above-header-display":"","ast-hfb-below-header-display":"","ast-hfb-mobile-header-display":"","site-post-title":"","ast-breadcrumbs-content":"","ast-featured-img":"","footer-sml-layout":"","ast-disable-related-posts":"","theme-transparent-header-meta":"default","adv-header-id-meta":"","stick-header-meta":"","header-above-stick-meta":"","header-main-stick-meta":"","header-below-stick-meta":"","astra-migrate-meta-layouts":"set","ast-page-background-enabled":"default","ast-page-background-meta":{"desktop":{"background-color":"var(--ast-global-color-4)","background-image":"","background-repeat":"repeat","background-position":"center center","background-size":"auto","background-attachment":"scroll","background-type":"","background-media":"","overlay-type":"","overlay-color":"","overlay-opacity":"","overlay-gradient":""},"tablet":{"background-color":"","background-image":"","background-repeat":"repeat","background-position":"center center","background-size":"auto","background-attachment":"scroll","background-type":"","background-media":"","overlay-type":"","overlay-color":"","overlay-opacity":"","overlay-gradient":""},"mobile":{"background-color":"","background-image":"","background-repeat":"repeat","background-position":"center center","background-size":"auto","background-attachment":"scroll","background-type":"","background-media":"","overlay-type":"","overlay-color":"","overlay-opacity":"","overlay-gradient":""}},"ast-content-background-meta":{"desktop":{"background-color":"var(--ast-global-color-5)","background-image":"","background-repeat":"repeat","background-position":"center center","background-size":"auto","background-attachment":"scroll","background-type":"","background-media":"","overlay-type":"","overlay-color":"","overlay-opacity":"","overlay-gradient":""},"tablet":{"background-color":"var(--ast-global-color-5)","background-image":"","background-repeat":"repeat","background-position":"center center","background-size":"auto","background-attachment":"scroll","background-type":"","background-media":"","overlay-type":"","overlay-color":"","overlay-opacity":"","overlay-gradient":""},"mobile":{"background-color":"var(--ast-global-color-5)","background-image":"","background-repeat":"repeat","background-position":"center center","background-size":"auto","background-attachment":"scroll","background-type":"","background-media":"","overlay-type":"","overlay-color":"","overlay-opacity":"","overlay-gradient":""}}},"product_brand":[],"product_cat":[88],"product_tag":[],"class_list":{"0":"post-11068","1":"product","2":"type-product","3":"status-publish","4":"has-post-thumbnail","6":"product_cat-salata-varza-kale","7":"desktop-align-left","8":"tablet-align-left","9":"mobile-align-left","11":"first","12":"outofstock","13":"taxable","14":"shipping-taxable","15":"purchasable","16":"product-type-simple"},"_links":{"self":[{"href":"https:\/\/vivasem.ro\/index.php?rest_route=\/wp\/v2\/product\/11068","targetHints":{"allow":["GET"]}}],"collection":[{"href":"https:\/\/vivasem.ro\/index.php?rest_route=\/wp\/v2\/product"}],"about":[{"href":"https:\/\/vivasem.ro\/index.php?rest_route=\/wp\/v2\/types\/product"}],"replies":[{"embeddable":true,"href":"https:\/\/vivasem.ro\/index.php?rest_route=%2Fwp%2Fv2%2Fcomments&post=11068"}],"wp:featuredmedia":[{"embeddable":true,"href":"https:\/\/vivasem.ro\/index.php?rest_route=\/wp\/v2\/media\/11179"}],"wp:attachment":[{"href":"https:\/\/vivasem.ro\/index.php?rest_route=%2Fwp%2Fv2%2Fmedia&parent=11068"}],"wp:term":[{"taxonomy":"product_brand","embeddable":true,"href":"https:\/\/vivasem.ro\/index.php?rest_route=%2Fwp%2Fv2%2Fproduct_brand&post=11068"},{"taxonomy":"product_cat","embeddable":true,"href":"https:\/\/vivasem.ro\/index.php?rest_route=%2Fwp%2Fv2%2Fproduct_cat&post=11068"},{"taxonomy":"product_tag","embeddable":true,"href":"https:\/\/vivasem.ro\/index.php?rest_route=%2Fwp%2Fv2%2Fproduct_tag&post=11068"}],"curies":[{"name":"wp","href":"https:\/\/api.w.org\/{rel}","templated":true}]}}