{"id":11063,"date":"2023-11-16T20:26:08","date_gmt":"2023-11-16T18:26:08","guid":{"rendered":"https:\/\/vivasem.ro\/?post_type=product&#038;p=11063"},"modified":"2025-12-19T18:15:15","modified_gmt":"2025-12-19T16:15:15","slug":"ardei-gras-blancina-f1-10s","status":"publish","type":"product","link":"https:\/\/vivasem.ro\/?product=ardei-gras-blancina-f1-10s","title":{"rendered":"ARDEI GRAS BLANCINA F1"},"content":{"rendered":"<h6 style=\"text-align: left;\"><span style=\"color: #ff0000;\"><u>ARDEI GRAS BLANCINA F1 ,<img loading=\"lazy\" decoding=\"async\" class=\"alignnone wp-image-14747\" src=\"https:\/\/vivasem.ro\/wp-content\/uploads\/2022\/11\/ENZA-Zaden.jpg\" alt=\"\" width=\"101\" height=\"126\" srcset=\"https:\/\/vivasem.ro\/wp-content\/uploads\/2022\/11\/ENZA-Zaden.jpg 234w, https:\/\/vivasem.ro\/wp-content\/uploads\/2022\/11\/ENZA-Zaden-121x150.jpg 121w\" sizes=\"auto, (max-width: 101px) 100vw, 101px\" \/><\/u><\/span><\/h6>\n<h6 style=\"text-align: left;\"><span style=\"color: #ff0000;\"><u>-Produc\u0103tor :ENZA ZADEN Olanda,<\/u><\/span><\/h6>\n<h6>Blancina F1 este un hibrid nou de ardei gras, <span style=\"color: #ff0000;\">cu fructe mari de tip blocky.<\/span><\/h6>\n<h6><span style=\"color: #0000ff;\">La maturitate fructele\u00a0<strong>hibridului<\/strong>\u00a0ating o greutate de 180-200 gr, sunt uniforme, cu 3-4 lobi.<\/span><\/h6>\n<h6><span style=\"color: #0000ff;\"><strong>Fructul\u00a0<\/strong>are pulpa groas\u0103, cu dimensiuni de 70-80 x 120-140 mm.<\/span> ,de culoare g\u0103lbuie, cu aspect lucios-cerat.<\/h6>\n<h6><strong>Planta <\/strong>foarte viguroas\u0103. are internodii de lungime medie.<\/h6>\n<h6>Hibridul de ardei gras Blancina F1 prezinta toleran\u021b\u0103 la\u00a0<strong>virusul petelor de bronz,\u00a0<\/strong>acest lucru il propulseaz\u0103\u00a0cu siguranta printre cei mai folositi hibrizi de ardei gras din Romania.<\/h6>\n<h6><span style=\"color: #0000ff;\">DE CULTIVAT \u00ceN GR\u0102DIN\u0102 \u0218I \u00ceN SOLAR.<\/span><\/h6>\n<p>&nbsp;<\/p>\n","protected":false},"excerpt":{"rendered":"<h6><span style=\"color: #ff00ff;\">HIBRID CU FRUCTE MARI, <\/span><span style=\"color: #ff00ff;\">FOARTE\u00a0 PRODUCTIV !<\/span><\/h6>\n<p>&nbsp;<\/p>\n<p>&nbsp;<\/p>\n","protected":false},"featured_media":8022,"comment_status":"open","ping_status":"closed","template":"","meta":{"site-sidebar-layout":"default","site-content-layout":"default","ast-site-content-layout":"default","site-content-style":"default","site-sidebar-style":"default","ast-global-header-display":"","ast-banner-title-visibility":"","ast-main-header-display":"","ast-hfb-above-header-display":"","ast-hfb-below-header-display":"","ast-hfb-mobile-header-display":"","site-post-title":"","ast-breadcrumbs-content":"","ast-featured-img":"","footer-sml-layout":"","ast-disable-related-posts":"","theme-transparent-header-meta":"default","adv-header-id-meta":"","stick-header-meta":"","header-above-stick-meta":"","header-main-stick-meta":"","header-below-stick-meta":"","astra-migrate-meta-layouts":"set","ast-page-background-enabled":"default","ast-page-background-meta":{"desktop":{"background-color":"var(--ast-global-color-4)","background-image":"","background-repeat":"repeat","background-position":"center center","background-size":"auto","background-attachment":"scroll","background-type":"","background-media":"","overlay-type":"","overlay-color":"","overlay-opacity":"","overlay-gradient":""},"tablet":{"background-color":"","background-image":"","background-repeat":"repeat","background-position":"center center","background-size":"auto","background-attachment":"scroll","background-type":"","background-media":"","overlay-type":"","overlay-color":"","overlay-opacity":"","overlay-gradient":""},"mobile":{"background-color":"","background-image":"","background-repeat":"repeat","background-position":"center center","background-size":"auto","background-attachment":"scroll","background-type":"","background-media":"","overlay-type":"","overlay-color":"","overlay-opacity":"","overlay-gradient":""}},"ast-content-background-meta":{"desktop":{"background-color":"var(--ast-global-color-5)","background-image":"","background-repeat":"repeat","background-position":"center center","background-size":"auto","background-attachment":"scroll","background-type":"","background-media":"","overlay-type":"","overlay-color":"","overlay-opacity":"","overlay-gradient":""},"tablet":{"background-color":"var(--ast-global-color-5)","background-image":"","background-repeat":"repeat","background-position":"center center","background-size":"auto","background-attachment":"scroll","background-type":"","background-media":"","overlay-type":"","overlay-color":"","overlay-opacity":"","overlay-gradient":""},"mobile":{"background-color":"var(--ast-global-color-5)","background-image":"","background-repeat":"repeat","background-position":"center center","background-size":"auto","background-attachment":"scroll","background-type":"","background-media":"","overlay-type":"","overlay-color":"","overlay-opacity":"","overlay-gradient":""}}},"product_brand":[],"product_cat":[84,145],"product_tag":[],"class_list":{"0":"post-11063","1":"product","2":"type-product","3":"status-publish","4":"has-post-thumbnail","6":"product_cat-ardei","7":"product_cat-ardei-hibrid","8":"pa_cantitate-10-seminte","9":"pa_cantitate-100-seminte","10":"pa_cantitate-200-seminte","11":"pa_cantitate-25-seminte","12":"pa_cantitate-250-seminte","13":"pa_cantitate-5-seminte","14":"pa_cantitate-50-seminte","15":"pa_cantitate-500-seminte","16":"desktop-align-left","17":"tablet-align-left","18":"mobile-align-left","20":"first","21":"instock","22":"sale","23":"taxable","24":"shipping-taxable","25":"purchasable","26":"product-type-variable"},"_links":{"self":[{"href":"https:\/\/vivasem.ro\/index.php?rest_route=\/wp\/v2\/product\/11063","targetHints":{"allow":["GET"]}}],"collection":[{"href":"https:\/\/vivasem.ro\/index.php?rest_route=\/wp\/v2\/product"}],"about":[{"href":"https:\/\/vivasem.ro\/index.php?rest_route=\/wp\/v2\/types\/product"}],"replies":[{"embeddable":true,"href":"https:\/\/vivasem.ro\/index.php?rest_route=%2Fwp%2Fv2%2Fcomments&post=11063"}],"wp:featuredmedia":[{"embeddable":true,"href":"https:\/\/vivasem.ro\/index.php?rest_route=\/wp\/v2\/media\/8022"}],"wp:attachment":[{"href":"https:\/\/vivasem.ro\/index.php?rest_route=%2Fwp%2Fv2%2Fmedia&parent=11063"}],"wp:term":[{"taxonomy":"product_brand","embeddable":true,"href":"https:\/\/vivasem.ro\/index.php?rest_route=%2Fwp%2Fv2%2Fproduct_brand&post=11063"},{"taxonomy":"product_cat","embeddable":true,"href":"https:\/\/vivasem.ro\/index.php?rest_route=%2Fwp%2Fv2%2Fproduct_cat&post=11063"},{"taxonomy":"product_tag","embeddable":true,"href":"https:\/\/vivasem.ro\/index.php?rest_route=%2Fwp%2Fv2%2Fproduct_tag&post=11063"}],"curies":[{"name":"wp","href":"https:\/\/api.w.org\/{rel}","templated":true}]}}