{"id":11057,"date":"2023-11-16T06:29:01","date_gmt":"2023-11-16T04:29:01","guid":{"rendered":"https:\/\/vivasem.ro\/?post_type=product&#038;p=11057"},"modified":"2024-11-19T20:19:17","modified_gmt":"2024-11-19T18:19:17","slug":"optima-f1-seminis-100s","status":"publish","type":"product","link":"https:\/\/vivasem.ro\/?product=optima-f1-seminis-100s","title":{"rendered":"\u201e\u201eOPTIMA F1 -SEMINIS"},"content":{"rendered":"<h6><span style=\"color: #ff0000;\">OPTIMA F1 -Seminis,<\/span><\/h6>\n<h6><span style=\"color: #0000ff;\">HIBRID FOARTE APRECIAT PENTRU MULTIPLELE SALE CALIT\u0102\u021aI, \u00ceN PRIMUL R\u00c2ND PENTRU GUSTUL EXCELENT.<\/span><\/h6>\n<h6>Fructele sunt deosebit de mari , 200-240 grame, de culoare ro\u0219u-intens la maturitate \u0219i cresc \u00een ciorchini de 3-5 tomate.<br \/>\nPulpa nu este foarte tare, este c\u0103rnoas\u0103, dar fermitatea si rezisten\u021ba la transport sunt bune pentru un hibrid cu fructe mari.<\/h6>\n<h6>Planta are o vigoare medie cu internoduri scurte, inflorescen\u021be cu 3-5 fructe , <span style=\"color: #0000ff;\">iar fructificarea este excelent\u0103<\/span>.<\/h6>\n<h6>Optima F1 se <span style=\"color: #0000ff;\">preteaz\u0103 at\u00e2t la cultura \u00een sere \u0219i solarii c\u00e2t \u0219i la cultura \u00een c\u00e2mp, pe araci.<\/span><\/h6>\n<h6>Rezistente la boli:<\/h6>\n<h6>Verticillium dahilae (V1);<\/h6>\n<h6>Fusarium oxysporum f.sp.lycopersicii (F1,2);<\/h6>\n<h6>Virusul mozaicului tomatelor (ToMV 0-2);<\/h6>\n<h6>Nematozi (Meloidogyne incognita N);<\/h6>\n<h6><span style=\"color: #0000ff;\">Optima F1 este un hibrid semitimpuriu de tomate, cu cre\u0219tere nedeterminat\u0103, cu<\/span><span style=\"font-size: 1.1em; font-weight: bold; color: #0000ff;\"> un poten\u021bial de produc\u021bie foarte mare.<\/span><\/h6>\n<h6><\/h6>\n<h6><\/h6>\n<h6><\/h6>\n","protected":false},"excerpt":{"rendered":"<h6><span style=\"color: #ff00ff;\">GUST EXCELENT\u00a0 !<\/span><\/h6>\n<h6><span style=\"color: #ff00ff;\">PRODUCTIVITATE \u00ceNALT\u0102!<\/span><img loading=\"lazy\" decoding=\"async\" src=\"https:\/\/vivasem.ro\/wp-content\/uploads\/2021\/11\/NOU3.jpg\" alt=\"\" width=\"57\" height=\"55\" \/><\/h6>\n","protected":false},"featured_media":6385,"comment_status":"open","ping_status":"closed","template":"","meta":{"site-sidebar-layout":"default","site-content-layout":"default","ast-site-content-layout":"default","site-content-style":"default","site-sidebar-style":"default","ast-global-header-display":"","ast-banner-title-visibility":"","ast-main-header-display":"","ast-hfb-above-header-display":"","ast-hfb-below-header-display":"","ast-hfb-mobile-header-display":"","site-post-title":"","ast-breadcrumbs-content":"","ast-featured-img":"","footer-sml-layout":"","ast-disable-related-posts":"","theme-transparent-header-meta":"default","adv-header-id-meta":"","stick-header-meta":"","header-above-stick-meta":"","header-main-stick-meta":"","header-below-stick-meta":"","astra-migrate-meta-layouts":"set","ast-page-background-enabled":"default","ast-page-background-meta":{"desktop":{"background-color":"var(--ast-global-color-4)","background-image":"","background-repeat":"repeat","background-position":"center center","background-size":"auto","background-attachment":"scroll","background-type":"","background-media":"","overlay-type":"","overlay-color":"","overlay-opacity":"","overlay-gradient":""},"tablet":{"background-color":"","background-image":"","background-repeat":"repeat","background-position":"center center","background-size":"auto","background-attachment":"scroll","background-type":"","background-media":"","overlay-type":"","overlay-color":"","overlay-opacity":"","overlay-gradient":""},"mobile":{"background-color":"","background-image":"","background-repeat":"repeat","background-position":"center center","background-size":"auto","background-attachment":"scroll","background-type":"","background-media":"","overlay-type":"","overlay-color":"","overlay-opacity":"","overlay-gradient":""}},"ast-content-background-meta":{"desktop":{"background-color":"var(--ast-global-color-5)","background-image":"","background-repeat":"repeat","background-position":"center center","background-size":"auto","background-attachment":"scroll","background-type":"","background-media":"","overlay-type":"","overlay-color":"","overlay-opacity":"","overlay-gradient":""},"tablet":{"background-color":"var(--ast-global-color-5)","background-image":"","background-repeat":"repeat","background-position":"center center","background-size":"auto","background-attachment":"scroll","background-type":"","background-media":"","overlay-type":"","overlay-color":"","overlay-opacity":"","overlay-gradient":""},"mobile":{"background-color":"var(--ast-global-color-5)","background-image":"","background-repeat":"repeat","background-position":"center center","background-size":"auto","background-attachment":"scroll","background-type":"","background-media":"","overlay-type":"","overlay-color":"","overlay-opacity":"","overlay-gradient":""}}},"product_brand":[],"product_cat":[110],"product_tag":[],"class_list":{"0":"post-11057","1":"product","2":"type-product","3":"status-publish","4":"has-post-thumbnail","6":"product_cat-tomate-hibrid","7":"pa_z-cantitate-10-seminte","8":"pa_z-cantitate-100-seminte","9":"pa_z-cantitate-25-seminte","10":"pa_z-cantitate-50-seminte","11":"desktop-align-left","12":"tablet-align-left","13":"mobile-align-left","15":"first","16":"outofstock","17":"taxable","18":"shipping-taxable","19":"product-type-simple"},"_links":{"self":[{"href":"https:\/\/vivasem.ro\/index.php?rest_route=\/wp\/v2\/product\/11057","targetHints":{"allow":["GET"]}}],"collection":[{"href":"https:\/\/vivasem.ro\/index.php?rest_route=\/wp\/v2\/product"}],"about":[{"href":"https:\/\/vivasem.ro\/index.php?rest_route=\/wp\/v2\/types\/product"}],"replies":[{"embeddable":true,"href":"https:\/\/vivasem.ro\/index.php?rest_route=%2Fwp%2Fv2%2Fcomments&post=11057"}],"wp:featuredmedia":[{"embeddable":true,"href":"https:\/\/vivasem.ro\/index.php?rest_route=\/wp\/v2\/media\/6385"}],"wp:attachment":[{"href":"https:\/\/vivasem.ro\/index.php?rest_route=%2Fwp%2Fv2%2Fmedia&parent=11057"}],"wp:term":[{"taxonomy":"product_brand","embeddable":true,"href":"https:\/\/vivasem.ro\/index.php?rest_route=%2Fwp%2Fv2%2Fproduct_brand&post=11057"},{"taxonomy":"product_cat","embeddable":true,"href":"https:\/\/vivasem.ro\/index.php?rest_route=%2Fwp%2Fv2%2Fproduct_cat&post=11057"},{"taxonomy":"product_tag","embeddable":true,"href":"https:\/\/vivasem.ro\/index.php?rest_route=%2Fwp%2Fv2%2Fproduct_tag&post=11057"}],"curies":[{"name":"wp","href":"https:\/\/api.w.org\/{rel}","templated":true}]}}