{"id":11022,"date":"2023-11-12T22:14:39","date_gmt":"2023-11-12T20:14:39","guid":{"rendered":"https:\/\/vivasem.ro\/?post_type=product&#038;p=11022"},"modified":"2025-11-23T09:13:12","modified_gmt":"2025-11-23T07:13:12","slug":"gogosari-pritannia-f1-25s","status":"publish","type":"product","link":"https:\/\/vivasem.ro\/?product=gogosari-pritannia-f1-25s","title":{"rendered":"GOGOSARI PRITANNIA F1"},"content":{"rendered":"<h6 style=\"text-align: left;\"><span style=\"color: #ff0000;\"><u>ARDEI GOGO\u0218ARI PRITANNIA F1 ,<\/u><\/span>\u00a0 \u00a0 \u00a0 \u00a0 \u00a0 \u00a0 \u00a0 \u00a0 \u00a0 \u00a0 \u00a0 \u00a0 \u00a0 \u00a0 \u00a0 \u00a0 \u00a0 <img loading=\"lazy\" decoding=\"async\" class=\"alignnone wp-image-14218\" src=\"https:\/\/vivasem.ro\/wp-content\/uploads\/2023\/11\/SEMINIS-BAYER-300x105.png\" alt=\"\" width=\"200\" height=\"70\" srcset=\"https:\/\/vivasem.ro\/wp-content\/uploads\/2023\/11\/SEMINIS-BAYER-300x105.png 300w, https:\/\/vivasem.ro\/wp-content\/uploads\/2023\/11\/SEMINIS-BAYER-248x87.png 248w, https:\/\/vivasem.ro\/wp-content\/uploads\/2023\/11\/SEMINIS-BAYER-150x53.png 150w, https:\/\/vivasem.ro\/wp-content\/uploads\/2023\/11\/SEMINIS-BAYER.png 376w\" sizes=\"auto, (max-width: 200px) 100vw, 200px\" \/><\/h6>\n<h6 style=\"text-align: left;\"><span style=\"color: #ff0000;\"><u>-Produc\u0103tor :Monsanto Holland BV -SEMINIS,<\/u><\/span><\/h6>\n<h6>Hibrid de ardei gogosar timpuriu, recomandat atat pentru cultura in spa\u021bii protejate, cat si in camp.<br \/>\n<span style=\"color: #0000ff;\">Fructele predominante sunt in 4 lobi;<\/span><\/h6>\n<h6><span style=\"color: #0000ff;\">Greutate medie fruct: 180-200 g, d<\/span><span style=\"color: #0000ff;\">imensiunile fructelor sunt 7 x 10-11 cm<\/span><\/h6>\n<h6><span style=\"color: #0000ff;\">Fructele sunt uniforme in 3-4 lobi, cu peduncul scurt, au in faza ini\u021bial\u0103 culoarea verde intens ce se schimba in ro\u0219u inchis la maturitatea de recoltare \u0219i au un aspect comercial excelent.<\/span><\/h6>\n<h6><span style=\"color: #0000ff;\">Gustul fructelor este foarte dulce, placut, fiind cel mai gustos din gama Seminis.<\/span><\/h6>\n<h6><span style=\"color: #ff0000;\"><strong>P<\/strong>ulpa are o grosime de 8-9 mm, fiind dintre cele mai\u00a0 groase de pe pia\u021b\u0103.<\/span><\/h6>\n<h6><span style=\"color: #0000ff;\">Fructele sunt destinate atat pentru consum in stare proaspata, cat si pentru industrializa<\/span><\/h6>\n<h6>Plantele sunt viguroase, compacte, cu internoduri scurte \u0219i foliaj puternic, ce ofera o buna protectie solara fructelor.<\/h6>\n<h6><span style=\"color: #0000ff;\">Prezinta toleranta deosebita la conditii mai putin favorabile de temperatura;<\/span><\/h6>\n<h6><span style=\"color: #0000ff;\">Rezistent la: TM0(Tobamo virus tulpina 0)<\/span><\/h6>\n<h6><span style=\"color: #0000ff;\">\u0219i la BS2;<\/span><\/h6>\n<h6><span style=\"color: #0000ff;\">DE CULTIVAT \u00ceN C\u00c2MP, GR\u0102DIN\u0102 \u0218I \u00ceN SOLAR.<\/span><\/h6>\n<p>&nbsp;<\/p>\n","protected":false},"excerpt":{"rendered":"<h6><span style=\"color: #0000ff;\">25 -200 SEMIN\u021aE\u00a0<\/span><\/h6>\n<h6><span style=\"color: #ff00ff;\">MULTIPLE CALIT\u0102\u021aI, <\/span><span style=\"color: #ff00ff;\">FOARTE\u00a0 PRODUCTIV !<\/span><\/h6>\n<p>&nbsp;<\/p>\n","protected":false},"featured_media":11023,"comment_status":"open","ping_status":"closed","template":"","meta":{"site-sidebar-layout":"default","site-content-layout":"default","ast-site-content-layout":"default","site-content-style":"default","site-sidebar-style":"default","ast-global-header-display":"","ast-banner-title-visibility":"","ast-main-header-display":"","ast-hfb-above-header-display":"","ast-hfb-below-header-display":"","ast-hfb-mobile-header-display":"","site-post-title":"","ast-breadcrumbs-content":"","ast-featured-img":"","footer-sml-layout":"","ast-disable-related-posts":"","theme-transparent-header-meta":"default","adv-header-id-meta":"","stick-header-meta":"","header-above-stick-meta":"","header-main-stick-meta":"","header-below-stick-meta":"","astra-migrate-meta-layouts":"set","ast-page-background-enabled":"default","ast-page-background-meta":{"desktop":{"background-color":"var(--ast-global-color-4)","background-image":"","background-repeat":"repeat","background-position":"center center","background-size":"auto","background-attachment":"scroll","background-type":"","background-media":"","overlay-type":"","overlay-color":"","overlay-opacity":"","overlay-gradient":""},"tablet":{"background-color":"","background-image":"","background-repeat":"repeat","background-position":"center center","background-size":"auto","background-attachment":"scroll","background-type":"","background-media":"","overlay-type":"","overlay-color":"","overlay-opacity":"","overlay-gradient":""},"mobile":{"background-color":"","background-image":"","background-repeat":"repeat","background-position":"center center","background-size":"auto","background-attachment":"scroll","background-type":"","background-media":"","overlay-type":"","overlay-color":"","overlay-opacity":"","overlay-gradient":""}},"ast-content-background-meta":{"desktop":{"background-color":"var(--ast-global-color-5)","background-image":"","background-repeat":"repeat","background-position":"center center","background-size":"auto","background-attachment":"scroll","background-type":"","background-media":"","overlay-type":"","overlay-color":"","overlay-opacity":"","overlay-gradient":""},"tablet":{"background-color":"var(--ast-global-color-5)","background-image":"","background-repeat":"repeat","background-position":"center center","background-size":"auto","background-attachment":"scroll","background-type":"","background-media":"","overlay-type":"","overlay-color":"","overlay-opacity":"","overlay-gradient":""},"mobile":{"background-color":"var(--ast-global-color-5)","background-image":"","background-repeat":"repeat","background-position":"center center","background-size":"auto","background-attachment":"scroll","background-type":"","background-media":"","overlay-type":"","overlay-color":"","overlay-opacity":"","overlay-gradient":""}}},"product_brand":[],"product_cat":[84,145],"product_tag":[],"class_list":{"0":"post-11022","1":"product","2":"type-product","3":"status-publish","4":"has-post-thumbnail","6":"product_cat-ardei","7":"product_cat-ardei-hibrid","8":"pa_cantitate-10-seminte","9":"pa_cantitate-100-seminte","10":"pa_cantitate-200-seminte","11":"pa_cantitate-25-seminte","12":"pa_cantitate-250-seminte","13":"pa_cantitate-5-seminte","14":"pa_cantitate-50-seminte","15":"pa_cantitate-500-seminte","16":"desktop-align-left","17":"tablet-align-left","18":"mobile-align-left","20":"first","21":"instock","22":"sale","23":"taxable","24":"shipping-taxable","25":"purchasable","26":"product-type-variable"},"_links":{"self":[{"href":"https:\/\/vivasem.ro\/index.php?rest_route=\/wp\/v2\/product\/11022","targetHints":{"allow":["GET"]}}],"collection":[{"href":"https:\/\/vivasem.ro\/index.php?rest_route=\/wp\/v2\/product"}],"about":[{"href":"https:\/\/vivasem.ro\/index.php?rest_route=\/wp\/v2\/types\/product"}],"replies":[{"embeddable":true,"href":"https:\/\/vivasem.ro\/index.php?rest_route=%2Fwp%2Fv2%2Fcomments&post=11022"}],"wp:featuredmedia":[{"embeddable":true,"href":"https:\/\/vivasem.ro\/index.php?rest_route=\/wp\/v2\/media\/11023"}],"wp:attachment":[{"href":"https:\/\/vivasem.ro\/index.php?rest_route=%2Fwp%2Fv2%2Fmedia&parent=11022"}],"wp:term":[{"taxonomy":"product_brand","embeddable":true,"href":"https:\/\/vivasem.ro\/index.php?rest_route=%2Fwp%2Fv2%2Fproduct_brand&post=11022"},{"taxonomy":"product_cat","embeddable":true,"href":"https:\/\/vivasem.ro\/index.php?rest_route=%2Fwp%2Fv2%2Fproduct_cat&post=11022"},{"taxonomy":"product_tag","embeddable":true,"href":"https:\/\/vivasem.ro\/index.php?rest_route=%2Fwp%2Fv2%2Fproduct_tag&post=11022"}],"curies":[{"name":"wp","href":"https:\/\/api.w.org\/{rel}","templated":true}]}}