{"id":11013,"date":"2023-11-12T20:43:14","date_gmt":"2023-11-12T18:43:14","guid":{"rendered":"https:\/\/vivasem.ro\/?post_type=product&#038;p=11013"},"modified":"2026-02-18T11:58:09","modified_gmt":"2026-02-18T09:58:09","slug":"vinete-epic-f1-25s-seminis","status":"publish","type":"product","link":"https:\/\/vivasem.ro\/?product=vinete-epic-f1-25s-seminis","title":{"rendered":"\u201eVINETE EPIC F1 SEMINIS"},"content":{"rendered":"<hr \/>\n<h6><span style=\"color: #ff0000;\"><strong><u>EPIC F1,\u00a0<\/u><\/strong><\/span> \u00a0\u00a0 \u00a0\u00a0 \u00a0\u00a0 \u00a0\u00a0 \u00a0\u00a0 \u00a0\u00a0 \u00a0\u00a0 \u00a0\u00a0 \u00a0\u00a0 \u00a0\u00a0 \u00a0\u00a0 \u00a0\u00a0 \u00a0\u00a0 \u00a0\u00a0 \u00a0\u00a0 \u00a0\u00a0 \u00a0\u00a0 \u00a0\u00a0 \u00a0\u00a0 \u00a0\u00a0 \u00a0\u00a0 \u00a0\u00a0 \u00a0\u00a0 \u00a0\u00a0 \u00a0\u00a0 \u00a0\u00a0 \u00a0\u00a0 \u00a0\u00a0 \u00a0\u00a0 \u00a0\u00a0 \u00a0\u00a0 \u00a0\u00a0 \u00a0\u00a0 \u00a0\u00a0 \u00a0\u00a0 \u00a0\u00a0 \u00a0\u00a0 \u00a0<span style=\"color: #ff0000;\"><strong><u><a href=\"https:\/\/vivasem.ro\/wp-content\/uploads\/2022\/11\/SEMINIS-LOGO.jpg\"><img loading=\"lazy\" decoding=\"async\" class=\"alignnone wp-image-8232\" src=\"https:\/\/vivasem.ro\/wp-content\/uploads\/2022\/11\/SEMINIS-LOGO.jpg\" alt=\"\" width=\"143\" height=\"80\" \/><\/a><\/u><\/strong><\/span><\/h6>\n<h6><span style=\"color: #ff0000;\"><strong><u>Produc\u0103tor semin\u021be: SEMINIS<\/u><\/strong><\/span><\/h6>\n<h6><span style=\"color: #0000ff;\">Un hibrid recent din gama <strong>Seminis<\/strong> cu\u00a0 maturitate timpurie, ce are <strong>fructe mediu-mari<\/strong>\u00a0de culoare\u00a0<strong>negru-lucios, <\/strong><\/span><span style=\"color: #0000ff;\">cu aspect comercial excelent, <\/span><span style=\"color: #0000ff;\"><strong>\u00een greutate de <span style=\"color: #0000ff;\">350-400 grame, dar care pot ajunge \u0219i mai mari.\u00a0<\/span><\/strong><\/span><\/h6>\n<h6><span style=\"color: #0000ff;\">Fructul are forma oval-alungita (21x10cm)<strong><em>,<\/em><\/strong>pulpa alb\u0103 \u0219i un continut de seminte foarte redus .<\/span><\/h6>\n<h6><span style=\"color: #333399;\">Hibridul EPIC<strong>\u00a0F1 <\/strong>formeaza plante viguroase, cu o inaltime de aproximativ 80 &#8211; 90 de cm \u00een cultura din c\u00e2mp,\u00een solar fiind mai mari, \u0219i un aparat foliar extrem de bine aerisit cu l\u0103stari ce au o vigoare medie dar cu\u00a0 o capacitate de protec\u021bie impotriva razelor solare foarte bun\u0103.<\/span><\/h6>\n<h6><span style=\"color: #333399;\">Perioada de vegetatie ,este de 62 &#8211; 64 de zile de la plantare.<\/span><\/h6>\n<h6><span style=\"color: #0000ff;\">Recomandat pentru cultura in spa\u021bii protejate c\u00e2t \u0219i in c\u00e2mp ,<\/span><\/h6>\n<h6><span style=\"color: #0000ff;\">Este rezistent la <strong>ToMV<\/strong> (Tobamo virus tulpina SPS).<\/span><\/h6>\n<h6><span style=\"color: #333399;\">Procentul florilor fertile-polenizate este deosebit de mare, atat in spatiile protejate, cat si in camp deschis.<\/span><\/h6>\n<h6><span style=\"color: #ff0000;\">Ofera productii foarte ridicate!<\/span><\/h6>\n<h6><span style=\"color: #ff0000;\">Recomandat atat pentru cultura in c\u00e2mp, c\u00e2t si in spatii protejate.<\/span><\/h6>\n<h6>ESTE CEA MAI MARE V\u00c2N\u0102T\u0102 HIBRID DE LA SEMINIS ,VEZI TABELUL DE MAI JOS , BELEN F1 NU SE MAI PRODUCE !<\/h6>\n<p><a href=\"https:\/\/vivasem.ro\/wp-content\/uploads\/2022\/11\/VINETE-SEMINIS-2.jpg\"><img loading=\"lazy\" decoding=\"async\" class=\"alignnone size-medium wp-image-8311\" src=\"https:\/\/vivasem.ro\/wp-content\/uploads\/2022\/11\/VINETE-SEMINIS-2-300x102.jpg\" alt=\"\" width=\"300\" height=\"102\" \/><\/a><\/p>\n<h6><span style=\"color: #333399;\">Densitatea recomandata de plantare este de 20.000-23.000 plante\/ha .<\/span><\/h6>\n<p><strong>Semin\u021bele sunt ambalate \u00een plicuri de polietilen\u0103 cu ziplock,resigilabile, etichetate .<\/strong><\/p>\n<p>&nbsp;<\/p>\n<h6><\/h6>\n<h6><\/h6>\n<h6><\/h6>\n<p>&nbsp;<\/p>\n","protected":false},"excerpt":{"rendered":"<h6><span style=\"color: #ff00ff;\">CEA MAI MARE V\u00c2N\u0102T\u0102 PROFESIONAL\u0102 DE LA SEMINIS! <\/span><\/h6>\n<h6><span style=\"color: #ff00ff;\">HIBRID TIMPURIU FOARTE PRODUCTIV !<\/span><\/h6>\n<h6><\/h6>\n","protected":false},"featured_media":11011,"comment_status":"open","ping_status":"closed","template":"","meta":{"site-sidebar-layout":"default","site-content-layout":"default","ast-site-content-layout":"default","site-content-style":"default","site-sidebar-style":"default","ast-global-header-display":"","ast-banner-title-visibility":"","ast-main-header-display":"","ast-hfb-above-header-display":"","ast-hfb-below-header-display":"","ast-hfb-mobile-header-display":"","site-post-title":"","ast-breadcrumbs-content":"","ast-featured-img":"","footer-sml-layout":"","ast-disable-related-posts":"","theme-transparent-header-meta":"default","adv-header-id-meta":"","stick-header-meta":"","header-above-stick-meta":"","header-main-stick-meta":"","header-below-stick-meta":"","astra-migrate-meta-layouts":"set","ast-page-background-enabled":"default","ast-page-background-meta":{"desktop":{"background-color":"var(--ast-global-color-4)","background-image":"","background-repeat":"repeat","background-position":"center center","background-size":"auto","background-attachment":"scroll","background-type":"","background-media":"","overlay-type":"","overlay-color":"","overlay-opacity":"","overlay-gradient":""},"tablet":{"background-color":"","background-image":"","background-repeat":"repeat","background-position":"center center","background-size":"auto","background-attachment":"scroll","background-type":"","background-media":"","overlay-type":"","overlay-color":"","overlay-opacity":"","overlay-gradient":""},"mobile":{"background-color":"","background-image":"","background-repeat":"repeat","background-position":"center center","background-size":"auto","background-attachment":"scroll","background-type":"","background-media":"","overlay-type":"","overlay-color":"","overlay-opacity":"","overlay-gradient":""}},"ast-content-background-meta":{"desktop":{"background-color":"var(--ast-global-color-5)","background-image":"","background-repeat":"repeat","background-position":"center center","background-size":"auto","background-attachment":"scroll","background-type":"","background-media":"","overlay-type":"","overlay-color":"","overlay-opacity":"","overlay-gradient":""},"tablet":{"background-color":"var(--ast-global-color-5)","background-image":"","background-repeat":"repeat","background-position":"center center","background-size":"auto","background-attachment":"scroll","background-type":"","background-media":"","overlay-type":"","overlay-color":"","overlay-opacity":"","overlay-gradient":""},"mobile":{"background-color":"var(--ast-global-color-5)","background-image":"","background-repeat":"repeat","background-position":"center center","background-size":"auto","background-attachment":"scroll","background-type":"","background-media":"","overlay-type":"","overlay-color":"","overlay-opacity":"","overlay-gradient":""}}},"product_brand":[],"product_cat":[86],"product_tag":[],"class_list":{"0":"post-11013","1":"product","2":"type-product","3":"status-publish","4":"has-post-thumbnail","6":"product_cat-vinete","7":"pa_cantitate-10-seminte","8":"pa_cantitate-100-seminte","9":"pa_cantitate-200-seminte","10":"pa_cantitate-25-seminte","11":"pa_cantitate-250-seminte","12":"pa_cantitate-5-seminte","13":"pa_cantitate-50-seminte","14":"pa_cantitate-500-seminte","15":"desktop-align-left","16":"tablet-align-left","17":"mobile-align-left","19":"first","20":"instock","21":"sale","22":"taxable","23":"shipping-taxable","24":"purchasable","25":"product-type-variable"},"_links":{"self":[{"href":"https:\/\/vivasem.ro\/index.php?rest_route=\/wp\/v2\/product\/11013","targetHints":{"allow":["GET"]}}],"collection":[{"href":"https:\/\/vivasem.ro\/index.php?rest_route=\/wp\/v2\/product"}],"about":[{"href":"https:\/\/vivasem.ro\/index.php?rest_route=\/wp\/v2\/types\/product"}],"replies":[{"embeddable":true,"href":"https:\/\/vivasem.ro\/index.php?rest_route=%2Fwp%2Fv2%2Fcomments&post=11013"}],"wp:featuredmedia":[{"embeddable":true,"href":"https:\/\/vivasem.ro\/index.php?rest_route=\/wp\/v2\/media\/11011"}],"wp:attachment":[{"href":"https:\/\/vivasem.ro\/index.php?rest_route=%2Fwp%2Fv2%2Fmedia&parent=11013"}],"wp:term":[{"taxonomy":"product_brand","embeddable":true,"href":"https:\/\/vivasem.ro\/index.php?rest_route=%2Fwp%2Fv2%2Fproduct_brand&post=11013"},{"taxonomy":"product_cat","embeddable":true,"href":"https:\/\/vivasem.ro\/index.php?rest_route=%2Fwp%2Fv2%2Fproduct_cat&post=11013"},{"taxonomy":"product_tag","embeddable":true,"href":"https:\/\/vivasem.ro\/index.php?rest_route=%2Fwp%2Fv2%2Fproduct_tag&post=11013"}],"curies":[{"name":"wp","href":"https:\/\/api.w.org\/{rel}","templated":true}]}}