{"id":10988,"date":"2023-11-10T23:35:51","date_gmt":"2023-11-10T21:35:51","guid":{"rendered":"https:\/\/vivasem.ro\/?post_type=product&#038;p=10988"},"modified":"2025-11-23T08:57:56","modified_gmt":"2025-11-23T06:57:56","slug":"ardei-capia-kaprima-f1-10s","status":"publish","type":"product","link":"https:\/\/vivasem.ro\/?product=ardei-capia-kaprima-f1-10s","title":{"rendered":"\u201eARDEI CAPIA KAPRIMA F1"},"content":{"rendered":"<h6 style=\"text-align: left;\"><span style=\"color: #ff0000;\"><u>ARDEI CAPIA KAPRIMA F1 ,\u00a0<\/u><\/span> \u00a0\u00a0 \u00a0\u00a0 \u00a0\u00a0 \u00a0\u00a0 \u00a0\u00a0 \u00a0\u00a0 \u00a0\u00a0 \u00a0\u00a0 \u00a0\u00a0 \u00a0\u00a0 \u00a0\u00a0 \u00a0\u00a0 \u00a0\u00a0 \u00a0\u00a0 \u00a0\u00a0 \u00a0\u00a0 \u00a0\u00a0 \u00a0\u00a0 \u00a0\u00a0 \u00a0\u00a0 \u00a0\u00a0 \u00a0\u00a0 \u00a0\u00a0 \u00a0\u00a0 \u00a0\u00a0 <img loading=\"lazy\" decoding=\"async\" class=\"alignnone wp-image-14218\" src=\"https:\/\/vivasem.ro\/wp-content\/uploads\/2023\/11\/SEMINIS-BAYER-300x105.png\" alt=\"\" width=\"234\" height=\"82\" srcset=\"https:\/\/vivasem.ro\/wp-content\/uploads\/2023\/11\/SEMINIS-BAYER-300x105.png 300w, https:\/\/vivasem.ro\/wp-content\/uploads\/2023\/11\/SEMINIS-BAYER-248x87.png 248w, https:\/\/vivasem.ro\/wp-content\/uploads\/2023\/11\/SEMINIS-BAYER-150x53.png 150w, https:\/\/vivasem.ro\/wp-content\/uploads\/2023\/11\/SEMINIS-BAYER.png 376w\" sizes=\"auto, (max-width: 234px) 100vw, 234px\" \/><\/h6>\n<h6 style=\"text-align: left;\"><span style=\"color: #ff0000;\"><u>-Produc\u0103tor :SEMINIS-MONSANTO HOLLAND BV,<\/u><\/span><\/h6>\n<h6><strong>Kaprima F1 <\/strong>este un hibrid de ardei\u00a0<strong>kapia<\/strong> ce se remarc\u0103 printr-o plant\u0103 foarte viguaroas\u0103 ,cu foliaj aerisit, \u0219i cu r\u0103dacini puternice ,ce se fixeaz\u0103 foarte bine\u00a0 \u00een sol.<\/h6>\n<h6><span style=\"color: #0000ff;\">Caracteristica cea mai importanta a hibridului <strong>Kaprima F1, <\/strong>este productivitatea sa foarte ridicat\u0103.<\/span><\/h6>\n<h6><span style=\"color: #0000ff;\">Fructele sunt in majoritate in doi lobi, \u00een greutate medie de 160-200 g, \u00a0lungi de: 17-19 cm \u0219i late de 6 \u2013 7 cm;<\/span><\/h6>\n<h6><span style=\"color: #0000ff;\">Grosimea pulpei este in medie de 7 mm;<\/span><\/h6>\n<h6><span style=\"color: #0000ff;\">Se remarca prin uniformitatea fructelor pe toata perioada de vegetatie si prin potentialul ridicat de productie<\/span><\/h6>\n<h6>Legarea fructelor este foarte buna pe tot parcursul anului, fapt ce determina realizarea unor productii ridicate.<\/h6>\n<h6><span style=\"color: #0000ff;\">Fructul\u00a0<strong>ardeiului kapia\u00a0<\/strong>se remarca printr-un aspect exterior neted, de culoare ro\u0219u \u00eenchis \u0219i se remarc\u0103 prin uniformitate\u00a0 pe toata perioadei de vegeta\u021bie .<\/span><\/h6>\n<h6><span style=\"color: #0000ff;\">Datorita aspectului sau comercial foarte pl\u0103cut, <strong>Kaprima F1\u00a0<\/strong>este un hibrid care este preferat de cump\u0103r\u0103tori.<\/span><\/h6>\n<h6><span style=\"color: #0000ff;\">Este un hibrid de<\/span> ardei kapia ce se preteaz\u0103 atat pentru consumul in stare proaspata cat si pentru conservare -industrializare.<\/h6>\n<h6><strong>Kaprima F1\u00a0<\/strong>prezint\u0103 o rezistenta ridicata la <strong>TSWV\u00a0<\/strong>si intermediara la\u00a0<strong>Tm:0.<\/strong><\/h6>\n<h6><span style=\"color: #0000ff;\">DE CULTIVAT \u00ceN GR\u0102DIN\u0102 \u0218I \u00ceN SOLAR!<\/span><\/h6>\n<h6><\/h6>\n<p>&nbsp;<\/p>\n","protected":false},"excerpt":{"rendered":"<h6><span style=\"color: #ff00ff;\">FOARTE\u00a0 PRODUCTIV, FRUCTE DE CALITATE RIDICAT\u0102\u00a0 !<\/span><\/h6>\n<p>&nbsp;<\/p>\n<p>&nbsp;<\/p>\n","protected":false},"featured_media":10987,"comment_status":"open","ping_status":"closed","template":"","meta":{"site-sidebar-layout":"default","site-content-layout":"default","ast-site-content-layout":"default","site-content-style":"default","site-sidebar-style":"default","ast-global-header-display":"","ast-banner-title-visibility":"","ast-main-header-display":"","ast-hfb-above-header-display":"","ast-hfb-below-header-display":"","ast-hfb-mobile-header-display":"","site-post-title":"","ast-breadcrumbs-content":"","ast-featured-img":"","footer-sml-layout":"","ast-disable-related-posts":"","theme-transparent-header-meta":"default","adv-header-id-meta":"","stick-header-meta":"","header-above-stick-meta":"","header-main-stick-meta":"","header-below-stick-meta":"","astra-migrate-meta-layouts":"set","ast-page-background-enabled":"default","ast-page-background-meta":{"desktop":{"background-color":"var(--ast-global-color-4)","background-image":"","background-repeat":"repeat","background-position":"center center","background-size":"auto","background-attachment":"scroll","background-type":"","background-media":"","overlay-type":"","overlay-color":"","overlay-opacity":"","overlay-gradient":""},"tablet":{"background-color":"","background-image":"","background-repeat":"repeat","background-position":"center center","background-size":"auto","background-attachment":"scroll","background-type":"","background-media":"","overlay-type":"","overlay-color":"","overlay-opacity":"","overlay-gradient":""},"mobile":{"background-color":"","background-image":"","background-repeat":"repeat","background-position":"center center","background-size":"auto","background-attachment":"scroll","background-type":"","background-media":"","overlay-type":"","overlay-color":"","overlay-opacity":"","overlay-gradient":""}},"ast-content-background-meta":{"desktop":{"background-color":"var(--ast-global-color-5)","background-image":"","background-repeat":"repeat","background-position":"center center","background-size":"auto","background-attachment":"scroll","background-type":"","background-media":"","overlay-type":"","overlay-color":"","overlay-opacity":"","overlay-gradient":""},"tablet":{"background-color":"var(--ast-global-color-5)","background-image":"","background-repeat":"repeat","background-position":"center center","background-size":"auto","background-attachment":"scroll","background-type":"","background-media":"","overlay-type":"","overlay-color":"","overlay-opacity":"","overlay-gradient":""},"mobile":{"background-color":"var(--ast-global-color-5)","background-image":"","background-repeat":"repeat","background-position":"center center","background-size":"auto","background-attachment":"scroll","background-type":"","background-media":"","overlay-type":"","overlay-color":"","overlay-opacity":"","overlay-gradient":""}}},"product_brand":[],"product_cat":[84,145],"product_tag":[],"class_list":{"0":"post-10988","1":"product","2":"type-product","3":"status-publish","4":"has-post-thumbnail","6":"product_cat-ardei","7":"product_cat-ardei-hibrid","8":"pa_cantitate-10-seminte","9":"pa_cantitate-100-seminte","10":"pa_cantitate-200-seminte","11":"pa_cantitate-25-seminte","12":"pa_cantitate-250-seminte","13":"pa_cantitate-5-seminte","14":"pa_cantitate-50-seminte","15":"pa_cantitate-500-seminte","16":"desktop-align-left","17":"tablet-align-left","18":"mobile-align-left","20":"first","21":"outofstock","22":"sale","23":"taxable","24":"shipping-taxable","25":"purchasable","26":"product-type-variable"},"_links":{"self":[{"href":"https:\/\/vivasem.ro\/index.php?rest_route=\/wp\/v2\/product\/10988","targetHints":{"allow":["GET"]}}],"collection":[{"href":"https:\/\/vivasem.ro\/index.php?rest_route=\/wp\/v2\/product"}],"about":[{"href":"https:\/\/vivasem.ro\/index.php?rest_route=\/wp\/v2\/types\/product"}],"replies":[{"embeddable":true,"href":"https:\/\/vivasem.ro\/index.php?rest_route=%2Fwp%2Fv2%2Fcomments&post=10988"}],"wp:featuredmedia":[{"embeddable":true,"href":"https:\/\/vivasem.ro\/index.php?rest_route=\/wp\/v2\/media\/10987"}],"wp:attachment":[{"href":"https:\/\/vivasem.ro\/index.php?rest_route=%2Fwp%2Fv2%2Fmedia&parent=10988"}],"wp:term":[{"taxonomy":"product_brand","embeddable":true,"href":"https:\/\/vivasem.ro\/index.php?rest_route=%2Fwp%2Fv2%2Fproduct_brand&post=10988"},{"taxonomy":"product_cat","embeddable":true,"href":"https:\/\/vivasem.ro\/index.php?rest_route=%2Fwp%2Fv2%2Fproduct_cat&post=10988"},{"taxonomy":"product_tag","embeddable":true,"href":"https:\/\/vivasem.ro\/index.php?rest_route=%2Fwp%2Fv2%2Fproduct_tag&post=10988"}],"curies":[{"name":"wp","href":"https:\/\/api.w.org\/{rel}","templated":true}]}}