{"id":10949,"date":"2023-11-10T16:20:04","date_gmt":"2023-11-10T14:20:04","guid":{"rendered":"https:\/\/vivasem.ro\/?post_type=product&#038;p=10949"},"modified":"2025-11-23T09:55:54","modified_gmt":"2025-11-23T07:55:54","slug":"big-beef-plus-f1-seminis","status":"publish","type":"product","link":"https:\/\/vivasem.ro\/?product=big-beef-plus-f1-seminis","title":{"rendered":"_BIG BEEF PLUS-BB2 F1 (SVTH 3438 F1) Seminis"},"content":{"rendered":"<h6><span style=\"color: #ff0000;\"><strong><u>BIG BEEF PLUS (BB2-SVTH 3438 F1,<\/u><\/strong><\/span><\/h6>\n<h6><span style=\"color: #ff0000;\"><strong><u>Produc\u0103tor:SEMINS-BAYER HOLLAND BV ,<\/u><\/strong><\/span>\u00a0 \u00a0 \u00a0 \u00a0 \u00a0 \u00a0 \u00a0 \u00a0 \u00a0 \u00a0 \u00a0 \u00a0 \u00a0 \u00a0 \u00a0 \u00a0 \u00a0 \u00a0 \u00a0 \u00a0 \u00a0 \u00a0 \u00a0 \u00a0 \u00a0 \u00a0 \u00a0 \u00a0 \u00a0 \u00a0<strong style=\"font-style: normal; font-size: 17.6px; color: #ff0000;\"><u><img loading=\"lazy\" decoding=\"async\" class=\"alignnone wp-image-14218\" src=\"https:\/\/vivasem.ro\/wp-content\/uploads\/2023\/11\/SEMINIS-BAYER-300x105.png\" alt=\"\" width=\"186\" height=\"65\" srcset=\"https:\/\/vivasem.ro\/wp-content\/uploads\/2023\/11\/SEMINIS-BAYER-300x105.png 300w, https:\/\/vivasem.ro\/wp-content\/uploads\/2023\/11\/SEMINIS-BAYER-248x87.png 248w, https:\/\/vivasem.ro\/wp-content\/uploads\/2023\/11\/SEMINIS-BAYER-150x53.png 150w, https:\/\/vivasem.ro\/wp-content\/uploads\/2023\/11\/SEMINIS-BAYER.png 376w\" sizes=\"auto, (max-width: 186px) 100vw, 186px\" \/><\/u><\/strong><\/h6>\n<blockquote class=\"tiktok-embed\" cite=\"https:\/\/www.tiktok.com\/@universalgroup.ro\/video\/7281920002033257761\" data-video-id=\"7281920002033257761\" data-embed-from=\"oembed\" style=\"max-width:605px; min-width:325px;\">\n<section> <a target=\"_blank\" title=\"@universalgroup.ro\" href=\"https:\/\/www.tiktok.com\/@universalgroup.ro?refer=embed\">@universalgroup.ro<\/a> <\/p>\n<p><a title=\"rosii\" target=\"_blank\" href=\"https:\/\/www.tiktok.com\/tag\/rosii?refer=embed\">#rosii<\/a> <a title=\"legumicultor\" target=\"_blank\" href=\"https:\/\/www.tiktok.com\/tag\/legumicultor?refer=embed\">#legumicultor<\/a> <a title=\"tomate\" target=\"_blank\" href=\"https:\/\/www.tiktok.com\/tag\/tomate?refer=embed\">#tomate<\/a> <a title=\"legumicultura\" target=\"_blank\" href=\"https:\/\/www.tiktok.com\/tag\/legumicultura?refer=embed\">#legumicultura<\/a> <\/p>\n<p> <a target=\"_blank\" title=\"\u266c sunet original - Universal Impexsem Company\" href=\"https:\/\/www.tiktok.com\/music\/sunet-original-7281920047893728032?refer=embed\">\u266c sunet original &#8211; Universal Impexsem Company<\/a> <\/section>\n<\/blockquote>\n<p> <script async src=\"https:\/\/www.tiktok.com\/embed.js\"><\/script><\/p>\n<h6>VIDEOCLIP : https:\/\/www.facebook.com\/watch\/?v=279064338256601<\/h6>\n<h6><span style=\"color: #0000ff;\"><strong>BIG BEEF PLUS F1 (SVTH 3438 F1<\/strong>) este un hibrid nou de ro\u0219ie nedeterminat\u0103 cu internoduri scurte, plant\u0103 viguroas\u0103, cu o adaptabilitate bun\u0103 la varia\u021biile de temperatur\u0103 care poate fi cultivat at\u00e2t \u00een ciclul I, c\u00e2t \u0219i \u00een ciclul II de cultur\u0103.<\/span><\/h6>\n<h6 class=\"has-text-align-left\">Fructele au form\u0103 rotund\u0103, o greutate cuprins\u0103 \u00eentre 220g-240g \u0219i aspect un comercial deosebit.<\/h6>\n<h6 class=\"has-text-align-left\"><span style=\"color: #0000ff;\">Cultivatorii vor aprecia\u00a0<strong>Big Beef Plus\u00a0<\/strong>pentru rezisten\u021ba la boli \u0219i pentru poten\u021bialul ridicat de produc\u021bie dar \u0219i pentru gustul deosebit ,foarte dulce,\u0219i aspectul intern de un ro\u0219u intens.<\/span><\/h6>\n<h6><span style=\"color: #ff0000;\">Prezint\u0103 rezisten\u021b\u0103 ridicat\u0103 la urm\u0103toareleboli (HR):<\/span><\/h6>\n<ul>\n<li>\n<h6><span style=\"color: #ff0000;\">ToMV:0-2 &#8211; Tomato Mosaic Virus (Virusul mozaicului tomatelor);<\/span><\/h6>\n<\/li>\n<li>\n<h6><span style=\"color: #ff0000;\">Fol:1,2 &#8211; Fusarium oxysporum f. sp. Lycopersici (Ofilirea vasculara);<\/span><\/h6>\n<\/li>\n<li>\n<h6><span style=\"color: #ff0000;\">For &#8211; Fusarium oxysporum f. sp. radicis-lycopersici (Ofilirea vasculara de radacina);<\/span><\/h6>\n<\/li>\n<li>\n<h6><span style=\"color: #ff0000;\">Va:1, Vd:1 &#8211; Verticilium dahliae (Uscare vasculara);<\/span><\/h6>\n<\/li>\n<li>\n<h6><span style=\"color: #ff0000;\">Aal &#8211; Alternaria alternata f. sp. lycopersici (Alternarioza);<\/span><\/h6>\n<\/li>\n<li>\n<h6><span style=\"color: #ff0000;\">Sbl, Sl, Ss &#8211; Stemphylium spp.\/solani (Patarea cenusie a frunzelor de solanacee);<\/span><\/h6>\n<\/li>\n<li>\n<h6><span style=\"color: #ff0000;\">ToTV &#8211; Tomato torrado virus.<\/span><\/h6>\n<\/li>\n<\/ul>\n<h6><span style=\"color: #ff0000;\">Are rezistenta intermediar\u0103 la urm\u0103toareleboli (IR):<\/span><\/h6>\n<ul>\n<li>\n<h6><span style=\"color: #ff0000;\">Mi, Ma, Mj &#8211; Meloidogyne arenaria\/incognita\/javanica (Nematozi);<\/span><\/h6>\n<\/li>\n<li>\n<h6><span style=\"color: #ff0000;\">TSWV:0 &#8211; Tomato Spotted Wilt Virus (Virusul petelor de bronz).<\/span><\/h6>\n<\/li>\n<li><strong>Semin\u021bele sunt ambalate \u00een plicuri de polietilen\u0103 cu ziplock,resigilabile, etichetate .<\/strong><\/li>\n<\/ul>\n<h6><\/h6>\n","protected":false},"excerpt":{"rendered":"<h6><span style=\"color: #ff00ff;\">HIBRID EXTREM DE GUSTOS,PRODUCTIV \u0218I REZISTENT <img loading=\"lazy\" decoding=\"async\" class=\"alignnone wp-image-6106 \" src=\"https:\/\/vivasem.ro\/wp-content\/uploads\/2021\/12\/NOU3.jpg\" alt=\"\" width=\"77\" height=\"74\" srcset=\"https:\/\/vivasem.ro\/wp-content\/uploads\/2021\/12\/NOU3.jpg 270w, https:\/\/vivasem.ro\/wp-content\/uploads\/2021\/12\/NOU3-248x241.jpg 248w\" sizes=\"auto, (max-width: 77px) 100vw, 77px\" \/><\/span><\/h6>\n<h6><span style=\"color: #ff00ff;\">VEZI VIDEO\u00a0 !<\/span><\/h6>\n<h6><\/h6>\n","protected":false},"featured_media":14017,"comment_status":"open","ping_status":"closed","template":"","meta":{"site-sidebar-layout":"default","site-content-layout":"default","ast-site-content-layout":"default","site-content-style":"default","site-sidebar-style":"default","ast-global-header-display":"","ast-banner-title-visibility":"","ast-main-header-display":"","ast-hfb-above-header-display":"","ast-hfb-below-header-display":"","ast-hfb-mobile-header-display":"","site-post-title":"","ast-breadcrumbs-content":"","ast-featured-img":"","footer-sml-layout":"","ast-disable-related-posts":"","theme-transparent-header-meta":"default","adv-header-id-meta":"","stick-header-meta":"","header-above-stick-meta":"","header-main-stick-meta":"","header-below-stick-meta":"","astra-migrate-meta-layouts":"set","ast-page-background-enabled":"default","ast-page-background-meta":{"desktop":{"background-color":"var(--ast-global-color-4)","background-image":"","background-repeat":"repeat","background-position":"center center","background-size":"auto","background-attachment":"scroll","background-type":"","background-media":"","overlay-type":"","overlay-color":"","overlay-opacity":"","overlay-gradient":""},"tablet":{"background-color":"","background-image":"","background-repeat":"repeat","background-position":"center center","background-size":"auto","background-attachment":"scroll","background-type":"","background-media":"","overlay-type":"","overlay-color":"","overlay-opacity":"","overlay-gradient":""},"mobile":{"background-color":"","background-image":"","background-repeat":"repeat","background-position":"center center","background-size":"auto","background-attachment":"scroll","background-type":"","background-media":"","overlay-type":"","overlay-color":"","overlay-opacity":"","overlay-gradient":""}},"ast-content-background-meta":{"desktop":{"background-color":"var(--ast-global-color-5)","background-image":"","background-repeat":"repeat","background-position":"center center","background-size":"auto","background-attachment":"scroll","background-type":"","background-media":"","overlay-type":"","overlay-color":"","overlay-opacity":"","overlay-gradient":""},"tablet":{"background-color":"var(--ast-global-color-5)","background-image":"","background-repeat":"repeat","background-position":"center center","background-size":"auto","background-attachment":"scroll","background-type":"","background-media":"","overlay-type":"","overlay-color":"","overlay-opacity":"","overlay-gradient":""},"mobile":{"background-color":"var(--ast-global-color-5)","background-image":"","background-repeat":"repeat","background-position":"center center","background-size":"auto","background-attachment":"scroll","background-type":"","background-media":"","overlay-type":"","overlay-color":"","overlay-opacity":"","overlay-gradient":""}}},"product_brand":[],"product_cat":[110],"product_tag":[],"class_list":{"0":"post-10949","1":"product","2":"type-product","3":"status-publish","4":"has-post-thumbnail","6":"product_cat-tomate-hibrid","7":"pa_cantitate-10-seminte","8":"pa_cantitate-100-seminte","9":"pa_cantitate-200-seminte","10":"pa_cantitate-25-seminte","11":"pa_cantitate-250-seminte","12":"pa_cantitate-5-seminte","13":"pa_cantitate-50-seminte","14":"pa_cantitate-500-seminte","15":"desktop-align-left","16":"tablet-align-left","17":"mobile-align-left","19":"first","20":"instock","21":"sale","22":"taxable","23":"shipping-taxable","24":"purchasable","25":"product-type-variable"},"_links":{"self":[{"href":"https:\/\/vivasem.ro\/index.php?rest_route=\/wp\/v2\/product\/10949","targetHints":{"allow":["GET"]}}],"collection":[{"href":"https:\/\/vivasem.ro\/index.php?rest_route=\/wp\/v2\/product"}],"about":[{"href":"https:\/\/vivasem.ro\/index.php?rest_route=\/wp\/v2\/types\/product"}],"replies":[{"embeddable":true,"href":"https:\/\/vivasem.ro\/index.php?rest_route=%2Fwp%2Fv2%2Fcomments&post=10949"}],"wp:featuredmedia":[{"embeddable":true,"href":"https:\/\/vivasem.ro\/index.php?rest_route=\/wp\/v2\/media\/14017"}],"wp:attachment":[{"href":"https:\/\/vivasem.ro\/index.php?rest_route=%2Fwp%2Fv2%2Fmedia&parent=10949"}],"wp:term":[{"taxonomy":"product_brand","embeddable":true,"href":"https:\/\/vivasem.ro\/index.php?rest_route=%2Fwp%2Fv2%2Fproduct_brand&post=10949"},{"taxonomy":"product_cat","embeddable":true,"href":"https:\/\/vivasem.ro\/index.php?rest_route=%2Fwp%2Fv2%2Fproduct_cat&post=10949"},{"taxonomy":"product_tag","embeddable":true,"href":"https:\/\/vivasem.ro\/index.php?rest_route=%2Fwp%2Fv2%2Fproduct_tag&post=10949"}],"curies":[{"name":"wp","href":"https:\/\/api.w.org\/{rel}","templated":true}]}}