{"id":10933,"date":"2023-11-10T11:43:01","date_gmt":"2023-11-10T09:43:01","guid":{"rendered":"https:\/\/vivasem.ro\/?post_type=product&#038;p=10933"},"modified":"2026-04-09T15:26:42","modified_gmt":"2026-04-09T13:26:42","slug":"tecamin-flower-biostimulator-natural-250-ml","status":"publish","type":"product","link":"https:\/\/vivasem.ro\/?product=tecamin-flower-biostimulator-natural-250-ml","title":{"rendered":"TECAMIN FLOWER-Biostimulator natural (250 ml)"},"content":{"rendered":"<h6><span style=\"color: #ff0000;\">Biostimulator natural\u00a0 TECAMIN FLOWER<\/span><\/h6>\n<h6><span style=\"color: #ff0000;\">Producator: AgriTecno Spania\u00a0<\/span><\/h6>\n<div class=\"product-page-description-text\">\n<div id=\"description-body\" class=\"collapse-offset in\">\n<h6><span style=\"color: #0000ff;\"><strong>Biostimulatorul Tecamin Flower<\/strong> este destinat tuturor culturilor agricole, \u00een scopul \u00eembun\u0103t\u0103\u021birii \u00eenfloririi \u0219i a leg\u0103rii fructelor, la legume, pomi fructiferi, vita de vie, sau chiar la culturile floricole.<\/span><\/h6>\n<h6><strong>Biostimulatorul Tecamin Flower<\/strong> este destinat ca supliment, pentru toate programele de fertilizare cu aplicare foliar\u0103.<\/h6>\n<h6><span style=\"color: #ff0000;\">Ca mod de folosire, biostimulatorul pentru inflorire\u00a0<strong>Tecamin Flower<\/strong> se dilueaza in concentratie de 0,2 &#8211; 0,3%,\u00a0 sau 20-30 ml\/10 litrii ap\u0103.\u00a0<\/span><\/h6>\n<h6><span style=\"color: #0000ff;\">Folosit in legumicultur\u0103, <span style=\"color: #ff0000;\">se va aplica la tomate ardei, castraveti, dovlecel, vanata, pepene, mazare si fasole, exact inaintea infloririi, in doza de 2-3 litrii\/hectar, in dilu\u021bia de mai sus. Se\u00a0 repet\u0103 la fiecare etap\u0103 a \u00eenfloririi.<\/span><\/span><\/h6>\n<h6><span style=\"color: #0000ff;\">La pomi fructiferi, Tecamin Flower se foloseste pentru stimularea infloririi se va aplica in aceleasi doze de mai sus. <\/span><\/h6>\n<h6><span style=\"color: #0000ff;\">Se utilizeaz\u0103 la fel \u0219i la vi\u021ba de vie.\u00a0<\/span><\/h6>\n<h6><span style=\"color: #0000ff;\"><span style=\"color: #ff0000;\">Fructe de p\u0103dure, se <\/span><\/span><span style=\"color: #ff0000;\">dilueaza in concentratie de\u00a0 0,3%,\u00a0 sau 30 ml\/10 litrii ap\u0103,\u0219i se aplic\u0103 <\/span><span style=\"color: #0000ff;\"><span style=\"color: #ff0000;\">inaintea infloririi.<\/span><\/span><\/h6>\n<h6><span style=\"color: #ff0000;\">Fasole,<\/span><span style=\"color: #ff0000;\">maz\u0103re,\u00a0 soia,f<\/span><span style=\"color: #ff0000;\">loarea soarelui, rapi\u021b\u0103 .<\/span><span style=\"color: #ff0000;\">se aplic\u0103 <\/span><span style=\"color: #0000ff;\"><span style=\"color: #ff0000;\">inaintea infloririi,<\/span><\/span><\/h6>\n<h6><span style=\"color: #ff0000;\"> in concentratie de\u00a0 0,3%,\u00a0 sau 30 ml\/10 litrii ap\u0103<\/span><span style=\"color: #0000ff;\"><span style=\"color: #ff0000;\">.<\/span><\/span><\/h6>\n<h6><span style=\"color: #ff0000;\">Avantajele folosirii biostimulatorului Tecamin Flower:<\/span><\/h6>\n<h6><span style=\"color: #0000ff;\"><strong>&#8211; <\/strong>\u00cembun\u0103t\u0103\u021be\u0219te <strong>inflorirea<\/strong><\/span><\/h6>\n<h6><span style=\"color: #0000ff;\"><strong>-M\u0103re\u0219te procentul de fructe legate<\/strong><\/span><\/h6>\n<h6><span style=\"color: #0000ff;\"><strong>&#8211; <\/strong>\u00cembun\u0103t\u0103\u021be\u0219te <strong>legarea fructelor;<\/strong><\/span><\/h6>\n<h6><span style=\"color: #0000ff;\"><strong>&#8211; Cre\u0219te fertiliatea polenului;-Reduce fenomenul de avortarea florilor<\/strong><\/span><\/h6>\n<h6><span style=\"color: #0000ff;\"><strong>&#8211; Determin\u0103 reducerea pierderilor cauzate de c\u0103derea fiziologic\u0103<\/strong><\/span><\/h6>\n<h6><strong>Tecamin Flower<\/strong>\u00a0este un produs formulat prin amesteul de fosfor, bor, molibden, amino acizi, carbohidrati, proteine si vitamine.<\/h6>\n<h6>Toate acestea sunt componente naturale, cu un\u00a0 rol important in desfasurarea proceselor de inflorire si legare.<\/h6>\n<h6><span style=\"color: #0000ff;\">Furnizeaz\u0103 macro \u0219i micro elemente pentru a prevenii sau corecta caren\u021bele ce arduce la o \u00eenflorire defectuas\u0103.<\/span><\/h6>\n<h6><span style=\"color: #0000ff;\">Carbohidratii au rol nutri\u021bional fiind sursa de energie , astfel sustin procesul de diviziune celular\u0103 \u00een cadrul meristemelor florale.<\/span><\/h6>\n<h6><span style=\"color: #0000ff;\">Fosforul este esential pt. a optimiza nutri\u021bia florilor \u0219i m\u0103re\u0219te capacitatea de fructificare a polenului. <\/span><\/h6>\n<h6><span style=\"color: #0000ff;\">Borul este esential pentru formarea polenului. <\/span><\/h6>\n<h6><span style=\"color: #0000ff;\">Molibdenul ajut\u0103 la metabolizarea azotului.<\/span><\/h6>\n<h6><strong>Tecamin Flower<\/strong> con\u021bine:<\/h6>\n<h6>&#8211; L-amino acizi \u00a0 \u00a0 \u00a0 \u00a0 \u00a0 3,0% w\/w<\/h6>\n<h6>&#8211; Total Azot (N) \u00a0 \u00a0 \u00a0 \u00a0 3,0% w\/w<\/h6>\n<h6>&#8211; Total Fosfor (P2O5) 10,0 % w\/w<\/h6>\n<h6>&#8211; Bor \u00a0 \u00a0 \u00a0 \u00a0 \u00a0 \u00a0 \u00a0 \u00a0 \u00a0 \u00a0 \u00a0 \u00a0 1,0 % w\/w<\/h6>\n<h6>&#8211; Molibden \u00a0 \u00a0 \u00a0 \u00a0 \u00a0 \u00a0 \u00a0 \u00a0 0,5 % w\/w<\/h6>\n<h6>-PH=3<\/h6>\n<h6>SFATURI<\/h6>\n<h6><span style=\"color: #ff0000;\">Dupa diluare, se recomanda aplicarea imediat\u0103.<\/span><\/h6>\n<h6><span style=\"color: #ff0000;\">Nu se recomanda expunerea produsului, la temperaturi ridicate, sau lumina solar\u0103.<\/span><\/h6>\n<h6><span style=\"color: #ff0000;\">Poate fi amestecat cu majoritatea produselor de uz comun.<\/span><\/h6>\n<h6><span style=\"color: #ff0000;\"> Se recomanda efectuarea unui test de compatibilitate inainte de realizarea de amestecuri.<\/span><\/h6>\n<h6><span style=\"color: #ff0000;\">Nu se amestec\u0103 cu produse ce au continut ridicat de sulfuri, cupru sau uleiuri minerale.\u00a0<\/span><\/h6>\n<h6><span style=\"color: #ff0000;\">Poate fi amestecat cu majoritatea produselor de uz comun. Se recomanda efectuarea unui test de compatibilitate inainte de realizarea de amestecuri.<\/span><\/h6>\n<h6><\/h6>\n<\/div>\n<\/div>\n","protected":false},"excerpt":{"rendered":"<h6><span style=\"color: #0000ff;\">250 ml. <img loading=\"lazy\" decoding=\"async\" class=\"alignnone wp-image-6106\" src=\"https:\/\/vivasem.ro\/wp-content\/uploads\/2021\/12\/NOU3.jpg\" alt=\"\" width=\"72\" height=\"69\" srcset=\"https:\/\/vivasem.ro\/wp-content\/uploads\/2021\/12\/NOU3.jpg 270w, https:\/\/vivasem.ro\/wp-content\/uploads\/2021\/12\/NOU3-248x241.jpg 248w\" sizes=\"auto, (max-width: 72px) 100vw, 72px\" \/><\/span><\/h6>\n<h6><span style=\"color: #ff00ff;\">STIMULEAZ\u0102 \u00ceNFLORIREA \u0218I LEGAREA .<\/span><\/h6>\n","protected":false},"featured_media":10927,"comment_status":"open","ping_status":"closed","template":"","meta":{"site-sidebar-layout":"default","site-content-layout":"default","ast-site-content-layout":"default","site-content-style":"default","site-sidebar-style":"default","ast-global-header-display":"","ast-banner-title-visibility":"","ast-main-header-display":"","ast-hfb-above-header-display":"","ast-hfb-below-header-display":"","ast-hfb-mobile-header-display":"","site-post-title":"","ast-breadcrumbs-content":"","ast-featured-img":"","footer-sml-layout":"","ast-disable-related-posts":"","theme-transparent-header-meta":"default","adv-header-id-meta":"","stick-header-meta":"","header-above-stick-meta":"","header-main-stick-meta":"","header-below-stick-meta":"","astra-migrate-meta-layouts":"set","ast-page-background-enabled":"default","ast-page-background-meta":{"desktop":{"background-color":"var(--ast-global-color-4)","background-image":"","background-repeat":"repeat","background-position":"center center","background-size":"auto","background-attachment":"scroll","background-type":"","background-media":"","overlay-type":"","overlay-color":"","overlay-opacity":"","overlay-gradient":""},"tablet":{"background-color":"","background-image":"","background-repeat":"repeat","background-position":"center center","background-size":"auto","background-attachment":"scroll","background-type":"","background-media":"","overlay-type":"","overlay-color":"","overlay-opacity":"","overlay-gradient":""},"mobile":{"background-color":"","background-image":"","background-repeat":"repeat","background-position":"center center","background-size":"auto","background-attachment":"scroll","background-type":"","background-media":"","overlay-type":"","overlay-color":"","overlay-opacity":"","overlay-gradient":""}},"ast-content-background-meta":{"desktop":{"background-color":"var(--ast-global-color-5)","background-image":"","background-repeat":"repeat","background-position":"center center","background-size":"auto","background-attachment":"scroll","background-type":"","background-media":"","overlay-type":"","overlay-color":"","overlay-opacity":"","overlay-gradient":""},"tablet":{"background-color":"var(--ast-global-color-5)","background-image":"","background-repeat":"repeat","background-position":"center center","background-size":"auto","background-attachment":"scroll","background-type":"","background-media":"","overlay-type":"","overlay-color":"","overlay-opacity":"","overlay-gradient":""},"mobile":{"background-color":"var(--ast-global-color-5)","background-image":"","background-repeat":"repeat","background-position":"center center","background-size":"auto","background-attachment":"scroll","background-type":"","background-media":"","overlay-type":"","overlay-color":"","overlay-opacity":"","overlay-gradient":""}}},"product_brand":[],"product_cat":[133],"product_tag":[],"class_list":{"0":"post-10933","1":"product","2":"type-product","3":"status-publish","4":"has-post-thumbnail","6":"product_cat-cropmax","7":"desktop-align-left","8":"tablet-align-left","9":"mobile-align-left","11":"first","12":"instock","13":"taxable","14":"shipping-taxable","15":"purchasable","16":"product-type-simple"},"_links":{"self":[{"href":"https:\/\/vivasem.ro\/index.php?rest_route=\/wp\/v2\/product\/10933","targetHints":{"allow":["GET"]}}],"collection":[{"href":"https:\/\/vivasem.ro\/index.php?rest_route=\/wp\/v2\/product"}],"about":[{"href":"https:\/\/vivasem.ro\/index.php?rest_route=\/wp\/v2\/types\/product"}],"replies":[{"embeddable":true,"href":"https:\/\/vivasem.ro\/index.php?rest_route=%2Fwp%2Fv2%2Fcomments&post=10933"}],"wp:featuredmedia":[{"embeddable":true,"href":"https:\/\/vivasem.ro\/index.php?rest_route=\/wp\/v2\/media\/10927"}],"wp:attachment":[{"href":"https:\/\/vivasem.ro\/index.php?rest_route=%2Fwp%2Fv2%2Fmedia&parent=10933"}],"wp:term":[{"taxonomy":"product_brand","embeddable":true,"href":"https:\/\/vivasem.ro\/index.php?rest_route=%2Fwp%2Fv2%2Fproduct_brand&post=10933"},{"taxonomy":"product_cat","embeddable":true,"href":"https:\/\/vivasem.ro\/index.php?rest_route=%2Fwp%2Fv2%2Fproduct_cat&post=10933"},{"taxonomy":"product_tag","embeddable":true,"href":"https:\/\/vivasem.ro\/index.php?rest_route=%2Fwp%2Fv2%2Fproduct_tag&post=10933"}],"curies":[{"name":"wp","href":"https:\/\/api.w.org\/{rel}","templated":true}]}}