{"id":10917,"date":"2023-11-08T10:07:33","date_gmt":"2023-11-08T08:07:33","guid":{"rendered":"https:\/\/vivasem.ro\/?post_type=product&#038;p=10917"},"modified":"2024-04-08T12:06:12","modified_gmt":"2024-04-08T10:06:12","slug":"fasole-urcatoare-verde-supermarconi","status":"publish","type":"product","link":"https:\/\/vivasem.ro\/?product=fasole-urcatoare-verde-supermarconi","title":{"rendered":"\u201e\u201eFasole lat\u0103, verde , urc\u0103toare, SUPERMARCONI"},"content":{"rendered":"<h6><span style=\"color: #ff6600;\"><strong><u>FASOLE SUPERMARCONI\u00a0<\/u><\/strong><\/span><\/h6>\n<h6><span style=\"color: #ff6600;\"><strong><u> Produc\u0103tor :LA SEMIORTO SEMENTI ITALIA,<\/u><\/strong><\/span><\/h6>\n<h6><span style=\"color: #0000ff;\"><strong>\u00a0<\/strong><strong>Supermarconi\u00a0<\/strong>este o varietate timpurie, de fasole urcatoare , de arac, cu <strong>p\u0103st\u0103i verzi, late \u0219i foarte gustoase, <\/strong>ce are particularitatea de a avea semintele de culoare neagra.<\/span><\/h6>\n<h6><span style=\"color: #0000ff;\">\u00a0<\/span><span style=\"color: #0000ff;\">Pastaile sunt late de 2-2,5 cm, lungi de 22 &#8211; 28 centimetri \u0219i au culoarea verde deschis,<\/span><span style=\"color: #0000ff;\">\u00a0au un interior fraged \u0219<\/span><span style=\"color: #0000ff;\">i nu con\u021bin a\u021be.<\/span><\/h6>\n<h6><span style=\"color: #0000ff;\">Plantele sunt viguroase, de 2-2,5 m, iar modul de cultivare este similar celui de la fasolea urcatoare de culoare galbena.\u00a0<\/span><\/h6>\n<h6><span style=\"color: #0000ff;\"><strong>Supermarconi,<\/strong>este de sezon lung, destinata culturilor de primavar\u0103 pan\u0103 in toamn\u0103, atat in culturile protejate, cat si in c\u00e2mp deschis, pe arac,<\/span><\/h6>\n<h6><span style=\"color: #0000ff;\">care se poate recolta pe o perioada indelungat\u0103.<\/span><\/h6>\n<h6><span style=\"color: #0000ff;\">SE CULTIV\u0102 CU REZULTATE FOARTE BUNE \u00ceN C\u00c2MP \u0218I EXCEP\u021aIONALE \u00ceN SOLAR.<\/span><\/h6>\n<h6><\/h6>\n<h6><\/h6>\n<h6><span style=\"color: #ff6600;\">\u00a0\u00a0<\/span><\/h6>\n<h6><\/h6>\n","protected":false},"excerpt":{"rendered":"<h6><span style=\"color: #0000ff;\">50 SEMIN\u021aE<\/span><\/h6>\n<h6><span style=\"color: #ff00ff;\">SOI GUSTOS \u0218I PRODUCTIV<\/span><\/h6>\n","protected":false},"featured_media":10919,"comment_status":"open","ping_status":"closed","template":"","meta":{"site-sidebar-layout":"default","site-content-layout":"default","ast-site-content-layout":"default","site-content-style":"default","site-sidebar-style":"default","ast-global-header-display":"","ast-banner-title-visibility":"","ast-main-header-display":"","ast-hfb-above-header-display":"","ast-hfb-below-header-display":"","ast-hfb-mobile-header-display":"","site-post-title":"","ast-breadcrumbs-content":"","ast-featured-img":"","footer-sml-layout":"","ast-disable-related-posts":"","theme-transparent-header-meta":"default","adv-header-id-meta":"","stick-header-meta":"","header-above-stick-meta":"","header-main-stick-meta":"","header-below-stick-meta":"","astra-migrate-meta-layouts":"set","ast-page-background-enabled":"default","ast-page-background-meta":{"desktop":{"background-color":"var(--ast-global-color-4)","background-image":"","background-repeat":"repeat","background-position":"center center","background-size":"auto","background-attachment":"scroll","background-type":"","background-media":"","overlay-type":"","overlay-color":"","overlay-opacity":"","overlay-gradient":""},"tablet":{"background-color":"","background-image":"","background-repeat":"repeat","background-position":"center center","background-size":"auto","background-attachment":"scroll","background-type":"","background-media":"","overlay-type":"","overlay-color":"","overlay-opacity":"","overlay-gradient":""},"mobile":{"background-color":"","background-image":"","background-repeat":"repeat","background-position":"center center","background-size":"auto","background-attachment":"scroll","background-type":"","background-media":"","overlay-type":"","overlay-color":"","overlay-opacity":"","overlay-gradient":""}},"ast-content-background-meta":{"desktop":{"background-color":"var(--ast-global-color-5)","background-image":"","background-repeat":"repeat","background-position":"center center","background-size":"auto","background-attachment":"scroll","background-type":"","background-media":"","overlay-type":"","overlay-color":"","overlay-opacity":"","overlay-gradient":""},"tablet":{"background-color":"var(--ast-global-color-5)","background-image":"","background-repeat":"repeat","background-position":"center center","background-size":"auto","background-attachment":"scroll","background-type":"","background-media":"","overlay-type":"","overlay-color":"","overlay-opacity":"","overlay-gradient":""},"mobile":{"background-color":"var(--ast-global-color-5)","background-image":"","background-repeat":"repeat","background-position":"center center","background-size":"auto","background-attachment":"scroll","background-type":"","background-media":"","overlay-type":"","overlay-color":"","overlay-opacity":"","overlay-gradient":""}}},"product_brand":[],"product_cat":[85],"product_tag":[],"class_list":{"0":"post-10917","1":"product","2":"type-product","3":"status-publish","4":"has-post-thumbnail","6":"product_cat-fasole","7":"desktop-align-left","8":"tablet-align-left","9":"mobile-align-left","11":"first","12":"outofstock","13":"taxable","14":"shipping-taxable","15":"purchasable","16":"product-type-simple"},"_links":{"self":[{"href":"https:\/\/vivasem.ro\/index.php?rest_route=\/wp\/v2\/product\/10917","targetHints":{"allow":["GET"]}}],"collection":[{"href":"https:\/\/vivasem.ro\/index.php?rest_route=\/wp\/v2\/product"}],"about":[{"href":"https:\/\/vivasem.ro\/index.php?rest_route=\/wp\/v2\/types\/product"}],"replies":[{"embeddable":true,"href":"https:\/\/vivasem.ro\/index.php?rest_route=%2Fwp%2Fv2%2Fcomments&post=10917"}],"wp:featuredmedia":[{"embeddable":true,"href":"https:\/\/vivasem.ro\/index.php?rest_route=\/wp\/v2\/media\/10919"}],"wp:attachment":[{"href":"https:\/\/vivasem.ro\/index.php?rest_route=%2Fwp%2Fv2%2Fmedia&parent=10917"}],"wp:term":[{"taxonomy":"product_brand","embeddable":true,"href":"https:\/\/vivasem.ro\/index.php?rest_route=%2Fwp%2Fv2%2Fproduct_brand&post=10917"},{"taxonomy":"product_cat","embeddable":true,"href":"https:\/\/vivasem.ro\/index.php?rest_route=%2Fwp%2Fv2%2Fproduct_cat&post=10917"},{"taxonomy":"product_tag","embeddable":true,"href":"https:\/\/vivasem.ro\/index.php?rest_route=%2Fwp%2Fv2%2Fproduct_tag&post=10917"}],"curies":[{"name":"wp","href":"https:\/\/api.w.org\/{rel}","templated":true}]}}