{"id":109,"date":"2021-09-16T21:57:41","date_gmt":"2021-09-16T19:57:41","guid":{"rendered":"https:\/\/vivasem.ro\/?post_type=product&#038;p=109"},"modified":"2025-08-11T07:18:17","modified_gmt":"2025-08-11T05:18:17","slug":"early-red-cherry-korolenko","status":"publish","type":"product","link":"https:\/\/vivasem.ro\/?product=early-red-cherry-korolenko","title":{"rendered":"CHERRY EARLY RED KOROLENKO (50s)"},"content":{"rendered":"<h6><span style=\"color: #ff0000;\">CHERRY\u00a0 <\/span><span style=\"color: #ff0000;\">EARLY RED KOROLENKO,<\/span><\/h6>\n<h6><span style=\"color: #0000ff;\">CEL MAI TIMPURIU SOI CHERRY DIN PORTOFOLIU, ORIGINAR DIN UCRAINA, CE PRODUCE CIORCHINI MARI, TIP CORDON, DE FRUCTE CU GREUTATEA \u00ceNTRE 8-15 GRAME,DE CULOARE RO\u0218U APRINS.<\/span><\/h6>\n<h6>\u00a0<span style=\"color: #0000ff;\">GUST EXCELENT, FRUCTELE\u00a0 SE SPARG IN GUR\u0102, INTR-O EXPLOZIE DULCE -AROMAT\u0102. DE RO\u0218IE VECHE.<\/span><\/h6>\n<h6><span style=\"color: #0000ff;\">UN SOI BINE ADAPTAT \u0218I LA CLIMA R\u0102COROAS\u0102, CU REZULTATE EXCELENTE C\u00c2ND ESTE CULTIVAT \u00ceN GR\u0102DIN\u0102.<\/span><\/h6>\n<h6>\u00a0PLANTE NEDETERMINATE, VIGUROASE, CARE AJUNG P\u00c2N\u0102 LA 5 METRII \u00ceN\u0102L\u021aIME, C\u00c2ND SUNT CULTIVATE IN SOLAR. EXTREATIMPURIU.<\/h6>\n<p>&nbsp;<\/p>\n","protected":false},"excerpt":{"rendered":"<h6><span style=\"color: #0000ff;\">50 SEMIN\u021aE<\/span><\/h6>\n<h6><span style=\"color: #ff6600;\">GUST EXCELENT !<\/span><\/h6>\n<h6><span style=\"color: #ff6600;\">SOI FOARTE REZISTENT !<\/span><\/h6>\n","protected":false},"featured_media":10273,"comment_status":"open","ping_status":"closed","template":"","meta":{"site-sidebar-layout":"default","site-content-layout":"default","ast-site-content-layout":"default","site-content-style":"default","site-sidebar-style":"default","ast-global-header-display":"","ast-banner-title-visibility":"","ast-main-header-display":"","ast-hfb-above-header-display":"","ast-hfb-below-header-display":"","ast-hfb-mobile-header-display":"","site-post-title":"","ast-breadcrumbs-content":"","ast-featured-img":"","footer-sml-layout":"","ast-disable-related-posts":"","theme-transparent-header-meta":"default","adv-header-id-meta":"","stick-header-meta":"","header-above-stick-meta":"","header-main-stick-meta":"","header-below-stick-meta":"","astra-migrate-meta-layouts":"set","ast-page-background-enabled":"default","ast-page-background-meta":{"desktop":{"background-color":"var(--ast-global-color-4)","background-image":"","background-repeat":"repeat","background-position":"center center","background-size":"auto","background-attachment":"scroll","background-type":"","background-media":"","overlay-type":"","overlay-color":"","overlay-opacity":"","overlay-gradient":""},"tablet":{"background-color":"","background-image":"","background-repeat":"repeat","background-position":"center center","background-size":"auto","background-attachment":"scroll","background-type":"","background-media":"","overlay-type":"","overlay-color":"","overlay-opacity":"","overlay-gradient":""},"mobile":{"background-color":"","background-image":"","background-repeat":"repeat","background-position":"center center","background-size":"auto","background-attachment":"scroll","background-type":"","background-media":"","overlay-type":"","overlay-color":"","overlay-opacity":"","overlay-gradient":""}},"ast-content-background-meta":{"desktop":{"background-color":"var(--ast-global-color-5)","background-image":"","background-repeat":"repeat","background-position":"center center","background-size":"auto","background-attachment":"scroll","background-type":"","background-media":"","overlay-type":"","overlay-color":"","overlay-opacity":"","overlay-gradient":""},"tablet":{"background-color":"var(--ast-global-color-5)","background-image":"","background-repeat":"repeat","background-position":"center center","background-size":"auto","background-attachment":"scroll","background-type":"","background-media":"","overlay-type":"","overlay-color":"","overlay-opacity":"","overlay-gradient":""},"mobile":{"background-color":"var(--ast-global-color-5)","background-image":"","background-repeat":"repeat","background-position":"center center","background-size":"auto","background-attachment":"scroll","background-type":"","background-media":"","overlay-type":"","overlay-color":"","overlay-opacity":"","overlay-gradient":""}}},"product_brand":[],"product_cat":[143,142,15],"product_tag":[],"class_list":{"0":"post-109","1":"product","2":"type-product","3":"status-publish","4":"has-post-thumbnail","6":"product_cat-soiuri-timpurii-cherry","7":"product_cat-soiuri-rosii-roz","8":"product_cat-tomate-soi","9":"desktop-align-left","10":"tablet-align-left","11":"mobile-align-left","13":"first","14":"instock","15":"taxable","16":"shipping-taxable","17":"purchasable","18":"product-type-simple"},"_links":{"self":[{"href":"https:\/\/vivasem.ro\/index.php?rest_route=\/wp\/v2\/product\/109","targetHints":{"allow":["GET"]}}],"collection":[{"href":"https:\/\/vivasem.ro\/index.php?rest_route=\/wp\/v2\/product"}],"about":[{"href":"https:\/\/vivasem.ro\/index.php?rest_route=\/wp\/v2\/types\/product"}],"replies":[{"embeddable":true,"href":"https:\/\/vivasem.ro\/index.php?rest_route=%2Fwp%2Fv2%2Fcomments&post=109"}],"wp:featuredmedia":[{"embeddable":true,"href":"https:\/\/vivasem.ro\/index.php?rest_route=\/wp\/v2\/media\/10273"}],"wp:attachment":[{"href":"https:\/\/vivasem.ro\/index.php?rest_route=%2Fwp%2Fv2%2Fmedia&parent=109"}],"wp:term":[{"taxonomy":"product_brand","embeddable":true,"href":"https:\/\/vivasem.ro\/index.php?rest_route=%2Fwp%2Fv2%2Fproduct_brand&post=109"},{"taxonomy":"product_cat","embeddable":true,"href":"https:\/\/vivasem.ro\/index.php?rest_route=%2Fwp%2Fv2%2Fproduct_cat&post=109"},{"taxonomy":"product_tag","embeddable":true,"href":"https:\/\/vivasem.ro\/index.php?rest_route=%2Fwp%2Fv2%2Fproduct_tag&post=109"}],"curies":[{"name":"wp","href":"https:\/\/api.w.org\/{rel}","templated":true}]}}