{"id":10808,"date":"2023-10-08T06:34:36","date_gmt":"2023-10-08T04:34:36","guid":{"rendered":"https:\/\/vivasem.ro\/?post_type=product&#038;p=10808"},"modified":"2026-02-19T09:38:16","modified_gmt":"2026-02-19T07:38:16","slug":"rucola-agrosem-tg-mures","status":"publish","type":"product","link":"https:\/\/vivasem.ro\/?product=rucola-agrosem-tg-mures","title":{"rendered":"\u201e\u201eRUCOLA (Florian)"},"content":{"rendered":"<h6><span style=\"color: #ff0000;\"><strong><u>RUCOLA,<\/u><\/strong><\/span><\/h6>\n<h6><span style=\"color: #ff0000;\"><span class=\"post-meta-key\">Produc\u0103tor:Florian OOD Bulgaria<\/span>,<\/span><\/h6>\n<h6><span style=\"color: #0000ff;\">Rucola este o plant\u0103 cu gust am\u0103rui -picant \u0219i arom\u0103 cu totul deosebit\u0103, de alune, folosit\u0103 intens \u00een vestul Europei , pentru salat\u0103, pizza, sup\u0103, m\u00e2nc\u0103ruri g\u0103tite.\u00a0<\/span><\/h6>\n<h6>Rupe\u021bi frunzele cu grij\u0103 f\u0103r\u0103 s\u0103 afecta\u021bi planta, pentru c\u0103 ea va continua s\u0103 creasc\u0103 \u0219i s\u0103 produc\u0103 alte frunze.<\/h6>\n<h6><span style=\"color: #ff0000;\">Cu c\u00e2t culege\u021bi mai multe frunze, cu atat planta cre\u0219te mai mult.<\/span><\/h6>\n<h6>Ocazional \u00eendep\u0103rta\u021bi tulpinile cu tendin\u021b\u0103 de lemnificare, a\u0219a inc\u00e2t s\u0103 preveni\u021bi formarea florilor \u0219i schimbarea gustului frunzelor (devin mai amare).<\/h6>\n<h6><\/h6>\n<h6><span style=\"color: #0000ff;\">PLANTARE SI INGRIJIRE<\/span><\/h6>\n<h6><span style=\"color: #0000ff;\">Pentru o cre\u0219tere bun\u0103, este necesar ca locul de plantare s\u0103 beneficieze de prezen\u021ba soarelui cel putin 6 ore pe zi, iar solul s\u0103 fie bine drenat pentru a impiedica stagnarea apei, fertil si bogat in materie organic\u0103.<\/span><\/h6>\n<h6><span style=\"color: #0000ff;\">Mulcirea poate ajuta la men\u021binerea unei temperaturi reci a solului si a unui grad de umiditate constant. Mulciul se prepara din compost, frunze fin macinate sau scoarta de copac macinata.<\/span><\/h6>\n<h6><span style=\"color: #0000ff;\">Cele mai bune randamente se pot obtine prin fertilizare cu ingrasaminte pe baza\u00a0de azot sau gunoi de grajd, dar de asemenea si ingrasamantul organic este foarte benefic.<\/span><\/h6>\n<h6><span style=\"color: #0000ff;\">Soi rezistent la frig (pana la -7 grade Celsius).<\/span><\/h6>\n<h6><\/h6>\n","protected":false},"excerpt":{"rendered":"<h6><span style=\"color: #0000ff;\">2 grame \/cca 900-1000 semin\u021be<img loading=\"lazy\" decoding=\"async\" class=\"alignnone wp-image-6106\" src=\"https:\/\/vivasem.ro\/wp-content\/uploads\/2021\/12\/NOU3.jpg\" alt=\"\" width=\"72\" height=\"69\" srcset=\"https:\/\/vivasem.ro\/wp-content\/uploads\/2021\/12\/NOU3.jpg 270w, https:\/\/vivasem.ro\/wp-content\/uploads\/2021\/12\/NOU3-248x241.jpg 248w\" sizes=\"auto, (max-width: 72px) 100vw, 72px\" \/><\/span><\/h6>\n","protected":false},"featured_media":13691,"comment_status":"open","ping_status":"closed","template":"","meta":{"site-sidebar-layout":"default","site-content-layout":"default","ast-site-content-layout":"default","site-content-style":"default","site-sidebar-style":"default","ast-global-header-display":"","ast-banner-title-visibility":"","ast-main-header-display":"","ast-hfb-above-header-display":"","ast-hfb-below-header-display":"","ast-hfb-mobile-header-display":"","site-post-title":"","ast-breadcrumbs-content":"","ast-featured-img":"","footer-sml-layout":"","ast-disable-related-posts":"","theme-transparent-header-meta":"default","adv-header-id-meta":"","stick-header-meta":"","header-above-stick-meta":"","header-main-stick-meta":"","header-below-stick-meta":"","astra-migrate-meta-layouts":"set","ast-page-background-enabled":"default","ast-page-background-meta":{"desktop":{"background-color":"var(--ast-global-color-4)","background-image":"","background-repeat":"repeat","background-position":"center center","background-size":"auto","background-attachment":"scroll","background-type":"","background-media":"","overlay-type":"","overlay-color":"","overlay-opacity":"","overlay-gradient":""},"tablet":{"background-color":"","background-image":"","background-repeat":"repeat","background-position":"center center","background-size":"auto","background-attachment":"scroll","background-type":"","background-media":"","overlay-type":"","overlay-color":"","overlay-opacity":"","overlay-gradient":""},"mobile":{"background-color":"","background-image":"","background-repeat":"repeat","background-position":"center center","background-size":"auto","background-attachment":"scroll","background-type":"","background-media":"","overlay-type":"","overlay-color":"","overlay-opacity":"","overlay-gradient":""}},"ast-content-background-meta":{"desktop":{"background-color":"var(--ast-global-color-5)","background-image":"","background-repeat":"repeat","background-position":"center center","background-size":"auto","background-attachment":"scroll","background-type":"","background-media":"","overlay-type":"","overlay-color":"","overlay-opacity":"","overlay-gradient":""},"tablet":{"background-color":"var(--ast-global-color-5)","background-image":"","background-repeat":"repeat","background-position":"center center","background-size":"auto","background-attachment":"scroll","background-type":"","background-media":"","overlay-type":"","overlay-color":"","overlay-opacity":"","overlay-gradient":""},"mobile":{"background-color":"var(--ast-global-color-5)","background-image":"","background-repeat":"repeat","background-position":"center center","background-size":"auto","background-attachment":"scroll","background-type":"","background-media":"","overlay-type":"","overlay-color":"","overlay-opacity":"","overlay-gradient":""}}},"product_brand":[],"product_cat":[88,91,90],"product_tag":[],"class_list":{"0":"post-10808","1":"product","2":"type-product","3":"status-publish","4":"has-post-thumbnail","6":"product_cat-salata-varza-kale","7":"product_cat-alte-legume","8":"product_cat-plante-aromatice","9":"desktop-align-left","10":"tablet-align-left","11":"mobile-align-left","13":"first","14":"outofstock","15":"taxable","16":"shipping-taxable","17":"purchasable","18":"product-type-simple"},"_links":{"self":[{"href":"https:\/\/vivasem.ro\/index.php?rest_route=\/wp\/v2\/product\/10808","targetHints":{"allow":["GET"]}}],"collection":[{"href":"https:\/\/vivasem.ro\/index.php?rest_route=\/wp\/v2\/product"}],"about":[{"href":"https:\/\/vivasem.ro\/index.php?rest_route=\/wp\/v2\/types\/product"}],"replies":[{"embeddable":true,"href":"https:\/\/vivasem.ro\/index.php?rest_route=%2Fwp%2Fv2%2Fcomments&post=10808"}],"wp:featuredmedia":[{"embeddable":true,"href":"https:\/\/vivasem.ro\/index.php?rest_route=\/wp\/v2\/media\/13691"}],"wp:attachment":[{"href":"https:\/\/vivasem.ro\/index.php?rest_route=%2Fwp%2Fv2%2Fmedia&parent=10808"}],"wp:term":[{"taxonomy":"product_brand","embeddable":true,"href":"https:\/\/vivasem.ro\/index.php?rest_route=%2Fwp%2Fv2%2Fproduct_brand&post=10808"},{"taxonomy":"product_cat","embeddable":true,"href":"https:\/\/vivasem.ro\/index.php?rest_route=%2Fwp%2Fv2%2Fproduct_cat&post=10808"},{"taxonomy":"product_tag","embeddable":true,"href":"https:\/\/vivasem.ro\/index.php?rest_route=%2Fwp%2Fv2%2Fproduct_tag&post=10808"}],"curies":[{"name":"wp","href":"https:\/\/api.w.org\/{rel}","templated":true}]}}