{"id":10763,"date":"2023-10-03T10:04:20","date_gmt":"2023-10-03T08:04:20","guid":{"rendered":"https:\/\/vivasem.ro\/?post_type=product&#038;p=10763"},"modified":"2025-02-02T16:04:02","modified_gmt":"2025-02-02T14:04:02","slug":"darsirius-scdl-buzau-300s","status":"publish","type":"product","link":"https:\/\/vivasem.ro\/?product=darsirius-scdl-buzau-300s","title":{"rendered":"\u201e\u201e DARSIRIUS- SCDL BUZ\u0102U (300s\/1g)"},"content":{"rendered":"<h6><span style=\"color: #ff0000;\">DARSIRIUS,<\/span><\/h6>\n<h6><span style=\"color: #ff0000;\">PRODUC\u0102TOR: <strong><u>STA\u021aIUNEA DE CERCETARE \u0218I DEZVOLTARE LEGUMICOL\u0102 BUZ\u0102U,<\/u><\/strong><\/span><\/h6>\n<h6><span style=\"color: #0000ff;\"><strong>\u00a0<\/strong>Soiul de tomate DARSIRIUS , are cre\u015ftere determinat\u0103 \u0219i este destinat cultiv\u0103rii \u00een c\u00e2mp, dar se poate cultiva \u0219i \u00een solarii.<\/span><\/h6>\n<h6><span style=\"color: #0000ff;\">\u00a0Nu se copile\u0219te, nu necesit\u0103 \u00eengrijiri speciale.<\/span><\/h6>\n<h6><span style=\"color: #ff0000;\">Fructele sunt \u00een form\u0103 de prun\u0103, de culoare ro\u015fu \u00eenchis, cu luciu, ferme, cu o greutate medie de 60-80 g, f\u0103r\u0103 capac verde, se recolteaz\u0103 u\u015for, f\u0103r\u0103 codi\u0163\u0103. <\/span><\/h6>\n<h6><span style=\"color: #ff0000;\">Con\u0163inutul \u00een substan\u0163\u0103 uscat\u0103 este de peste 6%, cu o produc\u0163ie medie de peste 2,5 kg\/plant\u0103.<\/span><\/h6>\n<h6><span style=\"color: #ff0000;\">Prezint\u0103 num\u0103r mic de semin\u0163e \u00een fruct.<\/span><\/h6>\n<h6><span style=\"color: #0000ff;\">Soiul este \u00eenzestrat genetic cu rezisten\u0163\u0103 la bolile specifice tomatelor \u015fi nematozi.<\/span><\/h6>\n<h6><span style=\"color: #0000ff;\">Capacitatea de p\u0103strare a fructelor dup\u0103 recoltare este de peste 10 zile.<\/span><\/h6>\n<h6><span style=\"color: #0000ff;\">Soiul este destinat industrializ\u0103rii \u015fi consumului \u00een stare proasp\u0103t\u0103. Poate fi cultivat \u015fi \u00een sistem ecologic.<\/span><\/h6>\n<h6><span style=\"color: #0000ff;\">Tufa are o \u00een\u0103l\u021bime medie de 60-65 cm.<\/span><\/h6>\n<h6><span style=\"color: #ff0000;\">Gustul este dulce,cu arom\u0103 intens\u0103, iar substan\u021ba uscat\u0103 de peste 6,2% \u00eel recomand\u0103 pentru ob\u021binerea de bulion, sosuri, paste, \u00een gospod\u0103rie , sau pentru industrializare.<\/span><\/h6>\n<h6><\/h6>\n<h6>Ro\u0219iile Darsirius sunt un soi rom\u00e2nesc semitimpuriu cu cre\u0219tere determinat\u0103, ob\u021binut la SCDL Buz\u0103u.<\/h6>\n<h6><\/h6>\n","protected":false},"excerpt":{"rendered":"<h6><span style=\"color: #0000ff;\">300 SEMIN\u021aE\/cca 1 gram<\/span><\/h6>\n<h6><span style=\"color: #ff00ff;\">SOI DETERMINAT ROM\u0102NESC\u00a0<\/span><\/h6>\n<h6><span style=\"color: #ff00ff;\"><img loading=\"lazy\" decoding=\"async\" class=\"alignnone wp-image-7096\" src=\"https:\/\/vivasem.ro\/wp-content\/uploads\/2021\/11\/ROMANIA-e1695978047917-300x114.jpg\" alt=\"\" width=\"237\" height=\"90\" \/><\/span><\/h6>\n","protected":false},"featured_media":10670,"comment_status":"open","ping_status":"closed","template":"","meta":{"site-sidebar-layout":"default","site-content-layout":"default","ast-site-content-layout":"default","site-content-style":"default","site-sidebar-style":"default","ast-global-header-display":"","ast-banner-title-visibility":"","ast-main-header-display":"","ast-hfb-above-header-display":"","ast-hfb-below-header-display":"","ast-hfb-mobile-header-display":"","site-post-title":"","ast-breadcrumbs-content":"","ast-featured-img":"","footer-sml-layout":"","ast-disable-related-posts":"","theme-transparent-header-meta":"default","adv-header-id-meta":"","stick-header-meta":"","header-above-stick-meta":"","header-main-stick-meta":"","header-below-stick-meta":"","astra-migrate-meta-layouts":"set","ast-page-background-enabled":"default","ast-page-background-meta":{"desktop":{"background-color":"var(--ast-global-color-4)","background-image":"","background-repeat":"repeat","background-position":"center center","background-size":"auto","background-attachment":"scroll","background-type":"","background-media":"","overlay-type":"","overlay-color":"","overlay-opacity":"","overlay-gradient":""},"tablet":{"background-color":"","background-image":"","background-repeat":"repeat","background-position":"center center","background-size":"auto","background-attachment":"scroll","background-type":"","background-media":"","overlay-type":"","overlay-color":"","overlay-opacity":"","overlay-gradient":""},"mobile":{"background-color":"","background-image":"","background-repeat":"repeat","background-position":"center center","background-size":"auto","background-attachment":"scroll","background-type":"","background-media":"","overlay-type":"","overlay-color":"","overlay-opacity":"","overlay-gradient":""}},"ast-content-background-meta":{"desktop":{"background-color":"var(--ast-global-color-5)","background-image":"","background-repeat":"repeat","background-position":"center center","background-size":"auto","background-attachment":"scroll","background-type":"","background-media":"","overlay-type":"","overlay-color":"","overlay-opacity":"","overlay-gradient":""},"tablet":{"background-color":"var(--ast-global-color-5)","background-image":"","background-repeat":"repeat","background-position":"center center","background-size":"auto","background-attachment":"scroll","background-type":"","background-media":"","overlay-type":"","overlay-color":"","overlay-opacity":"","overlay-gradient":""},"mobile":{"background-color":"var(--ast-global-color-5)","background-image":"","background-repeat":"repeat","background-position":"center center","background-size":"auto","background-attachment":"scroll","background-type":"","background-media":"","overlay-type":"","overlay-color":"","overlay-opacity":"","overlay-gradient":""}}},"product_brand":[],"product_cat":[167,140,142,15],"product_tag":[],"class_list":{"0":"post-10763","1":"product","2":"type-product","3":"status-publish","4":"has-post-thumbnail","6":"product_cat-tufa","7":"product_cat-soiuri-romanesti","8":"product_cat-soiuri-rosii-roz","9":"product_cat-tomate-soi","10":"desktop-align-left","11":"tablet-align-left","12":"mobile-align-left","14":"first","15":"outofstock","16":"taxable","17":"shipping-taxable","18":"purchasable","19":"product-type-simple"},"_links":{"self":[{"href":"https:\/\/vivasem.ro\/index.php?rest_route=\/wp\/v2\/product\/10763","targetHints":{"allow":["GET"]}}],"collection":[{"href":"https:\/\/vivasem.ro\/index.php?rest_route=\/wp\/v2\/product"}],"about":[{"href":"https:\/\/vivasem.ro\/index.php?rest_route=\/wp\/v2\/types\/product"}],"replies":[{"embeddable":true,"href":"https:\/\/vivasem.ro\/index.php?rest_route=%2Fwp%2Fv2%2Fcomments&post=10763"}],"wp:featuredmedia":[{"embeddable":true,"href":"https:\/\/vivasem.ro\/index.php?rest_route=\/wp\/v2\/media\/10670"}],"wp:attachment":[{"href":"https:\/\/vivasem.ro\/index.php?rest_route=%2Fwp%2Fv2%2Fmedia&parent=10763"}],"wp:term":[{"taxonomy":"product_brand","embeddable":true,"href":"https:\/\/vivasem.ro\/index.php?rest_route=%2Fwp%2Fv2%2Fproduct_brand&post=10763"},{"taxonomy":"product_cat","embeddable":true,"href":"https:\/\/vivasem.ro\/index.php?rest_route=%2Fwp%2Fv2%2Fproduct_cat&post=10763"},{"taxonomy":"product_tag","embeddable":true,"href":"https:\/\/vivasem.ro\/index.php?rest_route=%2Fwp%2Fv2%2Fproduct_tag&post=10763"}],"curies":[{"name":"wp","href":"https:\/\/api.w.org\/{rel}","templated":true}]}}