{"id":10739,"date":"2023-10-01T07:28:12","date_gmt":"2023-10-01T05:28:12","guid":{"rendered":"https:\/\/vivasem.ro\/?post_type=product&#038;p=10739"},"modified":"2023-10-01T07:31:50","modified_gmt":"2023-10-01T05:31:50","slug":"marar-daniela-scdl-buzau-1500s","status":"publish","type":"product","link":"https:\/\/vivasem.ro\/?product=marar-daniela-scdl-buzau-1500s","title":{"rendered":"M\u0102RAR DANIELA -SCDL BUZ\u0102U (1500s)"},"content":{"rendered":"<h6><span style=\"color: #ff0000;\"><strong><u>M\u0102RAR<\/u><\/strong> DANIELA,<\/span><\/h6>\n<h6><span style=\"color: #ff0000;\"><strong><u>-PRODUC\u0102TOR:<\/u><\/strong><strong><u>STA\u021aIUNEA DE CERCETARE \u0218I DEZVOLTARE LEGUMICOL\u0102 BUZ\u0102U,<\/u><\/strong><\/span><\/h6>\n<h6><span style=\"color: #0000ff;\">Soi timpuriu, pretabil cultiv\u0103rii \u00een ser\u0103, solar, c\u00e2mp, ghivece, \u00een scop alimentar \u015fi condimentar; forma tufei este erect\u0103, puternic ramificat\u0103, de culoare verde \u00eenchis. Soiul se eviden\u0163iaz\u0103 prin arom\u0103 specific\u0103, mentolat\u0103, degajat\u0103 de toate organele plantei.<\/span><\/h6>\n<h6>Tolerant la bolile \u015fi d\u0103un\u0103torii specifici.<\/h6>\n<h6>Capacitatea de produc\u0163ie: 8-10 t\/ha, produc\u0163ie medie.<\/h6>\n<h6>Se poate sem\u0103na de prim\u0103vara p\u00e2n\u0103 toamna, cu men\u021biunea c\u0103 plantele nu suport\u0103 \u00eenghe\u021bul. Se seam\u0103n\u0103 \u00een spa\u021bii protejate ne\u00eenc\u0103lzite din luna decembrie, iar \u00een c\u00e2mp, \u00eentre 10-15 martie.<\/h6>\n<h6>R\u0103sare la 6-7 zile dup\u0103 sem\u0103nat. Se recolteaz\u0103 e\u015falonat, de la \u00eenceputul form\u0103rii tufei p\u00e2n\u0103 la venirea \u00eenghe\u0163ului sau total, la la maturitatea tehnic\u0103 sau fiziologic\u0103. Produc\u021bia medie este de 0,5-2 kg\/ m2\u00a0frunze verzi.<\/h6>\n<p>AMBALAT \u00ceN PLIC ZIP ETICHETAT.<\/p>\n<table border=\"1\" cellspacing=\"1\" cellpadding=\"1\" align=\"center\">\n<tbody>\n<tr>\n<td><\/td>\n<td><\/td>\n<td><\/td>\n<td><\/td>\n<td><\/td>\n<td><\/td>\n<td><\/td>\n<td><\/td>\n<td><\/td>\n<td><\/td>\n<\/tr>\n<\/tbody>\n<\/table>\n","protected":false},"excerpt":{"rendered":"<h6><span style=\"color: #0000ff;\">1500 seminte\/cca 2,5<\/span><span style=\"color: #0000ff;\">\u00a0 GRAME<\/span><\/h6>\n<p><img loading=\"lazy\" decoding=\"async\" class=\"alignnone wp-image-7096\" src=\"https:\/\/vivasem.ro\/wp-content\/uploads\/2021\/11\/ROMANIA-e1695978047917-300x114.jpg\" alt=\"\" width=\"250\" height=\"95\" \/><\/p>\n","protected":false},"featured_media":7006,"comment_status":"open","ping_status":"closed","template":"","meta":{"site-sidebar-layout":"default","site-content-layout":"default","ast-site-content-layout":"default","site-content-style":"default","site-sidebar-style":"default","ast-global-header-display":"","ast-banner-title-visibility":"","ast-main-header-display":"","ast-hfb-above-header-display":"","ast-hfb-below-header-display":"","ast-hfb-mobile-header-display":"","site-post-title":"","ast-breadcrumbs-content":"","ast-featured-img":"","footer-sml-layout":"","ast-disable-related-posts":"","theme-transparent-header-meta":"default","adv-header-id-meta":"","stick-header-meta":"","header-above-stick-meta":"","header-main-stick-meta":"","header-below-stick-meta":"","astra-migrate-meta-layouts":"default","ast-page-background-enabled":"default","ast-page-background-meta":{"desktop":{"background-color":"var(--ast-global-color-4)","background-image":"","background-repeat":"repeat","background-position":"center center","background-size":"auto","background-attachment":"scroll","background-type":"","background-media":"","overlay-type":"","overlay-color":"","overlay-opacity":"","overlay-gradient":""},"tablet":{"background-color":"","background-image":"","background-repeat":"repeat","background-position":"center center","background-size":"auto","background-attachment":"scroll","background-type":"","background-media":"","overlay-type":"","overlay-color":"","overlay-opacity":"","overlay-gradient":""},"mobile":{"background-color":"","background-image":"","background-repeat":"repeat","background-position":"center center","background-size":"auto","background-attachment":"scroll","background-type":"","background-media":"","overlay-type":"","overlay-color":"","overlay-opacity":"","overlay-gradient":""}},"ast-content-background-meta":{"desktop":{"background-color":"var(--ast-global-color-5)","background-image":"","background-repeat":"repeat","background-position":"center center","background-size":"auto","background-attachment":"scroll","background-type":"","background-media":"","overlay-type":"","overlay-color":"","overlay-opacity":"","overlay-gradient":""},"tablet":{"background-color":"var(--ast-global-color-5)","background-image":"","background-repeat":"repeat","background-position":"center center","background-size":"auto","background-attachment":"scroll","background-type":"","background-media":"","overlay-type":"","overlay-color":"","overlay-opacity":"","overlay-gradient":""},"mobile":{"background-color":"var(--ast-global-color-5)","background-image":"","background-repeat":"repeat","background-position":"center center","background-size":"auto","background-attachment":"scroll","background-type":"","background-media":"","overlay-type":"","overlay-color":"","overlay-opacity":"","overlay-gradient":""}}},"product_brand":[],"product_cat":[90],"product_tag":[],"class_list":{"0":"post-10739","1":"product","2":"type-product","3":"status-publish","4":"has-post-thumbnail","6":"product_cat-plante-aromatice","7":"desktop-align-left","8":"tablet-align-left","9":"mobile-align-left","11":"first","12":"instock","13":"taxable","14":"shipping-taxable","15":"purchasable","16":"product-type-simple"},"_links":{"self":[{"href":"https:\/\/vivasem.ro\/index.php?rest_route=\/wp\/v2\/product\/10739","targetHints":{"allow":["GET"]}}],"collection":[{"href":"https:\/\/vivasem.ro\/index.php?rest_route=\/wp\/v2\/product"}],"about":[{"href":"https:\/\/vivasem.ro\/index.php?rest_route=\/wp\/v2\/types\/product"}],"replies":[{"embeddable":true,"href":"https:\/\/vivasem.ro\/index.php?rest_route=%2Fwp%2Fv2%2Fcomments&post=10739"}],"wp:featuredmedia":[{"embeddable":true,"href":"https:\/\/vivasem.ro\/index.php?rest_route=\/wp\/v2\/media\/7006"}],"wp:attachment":[{"href":"https:\/\/vivasem.ro\/index.php?rest_route=%2Fwp%2Fv2%2Fmedia&parent=10739"}],"wp:term":[{"taxonomy":"product_brand","embeddable":true,"href":"https:\/\/vivasem.ro\/index.php?rest_route=%2Fwp%2Fv2%2Fproduct_brand&post=10739"},{"taxonomy":"product_cat","embeddable":true,"href":"https:\/\/vivasem.ro\/index.php?rest_route=%2Fwp%2Fv2%2Fproduct_cat&post=10739"},{"taxonomy":"product_tag","embeddable":true,"href":"https:\/\/vivasem.ro\/index.php?rest_route=%2Fwp%2Fv2%2Fproduct_tag&post=10739"}],"curies":[{"name":"wp","href":"https:\/\/api.w.org\/{rel}","templated":true}]}}