{"id":10720,"date":"2023-09-30T07:40:21","date_gmt":"2023-09-30T05:40:21","guid":{"rendered":"https:\/\/vivasem.ro\/?post_type=product&#038;p=10720"},"modified":"2025-02-10T09:47:11","modified_gmt":"2025-02-10T07:47:11","slug":"ardei-gras-cantemir-buzau-scdl-100s","status":"publish","type":"product","link":"https:\/\/vivasem.ro\/?product=ardei-gras-cantemir-buzau-scdl-100s","title":{"rendered":"\u201e\u201eARDEI GRAS CANTEMIR -BUZ\u0102U SCDL (100s)"},"content":{"rendered":"<h6><span style=\"color: #ff0000;\">ARDEI GRAS CANTEMIR\u00a0,<\/span><\/h6>\n<h6><span style=\"color: #ff0000;\">\u00a0PRODUC\u0102TOR: <strong><u>STA\u021aIUNEA DE CERCETARE \u0218I DEZVOLTARE LEGUMICOL\u0102 BUZ\u0102U,<\/u><\/strong><\/span><\/h6>\n<h6><span style=\"color: #0000ff;\">Soi rom\u00e2nesc, <b>semitimpuriu<\/b>, pretabil cultiv\u0103rii \u00een spa\u021bii protejate \u0219i \u00een c\u00e2mp.<\/span><\/h6>\n<h6>Planta este compact\u0103, iar tufa are vigoare medie.<\/h6>\n<h6><span style=\"color: #0000ff;\">Fructele sunt\u00a0 <b>tip <\/b><b>blocky<\/b>, cu suprafa\u021b\u0103 br\u0103zdat\u0103 longitudinal de \u0219an\u021buri bine eviden\u021biate.<\/span><\/h6>\n<h6><span style=\"color: #0000ff;\"><b>Greutatea fructului variaz\u0103\u00a0 de la 130-170 g<\/b>.\u00a0 <\/span><\/h6>\n<h6><span style=\"color: #ff0000;\"><b>Fructele au un aspect comercial pl\u0103cut, fiind de culoare ro\u0219ie la maturitatea fiziologic\u0103, sunt dulci, aromate \u0219i au o capacitate bun\u0103 de p\u0103strare dup\u0103 recoltare.<\/b><\/span><\/h6>\n<h6><span style=\"color: #ff0000;\"><b> Fructele au un con\u021binut ridicat \u00een vitamina C<\/b>.<\/span><\/h6>\n<h6><span style=\"color: #ff0000;\"><b>Poten\u021bialul de produc\u021bie este 35-41,8 t\/ha<\/b>, \u00een func\u021bie de tehnologia de cultur\u0103.<\/span><\/h6>\n<h6>\u00a0Soiul este unul romanesc, produs de SCDL Buzau.<\/h6>\n<h6>Ambalat \u00een plic ZIP etichetat.<\/h6>\n","protected":false},"excerpt":{"rendered":"<h6><span style=\"color: #0000ff;\">100 SEMIN\u021aE<\/span><\/h6>\n<p><img loading=\"lazy\" decoding=\"async\" class=\"alignnone wp-image-7098\" src=\"https:\/\/vivasem.ro\/wp-content\/uploads\/2021\/11\/RO-1-300x107.jpg\" alt=\"\" width=\"182\" height=\"65\" \/><\/p>\n","protected":false},"featured_media":10643,"comment_status":"open","ping_status":"closed","template":"","meta":{"site-sidebar-layout":"default","site-content-layout":"default","ast-site-content-layout":"default","site-content-style":"default","site-sidebar-style":"default","ast-global-header-display":"","ast-banner-title-visibility":"","ast-main-header-display":"","ast-hfb-above-header-display":"","ast-hfb-below-header-display":"","ast-hfb-mobile-header-display":"","site-post-title":"","ast-breadcrumbs-content":"","ast-featured-img":"","footer-sml-layout":"","ast-disable-related-posts":"","theme-transparent-header-meta":"default","adv-header-id-meta":"","stick-header-meta":"","header-above-stick-meta":"","header-main-stick-meta":"","header-below-stick-meta":"","astra-migrate-meta-layouts":"set","ast-page-background-enabled":"default","ast-page-background-meta":{"desktop":{"background-color":"var(--ast-global-color-4)","background-image":"","background-repeat":"repeat","background-position":"center center","background-size":"auto","background-attachment":"scroll","background-type":"","background-media":"","overlay-type":"","overlay-color":"","overlay-opacity":"","overlay-gradient":""},"tablet":{"background-color":"","background-image":"","background-repeat":"repeat","background-position":"center center","background-size":"auto","background-attachment":"scroll","background-type":"","background-media":"","overlay-type":"","overlay-color":"","overlay-opacity":"","overlay-gradient":""},"mobile":{"background-color":"","background-image":"","background-repeat":"repeat","background-position":"center center","background-size":"auto","background-attachment":"scroll","background-type":"","background-media":"","overlay-type":"","overlay-color":"","overlay-opacity":"","overlay-gradient":""}},"ast-content-background-meta":{"desktop":{"background-color":"var(--ast-global-color-5)","background-image":"","background-repeat":"repeat","background-position":"center center","background-size":"auto","background-attachment":"scroll","background-type":"","background-media":"","overlay-type":"","overlay-color":"","overlay-opacity":"","overlay-gradient":""},"tablet":{"background-color":"var(--ast-global-color-5)","background-image":"","background-repeat":"repeat","background-position":"center center","background-size":"auto","background-attachment":"scroll","background-type":"","background-media":"","overlay-type":"","overlay-color":"","overlay-opacity":"","overlay-gradient":""},"mobile":{"background-color":"var(--ast-global-color-5)","background-image":"","background-repeat":"repeat","background-position":"center center","background-size":"auto","background-attachment":"scroll","background-type":"","background-media":"","overlay-type":"","overlay-color":"","overlay-opacity":"","overlay-gradient":""}}},"product_brand":[],"product_cat":[84,146],"product_tag":[],"class_list":{"0":"post-10720","1":"product","2":"type-product","3":"status-publish","4":"has-post-thumbnail","6":"product_cat-ardei","7":"product_cat-ardei-soi","8":"desktop-align-left","9":"tablet-align-left","10":"mobile-align-left","12":"first","13":"outofstock","14":"taxable","15":"shipping-taxable","16":"purchasable","17":"product-type-simple"},"_links":{"self":[{"href":"https:\/\/vivasem.ro\/index.php?rest_route=\/wp\/v2\/product\/10720","targetHints":{"allow":["GET"]}}],"collection":[{"href":"https:\/\/vivasem.ro\/index.php?rest_route=\/wp\/v2\/product"}],"about":[{"href":"https:\/\/vivasem.ro\/index.php?rest_route=\/wp\/v2\/types\/product"}],"replies":[{"embeddable":true,"href":"https:\/\/vivasem.ro\/index.php?rest_route=%2Fwp%2Fv2%2Fcomments&post=10720"}],"wp:featuredmedia":[{"embeddable":true,"href":"https:\/\/vivasem.ro\/index.php?rest_route=\/wp\/v2\/media\/10643"}],"wp:attachment":[{"href":"https:\/\/vivasem.ro\/index.php?rest_route=%2Fwp%2Fv2%2Fmedia&parent=10720"}],"wp:term":[{"taxonomy":"product_brand","embeddable":true,"href":"https:\/\/vivasem.ro\/index.php?rest_route=%2Fwp%2Fv2%2Fproduct_brand&post=10720"},{"taxonomy":"product_cat","embeddable":true,"href":"https:\/\/vivasem.ro\/index.php?rest_route=%2Fwp%2Fv2%2Fproduct_cat&post=10720"},{"taxonomy":"product_tag","embeddable":true,"href":"https:\/\/vivasem.ro\/index.php?rest_route=%2Fwp%2Fv2%2Fproduct_tag&post=10720"}],"curies":[{"name":"wp","href":"https:\/\/api.w.org\/{rel}","templated":true}]}}