{"id":10719,"date":"2023-09-30T07:36:03","date_gmt":"2023-09-30T05:36:03","guid":{"rendered":"https:\/\/vivasem.ro\/?post_type=product&#038;p=10719"},"modified":"2025-11-25T10:32:22","modified_gmt":"2025-11-25T08:32:22","slug":"ardei-gras-galben-superior-buzau-scdl-100s","status":"publish","type":"product","link":"https:\/\/vivasem.ro\/?product=ardei-gras-galben-superior-buzau-scdl-100s","title":{"rendered":"\u201e\u201eARDEI GRAS GALBEN SUPERIOR -BUZ\u0102U SCDL (100s)"},"content":{"rendered":"<h6><span style=\"color: #ff0000;\">ARDEI GRAS GALBEN SUPERIOR\u00a0 ,<\/span><\/h6>\n<h6><span style=\"color: #ff0000;\">\u00a0PRODUC\u0102TOR: <strong><u>STA\u021aIUNEA DE CERCETARE \u0218I DEZVOLTARE LEGUMICOL\u0102 BUZ\u0102U,<\/u><\/strong><\/span><\/h6>\n<h6><span style=\"color: #0000ff;\">Soi rom\u00e2nesc, <b>semitimpuriu<\/b>, pretabil cultiv\u0103rii \u00een spa\u021bii protejate \u0219i \u00een c\u00e2mp,\u00a0<\/span><\/h6>\n<h6><span style=\"color: #0000ff;\">adaptat pentru cultivarea in sistem ecologic.\u00a0<\/span><\/h6>\n<h6><span style=\"color: #ff0000;\"><strong>Ardeiul gras Galben Superior<\/strong>\u00a0 , prezinta plante cu vigoare mare \u0219i fructe cu pulp\u0103 groas\u0103, de7-8 mm., de forma tronconica, cu 3-4 lobi, de culoare galben pal la maturitatea de consum si ro\u0219u cu luciu la maturitatea fiziologica. <\/span><\/h6>\n<h6><span style=\"color: #ff0000;\">Atinge o greutate medie de 115 grame. <\/span><\/h6>\n<h6><span style=\"color: #0000ff;\"><span style=\"color: #ff0000;\">Aroma si gustul sunt placute, specific.\u00a0<\/span><br \/>\n<span style=\"color: #ff0000;\">Recomandat pentru consum in stare proaspata si industrializare.\u00a0<\/span><br \/>\n<span style=\"color: #ff0000;\">Potentialul de productie este de 35-40 t\/ha.\u00a0<\/span><br \/>\nSemanatul in cazul culturii in solarii poate incepe din 15 ianuarie si 1-15 martie pentru cultura in camp. Perioada de rasarire este de 12-15 zile. Plantarea se poate face dupa 20 aprilie si recoltarea incepand cu 1 iulie \/ 15 august.<\/span><\/h6>\n<h6><span style=\"color: #0000ff;\">FRUCTUL<br \/>\nGreutatea medie: 110-120 g<br \/>\nForma: ascu\u0163it-tronconic\u0103<br \/>\nIn\u0103l\u0163ime: 8-10 cm<br \/>\nDiametru: 6.5-7 cm<br \/>\nGrosime pulpa: 7.5-8 mm<br \/>\nCuloarea la maturitatea de consum: galben pal<br \/>\nCuloarea la maturitatea fiziologic\u0103: ro\u015fie<br \/>\nEpoca de maturare:<br \/>\nNr. de lobi: 3-4<br \/>\nTIPUL DE PLANT\u0102<br \/>\nSoi: semitimpuriu<br \/>\nVigoare: mare<br \/>\nToleran\u0163\u0103:<br \/>\nPoten\u0163ial de produc\u0163ie: 35-40 t\/ha<br \/>\nOBSERVA\u0162II<br \/>\nSe poate cultiva at\u00e2t \u00een solarii c\u00e2t \u015fi<\/span><\/h6>\n<h6>\u00a0Soiul este unul romanesc, produs de SCDL Buzau.<\/h6>\n<h6>Ambalaj:plic ZIP etichetat.<\/h6>\n","protected":false},"excerpt":{"rendered":"<h6><span style=\"color: #0000ff;\">100 SEMIN\u021aE<\/span><\/h6>\n<p><img loading=\"lazy\" decoding=\"async\" class=\"alignnone wp-image-7098\" src=\"https:\/\/vivasem.ro\/wp-content\/uploads\/2021\/11\/RO-1-300x107.jpg\" alt=\"\" width=\"182\" height=\"65\" \/><\/p>\n","protected":false},"featured_media":10713,"comment_status":"open","ping_status":"closed","template":"","meta":{"site-sidebar-layout":"default","site-content-layout":"default","ast-site-content-layout":"default","site-content-style":"default","site-sidebar-style":"default","ast-global-header-display":"","ast-banner-title-visibility":"","ast-main-header-display":"","ast-hfb-above-header-display":"","ast-hfb-below-header-display":"","ast-hfb-mobile-header-display":"","site-post-title":"","ast-breadcrumbs-content":"","ast-featured-img":"","footer-sml-layout":"","ast-disable-related-posts":"","theme-transparent-header-meta":"default","adv-header-id-meta":"","stick-header-meta":"","header-above-stick-meta":"","header-main-stick-meta":"","header-below-stick-meta":"","astra-migrate-meta-layouts":"set","ast-page-background-enabled":"default","ast-page-background-meta":{"desktop":{"background-color":"var(--ast-global-color-4)","background-image":"","background-repeat":"repeat","background-position":"center center","background-size":"auto","background-attachment":"scroll","background-type":"","background-media":"","overlay-type":"","overlay-color":"","overlay-opacity":"","overlay-gradient":""},"tablet":{"background-color":"","background-image":"","background-repeat":"repeat","background-position":"center center","background-size":"auto","background-attachment":"scroll","background-type":"","background-media":"","overlay-type":"","overlay-color":"","overlay-opacity":"","overlay-gradient":""},"mobile":{"background-color":"","background-image":"","background-repeat":"repeat","background-position":"center center","background-size":"auto","background-attachment":"scroll","background-type":"","background-media":"","overlay-type":"","overlay-color":"","overlay-opacity":"","overlay-gradient":""}},"ast-content-background-meta":{"desktop":{"background-color":"var(--ast-global-color-5)","background-image":"","background-repeat":"repeat","background-position":"center center","background-size":"auto","background-attachment":"scroll","background-type":"","background-media":"","overlay-type":"","overlay-color":"","overlay-opacity":"","overlay-gradient":""},"tablet":{"background-color":"var(--ast-global-color-5)","background-image":"","background-repeat":"repeat","background-position":"center center","background-size":"auto","background-attachment":"scroll","background-type":"","background-media":"","overlay-type":"","overlay-color":"","overlay-opacity":"","overlay-gradient":""},"mobile":{"background-color":"var(--ast-global-color-5)","background-image":"","background-repeat":"repeat","background-position":"center center","background-size":"auto","background-attachment":"scroll","background-type":"","background-media":"","overlay-type":"","overlay-color":"","overlay-opacity":"","overlay-gradient":""}}},"product_brand":[],"product_cat":[84,146],"product_tag":[],"class_list":{"0":"post-10719","1":"product","2":"type-product","3":"status-publish","4":"has-post-thumbnail","6":"product_cat-ardei","7":"product_cat-ardei-soi","8":"desktop-align-left","9":"tablet-align-left","10":"mobile-align-left","12":"first","13":"outofstock","14":"taxable","15":"shipping-taxable","16":"purchasable","17":"product-type-simple"},"_links":{"self":[{"href":"https:\/\/vivasem.ro\/index.php?rest_route=\/wp\/v2\/product\/10719","targetHints":{"allow":["GET"]}}],"collection":[{"href":"https:\/\/vivasem.ro\/index.php?rest_route=\/wp\/v2\/product"}],"about":[{"href":"https:\/\/vivasem.ro\/index.php?rest_route=\/wp\/v2\/types\/product"}],"replies":[{"embeddable":true,"href":"https:\/\/vivasem.ro\/index.php?rest_route=%2Fwp%2Fv2%2Fcomments&post=10719"}],"wp:featuredmedia":[{"embeddable":true,"href":"https:\/\/vivasem.ro\/index.php?rest_route=\/wp\/v2\/media\/10713"}],"wp:attachment":[{"href":"https:\/\/vivasem.ro\/index.php?rest_route=%2Fwp%2Fv2%2Fmedia&parent=10719"}],"wp:term":[{"taxonomy":"product_brand","embeddable":true,"href":"https:\/\/vivasem.ro\/index.php?rest_route=%2Fwp%2Fv2%2Fproduct_brand&post=10719"},{"taxonomy":"product_cat","embeddable":true,"href":"https:\/\/vivasem.ro\/index.php?rest_route=%2Fwp%2Fv2%2Fproduct_cat&post=10719"},{"taxonomy":"product_tag","embeddable":true,"href":"https:\/\/vivasem.ro\/index.php?rest_route=%2Fwp%2Fv2%2Fproduct_tag&post=10719"}],"curies":[{"name":"wp","href":"https:\/\/api.w.org\/{rel}","templated":true}]}}