{"id":10702,"date":"2023-09-29T08:40:32","date_gmt":"2023-09-29T06:40:32","guid":{"rendered":"https:\/\/vivasem.ro\/?post_type=product&#038;p=10702"},"modified":"2024-08-13T18:36:19","modified_gmt":"2024-08-13T16:36:19","slug":"ardei-gras-arum-buzau-scdl","status":"publish","type":"product","link":"https:\/\/vivasem.ro\/?product=ardei-gras-arum-buzau-scdl","title":{"rendered":"\u201e\u201eARDEI GRAS ARUM -BUZ\u0102U SCDL (5g)"},"content":{"rendered":"<h6><span style=\"color: #ff0000;\">ARDEI GRAS ARUM ,<\/span><\/h6>\n<h6><span style=\"color: #ff0000;\">\u00a0PRODUC\u0102TOR: <strong><u>STA\u021aIUNEA DE CERCETARE \u0218I DEZVOLTARE LEGUMICOL\u0102 BUZ\u0102U,<\/u><\/strong><\/span><\/h6>\n<h6><span style=\"color: #0000ff;\">Soi rom\u00e2nesc, <b>timpuriu<\/b>, pretabil cultiv\u0103rii \u00een spa\u021bii protejate \u0219i \u00een c\u00e2mp, <\/span><span style=\"color: #0000ff;\">pretabil pentru cultura in sistem ecologic.\u00a0<\/span><\/h6>\n<h6><span style=\"color: #0000ff;\"><strong>Ardeiul gras Arum<\/strong> este un soi de ardei gras conic timpuriu, cu planta viguroas\u0103, ce produce fructe mari, cu pulp\u0103 groas\u0103, cu greutatea medie de 125 grame, de forma trapezoindala, tip potop, cu 2-3 lobi, de culoare verde albicios la maturitatea de consum, iar la maturitatea fiziologic\u0103, fiind ro\u0219u intens, cu luciu.<br \/>\nRecomandat pentru gustul si aroma placute, pentru consum in stare proaspata si industrializare. <\/span><\/h6>\n<h6><span style=\"color: #0000ff;\">Potentialul de productie atinge 35-40 t\/ha.<br \/>\nPrezinta toleranta la virusul mozaicului tutunului si la virusul Y al cartofului.<br \/>\nPentru cultura in spatii protejate semanatul poate incepe dupa 15 ianuarie, iar in camp 1-15 martie. Se poate planta incepand cu 20 martie in solarii si 20 aprilie in camp, iar recoltarea incepe dupa 1 iulie \/ 15 august.\u00a0<\/span><\/h6>\n<h6><\/h6>\n<h6><span style=\"color: #ff0000;\">FRUCTUL:<br \/>\nGreutatea medie: 120-130 g<br \/>\nForma: trapezoidal\u0103, pendul\u0103<br \/>\nIn\u0103l\u0163ime: 8,9 cm<br \/>\nDiametru: 5,5 cm<br \/>\nGrosime pulpa: 4,7 mm<br \/>\nCuloarea la maturitatea de consum: verde albicios<br \/>\nCuloarea la maturitatea fiziologic\u0103: ro\u015fie<br \/>\nEpoca de maturare:<br \/>\nNr. de lobi: 2-3<br \/>\nTIPUL DE PLANT\u0102<br \/>\nSoi: timpuriu 134 de zile<br \/>\nVigoare: mare<br \/>\nToleran\u0163\u0103:<br \/>\nPoten\u0163ial de produc\u0163ie: 35-40 t\/ha<br \/>\nOBSERVA\u0162II<br \/>\nEste destinat consumului \u00een stare proasp\u0103t\u0103 \u015fi pentru industrializare.<\/span><\/h6>\n<h6>\u00a0Soiul este unul romanesc, produs de SCDL Buzau.<\/h6>\n<h6><\/h6>\n","protected":false},"excerpt":{"rendered":"<h6><span style=\"color: #0000ff;\">5 grame\/circa 700 SEMIN\u021aE<\/span><\/h6>\n<p><img loading=\"lazy\" decoding=\"async\" class=\"alignnone wp-image-7098\" src=\"https:\/\/vivasem.ro\/wp-content\/uploads\/2021\/11\/RO-1-300x107.jpg\" alt=\"\" width=\"182\" height=\"65\" \/><\/p>\n","protected":false},"featured_media":10708,"comment_status":"open","ping_status":"closed","template":"","meta":{"site-sidebar-layout":"default","site-content-layout":"default","ast-site-content-layout":"default","site-content-style":"default","site-sidebar-style":"default","ast-global-header-display":"","ast-banner-title-visibility":"","ast-main-header-display":"","ast-hfb-above-header-display":"","ast-hfb-below-header-display":"","ast-hfb-mobile-header-display":"","site-post-title":"","ast-breadcrumbs-content":"","ast-featured-img":"","footer-sml-layout":"","ast-disable-related-posts":"","theme-transparent-header-meta":"default","adv-header-id-meta":"","stick-header-meta":"","header-above-stick-meta":"","header-main-stick-meta":"","header-below-stick-meta":"","astra-migrate-meta-layouts":"set","ast-page-background-enabled":"default","ast-page-background-meta":{"desktop":{"background-color":"var(--ast-global-color-4)","background-image":"","background-repeat":"repeat","background-position":"center center","background-size":"auto","background-attachment":"scroll","background-type":"","background-media":"","overlay-type":"","overlay-color":"","overlay-opacity":"","overlay-gradient":""},"tablet":{"background-color":"","background-image":"","background-repeat":"repeat","background-position":"center center","background-size":"auto","background-attachment":"scroll","background-type":"","background-media":"","overlay-type":"","overlay-color":"","overlay-opacity":"","overlay-gradient":""},"mobile":{"background-color":"","background-image":"","background-repeat":"repeat","background-position":"center center","background-size":"auto","background-attachment":"scroll","background-type":"","background-media":"","overlay-type":"","overlay-color":"","overlay-opacity":"","overlay-gradient":""}},"ast-content-background-meta":{"desktop":{"background-color":"var(--ast-global-color-5)","background-image":"","background-repeat":"repeat","background-position":"center center","background-size":"auto","background-attachment":"scroll","background-type":"","background-media":"","overlay-type":"","overlay-color":"","overlay-opacity":"","overlay-gradient":""},"tablet":{"background-color":"var(--ast-global-color-5)","background-image":"","background-repeat":"repeat","background-position":"center center","background-size":"auto","background-attachment":"scroll","background-type":"","background-media":"","overlay-type":"","overlay-color":"","overlay-opacity":"","overlay-gradient":""},"mobile":{"background-color":"var(--ast-global-color-5)","background-image":"","background-repeat":"repeat","background-position":"center center","background-size":"auto","background-attachment":"scroll","background-type":"","background-media":"","overlay-type":"","overlay-color":"","overlay-opacity":"","overlay-gradient":""}}},"product_brand":[],"product_cat":[84,146],"product_tag":[],"class_list":{"0":"post-10702","1":"product","2":"type-product","3":"status-publish","4":"has-post-thumbnail","6":"product_cat-ardei","7":"product_cat-ardei-soi","8":"desktop-align-left","9":"tablet-align-left","10":"mobile-align-left","12":"first","13":"outofstock","14":"taxable","15":"shipping-taxable","16":"purchasable","17":"product-type-simple"},"_links":{"self":[{"href":"https:\/\/vivasem.ro\/index.php?rest_route=\/wp\/v2\/product\/10702","targetHints":{"allow":["GET"]}}],"collection":[{"href":"https:\/\/vivasem.ro\/index.php?rest_route=\/wp\/v2\/product"}],"about":[{"href":"https:\/\/vivasem.ro\/index.php?rest_route=\/wp\/v2\/types\/product"}],"replies":[{"embeddable":true,"href":"https:\/\/vivasem.ro\/index.php?rest_route=%2Fwp%2Fv2%2Fcomments&post=10702"}],"wp:featuredmedia":[{"embeddable":true,"href":"https:\/\/vivasem.ro\/index.php?rest_route=\/wp\/v2\/media\/10708"}],"wp:attachment":[{"href":"https:\/\/vivasem.ro\/index.php?rest_route=%2Fwp%2Fv2%2Fmedia&parent=10702"}],"wp:term":[{"taxonomy":"product_brand","embeddable":true,"href":"https:\/\/vivasem.ro\/index.php?rest_route=%2Fwp%2Fv2%2Fproduct_brand&post=10702"},{"taxonomy":"product_cat","embeddable":true,"href":"https:\/\/vivasem.ro\/index.php?rest_route=%2Fwp%2Fv2%2Fproduct_cat&post=10702"},{"taxonomy":"product_tag","embeddable":true,"href":"https:\/\/vivasem.ro\/index.php?rest_route=%2Fwp%2Fv2%2Fproduct_tag&post=10702"}],"curies":[{"name":"wp","href":"https:\/\/api.w.org\/{rel}","templated":true}]}}