{"id":10693,"date":"2023-09-28T09:29:52","date_gmt":"2023-09-28T07:29:52","guid":{"rendered":"https:\/\/vivasem.ro\/?post_type=product&#038;p=10693"},"modified":"2024-12-20T08:12:58","modified_gmt":"2024-12-20T06:12:58","slug":"salata-iute-aroma-scdl-buzau-5g","status":"publish","type":"product","link":"https:\/\/vivasem.ro\/?product=salata-iute-aroma-scdl-buzau-5g","title":{"rendered":".SALAT\u0102 PICANT\u0102 AROMA -SCDL Buz\u0103u  (5g)"},"content":{"rendered":"<h6><span style=\"color: #ff0000;\"><strong><u>SALATA IUTE-Soiul AROMA\/SALATA PICANT\u0102,<\/u><\/strong><\/span><\/h6>\n<h6><span style=\"color: #ff0000;\"><strong><u>-Produc\u0103tor:<\/u><\/strong><\/span><span style=\"color: #ff0000;\"><strong><u>Sta\u021biunea de Cercetare \u0219i Dezvoltare Legumicol\u0103 BUZ\u0102U,<\/u><\/strong><\/span><\/h6>\n<div class=\"ast-oembed-container \" style=\"height: 100%;\"><iframe loading=\"lazy\" title=\"Salata iute, are mare cautare  Episodul 1 24 06 2020\" width=\"500\" height=\"281\" src=\"https:\/\/www.youtube.com\/embed\/lfcLDnDVCAg?feature=oembed\" frameborder=\"0\" allow=\"accelerometer; autoplay; clipboard-write; encrypted-media; gyroscope; picture-in-picture; web-share\" referrerpolicy=\"strict-origin-when-cross-origin\" allowfullscreen><\/iframe><\/div>\n<div class=\"ast-oembed-container \" style=\"height: 100%;\"><iframe loading=\"lazy\" title=\"Salata iute, are mare cautare  Episodul 2 29 06 2020\" width=\"500\" height=\"281\" src=\"https:\/\/www.youtube.com\/embed\/KI7GUdLpjmw?feature=oembed\" frameborder=\"0\" allow=\"accelerometer; autoplay; clipboard-write; encrypted-media; gyroscope; picture-in-picture; web-share\" referrerpolicy=\"strict-origin-when-cross-origin\" allowfullscreen><\/iframe><\/div>\n<div class=\"container-image svelte-jd4qiv\">\n<h6 class=\"caption\"><span style=\"color: #0000ff;\">Salata iute ,<span style=\"font-size: 16px;\">Brassica juncea, <\/span>aclimatizat\u0103 la Sta\u0163iunea de Cercetare pentru Legumicultur\u0103 Buz\u0103u ,a<span style=\"font-size: 16px;\">re gustul \u015fi prope\u0163imea salatei clasice, dar aroma e de hrean ,picant\u0103 ca ardeiul nem\u0163esc, nu foarte intens. <\/span><\/span><\/h6>\n<\/div>\n<h6><span style=\"color: #0000ff;\">Salata iute \u201dAroma\u201d, cea mai nou\u0103 specie de salat\u0103 aclimatizat\u0103 la Experimentala din Buz\u0103u, \u00ee\u015fi are originea \u00een Asia. Acolo este cultivat\u0103 pe suprafe\u0163e mari \u00een China, Coreea \u015fi \u00een India.<\/span><\/h6>\n<h6><span style=\"color: #0000ff;\">Planta este asem\u0103n\u0103toare cu salata tradi\u0163ional\u0103 rom\u00e2neasc\u0103, doar c\u0103 marginea frunzelor este ondulat\u0103, u\u015for serat\u0103, iar gustul este picant, caracteristic\u0103 ce se accentueaz\u0103 pe m\u0103sur\u0103 ce planta cre\u015fte.<\/span><\/h6>\n<h6>Frunzele pot fi consumate \u00een stare proasp\u0103t\u0103 sau preparate, fiind un condiment cu arom\u0103 foarte pl\u0103cut\u0103, preferat de \u0163\u0103rile orientale.<\/h6>\n<div class=\"trv-player-container\">\n<div class=\"trv-wrapper\">\n<div id=\"br_video_player_15bbe8f868cd33cbdfa2469787e974c291d2cd05\" class=\"trvd_video_player\">\n<div class=\"media-player\">\n<div class=\"trv-media-controls\">\n<div class=\"trv-progress-bar\">\n<h6 class=\"trv-hover-progress\"><span style=\"font-size: 16px; color: #ff0000;\">,, Am denumit-o popular salata iute deoarece gustul este picant, iar c\u00e2nd ajunge la maturitate se apropie foarte mult de gustul hreanului. Vorbim de o plant\u0103 cu multiple \u00eentrebuin\u0163\u0103ri, ce poate fi cultivat\u0103 at\u00e2t \u00een spa\u0163ii protejate, c\u00e2t \u015fi \u00een c\u00e2mp\u201d,\u201dProduce o rozet\u0103 bogat\u0103 de frunze pe care le putem recolta o perioad\u0103 lung\u0103 de timp, chiar \u015fi \u00een perioada verii. Poate fi cultivat\u0103 \u015fi \u00een sistem ecologic. Este o plant\u0103 alimentar\u0103 valoroas\u0103, plant\u0103 medicinal\u0103 \u015fi chiar ornamental\u0103 pentru c\u0103, dup\u0103 cum se observ\u0103, are aceste frunze frumoase\u201d, explic\u0103 cercet\u0103torul Costel V\u00e2n\u0103toru.\u00a0<\/span><\/h6>\n<\/div>\n<\/div>\n<\/div>\n<\/div>\n<\/div>\n<\/div>\n<h6>Genotipurile de Brassica juncea, aduse din Siria, au fost supuse programului de aclimatizare \u015fi s-a constatat c\u0103 planta fructific\u0103 foarte bine \u00een condi\u0163iile \u0163\u0103rii noastre, at\u00e2t \u00een spa\u0163ii protejate, c\u00e2t \u015fi \u00een c\u00e2mp.<\/h6>\n<h6><span style=\"color: #ff0000;\">\u201dNoi am ob\u0163inut primul soi omologat din Rom\u00e2nia \u015fi cred c\u0103 \u015fi din Europa. Avem \u015fi cu alte tipuri de frunze, crestate, chiar \u015fi culori diferite. Nu are du\u015fmani de temut iar singurul d\u0103un\u0103tor care \u00eel atac\u0103 \u00een c\u00e2mp este puricele verzei, un d\u0103un\u0103tor comun legumelor din grupa aceasta, ridichile, verzele, salata\u201d, spune horticultorul buzoian.<\/span><br \/>\n<span style=\"color: #ff0000;\">\u201dToat\u0103 frunza, toat\u0103 partea vegetativ\u0103, poate fi consumat\u0103. La \u00eenceput, gustul pare mai aproape de ardeiul iute, iar la maturitate are iu\u0163eala \u015fi aroma hreanului. De aceea este foarte apreciat\u0103 \u015fi ca plant\u0103 medicinal\u0103, deoarece se \u015ftie c\u0103 hreanul este recomandat cardiacilor iar acelea\u015fi substan\u0163e din hrean le reg\u0103sim \u015fi \u00een aceast\u0103 salat\u0103\u201d, sus\u0163ine cercet\u0103torul buzoian.<\/span><\/h6>\n<h6 class=\"container-image svelte-jd4qiv\"><span style=\"font-size: 1.1em; font-weight: bold;\">Cercet\u0103rile vor continua cu extinderea \u00een cultur\u0103 a soiurilor nou ob\u0163inute. Studiile \u00eentreprinse p\u00e2n\u0103 \u00een prezent au demonstrat c\u0103 aceast\u0103 specie poate \u00eembog\u0103\u0163i cu succes sortimentul legumelor \u015fi verde\u0163urilor cultivate \u00een Rom\u00e2nia.<\/span><\/h6>\n<h6>Brassica juncea este utilizat\u0103 \u015fi pentru eliminarea metalelor grele din sol, cum ar fi plumbul, \u00een locurile cu de\u015feuri periculoase, deoarece are o toleran\u0163\u0103 mai mare pentru aceste substan\u0163e \u015fi stocheaz\u0103 metalele grele \u00een celulele sale.<\/h6>\n<h6>\u00cen Rom\u00e2nia a fost luat\u0103 \u00een studiu la Sta\u0163iunea de Cercetare \u015fi Dezvoltare pentru Legumicultur\u0103 Buz\u0103u Buz\u0103u \u00eencep\u00e2nd cu anul 2010, \u00eens\u0103 primele rezultate concrete au ap\u0103rut dup\u0103 anul 2015. Denumirea \u015ftiin\u0163ific\u0103 este Brassica juncea.<\/h6>\n","protected":false},"excerpt":{"rendered":"<h6><span style=\"color: #0000ff;\">5 grame\/3800 semin\u021be<\/span><\/h6>\n<h6><span style=\"color: #ff0000;\">Vezi videoclip<\/span><\/h6>\n<h6><span style=\"color: #ff0000;\"><img loading=\"lazy\" decoding=\"async\" class=\"alignnone wp-image-7096\" src=\"https:\/\/vivasem.ro\/wp-content\/uploads\/2021\/11\/ROMANIA-e1695978047917-300x114.jpg\" alt=\"\" width=\"221\" height=\"84\" \/><\/span><\/h6>\n<h6><\/h6>\n","protected":false},"featured_media":10736,"comment_status":"open","ping_status":"closed","template":"","meta":{"site-sidebar-layout":"default","site-content-layout":"default","ast-site-content-layout":"default","site-content-style":"default","site-sidebar-style":"default","ast-global-header-display":"","ast-banner-title-visibility":"","ast-main-header-display":"","ast-hfb-above-header-display":"","ast-hfb-below-header-display":"","ast-hfb-mobile-header-display":"","site-post-title":"","ast-breadcrumbs-content":"","ast-featured-img":"","footer-sml-layout":"","ast-disable-related-posts":"","theme-transparent-header-meta":"default","adv-header-id-meta":"","stick-header-meta":"","header-above-stick-meta":"","header-main-stick-meta":"","header-below-stick-meta":"","astra-migrate-meta-layouts":"set","ast-page-background-enabled":"default","ast-page-background-meta":{"desktop":{"background-color":"var(--ast-global-color-4)","background-image":"","background-repeat":"repeat","background-position":"center center","background-size":"auto","background-attachment":"scroll","background-type":"","background-media":"","overlay-type":"","overlay-color":"","overlay-opacity":"","overlay-gradient":""},"tablet":{"background-color":"","background-image":"","background-repeat":"repeat","background-position":"center center","background-size":"auto","background-attachment":"scroll","background-type":"","background-media":"","overlay-type":"","overlay-color":"","overlay-opacity":"","overlay-gradient":""},"mobile":{"background-color":"","background-image":"","background-repeat":"repeat","background-position":"center center","background-size":"auto","background-attachment":"scroll","background-type":"","background-media":"","overlay-type":"","overlay-color":"","overlay-opacity":"","overlay-gradient":""}},"ast-content-background-meta":{"desktop":{"background-color":"var(--ast-global-color-5)","background-image":"","background-repeat":"repeat","background-position":"center center","background-size":"auto","background-attachment":"scroll","background-type":"","background-media":"","overlay-type":"","overlay-color":"","overlay-opacity":"","overlay-gradient":""},"tablet":{"background-color":"var(--ast-global-color-5)","background-image":"","background-repeat":"repeat","background-position":"center center","background-size":"auto","background-attachment":"scroll","background-type":"","background-media":"","overlay-type":"","overlay-color":"","overlay-opacity":"","overlay-gradient":""},"mobile":{"background-color":"var(--ast-global-color-5)","background-image":"","background-repeat":"repeat","background-position":"center center","background-size":"auto","background-attachment":"scroll","background-type":"","background-media":"","overlay-type":"","overlay-color":"","overlay-opacity":"","overlay-gradient":""}}},"product_brand":[],"product_cat":[114,88,148,91],"product_tag":[],"class_list":{"0":"post-10693","1":"product","2":"type-product","3":"status-publish","4":"has-post-thumbnail","6":"product_cat-spanac","7":"product_cat-salata-varza-kale","8":"product_cat-10-varza-varza-kale","9":"product_cat-alte-legume","10":"desktop-align-left","11":"tablet-align-left","12":"mobile-align-left","14":"first","15":"instock","16":"taxable","17":"shipping-taxable","18":"purchasable","19":"product-type-simple"},"_links":{"self":[{"href":"https:\/\/vivasem.ro\/index.php?rest_route=\/wp\/v2\/product\/10693","targetHints":{"allow":["GET"]}}],"collection":[{"href":"https:\/\/vivasem.ro\/index.php?rest_route=\/wp\/v2\/product"}],"about":[{"href":"https:\/\/vivasem.ro\/index.php?rest_route=\/wp\/v2\/types\/product"}],"replies":[{"embeddable":true,"href":"https:\/\/vivasem.ro\/index.php?rest_route=%2Fwp%2Fv2%2Fcomments&post=10693"}],"wp:featuredmedia":[{"embeddable":true,"href":"https:\/\/vivasem.ro\/index.php?rest_route=\/wp\/v2\/media\/10736"}],"wp:attachment":[{"href":"https:\/\/vivasem.ro\/index.php?rest_route=%2Fwp%2Fv2%2Fmedia&parent=10693"}],"wp:term":[{"taxonomy":"product_brand","embeddable":true,"href":"https:\/\/vivasem.ro\/index.php?rest_route=%2Fwp%2Fv2%2Fproduct_brand&post=10693"},{"taxonomy":"product_cat","embeddable":true,"href":"https:\/\/vivasem.ro\/index.php?rest_route=%2Fwp%2Fv2%2Fproduct_cat&post=10693"},{"taxonomy":"product_tag","embeddable":true,"href":"https:\/\/vivasem.ro\/index.php?rest_route=%2Fwp%2Fv2%2Fproduct_tag&post=10693"}],"curies":[{"name":"wp","href":"https:\/\/api.w.org\/{rel}","templated":true}]}}