{"id":10683,"date":"2023-09-27T17:40:50","date_gmt":"2023-09-27T15:40:50","guid":{"rendered":"https:\/\/vivasem.ro\/?post_type=product&#038;p=10683"},"modified":"2024-04-04T10:26:03","modified_gmt":"2024-04-04T08:26:03","slug":"tricouri-shotokan-karate","status":"publish","type":"product","link":"https:\/\/vivasem.ro\/?product=tricouri-shotokan-karate","title":{"rendered":"Tricouri SHOTOKAN KARATE"},"content":{"rendered":"<p>Tricouri noi din poliester ,\u00een dou\u0103 m\u0103rimi:<br \/>\n3 XL cu lungimea de73 cm, de la guler-spate, p\u00e2n\u0103 jos \u0219i l\u0103\u021bimea m\u0103surat\u0103 sub m\u0103neci de 60 cm.<br \/>\n5 XL cu lungimea de77 cm, de la guler-spate, p\u00e2n\u0103 jos \u0219i l\u0103\u021bimea m\u0103surat\u0103 sub m\u0103neci de 65 cm.<br \/>\nImprimate cu stema \u0219i ideogramele Shotokan Karate Do.<\/p>\n<p>Va rog mentionati la sfar\u0219itul comenzii, la NOTE, m\u0103rimea dorit\u0103.<\/p>\n","protected":false},"excerpt":{"rendered":"<p>Tricouri noi din poliester ,\u00een dou\u0103 m\u0103rimi: 3 XL cu lungimea de73 cm, de la guler-spate, p\u00e2n\u0103 jos \u0219i l\u0103\u021bimea m\u0103surat\u0103 sub m\u0103neci de 60 cm. 5 XL cu lungimea de77 cm, de la guler-spate, p\u00e2n\u0103 jos \u0219i l\u0103\u021bimea m\u0103surat\u0103 sub m\u0103neci de 65 cm. Imprimate cu stema \u0219i ideogramele Shotokan Karate Do. Va rog [&hellip;]<\/p>\n","protected":false},"featured_media":10686,"comment_status":"open","ping_status":"closed","template":"","meta":{"site-sidebar-layout":"default","site-content-layout":"default","ast-site-content-layout":"default","site-content-style":"default","site-sidebar-style":"default","ast-global-header-display":"","ast-banner-title-visibility":"","ast-main-header-display":"","ast-hfb-above-header-display":"","ast-hfb-below-header-display":"","ast-hfb-mobile-header-display":"","site-post-title":"","ast-breadcrumbs-content":"","ast-featured-img":"","footer-sml-layout":"","ast-disable-related-posts":"","theme-transparent-header-meta":"default","adv-header-id-meta":"","stick-header-meta":"","header-above-stick-meta":"","header-main-stick-meta":"","header-below-stick-meta":"","astra-migrate-meta-layouts":"set","ast-page-background-enabled":"default","ast-page-background-meta":{"desktop":{"background-color":"var(--ast-global-color-4)","background-image":"","background-repeat":"repeat","background-position":"center center","background-size":"auto","background-attachment":"scroll","background-type":"","background-media":"","overlay-type":"","overlay-color":"","overlay-opacity":"","overlay-gradient":""},"tablet":{"background-color":"","background-image":"","background-repeat":"repeat","background-position":"center center","background-size":"auto","background-attachment":"scroll","background-type":"","background-media":"","overlay-type":"","overlay-color":"","overlay-opacity":"","overlay-gradient":""},"mobile":{"background-color":"","background-image":"","background-repeat":"repeat","background-position":"center center","background-size":"auto","background-attachment":"scroll","background-type":"","background-media":"","overlay-type":"","overlay-color":"","overlay-opacity":"","overlay-gradient":""}},"ast-content-background-meta":{"desktop":{"background-color":"var(--ast-global-color-5)","background-image":"","background-repeat":"repeat","background-position":"center center","background-size":"auto","background-attachment":"scroll","background-type":"","background-media":"","overlay-type":"","overlay-color":"","overlay-opacity":"","overlay-gradient":""},"tablet":{"background-color":"var(--ast-global-color-5)","background-image":"","background-repeat":"repeat","background-position":"center center","background-size":"auto","background-attachment":"scroll","background-type":"","background-media":"","overlay-type":"","overlay-color":"","overlay-opacity":"","overlay-gradient":""},"mobile":{"background-color":"var(--ast-global-color-5)","background-image":"","background-repeat":"repeat","background-position":"center center","background-size":"auto","background-attachment":"scroll","background-type":"","background-media":"","overlay-type":"","overlay-color":"","overlay-opacity":"","overlay-gradient":""}}},"product_brand":[],"product_cat":[92,93],"product_tag":[],"class_list":{"0":"post-10683","1":"product","2":"type-product","3":"status-publish","4":"has-post-thumbnail","6":"product_cat-papetarie","7":"product_cat-alte-produse","8":"desktop-align-left","9":"tablet-align-left","10":"mobile-align-left","12":"first","13":"instock","14":"taxable","15":"shipping-taxable","16":"purchasable","17":"product-type-simple"},"_links":{"self":[{"href":"https:\/\/vivasem.ro\/index.php?rest_route=\/wp\/v2\/product\/10683","targetHints":{"allow":["GET"]}}],"collection":[{"href":"https:\/\/vivasem.ro\/index.php?rest_route=\/wp\/v2\/product"}],"about":[{"href":"https:\/\/vivasem.ro\/index.php?rest_route=\/wp\/v2\/types\/product"}],"replies":[{"embeddable":true,"href":"https:\/\/vivasem.ro\/index.php?rest_route=%2Fwp%2Fv2%2Fcomments&post=10683"}],"wp:featuredmedia":[{"embeddable":true,"href":"https:\/\/vivasem.ro\/index.php?rest_route=\/wp\/v2\/media\/10686"}],"wp:attachment":[{"href":"https:\/\/vivasem.ro\/index.php?rest_route=%2Fwp%2Fv2%2Fmedia&parent=10683"}],"wp:term":[{"taxonomy":"product_brand","embeddable":true,"href":"https:\/\/vivasem.ro\/index.php?rest_route=%2Fwp%2Fv2%2Fproduct_brand&post=10683"},{"taxonomy":"product_cat","embeddable":true,"href":"https:\/\/vivasem.ro\/index.php?rest_route=%2Fwp%2Fv2%2Fproduct_cat&post=10683"},{"taxonomy":"product_tag","embeddable":true,"href":"https:\/\/vivasem.ro\/index.php?rest_route=%2Fwp%2Fv2%2Fproduct_tag&post=10683"}],"curies":[{"name":"wp","href":"https:\/\/api.w.org\/{rel}","templated":true}]}}