{"id":10635,"date":"2023-09-26T16:53:51","date_gmt":"2023-09-26T14:53:51","guid":{"rendered":"https:\/\/vivasem.ro\/?post_type=product&#038;p=10635"},"modified":"2024-02-08T12:20:45","modified_gmt":"2024-02-08T10:20:45","slug":"morcovi-nabuco-buzau-scdl","status":"publish","type":"product","link":"https:\/\/vivasem.ro\/?product=morcovi-nabuco-buzau-scdl","title":{"rendered":"\u201e\u201eMORCOVI NABUCO -BUZ\u0102U SCDL"},"content":{"rendered":"<h6><span style=\"color: #ff0000;\">MORCOVI NABUCO ,<\/span><\/h6>\n<h6><span style=\"color: #ff0000;\">\u00a0PRODUC\u0102TOR: <strong><u>STA\u021aIUNEA DE CERCETARE \u0218I DEZVOLTARE LEGUMICOL\u0102 BUZ\u0102U,<\/u><\/strong><\/span><\/h6>\n<h6>Nabuco\u00a0este un\u00a0soi romanesc de morcovi,\u00a0foarte apreciat pentru gustul pl\u0103cut, dulce \u0219i calitatea superioar\u0103 a r\u0103d\u0103cinilor.<\/h6>\n<h6>Morcovii Nabuco sunt un soi semitimpuriu, cu 90-100 de zile de la sem\u0103nat p\u00e2n\u0103 la prima recoltare.<\/h6>\n<h6>Forma r\u0103d\u0103cinii este cilindric\u0103, cu v\u00e2rf rotunjit, cu o greutate medie de 70 g.<\/h6>\n<h6>Culoarea r\u0103d\u0103cinii este portocaliu-ro\u0219cat.<\/h6>\n<h6>Se poate sem\u0103na prim\u0103vara devreme pentru consum proasp\u0103t sau se poate sem\u0103na la \u00eenceputul lunii iunie, pentru produc\u021bia destinat\u0103 p\u0103str\u0103rii peste iarn\u0103 \u00een depozite.<\/h6>\n<h6>Capacitatea de produc\u021bie: 30-45 t\/ha.<\/h6>\n<h6>Sem\u0103nat \u00een c\u00e2mp: 1-10 martie; 10-30 iunie.<\/h6>\n<h6>R\u0103s\u0103rit: 14-28 zile dup\u0103 sem\u0103nat.<\/h6>\n<h6>Recoltat: e\u0219alonat, pentru consum \u00een stare proasp\u0103t\u0103.<\/h6>\n<h6>Pentru p\u0103strarea \u00een depozite se recolteaz\u0103 dup\u0103 c\u0103derea primelor brume, apoi se fasoneaz\u0103 \u0219i se sorteaz\u0103 \u00een vederea p\u0103str\u0103rii.<\/h6>\n<h6><span style=\"font-size: 1.1em; font-weight: bold;\">Caracteristicile\u00a0plantelor pot varia \u00een func\u021bie de expunerea la soare, de perioada \u00een care este cultivat\u0103, de nivelul de umiditate, fertilizan\u021bi, tipul solului, lucr\u0103rile solului efectuate, d\u0103un\u0103tori \u0219i al\u021bi factori. De aceea, rezultatele ob\u021binute pot s\u0103 difere fa\u021b\u0103 de pozele prezentate \u0219i caracteristicile descrise.<\/span><\/h6>\n<h6><strong>Morcovul Nabuco<\/strong> are o buna rezistenta la depozitare, fiind destinat consumului in stare proaspata dar si industrializarii. Soiul este unul romanesc, produs de SCDL Buzau.<\/h6>\n<h6><\/h6>\n","protected":false},"excerpt":{"rendered":"<h6><span style=\"color: #0000ff;\">10 grame\/circa 22.000 SEMIN\u021aE<\/span><\/h6>\n<p><img loading=\"lazy\" decoding=\"async\" class=\"alignnone wp-image-7098\" src=\"https:\/\/vivasem.ro\/wp-content\/uploads\/2021\/11\/RO-1-300x107.jpg\" alt=\"\" width=\"182\" height=\"65\" \/><\/p>\n","protected":false},"featured_media":10636,"comment_status":"open","ping_status":"closed","template":"","meta":{"site-sidebar-layout":"default","site-content-layout":"default","ast-site-content-layout":"default","site-content-style":"default","site-sidebar-style":"default","ast-global-header-display":"","ast-banner-title-visibility":"","ast-main-header-display":"","ast-hfb-above-header-display":"","ast-hfb-below-header-display":"","ast-hfb-mobile-header-display":"","site-post-title":"","ast-breadcrumbs-content":"","ast-featured-img":"","footer-sml-layout":"","ast-disable-related-posts":"","theme-transparent-header-meta":"default","adv-header-id-meta":"","stick-header-meta":"","header-above-stick-meta":"","header-main-stick-meta":"","header-below-stick-meta":"","astra-migrate-meta-layouts":"set","ast-page-background-enabled":"default","ast-page-background-meta":{"desktop":{"background-color":"var(--ast-global-color-4)","background-image":"","background-repeat":"repeat","background-position":"center center","background-size":"auto","background-attachment":"scroll","background-type":"","background-media":"","overlay-type":"","overlay-color":"","overlay-opacity":"","overlay-gradient":""},"tablet":{"background-color":"","background-image":"","background-repeat":"repeat","background-position":"center center","background-size":"auto","background-attachment":"scroll","background-type":"","background-media":"","overlay-type":"","overlay-color":"","overlay-opacity":"","overlay-gradient":""},"mobile":{"background-color":"","background-image":"","background-repeat":"repeat","background-position":"center center","background-size":"auto","background-attachment":"scroll","background-type":"","background-media":"","overlay-type":"","overlay-color":"","overlay-opacity":"","overlay-gradient":""}},"ast-content-background-meta":{"desktop":{"background-color":"var(--ast-global-color-5)","background-image":"","background-repeat":"repeat","background-position":"center center","background-size":"auto","background-attachment":"scroll","background-type":"","background-media":"","overlay-type":"","overlay-color":"","overlay-opacity":"","overlay-gradient":""},"tablet":{"background-color":"var(--ast-global-color-5)","background-image":"","background-repeat":"repeat","background-position":"center center","background-size":"auto","background-attachment":"scroll","background-type":"","background-media":"","overlay-type":"","overlay-color":"","overlay-opacity":"","overlay-gradient":""},"mobile":{"background-color":"var(--ast-global-color-5)","background-image":"","background-repeat":"repeat","background-position":"center center","background-size":"auto","background-attachment":"scroll","background-type":"","background-media":"","overlay-type":"","overlay-color":"","overlay-opacity":"","overlay-gradient":""}}},"product_brand":[],"product_cat":[89],"product_tag":[],"class_list":{"0":"post-10635","1":"product","2":"type-product","3":"status-publish","4":"has-post-thumbnail","6":"product_cat-radacinoase","7":"desktop-align-left","8":"tablet-align-left","9":"mobile-align-left","11":"first","12":"outofstock","13":"taxable","14":"shipping-taxable","15":"purchasable","16":"product-type-simple"},"_links":{"self":[{"href":"https:\/\/vivasem.ro\/index.php?rest_route=\/wp\/v2\/product\/10635","targetHints":{"allow":["GET"]}}],"collection":[{"href":"https:\/\/vivasem.ro\/index.php?rest_route=\/wp\/v2\/product"}],"about":[{"href":"https:\/\/vivasem.ro\/index.php?rest_route=\/wp\/v2\/types\/product"}],"replies":[{"embeddable":true,"href":"https:\/\/vivasem.ro\/index.php?rest_route=%2Fwp%2Fv2%2Fcomments&post=10635"}],"wp:featuredmedia":[{"embeddable":true,"href":"https:\/\/vivasem.ro\/index.php?rest_route=\/wp\/v2\/media\/10636"}],"wp:attachment":[{"href":"https:\/\/vivasem.ro\/index.php?rest_route=%2Fwp%2Fv2%2Fmedia&parent=10635"}],"wp:term":[{"taxonomy":"product_brand","embeddable":true,"href":"https:\/\/vivasem.ro\/index.php?rest_route=%2Fwp%2Fv2%2Fproduct_brand&post=10635"},{"taxonomy":"product_cat","embeddable":true,"href":"https:\/\/vivasem.ro\/index.php?rest_route=%2Fwp%2Fv2%2Fproduct_cat&post=10635"},{"taxonomy":"product_tag","embeddable":true,"href":"https:\/\/vivasem.ro\/index.php?rest_route=%2Fwp%2Fv2%2Fproduct_tag&post=10635"}],"curies":[{"name":"wp","href":"https:\/\/api.w.org\/{rel}","templated":true}]}}