{"id":10632,"date":"2023-09-26T16:41:49","date_gmt":"2023-09-26T14:41:49","guid":{"rendered":"https:\/\/vivasem.ro\/?post_type=product&#038;p=10632"},"modified":"2025-10-13T14:50:12","modified_gmt":"2025-10-13T12:50:12","slug":"dovlecel-sarpe-felix-buzau-scdl-6s","status":"publish","type":"product","link":"https:\/\/vivasem.ro\/?product=dovlecel-sarpe-felix-buzau-scdl-6s","title":{"rendered":".DOVLECEL SARPE FELIX-BUZ\u0102U SCDL (10s)"},"content":{"rendered":"<h6><span style=\"color: #ff0000;\"><strong><u>DOVLECEL SARPE FELIX,\u00a0<\/u><\/strong><\/span><\/h6>\n<h6><span style=\"color: #ff0000;\"><strong><u>Produc\u0103tor semin\u021be:Sta\u021biunea de Cercetare \u0219i Dezvoltare Legumicol\u0103 BUZ\u0102U,<\/u><\/strong><\/span><\/h6>\n<div class=\"ast-oembed-container \" style=\"height: 100%;\"><iframe loading=\"lazy\" title=\"Noua crea\u021bie a cercet\u0103torilor buzoieni, cu gust de tomate \u0219i form\u0103 de \u0219arpe\" width=\"500\" height=\"281\" src=\"https:\/\/www.youtube.com\/embed\/fmHj9jxhkxY?start=15&#038;feature=oembed\" frameborder=\"0\" allow=\"accelerometer; autoplay; clipboard-write; encrypted-media; gyroscope; picture-in-picture; web-share\" referrerpolicy=\"strict-origin-when-cross-origin\" allowfullscreen><\/iframe><\/div>\n<h6><span style=\"color: #0000ff;\">Planta nou aclimatizat\u0103 la SCDL Buz\u0103u.<\/span><\/h6>\n<h6><span style=\"color: #0000ff;\"> Planta este o Cucurbitaceae cu aspect de lian\u0103 cu cre\u0219tere viguroas\u0103. <\/span><\/h6>\n<h6><span style=\"color: #0000ff;\">Se recomand\u0103 palisatul culturii at\u00e2t \u00een c\u00e2mp c\u00e2t \u0219i \u00een spa\u021bii protejate.<\/span><\/h6>\n<h6><span style=\"color: #0000ff;\">Fructul este sub\u0163ire, lung, cilindric, deseori r\u0103sucit. \u00cen spa\u021bii protejate poate dep\u0103\u0219i cu u\u0219urin\u021b\u0103 lungimea de 2 m.<\/span><\/h6>\n<h6><span style=\"color: #0000ff;\">Fructul t\u00e2n\u0103r poate fi consumat asemenea dovlecelului, iar c\u00e2nd ajunge la maturitate devine ro\u0219u, motiv pentru care \u00een Africa se mai nume\u0219te \u201ddovleacul tomat\u0103\u201d, put\u00e2nd fi procesat sub forma de suc \u0219i de past\u0103, asemenea tomatelor.<\/span><\/h6>\n<h6><span style=\"color: #0000ff;\">Produc\u021bia variaz\u0103 de la 8-10 t\/ha p\u00e2n\u0103 la 30 t, depinde de tehnologia de cultur\u0103 aplicat\u0103 \u0219i\u00a0 de momentul c\u00e2nd sunt recoltate fructele.<\/span><\/h6>\n<h6><span style=\"color: #ff0000;\">Este ob\u0163inut din \u00eencruci\u015farea unui dovleac chinezesc cu un castravete armenesc, poate atinge doi metri lungime \u015fi este foarte fraged.<\/span><\/h6>\n<h6><span style=\"color: #ff0000;\">Are form\u0103 de \u015farpe, miros de p\u00e2ine cald\u0103, iar la maturitate, c\u00e2nd culoarea i se schimb\u0103 din verde \u00een ro\u015fu \u00eenchis, are gustul asemenea tomatelor.<\/span><\/h6>\n<h6><span style=\"color: #ff0000;\">Sunt, pe scurt, calit\u0103\u0163ile celei mai noi specii de dovleac, aclimatizat\u0103 la SCDL Buz\u0103u.<\/span><\/h6>\n<h6>Speciali\u015ftii de la Sta\u0163iunea de Cercetare \u015fi Dezvoltare pentru Legumicultur\u0103 Buz\u0103u au reu\u015fit s\u0103 ob\u0163in\u0103, dup\u0103 mul\u0163i ani de \u00eencerc\u0103ri, o nou\u0103 specie de dovleac, pe care au denumit-o \u201edovleacul-\u015farpe\u201c.<\/h6>\n<h6><span style=\"color: #0000ff;\">Dovleacul-\u015farpe este un soi cu multiple \u00eentrebuin\u0163\u0103ri, spun cercet\u0103torii buzoieni. Poate fi folosit \u00een alimenta\u0163ie, pentru consum \u00een stare proasp\u0103t\u0103 sau \u00een diverse preparate, av\u00e2nd o arom\u0103 deosebit\u0103. <\/span><\/h6>\n<h6><span style=\"color: #ff0000;\">\u00centr-un prim stadiu, seam\u0103n\u0103 la gust cu dovlecelul tradi\u0163ional, \u00eens\u0103 este un pic mai aromat, iar c\u00e2nd se maturizeaz\u0103 complet aduce la gust mai mult cu tomatele. \u201eFructul se matureaz\u0103, iar din verde se transform\u0103 \u00een portocaliu \u015fi apoi \u00een ro\u015fu grena. <\/span><\/h6>\n<h6><span style=\"color: #ff0000;\">\u00cen Africa, dovleacul-\u015farpe este cunoscut ca tomata-\u015farpe, pentru c\u0103 la maturitate are gustul unei ro\u015fii obi\u015fnuite, una foarte bine coapt\u0103\u201c, detaliaz\u0103 Costel V\u00e2n\u0103toru, cercet\u0103tor \u00een cadrul SCDL Buz\u0103u.<\/span><\/h6>\n<h6>La maturitate are gustul asemenea tomatelor, iar culoarea i se schimb\u0103 din verde \u00een ro\u015fu \u00eenchis.<\/h6>\n<h6>\u201eStria\u0163iile \u015fi aspectul u\u015for spiralat \u00eei confer\u0103 denumirea de dovlecel-\u015farpe iar la noi se comport\u0103 foarte bine \u00een cultur\u0103.<\/h6>\n<h6>De asemenea, forma de lian\u0103 \u00eei d\u0103 un aspect luxuriant \u015fi de aceea poate fi folosit \u015fi pentru pergole, dar \u015fi pentru consum\u201c, arat\u0103 Camelia Bratu, cercet\u0103tor la Sta\u0163iunea de Cercetare pentru Legumicultur\u0103 Buz\u0103u.<\/h6>\n<h6><span style=\"color: #ff0000;\">Imit\u0103 forma \u015farpelui, eman\u0103 un miros de p\u00e2ine proasp\u0103t\u0103 \u015fi reprezint\u0103 o surs\u0103 excelent\u0103 de licopen \u015fi betacaroten. A\u015fa putem descrie \u00een c\u00e2teva cuvinte dovlecelul \u015farpe \u2013 Trichosanthes cucumerina \u2013, o plant\u0103 aclimatizat\u0103 la sta\u0163iunea de cercetare \u015fi dezvoltare pentru legumicultur\u0103 din Buz\u0103u de cercet\u0103torul Costel V\u00een\u0103toru.<\/span><\/h6>\n<h6><span style=\"color: #0000ff;\">Este cultivat ca legum\u0103 \u00een multe \u021b\u0103ri din Asia tropical\u0103, \u00een gospod\u0103riile proprii din Africa. \u00cen insulele Mauritius se produc aproximativ 700 t din acest fruct, din care se export\u0103 aproximativ 2-3 t. \u00cen Europa a p\u0103truns \u00een anul 1720, semin\u021bele fiind trimise din China. <\/span><\/h6>\n<h6><span style=\"color: #0000ff;\">\u00cen Catalogul Oficial al Plantelor Legumicole Europene nu este \u00eenregistrat niciun soi la aceast\u0103 specie. \u00cen Rom\u00e2nia a fost luat prima dat\u0103 \u00een studiu la SCDL Buz\u0103u \u00eenc\u0103 din 1996. <\/span><\/h6>\n<h6>\u00cen urma lucr\u0103rilor de aclimatizare \u0219i ameliorare s-a ob\u021binut un soi cu expresivitate fenotipic\u0103 distinct .<\/h6>\n<h6><span style=\"color: #ff0000;\">\u201eEste o plant\u0103 nou aclimatizat\u0103 \u00een Rom\u00e2nia, la SCDL Buz\u0103u. M-am ocupat de ea de 10 ani de zile. O cucurbitacee valoroas\u0103, care poate fi cultivat\u0103 \u00een spa\u0163ii protejate \u015fi \u00een c\u00e2mp, dar \u00een sistem palisat. De asemenea, are un poten\u0163ial mare de produc\u0163ie. Prezint\u0103 fructe mari, de peste 2 m lungime.<\/span><\/h6>\n<h6><span style=\"color: #ff0000;\">Dovlecelul \u015farpe poate fi consumat ca dovleceul pe care cu to\u0163ii \u00eel cunoa\u015ftem, cu men\u0163iunea c\u0103 acesta este mult mai gustos \u015fi de\u0163ine propriet\u0103\u0163i medicinale valoroase. Este un bun antioxidant \u015fi reprezint\u0103 o adev\u0103rat\u0103 surs\u0103 de imunitate. De asemenea, la maturitate fructul mai poart\u0103 denumirea \u015fi de dovlecelul tomat\u0103. De ce? Deoarece acesta se transform\u0103 \u00een culoare ro\u015fie \u015fi seam\u0103n\u0103 cu tomata, bogat\u0103 \u00een licopen \u015fi betacaroten, substan\u0163e benefice s\u0103n\u0103t\u0103\u0163ii noastre. Sper\u0103m ca \u00een cur\u00e2nd \u015fi la noi \u00een \u0163ar\u0103 dovlecelul \u015fapre s\u0103 fie folosit \u015fi cultivat pe scar\u0103 larg\u0103\u201c, spune Costel V\u00een\u0103toru, \u015feful Laboratorului ameliorare \u015fi genetic\u0103 al Sta\u0163iunii de Cercetare-Dezvoltare pentru Legumicultur\u0103 Buz\u0103u.<\/span><\/h6>\n<h6><span style=\"color: #0000ff;\">Planta este bogat\u0103, constituit\u0103 dintr-o serie de componente chimice cum ar fi flavonoide, carotenoide, acizi fenolici care fac planta activ\u0103 din punct de vedere farmacologic \u0219i terapeutic. Tricosanthes cucumerina este o surs\u0103 bogat\u0103 de nutrien\u021bi. Con\u021bine proteine, gr\u0103simi, fibre, carbohidra\u021bi, vitamina A \u0219i E. Con\u021binutul de fenoli \u0219i flavonoizi este de 46,8% \u0219i 78,0%. De asemenea, fructul este bogat \u00een vitamina A, C \u0219i E,\u00a0 \u00eembun\u0103t\u0103\u021be\u0219te apetitul \u0219i ac\u021bioneaz\u0103 ca tonic. Fiecare parte a acestei plante este folosit\u0103 pentru a trata diverse boli. Se utilizeaz\u0103 \u00een tratamentul durerilor de cap, alopecie, febr\u0103, tumori abdominale, bilios, fiere, colic\u0103 acut\u0103, hematurie \u0219i psoriazis.T. cucumerina este folosit ca vermifug, purgativ, laxativ, hidragog, hemaglutinant, antivomitiv, cathartic \u0219i \u00een tratarea diabetului de tip 2. Totodat\u0103, dovlecelul \u0219arpe poate fi utilizat \u0219i ca plant\u0103 ornamental\u0103 pentru acoperirea zidurilor, gardurilor \u00eenalte, a bol\u021bilor \u0219i diverse aranjamente peisagistice. At\u00e2t planta c\u00e2t \u0219i fructele au aspect ornamental pl\u0103cut, iar punctul forte este dat de frumuse\u021bea florilor \u0219i mireasma pl\u0103cut\u0103 degajat\u0103 de acestea, mai ales \u00een timpul dimine\u021bii. Fructul este sub\u021bire, delicat, lung, cilindric, deseori r\u0103sucit, de culoare verde, deschis \u00een stadiu imatur, apoi vireaz\u0103 spre culoarea ro\u0219u \u00eenchis. Datorit\u0103 formelor spiralate \u0219i neregulate a primit diverse denumiri populare, dintre care cea mai folosit\u0103 este cea de dovlecelul \u0219arpe.<\/span><\/h6>\n<h6><\/h6>\n<h6><span style=\"color: #ff0000;\"><strong>Recoltare la stadiu imatur<\/strong><\/span><\/h6>\n<h6><span style=\"color: #ff0000;\">Fructele se recolteaz\u0103 \u00een stadiu imatur, la aproximativ 2 s\u0103pt\u0103m\u00e2ni dup\u0103 ce a \u00eenceput procesul de fructificare, c\u00e2nd prezint\u0103 o lungime de 30-60 cm, sau, \u00een func\u021bie de cultivar, 1 m, put\u00e2nd c\u00e2nt\u0103ri p\u00e2n\u0103 la 1 kg. <\/span><\/h6>\n<h6><span style=\"color: #ff0000;\"> Fructele tinere se p\u0103streaz\u0103 foarte bine timp de 10-14 zile la o temperatur\u0103 de 15\u00b0C \u0219i o umiditate mare.<\/span><\/h6>\n<h6><span style=\"color: #0000ff;\">Dovleacul \u0219arpe se adapteaz\u0103 foarte bine \u00een zonele cu climat umed. Temperatura optim\u0103 pentru cre\u0219terea sa este de 20-35\u00b0C. Planta nu tolereaz\u0103 solurile uscate, necesit\u00e2nd soluri cu o bun\u0103 umiditate, \u00eens\u0103 este sensibil\u0103 la fenomenul de b\u0103ltire. Soiul poate fi cultivat pe tot teritoriul \u021b\u0103rii noastre, \u00een spa\u021bii protejate, iar \u00een c\u00e2mp, \u00een zonele mai calde. <\/span><\/h6>\n<h6><span style=\"color: #0000ff;\">Se poate \u00eenfiin\u021ba cultura \u0219i prin r\u0103saduri, \u00eens\u0103 din cauza structurii delicate a plantelor se prefer\u0103 sem\u0103natul direct.<\/span><\/h6>\n<h6><span style=\"color: #0000ff;\"> \u00cenfiin\u021barea culturii prin sem\u0103nat direct \u00een spa\u021bii protejate reci se poate face \u00een jurul datei de 1 aprilie \u0219i pe toat\u0103 perioada anului, \u00een spa\u021bii protejate \u00eenc\u0103lzite. \u00cen c\u00e2mp, \u00eenfiin\u021barea culturii se face prin r\u0103sad, dup\u0103 10-15 mai, iar prin sem\u0103nat direct, dup\u0103 20 aprilie, \u00een zonele mai calde, iar \u00een zonele mai reci, dup\u0103 1 mai.<\/span><\/h6>\n<h6><span style=\"color: #000080;\">Producerea r\u0103sadului se face ca \u0219i la celelalte Cucurbitaceae, dar timpul de germinare este mult mai lung, 30-60 zile.<\/span><\/h6>\n<h6><span style=\"color: #0000ff;\">Lucr\u0103rile de \u00eentre\u021binere a culturii sunt cele uzuale, ce constau \u00een pra\u0219ile mecanice \u0219i manual \u00een func\u021bie de gradul de \u00eemburuienare a solului; aprovizionarea cu ap\u0103 se face la nevoie, cu precizarea c\u0103 specia este iubitoare de ap\u0103. <\/span><\/h6>\n<h6><span style=\"color: #0000ff;\">Pentru toate mediile de cultur\u0103 se recomand\u0103 palisatul lucr\u0103rii \u0219i dirijarea plantelor. <\/span><\/h6>\n<h6><span style=\"color: #0000ff;\">Se recomand\u0103 montarea de s\u00e2rme \u00een spa\u021bii protejate la distan\u021ba de 20-30 cm pentru a ajuta planta s\u0103 bolteasc\u0103. <\/span><\/h6>\n<h6><span style=\"color: #0000ff;\">Planta este mai tardiv\u0103, iar primele fructe \u00ee\u0219i fac apari\u021bia dup\u0103 aproximativ dou\u0103 luni de la plantare \u0219i \u00ee\u0219i continu\u0103 fructificarea p\u00e2n\u0103 la venirea \u00eenghe\u021bului.<\/span><\/h6>\n<h6><\/h6>\n<h6>Pentru 1 ha de cultur\u0103 este necesar\u0103 o norm\u0103 de s\u0103m\u00e2n\u021b\u0103 de 4-6 kg. 60-75 cm \u00eentre plante pe r\u00e2nd \u00een spa\u021bii protejate, \u00een c\u00e2mp 50-60 cm \u00eentre plante\/r\u00e2nd \u0219i 150-200 m \u00eentre r\u00e2nduri \u00een spa\u021bii protejate \u0219i 1-1,5 m \u00een c\u00e2mp.<\/h6>\n<h6>\u00cen ceea ce prive\u0219te schema de \u00eenfiin\u021bare a culturii, specia suport\u0103 diverse variante tehnologice, \u00eens\u0103 o aten\u021bie deosebit\u0103 trebuie acordat\u0103 asigur\u0103rii spa\u021biului necesar de nutri\u021bie \u0219i de cre\u0219tere \u0219i dezvoltare armonioas\u0103 a plantei.<\/h6>\n<h6><span style=\"color: #ff0000;\"><strong>Poten\u021bial mare de produc\u021bie.<\/strong><\/span><\/h6>\n<h6><span style=\"color: #ff0000;\">Produc\u021bia la hectar de fructe tinere este \u00een jur de 8-10 tone, iar dac\u0103 se culeg fructele la o greutate de 1 kg produc\u021bia cre\u0219te, ajung\u00e2nd p\u00e2n\u0103 la 30 t\/ha. Grosimea pericarpului este de 6-7 mm, iar greutatea fructului variaz\u0103 \u00eentre 200-1.500 g.<\/span><\/h6>\n<h6><span style=\"color: #ff0000;\">Pentru a ob\u021bine fructe drepte, speciali\u0219tii ne sf\u0103tuiesc s\u0103 se practice legarea de v\u00e2rful fructelor greut\u0103\u021bi pentru a se asigura o cre\u0219tere dreapt\u0103, vertical\u0103 a fructului. Variet\u0103\u021bile produc 6-10 fructe pe plant\u0103, \u00een timp ce soiurile \u00eembun\u0103t\u0103\u021bite pot produce p\u00e2n\u0103 la 50 de fructe\/plant\u0103.<\/span><\/h6>\n<h6>\u00cen general, \u00een condi\u021biile \u021b\u0103rii noastre specia a demonstrat rezisten\u021ba la atacul agen\u021bilor patogeni, motiv pentru care poate fi cultivat\u0103 \u00een sistem ecologic. Principalele boli \u0219i d\u0103un\u0103tori \u00eent\u00e2lni\u021bi \u00een cultur\u0103 sunt Pseudoperonospora cubensis \u0219i Colletotrichum lagenarium care atac\u0103 fructele mature \u0219i imature. Controlul atacului se realizeaz\u0103 prin \u00eendep\u0103rtarea fructelor atacate \u0219i prin aplicarea fungicidelor. Dovlecelul \u0219arpe este sensibil la atacul nematozilor de r\u0103d\u0103cin\u0103. Totodat\u0103, este atacat de diferite insecte precum Bactrocera, musculi\u021ba fructelor, omida Diaphania, Lasioptera \u0219i musculi\u021ba alb\u0103 Bemsia.<\/h6>\n<h6>Ambalaj: plic ZIP etichetat.<\/h6>\n<h6><\/h6>\n<p>&nbsp;<\/p>\n<h6><\/h6>\n<h6><\/h6>\n","protected":false},"excerpt":{"rendered":"<h6><span style=\"color: #0000ff;\">10 SEMIN\u021aE<\/span><\/h6>\n<p><img loading=\"lazy\" decoding=\"async\" class=\"alignnone wp-image-7098\" src=\"https:\/\/vivasem.ro\/wp-content\/uploads\/2021\/11\/RO-1-300x107.jpg\" alt=\"\" width=\"182\" height=\"65\" \/><\/p>\n<h6><span style=\"color: #ff0000;\">VEZI VIDEOCLIP<\/span><\/h6>\n<p>&nbsp;<\/p>\n","protected":false},"featured_media":10622,"comment_status":"open","ping_status":"closed","template":"","meta":{"site-sidebar-layout":"default","site-content-layout":"default","ast-site-content-layout":"default","site-content-style":"default","site-sidebar-style":"default","ast-global-header-display":"","ast-banner-title-visibility":"","ast-main-header-display":"","ast-hfb-above-header-display":"","ast-hfb-below-header-display":"","ast-hfb-mobile-header-display":"","site-post-title":"","ast-breadcrumbs-content":"","ast-featured-img":"","footer-sml-layout":"","ast-disable-related-posts":"","theme-transparent-header-meta":"default","adv-header-id-meta":"","stick-header-meta":"","header-above-stick-meta":"","header-main-stick-meta":"","header-below-stick-meta":"","astra-migrate-meta-layouts":"set","ast-page-background-enabled":"default","ast-page-background-meta":{"desktop":{"background-color":"var(--ast-global-color-4)","background-image":"","background-repeat":"repeat","background-position":"center center","background-size":"auto","background-attachment":"scroll","background-type":"","background-media":"","overlay-type":"","overlay-color":"","overlay-opacity":"","overlay-gradient":""},"tablet":{"background-color":"","background-image":"","background-repeat":"repeat","background-position":"center center","background-size":"auto","background-attachment":"scroll","background-type":"","background-media":"","overlay-type":"","overlay-color":"","overlay-opacity":"","overlay-gradient":""},"mobile":{"background-color":"","background-image":"","background-repeat":"repeat","background-position":"center center","background-size":"auto","background-attachment":"scroll","background-type":"","background-media":"","overlay-type":"","overlay-color":"","overlay-opacity":"","overlay-gradient":""}},"ast-content-background-meta":{"desktop":{"background-color":"var(--ast-global-color-5)","background-image":"","background-repeat":"repeat","background-position":"center center","background-size":"auto","background-attachment":"scroll","background-type":"","background-media":"","overlay-type":"","overlay-color":"","overlay-opacity":"","overlay-gradient":""},"tablet":{"background-color":"var(--ast-global-color-5)","background-image":"","background-repeat":"repeat","background-position":"center center","background-size":"auto","background-attachment":"scroll","background-type":"","background-media":"","overlay-type":"","overlay-color":"","overlay-opacity":"","overlay-gradient":""},"mobile":{"background-color":"var(--ast-global-color-5)","background-image":"","background-repeat":"repeat","background-position":"center center","background-size":"auto","background-attachment":"scroll","background-type":"","background-media":"","overlay-type":"","overlay-color":"","overlay-opacity":"","overlay-gradient":""}}},"product_brand":[],"product_cat":[87],"product_tag":[],"class_list":{"0":"post-10632","1":"product","2":"type-product","3":"status-publish","4":"has-post-thumbnail","6":"product_cat-dovlecei","7":"desktop-align-left","8":"tablet-align-left","9":"mobile-align-left","11":"first","12":"instock","13":"taxable","14":"shipping-taxable","15":"purchasable","16":"product-type-simple"},"_links":{"self":[{"href":"https:\/\/vivasem.ro\/index.php?rest_route=\/wp\/v2\/product\/10632","targetHints":{"allow":["GET"]}}],"collection":[{"href":"https:\/\/vivasem.ro\/index.php?rest_route=\/wp\/v2\/product"}],"about":[{"href":"https:\/\/vivasem.ro\/index.php?rest_route=\/wp\/v2\/types\/product"}],"replies":[{"embeddable":true,"href":"https:\/\/vivasem.ro\/index.php?rest_route=%2Fwp%2Fv2%2Fcomments&post=10632"}],"wp:featuredmedia":[{"embeddable":true,"href":"https:\/\/vivasem.ro\/index.php?rest_route=\/wp\/v2\/media\/10622"}],"wp:attachment":[{"href":"https:\/\/vivasem.ro\/index.php?rest_route=%2Fwp%2Fv2%2Fmedia&parent=10632"}],"wp:term":[{"taxonomy":"product_brand","embeddable":true,"href":"https:\/\/vivasem.ro\/index.php?rest_route=%2Fwp%2Fv2%2Fproduct_brand&post=10632"},{"taxonomy":"product_cat","embeddable":true,"href":"https:\/\/vivasem.ro\/index.php?rest_route=%2Fwp%2Fv2%2Fproduct_cat&post=10632"},{"taxonomy":"product_tag","embeddable":true,"href":"https:\/\/vivasem.ro\/index.php?rest_route=%2Fwp%2Fv2%2Fproduct_tag&post=10632"}],"curies":[{"name":"wp","href":"https:\/\/api.w.org\/{rel}","templated":true}]}}